{"id":1171,"date":"2023-08-28T16:28:30","date_gmt":"2023-08-28T14:28:30","guid":{"rendered":"https:\/\/kumikomatchabyidh.ch\/cafe-vs-the-vert\/"},"modified":"2023-10-22T16:23:44","modified_gmt":"2023-10-22T14:23:44","slug":"cafe-vs-the-vert","status":"publish","type":"page","link":"https:\/\/kumikomatchabyidh.ch\/de\/cafe-vs-the-vert\/","title":{"rendered":"Kaffee vs. Gr\u00fcner Tee"},"content":{"rendered":"\n<p><a href=\"https:\/\/kumikomatchabyidh.ch\/de\/alles-wissen\/\" data-type=\"page\" data-id=\"1192\">Alles wissen<\/a><\/p>\n\n\n\n<div class=\"wp-block-columns is-layout-flex wp-container-core-columns-is-layout-9d6595d7 wp-block-columns-is-layout-flex\">\n<div class=\"wp-block-column is-layout-flow wp-block-column-is-layout-flow\" style=\"flex-basis:10%\"><\/div>\n\n\n\n<div class=\"wp-block-column is-layout-flow wp-block-column-is-layout-flow\" style=\"flex-basis:80%\">\n<h2 class=\"wp-block-heading\">Kaffee vs. Gr\u00fcner Tee :<br>Auswirkung des Konsums auf das Risiko des Todes durch Herz-Kreislauf-Erkrankungen<\/h2>\n\n\n\n<p>Das Trinken von zwei oder mehr Tassen Kaffee pro Tag kann bei Menschen mit starkem Bluthochdruck das Risiko eines Herztodes erh\u00f6hen. Im Gegensatz dazu w\u00fcrde gr\u00fcner Tee &#8211; wie Matcha &#8211; das Sterberisiko nicht erh\u00f6hen, unabh\u00e4ngig davon, wie hoch der Blutdruck einer Person ist.<\/p>\n\n\n\n<p>Laut einer japanischen Studie, die im Dezember 2022 in der Fachzeitschrift Journal of the American Heart Association (JAHA) [1] ver\u00f6ffentlicht wurde, war der Konsum von zwei oder mehr Tassen Kaffee pro Tag bei Personen mit schwerem Bluthochdruck im Vergleich zu Nicht-Kaffeetrinkern mit einem doppelt so hohen Risiko verbunden, an einer Herz-Kreislauf-Erkrankung zu sterben.<\/p>\n\n\n\n<h3 class=\"wp-block-heading\">Kaffee und gr\u00fcner Tee<\/h3>\n\n\n\n<p>Gr\u00fcner Tee und Kaffee sind zwei sehr beliebte Getr\u00e4nke, die mit zahlreichen gesundheitlichen Vorteilen in Verbindung gebracht werden.<\/p>\n\n\n\n<p>Gr\u00fcner Tee ist reich an Antioxidantien, insbesondere an Katechinen [2], die dazu beitragen k\u00f6nnen, die K\u00f6rperzellen vor Sch\u00e4den durch freie Radikale zu sch\u00fctzen. Es hat sich auch gezeigt, dass gr\u00fcner Tee dazu beitragen kann, das Risiko von Herzerkrankungen, Typ-2-Diabetes und bestimmten Krebsarten zu senken. Gr\u00fcner Tee kann auch zur Verbesserung der psychischen Gesundheit beitragen, indem er Stress abbaut und die Kognition verbessert.<\/p>\n\n\n\n<p>Kaffee wiederum ist eine wichtige Quelle f\u00fcr Koffein, eine Substanz, die das Gehirn stimulieren und die Wachsamkeit und Konzentration verbessern kann. Kaffee kann auch dazu beitragen, das Risiko f\u00fcr neurodegenerative Erkrankungen wie Alzheimer und Parkinson zu senken. Dar\u00fcber hinaus kann Kaffee dazu beitragen, vor bestimmten Stoffwechselerkrankungen wie Typ-2-Diabetes und Fettleibigkeit zu sch\u00fctzen.<\/p>\n\n\n\n<p>Schlie\u00dflich ist es wichtig zu beachten, dass Sie diese Getr\u00e4nke in Ma\u00dfen konsumieren und ihren Konsum bei gebrechlichen Personen oder Kleinkindern einschr\u00e4nken oder vermeiden sollten. Koffein kann bei manchen Menschen Nervosit\u00e4t, Schlaflosigkeit und andere Nebenwirkungen verursachen. Daher wird empfohlen, keine \u00fcberm\u00e4\u00dfigen Mengen zu konsumieren. Ebenso ist es wichtig, daran zu denken, dass gr\u00fcner Tee und Kaffee kein Ersatz f\u00fcr eine ausreichende Fl\u00fcssigkeitszufuhr, eine ausgewogene Ern\u00e4hrung und regelm\u00e4\u00dfige k\u00f6rperliche Bet\u00e4tigung im Rahmen eines gesunden Lebensstils sind.<\/p>\n\n\n\n<figure class=\"wp-block-image size-large\"><img loading=\"lazy\" decoding=\"async\" width=\"1024\" height=\"683\" src=\"https:\/\/kumikomatchabyidh.ch\/wp-content\/uploads\/2023\/08\/vue-cote-femme-boire-tasse-cafe-1024x683.jpg\" alt=\"\" class=\"wp-image-952\" srcset=\"https:\/\/kumikomatchabyidh.ch\/wp-content\/uploads\/2023\/08\/vue-cote-femme-boire-tasse-cafe-1024x683.jpg 1024w, https:\/\/kumikomatchabyidh.ch\/wp-content\/uploads\/2023\/08\/vue-cote-femme-boire-tasse-cafe-300x200.jpg 300w, https:\/\/kumikomatchabyidh.ch\/wp-content\/uploads\/2023\/08\/vue-cote-femme-boire-tasse-cafe-768x512.jpg 768w, https:\/\/kumikomatchabyidh.ch\/wp-content\/uploads\/2023\/08\/vue-cote-femme-boire-tasse-cafe-800x533.jpg 800w, https:\/\/kumikomatchabyidh.ch\/wp-content\/uploads\/2023\/08\/vue-cote-femme-boire-tasse-cafe.jpg 1500w\" sizes=\"auto, (max-width: 1024px) 100vw, 1024px\" \/><\/figure>\n\n\n\n<h3 class=\"wp-block-heading\">Erinnerung an die Vorteile von Kaffee<\/h3>\n\n\n\n<p>Kaffee kann mehrere gesundheitliche Vorteile haben, wenn er in Ma\u00dfen konsumiert wird, d. h. etwa drei Tassen pro Tag f\u00fcr einen gesunden Erwachsenen.<\/p>\n\n\n\n<p>Hier sind einige Beispiele f\u00fcr diese wahrscheinlichen Vorteile, die unter den verschiedenen wissenschaftlichen Studien \u00fcber Kaffee erfasst wurden:<\/p>\n\n\n\n<ul class=\"wp-block-list\">\n<li><strong>F\u00f6rderung von Wachsamkeit und Aufmerksamkeit:<\/strong> Koffein, der Wirkstoff im Kaffee, ist eine stimulierende Substanz, die dabei helfen kann, Wachsamkeit und Aufmerksamkeit aufrechtzuerhalten.<\/li>\n\n\n\n<li><strong>Verbesserung des Ged\u00e4chtnisses und der Kognition:<\/strong> Einige Studien haben gezeigt, dass der Konsum von Koffein das kurzfristige Arbeitsged\u00e4chtnis und die Kognition im Allgemeinen verbessern kann.<\/li>\n\n\n\n<li><strong>Geringeres Risiko f\u00fcr bestimmte Krankheiten:<\/strong> Der Konsum von Kaffee kann mit einem geringeren Risiko f\u00fcr bestimmte Krankheiten in Verbindung gebracht werden, darunter Alzheimer, Demenz, Typ-2-Diabetes und bestimmte Krebsarten.<\/li>\n\n\n\n<li><strong>Bessere Stimmung und Motivation:<\/strong> Koffein kann helfen, die Stimmung und die Motivation zu verbessern, indem es auf die Neurotransmitter im Gehirn einwirkt.<\/li>\n<\/ul>\n\n\n\n<p>Es ist wichtig zu betonen, dass diese Vorteile in der Regel bei m\u00e4\u00dfigem Kaffeekonsum zu beobachten sind. Ein \u00fcberm\u00e4\u00dfiger Kaffeekonsum kann unerw\u00fcnschte Nebenwirkungen haben, wie Schlaflosigkeit, Reizbarkeit und Kopfschmerzen.<\/p>\n\n\n\n<p>Au\u00dferdem kann Kaffee die Aufnahme bestimmter N\u00e4hrstoffe und Medikamente beeintr\u00e4chtigen. Es wird daher empfohlen, Kaffee und koffeinhaltige Getr\u00e4nke nur in Ma\u00dfen zu konsumieren.<\/p>\n\n\n<div class=\"wp-block-image\">\n<figure class=\"aligncenter size-full\"><img loading=\"lazy\" decoding=\"async\" width=\"1000\" height=\"666\" src=\"https:\/\/kumikomatchabyidh.ch\/wp-content\/uploads\/2023\/08\/bienfaits-mefaits-the.jpg.webp\" alt=\"\" class=\"wp-image-956\" srcset=\"https:\/\/kumikomatchabyidh.ch\/wp-content\/uploads\/2023\/08\/bienfaits-mefaits-the.jpg.webp 1000w, https:\/\/kumikomatchabyidh.ch\/wp-content\/uploads\/2023\/08\/bienfaits-mefaits-the.jpg-300x200.webp 300w, https:\/\/kumikomatchabyidh.ch\/wp-content\/uploads\/2023\/08\/bienfaits-mefaits-the.jpg-768x511.webp 768w, https:\/\/kumikomatchabyidh.ch\/wp-content\/uploads\/2023\/08\/bienfaits-mefaits-the.jpg-800x533.webp 800w\" sizes=\"auto, (max-width: 1000px) 100vw, 1000px\" \/><\/figure>\n<\/div>\n\n\n<div style=\"height:25px\" aria-hidden=\"true\" class=\"wp-block-spacer\"><\/div>\n\n\n\n<h3 class=\"wp-block-heading\">Memento zu den Vorteilen von gr\u00fcnem Tee<\/h3>\n\n\n\n<p>Gr\u00fcner Tee ist eine Quelle zahlreicher gesundheitlicher Vorteile. Er enth\u00e4lt Antioxidantien, insbesondere Catechin, die dazu beitragen k\u00f6nnen, die Zellen vor Sch\u00e4den durch freie Radikale zu sch\u00fctzen. Gr\u00fcner Tee kann auch dazu beitragen, das Risiko von Herzerkrankungen zu senken, indem er den Blutdruck senkt und den Cholesterinspiegel im Blut verringert.<\/p>\n\n\n\n<p>Dar\u00fcber hinaus kann gr\u00fcner Tee zur Gewichtsabnahme beitragen, indem er den Stoffwechsel erh\u00f6ht und die Nutzung von Fett als Energiequelle f\u00f6rdert. Er kann auch die Hautalterung verlangsamen oder die geistige Gesundheit verbessern, indem er Stress abbaut und die Wachsamkeit und die kognitive Funktion verbessert.<\/p>\n\n\n\n<p>Schlie\u00dflich kann gr\u00fcner Tee entz\u00fcndungshemmende Eigenschaften haben und bei der Vorbeugung bestimmter Krebsformen wie Darm-, Prostata- und Brustkrebs von Vorteil sein. Diese Wirkungen wurden jedoch insgesamt noch nicht schl\u00fcssig in klinischen Studien nachgewiesen.<\/p>\n\n\n\n<blockquote class=\"wp-block-quote is-layout-flow wp-block-quote-is-layout-flow\">\n<h3 class=\"wp-block-heading\"><strong>Was ist Bluthochdruck?<\/strong><\/h3>\n\n\n\n<p>Bluthochdruck [3] ist ein medizinischer Zustand, bei dem der Blutdruck in den Blutgef\u00e4\u00dfen erh\u00f6ht ist. Der Blutdruck ist die Kraft des Blutes, die gegen die W\u00e4nde der Blutgef\u00e4\u00dfe dr\u00fcckt, wenn das Herz das Blut pumpt. Ein normaler Blutdruck liegt in der Regel zwischen 90\/60 mmHg und 120\/80 mmHg. Ein hoher Blutdruck kann die Blutgef\u00e4\u00dfe sch\u00e4digen und das Risiko von Herzerkrankungen, Schlaganf\u00e4llen und anderen Gesundheitsproblemen erh\u00f6hen. Bluthochdruck wird oft als &#8222;stille Krankheit&#8220; bezeichnet, da er in der Regel keine Symptome aufweist. Es ist wichtig, ihn regelm\u00e4\u00dfig zu \u00fcberwachen und bei Bedarf zu behandeln.<\/p>\n<\/blockquote>\n\n\n\n<h3 class=\"wp-block-heading\">Ergebnisse einer Studie mit \u00fcber 18.000 Frauen und M\u00e4nnern in Japan<\/h3>\n\n\n\n<p>Der Konsum von zwei oder mehr Tassen Kaffee pro Tag kann das Risiko, an einer Herz-Kreislauf-Erkrankung zu sterben, bei Menschen mit schwerem Bluthochdruck [160\/100 mm Hg (Millimeter Quecksilbers\u00e4ule) oder +] verdoppeln, nicht aber bei Menschen mit Bluthochdruck, der nicht als schwer eingestuft wird.<\/p>\n\n\n\n<p>Die Studie ergab jedoch, dass eine Tasse Kaffee und der t\u00e4gliche Konsum von gr\u00fcnem Tee das Risiko, an Herz-Kreislauf-Erkrankungen zu sterben, unabh\u00e4ngig von der Blutdruckmessung nicht erh\u00f6hten, obwohl beide Getr\u00e4nke Koffein enthielten.<\/p>\n\n\n\n<p>Zur Erinnerung: Fr\u00fchere Untersuchungen [4] haben gezeigt, dass eine Tasse Kaffee pro Tag Patienten, die einen Herzinfarkt \u00fcberlebt haben, helfen kann, indem sie ihr Risiko, nach einem Herzinfarkt zu sterben, verringert und Herzinfarkten oder Schlaganf\u00e4llen bei gesunden Menschen vorbeugen kann.<\/p>\n\n\n\n<p>Dar\u00fcber hinaus haben andere Studien nahegelegt, dass regelm\u00e4\u00dfiges Kaffeetrinken dazu beitragen kann, die allgemeine Gesundheit zu verbessern (Verringerung des Risikos, chronische Krankheiten und bestimmte Krebsarten zu entwickeln, Hilfe bei der Appetitkontrolle, Hilfe bei der Verringerung des Depressionsrisikos oder Erh\u00f6hung der Wachsamkeit,\u2026).<\/p>\n\n\n\n<p>Es ist jedoch noch nicht klar, ob diese Wirkung vom Koffein oder von einer anderen Substanz im Kaffee herr\u00fchrt. Auf der sch\u00e4dlichen Seite kann der Konsum von zu viel Kaffee den Blutdruck erh\u00f6hen und zu Angstzust\u00e4nden, Herzklopfen und Schlafst\u00f6rungen (Schlaflosigkeit) f\u00fchren.<\/p>\n\n\n\n<h3 class=\"wp-block-heading\">Eine Analyse der Daten aus 19 Jahren Beobachtung<\/h3>\n\n\n\n<p>Mit dieser Studie sollte festgestellt werden, ob die bekannte Schutzwirkung von Kaffee auch f\u00fcr Menschen mit unterschiedlich starkem Bluthochdruck gilt, und au\u00dferdem sollte die Wirkung von gr\u00fcnem Tee in der gleichen Population untersucht werden.<\/p>\n\n\n\n<p>Dar\u00fcber hinaus ist dies die erste Studie, die einen Zusammenhang zwischen dem Konsum von zwei oder mehr Tassen Kaffee pro Tag und der Sterblichkeit durch Herz-Kreislauf-Erkrankungen bei Menschen mit schwerem Bluthochdruck findet.<\/p>\n\n\n\n<p>Zur Erinnerung: Bluthochdruck entsteht, wenn die Kraft des Blutes, das gegen die W\u00e4nde der Blutgef\u00e4\u00dfe dr\u00fcckt, konstant zu hoch ist, so dass das Herz st\u00e4rker arbeiten muss, um das Blut zu pumpen.<\/p>\n\n\n\n<p><strong>Die Forscher teilten die Kriterien f\u00fcr den Blutdruck in f\u00fcnf Kategorien ein:<\/strong><\/p>\n\n\n\n<ul class=\"wp-block-list\">\n<li>optimal und normal (unter 130\/85 mm Hg) ;<\/li>\n\n\n\n<li>normal hoch (130-139\/85-89 mm Hg) ;<\/li>\n\n\n\n<li>Bluthochdruck Grad 1 (140-159\/90-99 mm Hg) ;<\/li>\n\n\n\n<li>Grad 2 (160-179\/100-109 mm Hg) ;<\/li>\n\n\n\n<li>Grad 3 (\u00fcber 180\/110 mm Hg).<\/li>\n<\/ul>\n\n\n\n<p>Blutdruckmessungen bei Grad 2 und 3 wurden in dieser Studie als schwere Hypertonie eingestuft.<\/p>\n\n\n\n<p>Zu Beginn der Forschung umfassten die Studienteilnehmer mehr als 12.000 Frauen und 6.570 M\u00e4nner im Alter von 40 bis 79 Jahren. Die Teilnehmer lieferten Daten durch Gesundheitsuntersuchungen und selbstverwaltete Frageb\u00f6gen, die den Lebensstil, die Ern\u00e4hrung und die Krankengeschichte bewerteten. W\u00e4hrend der fast 19-j\u00e4hrigen Nachbeobachtungszeit wurden 842 Todesf\u00e4lle im Zusammenhang mit Herz-Kreislauf-Erkrankungen dokumentiert.<\/p>\n\n\n\n<h3 class=\"wp-block-heading\">Was ergab die Analyse der Daten dieser Studie?<\/h3>\n\n\n\n<p>Die Analyse der Daten dieser Studie \u00fcber den Konsum von Kaffee und gr\u00fcnem Tee bei allen Teilnehmern ergab, dass :<\/p>\n\n\n\n<ul class=\"wp-block-list\">\n<li>Das Trinken von zwei oder mehr Tassen Kaffee pro Tag war bei Personen mit einem Blutdruck von 160\/100 mm Hg oder h\u00f6her mit einem doppelt so hohen Risiko verbunden, an einer Herz-Kreislauf-Erkrankung zu sterben, verglichen mit Personen, die keinen Kaffee tranken.<\/li>\n\n\n\n<li>Der Konsum von einer Tasse Kaffee pro Tag war in allen Blutdruckkategorien nicht mit einem erh\u00f6hten Risiko f\u00fcr einen Tod durch Herz-Kreislauf-Erkrankungen verbunden.<\/li>\n\n\n\n<li>Der Konsum von gr\u00fcnem Tee war in allen Blutdruckkategorien nicht mit einem erh\u00f6hten Risiko f\u00fcr einen Tod durch Herz-Kreislauf-Erkrankungen verbunden.<\/li>\n<\/ul>\n\n\n\n<p>Andererseits k\u00f6nnen diese Ergebnisse die Behauptung st\u00fctzen, dass Menschen mit schwerem Bluthochdruck nicht zu viel Kaffee trinken sollten.<\/p>\n\n\n\n<p>Denn Menschen mit schwerem Bluthochdruck reagieren empfindlicher auf die Wirkung von Koffein, und die sch\u00e4dlichen Wirkungen des Koffeins k\u00f6nnen alle sch\u00fctzenden Wirkungen \u00fcberwiegen und somit das Sterberisiko erh\u00f6hen.<\/p>\n\n\n\n<p>Die Studie ergab, dass Menschen, die h\u00e4ufiger Kaffee tranken, mit gr\u00f6\u00dferer Wahrscheinlichkeit j\u00fcnger waren, Tabak rauchten oder derzeit Alkohol konsumierten, weniger Gem\u00fcse a\u00dfen, einen h\u00f6heren Gesamtcholesterinspiegel hatten und unabh\u00e4ngig von der Blutdruckkategorie einen niedrigeren systolischen Blutdruck aufwiesen.<\/p>\n\n\n\n<p>Dar\u00fcber hinaus k\u00f6nnen die Vorteile von gr\u00fcnem Tee durch das Vorhandensein von Polyphenolen erkl\u00e4rt werden, bei denen es sich um Mikron\u00e4hrstoffe mit gesunden antioxidativen und entz\u00fcndungshemmenden Eigenschaften handelt, die in Pflanzen vorkommen. Die Forscher merkten an, dass die Polyphenole teilweise erkl\u00e4ren k\u00f6nnten, warum nur der Kaffeekonsum mit einem erh\u00f6hten Todesrisiko bei Menschen mit schwerem Bluthochdruck verbunden war, obwohl sowohl gr\u00fcner Tee als auch Kaffee Koffein enthalten.<\/p>\n\n\n\n<p>Schlie\u00dflich, auch wenn diese Ergebnisse zuverl\u00e4ssig sind und Liebhaber von gr\u00fcnem Tee (Sencha, Gyokuro, Matcha, Long Jing,\u2026) begeistern werden, hat diese Forschung mehrere Einschr\u00e4nkungen, die hervorgehoben werden m\u00fcssen. Der Kaffee- und Teekonsum wurde darin selbst angegeben; der Blutdruck wurde nur zu einem Zeitpunkt gemessen; aufgrund des Beobachtungscharakters der Studie konnte kein direkter kausaler Zusammenhang zwischen dem Kaffeekonsum und dem Risiko einer Herz-Kreislauf-Erkrankung bei Personen mit schwerem Bluthochdruck hergestellt werden.<\/p>\n\n\n\n<p>Redaktion : Jimmy Braun &#8211;\u00a0<a rel=\"noreferrer noopener\" href=\"https:\/\/blognutritionsante.com\/\" target=\"_blank\">Blog Nutrition Sant\u00e9<\/a>\u00a0&#8211; M\u00e4rz 2023<\/p>\n\n\n\n<h2 class=\"wp-block-heading\">Quellen<\/h2>\n\n\n\n<ul class=\"wp-block-list\">\n<li>MASAYUKI TERAMOTO, KAZUMASA YAMAGISHI, ISAO MURAKI, AKIKO TAMAKOSHI, HIROYASU ISO. COFFEE AND GREEN TEA CONSUMPTION AND CARDIOVASCULAR DISEASE MORTALITY AMONG PEOPLE WITH AND WITHOUT HYPERTENSION. JOURNAL OF THE AMERICAN HEART ASSOCIATION, 2022;&nbsp;<a href=\"https:\/\/www.ahajournals.org\/doi\/10.1161\/JAHA.122.026477\" target=\"_blank\" rel=\"noreferrer noopener\">DOI: 10.1161\/JAHA<\/a>.<\/li>\n\n\n\n<li><a href=\"HTTPS:\/\/WWW.EFSA.EUROPA.EU\/FR\/PRESS\/NEWS\/180418\" data-type=\"link\" data-id=\"HTTPS:\/\/WWW.EFSA.EUROPA.EU\/FR\/PRESS\/NEWS\/180418\">L&#8217;EFSA \u00c9VALUE LA S\u00c9CURIT\u00c9 DES CAT\u00c9CHINES DANS LE TH\u00c9 VERT<\/a>. 2018.<\/li>\n\n\n\n<li><a href=\"https:\/\/www.efsa.europa.eu\/fr\/press\/news\/180418\" data-type=\"link\" data-id=\"HTTPS:\/\/WWW.MSDMANUALS.COM\/FR\/ACCUEIL\/TROUBLES-CARDIAQUES-ET-VASCULAIRES\/\">HYPERTENSION ART\u00c9RIELLE (HYPERTENSION)<\/a>. PAR GEORGE L. BAKRIS, MD, UNIVERSITY OF CHICAGO SCHOOL OF MEDICINE. REVUE\/R\u00c9VISION COMPL\u00c8TE MARS 2021. LE MANUEL MSD.&nbsp;<\/li>\n\n\n\n<li><a href=\"https:\/\/www.sciencedirect.com\/science\/article\/abs\/pii\/S093947532030291X\" data-type=\"link\" data-id=\"HTTPS:\/\/WWW.SCIENCEDIRECT.COM\/SCIENCE\/ARTICLE\/ABS\/PII\/S093947532030291X\">SAFETY OF COFFEE CONSUMPTION AFTER MYOCARDIAL INFARCTION<\/a>: A SYSTEMATIC REVIEW AND META-ANALYSIS. NUTRITION, METABOLISM AND CARDIOVASCULAR DISEASES. VOLUME 30, ISSUE 12, 27 NOVEMBER 2020, PAGES 2146-2158.&nbsp;<\/li>\n<\/ul>\n<\/div>\n\n\n\n<div class=\"wp-block-column is-layout-flow wp-block-column-is-layout-flow\" style=\"flex-basis:10%\"><\/div>\n<\/div>\n\n\n\n<p><\/p>\n","protected":false},"excerpt":{"rendered":"<p>Alles wissen Kaffee vs. Gr\u00fcner Tee :Auswirkung des Konsums auf das Risiko des Todes durch Herz-Kreislauf-Erkrankungen Das Trinken von zwei oder mehr Tassen Kaffee pro Tag kann bei Menschen mit starkem Bluthochdruck das Risiko eines Herztodes erh\u00f6hen. Im Gegensatz dazu w\u00fcrde gr\u00fcner Tee &#8211; wie Matcha &#8211; das Sterberisiko nicht erh\u00f6hen, unabh\u00e4ngig davon, wie hoch [&hellip;]<\/p>\n","protected":false},"author":2,"featured_media":0,"parent":0,"menu_order":0,"comment_status":"closed","ping_status":"closed","template":"","meta":{"_acf_changed":false,"footnotes":""},"class_list":["post-1171","page","type-page","status-publish","hentry"],"acf":[],"_links":{"self":[{"href":"https:\/\/kumikomatchabyidh.ch\/de\/wp-json\/wp\/v2\/pages\/1171","targetHints":{"allow":["GET"]}}],"collection":[{"href":"https:\/\/kumikomatchabyidh.ch\/de\/wp-json\/wp\/v2\/pages"}],"about":[{"href":"https:\/\/kumikomatchabyidh.ch\/de\/wp-json\/wp\/v2\/types\/page"}],"author":[{"embeddable":true,"href":"https:\/\/kumikomatchabyidh.ch\/de\/wp-json\/wp\/v2\/users\/2"}],"replies":[{"embeddable":true,"href":"https:\/\/kumikomatchabyidh.ch\/de\/wp-json\/wp\/v2\/comments?post=1171"}],"version-history":[{"count":2,"href":"https:\/\/kumikomatchabyidh.ch\/de\/wp-json\/wp\/v2\/pages\/1171\/revisions"}],"predecessor-version":[{"id":1291,"href":"https:\/\/kumikomatchabyidh.ch\/de\/wp-json\/wp\/v2\/pages\/1171\/revisions\/1291"}],"wp:attachment":[{"href":"https:\/\/kumikomatchabyidh.ch\/de\/wp-json\/wp\/v2\/media?parent=1171"}],"curies":[{"name":"wp","href":"https:\/\/api.w.org\/{rel}","templated":true}]}}