{"id":1174,"date":"2023-08-28T19:10:34","date_gmt":"2023-08-28T17:10:34","guid":{"rendered":"https:\/\/kumikomatchabyidh.ch\/cultivar\/"},"modified":"2023-10-22T18:26:48","modified_gmt":"2023-10-22T16:26:48","slug":"cultivar","status":"publish","type":"page","link":"https:\/\/kumikomatchabyidh.ch\/de\/cultivar\/","title":{"rendered":"Kultivar"},"content":{"rendered":"\n<p><a href=\"https:\/\/kumikomatchabyidh.ch\/de\/alles-wissen\/\" data-type=\"page\" data-id=\"1192\">Alles wissen<\/a><\/p>\n\n\n\n<div class=\"wp-block-columns is-layout-flex wp-container-core-columns-is-layout-9d6595d7 wp-block-columns-is-layout-flex\">\n<div class=\"wp-block-column is-layout-flow wp-block-column-is-layout-flow\" style=\"flex-basis:10%\"><\/div>\n\n\n\n<div class=\"wp-block-column is-layout-flow wp-block-column-is-layout-flow\" style=\"flex-basis:80%\">\n<h2 class=\"wp-block-heading\">Was ist ein Kultivar? Ein Single Origin?<br>Eine Assemblage ? Die Definitionen<\/h2>\n\n\n\n<div style=\"height:25px\" aria-hidden=\"true\" class=\"wp-block-spacer\"><\/div>\n\n\n<div class=\"wp-block-image\">\n<figure class=\"aligncenter size-large\"><img loading=\"lazy\" decoding=\"async\" width=\"1024\" height=\"768\" src=\"https:\/\/kumikomatchabyidh.ch\/wp-content\/uploads\/2023\/08\/cultivar1-1024x768.jpeg\" alt=\"\" class=\"wp-image-1001\" srcset=\"https:\/\/kumikomatchabyidh.ch\/wp-content\/uploads\/2023\/08\/cultivar1-1024x768.jpeg 1024w, https:\/\/kumikomatchabyidh.ch\/wp-content\/uploads\/2023\/08\/cultivar1-300x225.jpeg 300w, https:\/\/kumikomatchabyidh.ch\/wp-content\/uploads\/2023\/08\/cultivar1-768x576.jpeg 768w, https:\/\/kumikomatchabyidh.ch\/wp-content\/uploads\/2023\/08\/cultivar1-1536x1152.jpeg 1536w, https:\/\/kumikomatchabyidh.ch\/wp-content\/uploads\/2023\/08\/cultivar1-800x600.jpeg 800w, https:\/\/kumikomatchabyidh.ch\/wp-content\/uploads\/2023\/08\/cultivar1.jpeg 2000w\" sizes=\"auto, (max-width: 1024px) 100vw, 1024px\" \/><\/figure>\n<\/div>\n\n\n<div style=\"height:25px\" aria-hidden=\"true\" class=\"wp-block-spacer\"><\/div>\n\n\n\n<p>In diesem Artikel werde ich mit dir die Definitionen einiger Begriffe teilen, die in der Welt des Matcha-Tees verwendet werden. Ich werde eine Parallele zu Wein und Champagner ziehen, da sie viele Gemeinsamkeiten mit Tee haben.<\/p>\n\n\n\n<p>Du kennst sicher die Namen von Weinsorten wie Chardonnay, Merlot oder Cabernet Sauvignon. Wusstest du, dass es das Gleiche auch f\u00fcr Tee gibt?<\/p>\n\n\n\n<p>Man nennt diese &#8222;Teerebsorten&#8220; Cultivars.<\/p>\n\n\n\n<h2 class=\"wp-block-heading\">Was ist die Definition eines Kultivars?<\/h2>\n\n\n\n<h3 class=\"wp-block-heading\">Das Wort Kultivar in der Landwirtschaft oder Gartenbau-Sorte<\/h3>\n\n\n\n<p>In der Botanik bezeichnet man als &#8222;Kultivar&#8220; eine kultivierte Pflanzensorte, die nach \u00e4sthetischen Kriterien, Wachstum, Anpassung an die Umwelt oder Krankheitsresistenz ausgew\u00e4hlt wurde.<\/p>\n\n\n\n<p>Das Wort &#8222;Rebsorte&#8220;, das speziell in der Welt des Weins verwendet wird, ist ein Synonym f\u00fcr das Wort &#8222;Kultivar&#8220;.<\/p>\n\n\n\n<h3 class=\"wp-block-heading\">Was ist ein Matcha-Teekultivar?<\/h3>\n\n\n\n<p>Ein Cultivar ist eine Gruppe von Teepflanzen, die durch Selektion und Kreuzung entstanden sind und wegen ihrer besonderen Eigenschaften angebaut werden.<\/p>\n\n\n\n<p>So ist jeder Kultivar mehr oder weniger an bestimmte Wetterbedingungen angepasst (z. B. frostresistent) oder er wird wegen seines einzigartigen Geschmacks, seiner Farbe oder seines Aromas angebaut. Einige Sorten eignen sich besonders gut f\u00fcr die Herstellung von Matcha-Tee.<\/p>\n\n\n\n<p>Um die Qualit\u00e4ten der Sorte zu erhalten und zu verhindern, dass sie sich im Laufe der Zeit ver\u00e4ndert, wird japanischer Tee meist mit Stecklingen statt mit Samen angebaut. Mit anderen Worten: Die meisten Teefelder sind voll von Klonen derselben Teepflanze und sie alle haben genau dasselbe genetische Erbe.<\/p>\n\n\n\n<div style=\"height:25px\" aria-hidden=\"true\" class=\"wp-block-spacer\"><\/div>\n\n\n<div class=\"wp-block-image\">\n<figure class=\"aligncenter size-large\"><img loading=\"lazy\" decoding=\"async\" width=\"1024\" height=\"384\" src=\"https:\/\/kumikomatchabyidh.ch\/wp-content\/uploads\/2023\/08\/cultivar2-1024x384.jpeg\" alt=\"\" class=\"wp-image-1005\" srcset=\"https:\/\/kumikomatchabyidh.ch\/wp-content\/uploads\/2023\/08\/cultivar2-1024x384.jpeg 1024w, https:\/\/kumikomatchabyidh.ch\/wp-content\/uploads\/2023\/08\/cultivar2-300x112.jpeg 300w, https:\/\/kumikomatchabyidh.ch\/wp-content\/uploads\/2023\/08\/cultivar2-768x288.jpeg 768w, https:\/\/kumikomatchabyidh.ch\/wp-content\/uploads\/2023\/08\/cultivar2-1536x576.jpeg 1536w, https:\/\/kumikomatchabyidh.ch\/wp-content\/uploads\/2023\/08\/cultivar2-800x300.jpeg 800w, https:\/\/kumikomatchabyidh.ch\/wp-content\/uploads\/2023\/08\/cultivar2.jpeg 1995w\" sizes=\"auto, (max-width: 1024px) 100vw, 1024px\" \/><figcaption class=\"wp-element-caption\"><em>Trois cultivars : le Yabukita, le Saeakari et le Asatsuyu (de gauche \u00e0 droite)<\/em><\/figcaption><\/figure>\n<\/div>\n\n\n<div style=\"height:25px\" aria-hidden=\"true\" class=\"wp-block-spacer\"><\/div>\n\n\n\n<h2 class=\"wp-block-heading\">Das Beispiel Yabukita<\/h2>\n\n\n\n<div style=\"height:25px\" aria-hidden=\"true\" class=\"wp-block-spacer\"><\/div>\n\n\n<div class=\"wp-block-image\">\n<figure class=\"aligncenter size-large\"><img loading=\"lazy\" decoding=\"async\" width=\"1024\" height=\"1024\" src=\"https:\/\/kumikomatchabyidh.ch\/wp-content\/uploads\/2023\/08\/cultivar3-1-1024x1024.jpeg\" alt=\"\" class=\"wp-image-1013\" srcset=\"https:\/\/kumikomatchabyidh.ch\/wp-content\/uploads\/2023\/08\/cultivar3-1-1024x1024.jpeg 1024w, https:\/\/kumikomatchabyidh.ch\/wp-content\/uploads\/2023\/08\/cultivar3-1-300x300.jpeg 300w, https:\/\/kumikomatchabyidh.ch\/wp-content\/uploads\/2023\/08\/cultivar3-1-150x150.jpeg 150w, https:\/\/kumikomatchabyidh.ch\/wp-content\/uploads\/2023\/08\/cultivar3-1-768x768.jpeg 768w, https:\/\/kumikomatchabyidh.ch\/wp-content\/uploads\/2023\/08\/cultivar3-1-1536x1536.jpeg 1536w, https:\/\/kumikomatchabyidh.ch\/wp-content\/uploads\/2023\/08\/cultivar3-1-2048x2048.jpeg 2048w, https:\/\/kumikomatchabyidh.ch\/wp-content\/uploads\/2023\/08\/cultivar3-1-400x400.jpeg 400w, https:\/\/kumikomatchabyidh.ch\/wp-content\/uploads\/2023\/08\/cultivar3-1-800x800.jpeg 800w, https:\/\/kumikomatchabyidh.ch\/wp-content\/uploads\/2023\/08\/cultivar3-1-100x100.jpeg 100w\" sizes=\"auto, (max-width: 1024px) 100vw, 1024px\" \/><figcaption class=\"wp-element-caption\"><em>Tiefgr\u00fcne Bl\u00e4tter, die geerntet werden k\u00f6nnen<\/em><\/figcaption><\/figure>\n<\/div>\n\n\n<div style=\"height:25px\" aria-hidden=\"true\" class=\"wp-block-spacer\"><\/div>\n\n\n\n<p>Im Jahr 1908 entwickelte ein Bauer namens Sugiyama Hikosaburo (\u6749\u5c71\u5f66\u4e09\u90ce) in der Region Shizuoka eine neue Z\u00fcchtung.<\/p>\n\n\n\n<p>Er nannte sie Yabukita, was w\u00f6rtlich \u00fcbersetzt Hain (\u85ea) des Nordens (\u5317) bedeutet, da sich sein Feld n\u00f6rdlich eines Bambushains befand.<\/p>\n\n\n\n<p>Diese Sorte ist besonders robust und k\u00e4lteresistent, kann in einer Vielzahl von Klimazonen \u00fcberleben und hat einen ausgepr\u00e4gten Geschmack.<\/p>\n\n\n\n<p>Yabukita wurde 1954 als offizieller Kultivar eingetragen und hat sich in ganz Japan weit verbreitet. Heute ist er der beliebteste Tee: Laut dem japanischen Ministerium f\u00fcr Landwirtschaft, Forstwirtschaft und Fischerei macht er 75% des japanischen Tees aus.<\/p>\n\n\n\n<p>Bei der Herstellung von Matcha ist er praktisch allgegenw\u00e4rtig.<\/p>\n\n\n\n<p>Der Nachteil des Yabukita ist, dass er anf\u00e4llig f\u00fcr Sch\u00e4dlinge und Krankheiten ist und daher viel Pflege ben\u00f6tigt.<\/p>\n\n\n\n<h2 class=\"wp-block-heading\">Andere Kultivare?<\/h2>\n\n\n\n<div style=\"height:25px\" aria-hidden=\"true\" class=\"wp-block-spacer\"><\/div>\n\n\n<div class=\"wp-block-image\">\n<figure class=\"aligncenter size-large\"><img loading=\"lazy\" decoding=\"async\" width=\"1024\" height=\"768\" src=\"https:\/\/kumikomatchabyidh.ch\/wp-content\/uploads\/2023\/08\/cultivar4-1024x768.jpeg\" alt=\"\" class=\"wp-image-1017\" srcset=\"https:\/\/kumikomatchabyidh.ch\/wp-content\/uploads\/2023\/08\/cultivar4-1024x768.jpeg 1024w, https:\/\/kumikomatchabyidh.ch\/wp-content\/uploads\/2023\/08\/cultivar4-300x225.jpeg 300w, https:\/\/kumikomatchabyidh.ch\/wp-content\/uploads\/2023\/08\/cultivar4-768x576.jpeg 768w, https:\/\/kumikomatchabyidh.ch\/wp-content\/uploads\/2023\/08\/cultivar4-1536x1152.jpeg 1536w, https:\/\/kumikomatchabyidh.ch\/wp-content\/uploads\/2023\/08\/cultivar4-2048x1536.jpeg 2048w, https:\/\/kumikomatchabyidh.ch\/wp-content\/uploads\/2023\/08\/cultivar4-800x600.jpeg 800w\" sizes=\"auto, (max-width: 1024px) 100vw, 1024px\" \/><\/figure>\n<\/div>\n\n\n<div style=\"height:25px\" aria-hidden=\"true\" class=\"wp-block-spacer\"><\/div>\n\n\n\n<p>Es gibt sehr viele verschiedene Kultivare (\u00fcber 100), die weit weniger bekannt sind als Yabukita, mit unterschiedlichen Geschmacksprofilen. Weitere Namen von Kultivaren sind Samidori, Asahi, Komakage oder Yamakai. Es gibt auch Hybridkultivare, d. h. Kreuzungen zwischen zwei Kultivaren, wie z. B. Tsuyuhikari.<\/p>\n\n\n\n<p>Ihre Kenntnis bringt eine zus\u00e4tzliche Dimension in den Teegenuss und sein Verst\u00e4ndnis, neben der Teesorte, den Bauern und dem Anbaugebiet.<\/p>\n\n\n\n<p>Kultivare haben mehrere Vorteile:<\/p>\n\n\n\n<ul class=\"wp-block-list\">\n<li>Sie haben eine gro\u00dfe Vielfalt an Geschm\u00e4ckern und D\u00fcften, was bei der Verkostung viele M\u00f6glichkeiten und \u00dcberraschungen bietet.<\/li>\n\n\n\n<li>Der Bauer kann eine Sorte w\u00e4hlen, die an das Klima und die Bedingungen seines Landes angepasst ist.<\/li>\n\n\n\n<li>Sie haben eine stabilere Qualit\u00e4t und einen h\u00f6heren Ertrag als Zairai.<\/li>\n<\/ul>\n\n\n\n<h2 class=\"wp-block-heading\">Der Sonderfall Zairai<\/h2>\n\n\n\n<div style=\"height:25px\" aria-hidden=\"true\" class=\"wp-block-spacer\"><\/div>\n\n\n<div class=\"wp-block-image\">\n<figure class=\"aligncenter size-large\"><img loading=\"lazy\" decoding=\"async\" width=\"1024\" height=\"768\" src=\"https:\/\/kumikomatchabyidh.ch\/wp-content\/uploads\/2023\/08\/cultivar5-1024x768.jpeg\" alt=\"\" class=\"wp-image-1021\" srcset=\"https:\/\/kumikomatchabyidh.ch\/wp-content\/uploads\/2023\/08\/cultivar5-1024x768.jpeg 1024w, https:\/\/kumikomatchabyidh.ch\/wp-content\/uploads\/2023\/08\/cultivar5-300x225.jpeg 300w, https:\/\/kumikomatchabyidh.ch\/wp-content\/uploads\/2023\/08\/cultivar5-768x576.jpeg 768w, https:\/\/kumikomatchabyidh.ch\/wp-content\/uploads\/2023\/08\/cultivar5-1536x1152.jpeg 1536w, https:\/\/kumikomatchabyidh.ch\/wp-content\/uploads\/2023\/08\/cultivar5-800x600.jpeg 800w, https:\/\/kumikomatchabyidh.ch\/wp-content\/uploads\/2023\/08\/cultivar5.jpeg 2000w\" sizes=\"auto, (max-width: 1024px) 100vw, 1024px\" \/><figcaption class=\"wp-element-caption\"><em>Teefelder von Tokuya-san in der Region Kyoto<\/em><\/figcaption><\/figure>\n<\/div>\n\n\n<div style=\"height:25px\" aria-hidden=\"true\" class=\"wp-block-spacer\"><\/div>\n\n\n\n<p>Die Verwendung von Kultivaren ist in der Geschichte des Tees in Japan relativ neu, sie wurde erst in den 60er und 70er Jahren \u00fcblich.<\/p>\n\n\n\n<p>Vor diesem Boom wurde Tee aus Samen angebaut. Heute gibt es nur noch eine Handvoll Teeg\u00e4rten, die diese Methode anwenden (ca. 3%). Man nennt diese nativen Teesorten, die zu keinem unterscheidenden Kultivar geh\u00f6ren, Zairai (\u5728\u6765).<\/p>\n\n\n\n<p>In diesem Fall hat jede Pflanze ein einzigartiges und unterschiedliches Erbgut: Ein Zairai-Feld ist wie eine gro\u00dfe nat\u00fcrliche Ansammlung von Hunderten einzigartiger Pflanzen.<\/p>\n\n\n\n<p>Zairai ist bei den meisten Bauern aus mehreren Gr\u00fcnden nicht mehr allzu beliebt:<\/p>\n\n\n\n<ul class=\"wp-block-list\">\n<li>sie sind nicht so rentabel wie Kultivare, da ihr Ertrag zuf\u00e4llig ist<\/li>\n\n\n\n<li>da sie sich alle genetisch unterscheiden, ist das Timing der Ernte und der Geschmack aller Teestr\u00e4ucher unterschiedlich, selbst wenn sie Teil desselben Teegartens sind. Dies macht die Arbeit f\u00fcr die Bauern bei der Ernte schwieriger<\/li>\n<\/ul>\n\n\n\n<p>Doch die Zairai haben auch unbestreitbare Vorteile:<\/p>\n\n\n\n<ul class=\"wp-block-list\">\n<li>Zairai haben aufgrund ihrer Vielfalt und Anpassung an ihr heimisches Terroir eine h\u00f6here Widerstandsf\u00e4higkeit gegen Krankheiten und Sch\u00e4dlinge.<\/li>\n\n\n\n<li>viele halten den seltenen Geschmack von Zairai f\u00fcr den des japanischen Tees von fr\u00fcher<\/li>\n<\/ul>\n\n\n\n<p>Deshalb bin ich zu gl\u00fccklich, mit unserem Partnerbauern Tokuya-san und seinem nat\u00fcrlichen Zairai-Matcha zu arbeiten, der eine echte Rarit\u00e4t und ein einzigartiger Genuss ist.<\/p>\n\n\n\n<h2 class=\"wp-block-heading\">Die Zusammenstellungen<\/h2>\n\n\n\n<p>Eine Assemblage ist eine Kombination von Tees, die in bestimmten Proportionen gemischt werden, um ihnen einen besonderen Geschmackseffekt zu verleihen. Diese Proportionen werden in der Regel jedes Jahr an die Qualit\u00e4t der verschiedenen verf\u00fcgbaren Teesorten angepasst.<\/p>\n\n\n\n<h2 class=\"wp-block-heading\">Die Eigenschaften der Baugruppen<\/h2>\n\n\n\n<div style=\"height:20px\" aria-hidden=\"true\" class=\"wp-block-spacer\"><\/div>\n\n\n\n<figure class=\"wp-block-embed aligncenter is-type-video is-provider-youtube wp-block-embed-youtube wp-embed-aspect-16-9 wp-has-aspect-ratio\"><div class=\"wp-block-embed__wrapper\">\n<iframe loading=\"lazy\" title=\"Th\u00e9 matcha : qu&#039;est-ce qu&#039;un assemblage ?\" width=\"640\" height=\"360\" src=\"https:\/\/www.youtube.com\/embed\/AYXegvJTrLo?feature=oembed\" frameborder=\"0\" allow=\"accelerometer; autoplay; clipboard-write; encrypted-media; gyroscope; picture-in-picture; web-share\" referrerpolicy=\"strict-origin-when-cross-origin\" allowfullscreen><\/iframe>\n<\/div><\/figure>\n\n\n\n<div style=\"height:20px\" aria-hidden=\"true\" class=\"wp-block-spacer\"><\/div>\n\n\n\n<p>Die Arbeit des Teemeisters ist vergleichbar mit dem Kellermeister in der Welt des Champagners.<\/p>\n\n\n\n<p>Der Premium Bio Matcha Tee ist das Produkt einer Assemblage, wie die meisten Champagner: Er hat keinen Jahrgang und beh\u00e4lt immer den gleichen Geschmack, egal in welchem Jahr, dank der Arbeit des Teemeisters bei der Assemblage.<\/p>\n\n\n\n<p>Dieser Spezialist wird die verschiedenen Tencha-Ernten probieren und sie nach Boden, Kultivar, Farbe, Aroma und Nase bewerten. Er wird eine Mischung, einen &#8222;Mix&#8220;, aus diesen Tenchas, die aus der Genossenschaft mehrerer Bauern stammen, herstellen, um ein Endprodukt wie unseren Bio-Premium-Matcha-Tee zu erhalten.<\/p>\n\n\n\n<h2 class=\"wp-block-heading\">Unsere Auswahl an Zusammenstellungen<\/h2>\n\n\n\n<div style=\"height:25px\" aria-hidden=\"true\" class=\"wp-block-spacer\"><\/div>\n\n\n<div class=\"wp-block-image\">\n<figure class=\"aligncenter size-large\"><a href=\"https:\/\/kumikomatchabyidh.ch\/en\/boutique\/perpetuals\/matcha-premium-bio\/\"><img loading=\"lazy\" decoding=\"async\" width=\"1024\" height=\"683\" src=\"https:\/\/kumikomatchabyidh.ch\/wp-content\/uploads\/2023\/08\/cultivar6-1024x683.jpeg\" alt=\"\" class=\"wp-image-1026\" srcset=\"https:\/\/kumikomatchabyidh.ch\/wp-content\/uploads\/2023\/08\/cultivar6-1024x683.jpeg 1024w, https:\/\/kumikomatchabyidh.ch\/wp-content\/uploads\/2023\/08\/cultivar6-300x200.jpeg 300w, https:\/\/kumikomatchabyidh.ch\/wp-content\/uploads\/2023\/08\/cultivar6-768x512.jpeg 768w, https:\/\/kumikomatchabyidh.ch\/wp-content\/uploads\/2023\/08\/cultivar6-1536x1024.jpeg 1536w, https:\/\/kumikomatchabyidh.ch\/wp-content\/uploads\/2023\/08\/cultivar6-800x533.jpeg 800w, https:\/\/kumikomatchabyidh.ch\/wp-content\/uploads\/2023\/08\/cultivar6.jpeg 2048w\" sizes=\"auto, (max-width: 1024px) 100vw, 1024px\" \/><\/a><figcaption class=\"wp-element-caption\"><em>Premium Matcha Tee bio<\/em><\/figcaption><\/figure>\n<\/div>\n\n\n<div style=\"height:25px\" aria-hidden=\"true\" class=\"wp-block-spacer\"><\/div>\n\n\n\n<p>Das Flaggschiff von Kumiko Matcha ist die Spitze des Premium Bio-Matcha-Tees.<\/p>\n\n\n\n<p>Ein zartes Pulver mit einer intensiven Jadefarbe.<\/p>\n\n\n\n<p>Ein reicher und weicher Geschmack im Mund mit einem k\u00f6stlichen Aroma. Zun\u00e4chst pflanzlich und kr\u00e4uterartig, leicht adstringierend mit einem Gef\u00fchl von Tannin, gefolgt von einem s\u00fc\u00dfen Abgang. Voller Umami.<\/p>\n\n\n\n<p>Biologisch hergestellt, um die Umwelt zu schonen und alle Vorteile der Pflanze weiterzugeben.<\/p>\n\n\n\n<div style=\"height:25px\" aria-hidden=\"true\" class=\"wp-block-spacer\"><\/div>\n\n\n<div class=\"wp-block-image\">\n<figure class=\"aligncenter size-large\"><a href=\"https:\/\/kumikomatchabyidh.ch\/en\/boutique\/perpetuals\/matcha-hyperpremium-bio\/\"><img loading=\"lazy\" decoding=\"async\" width=\"1024\" height=\"682\" src=\"https:\/\/kumikomatchabyidh.ch\/wp-content\/uploads\/2023\/08\/cultivar7-1024x682.jpeg\" alt=\"\" class=\"wp-image-1030\" srcset=\"https:\/\/kumikomatchabyidh.ch\/wp-content\/uploads\/2023\/08\/cultivar7-1024x682.jpeg 1024w, https:\/\/kumikomatchabyidh.ch\/wp-content\/uploads\/2023\/08\/cultivar7-300x200.jpeg 300w, https:\/\/kumikomatchabyidh.ch\/wp-content\/uploads\/2023\/08\/cultivar7-768x512.jpeg 768w, https:\/\/kumikomatchabyidh.ch\/wp-content\/uploads\/2023\/08\/cultivar7-1536x1024.jpeg 1536w, https:\/\/kumikomatchabyidh.ch\/wp-content\/uploads\/2023\/08\/cultivar7-800x533.jpeg 800w, https:\/\/kumikomatchabyidh.ch\/wp-content\/uploads\/2023\/08\/cultivar7.jpeg 2000w\" sizes=\"auto, (max-width: 1024px) 100vw, 1024px\" \/><\/a><figcaption class=\"wp-element-caption\"><em>Hyperpremium Matcha Tee bio<\/em><\/figcaption><\/figure>\n<\/div>\n\n\n<div style=\"height:25px\" aria-hidden=\"true\" class=\"wp-block-spacer\"><\/div>\n\n\n\n<p>Unwirklicher Grand Cru, die Definition von Umami, der luxuri\u00f6seste und exklusivste Wein f\u00fcr sch\u00f6ne Anl\u00e4sse.<\/p>\n\n\n\n<p>Mr. Nishi hat sich entschieden, die Formel f\u00fcr seine Mischung geheim zu halten, aber er war so freundlich, uns zu verraten, dass die am h\u00e4ufigsten vorkommende Sorte Saemidori ist.<\/p>\n\n\n\n<p>Diese Teesorte mit einem sehr pr\u00e4senten Umami-Geschmack ist normalerweise fr\u00fcher erntereif als der Yabukita. Ihre Bl\u00e4tter sind von einem sehr kr\u00e4ftigen, gl\u00e4nzenden Gr\u00fcn.<\/p>\n\n\n\n<h2 class=\"wp-block-heading\">Schlussfolgerung<\/h2>\n\n\n\n<p>Wir haben zusammen gesehen, was ein Kultivar, ein Single Origin und eine Assemblage sind.<\/p>\n\n\n\n<p>Die Welt des Matcha-Tees ist so komplex wie die des Weins, mit speziellen Jahrgangseditionen, die sich jedes Jahr in Bezug auf die Bedingungen ihres Terroirs \u00e4ndern; und mit Assemblagen, Mischungen, deren Geheimnis von ihren Sch\u00f6pfern geh\u00fctet wird.<\/p>\n<\/div>\n\n\n\n<div class=\"wp-block-column is-layout-flow wp-block-column-is-layout-flow\" style=\"flex-basis:10%\"><\/div>\n<\/div>\n","protected":false},"excerpt":{"rendered":"<p>Alles wissen Was ist ein Kultivar? Ein Single Origin?Eine Assemblage ? Die Definitionen In diesem Artikel werde ich mit dir die Definitionen einiger Begriffe teilen, die in der Welt des Matcha-Tees verwendet werden. Ich werde eine Parallele zu Wein und Champagner ziehen, da sie viele Gemeinsamkeiten mit Tee haben. Du kennst sicher die Namen von [&hellip;]<\/p>\n","protected":false},"author":2,"featured_media":0,"parent":0,"menu_order":0,"comment_status":"closed","ping_status":"closed","template":"","meta":{"_acf_changed":false,"footnotes":""},"class_list":["post-1174","page","type-page","status-publish","hentry"],"acf":[],"_links":{"self":[{"href":"https:\/\/kumikomatchabyidh.ch\/de\/wp-json\/wp\/v2\/pages\/1174","targetHints":{"allow":["GET"]}}],"collection":[{"href":"https:\/\/kumikomatchabyidh.ch\/de\/wp-json\/wp\/v2\/pages"}],"about":[{"href":"https:\/\/kumikomatchabyidh.ch\/de\/wp-json\/wp\/v2\/types\/page"}],"author":[{"embeddable":true,"href":"https:\/\/kumikomatchabyidh.ch\/de\/wp-json\/wp\/v2\/users\/2"}],"replies":[{"embeddable":true,"href":"https:\/\/kumikomatchabyidh.ch\/de\/wp-json\/wp\/v2\/comments?post=1174"}],"version-history":[{"count":1,"href":"https:\/\/kumikomatchabyidh.ch\/de\/wp-json\/wp\/v2\/pages\/1174\/revisions"}],"predecessor-version":[{"id":1306,"href":"https:\/\/kumikomatchabyidh.ch\/de\/wp-json\/wp\/v2\/pages\/1174\/revisions\/1306"}],"wp:attachment":[{"href":"https:\/\/kumikomatchabyidh.ch\/de\/wp-json\/wp\/v2\/media?parent=1174"}],"curies":[{"name":"wp","href":"https:\/\/api.w.org\/{rel}","templated":true}]}}