{"id":1180,"date":"2023-08-28T17:34:33","date_gmt":"2023-08-28T15:34:33","guid":{"rendered":"https:\/\/kumikomatchabyidh.ch\/les-bienfaits-des-flavonoides\/"},"modified":"2023-10-22T18:00:53","modified_gmt":"2023-10-22T16:00:53","slug":"les-bienfaits-des-flavonoides","status":"publish","type":"page","link":"https:\/\/kumikomatchabyidh.ch\/de\/les-bienfaits-des-flavonoides\/","title":{"rendered":"Die Vorteile von Flavonoiden"},"content":{"rendered":"\n<p><a href=\"https:\/\/kumikomatchabyidh.ch\/de\/alles-wissen\/\" data-type=\"page\" data-id=\"1192\">Alles wissen<\/a><\/p>\n\n\n\n<div class=\"wp-block-columns is-layout-flex wp-container-core-columns-is-layout-9d6595d7 wp-block-columns-is-layout-flex\">\n<div class=\"wp-block-column is-layout-flow wp-block-column-is-layout-flow\" style=\"flex-basis:10%\"><\/div>\n\n\n\n<div class=\"wp-block-column is-layout-flow wp-block-column-is-layout-flow\" style=\"flex-basis:80%\">\n<h1 class=\"wp-block-heading\">Die Vorteile der Flavonoide des Matcha-Gr\u00fcntees gegen den kognitiven Verfall<\/h1>\n\n\n\n<p>Matcha ist nicht nur eine k\u00f6stliche Zutat im Rahmen einer gesunden und ausgewogenen Ern\u00e4hrung, sondern enth\u00e4lt auch enorm viele Antioxidantien.<\/p>\n\n\n\n<p>Der hohe Anteil an Flavonoiden im Matcha-Gr\u00fcnteepulver macht Matcha n\u00e4mlich zu einem der f\u00fchrenden Superfoods.<\/p>\n\n\n\n<p>So tr\u00e4gt Matcha dank dieser wichtigen Quelle von Antioxidantien zur entz\u00fcndungshemmenden und antiviralen Wirkung unserer Nahrung im K\u00f6rper bei.<\/p>\n\n\n\n<p>\u00dcbrigens unterst\u00fctzen Forscher die Schlussfolgerungen fr\u00fcherer Studien, die noch einer genaueren Erl\u00e4uterung bedurften.<\/p>\n\n\n\n<p>In einer Studie, die im April 2020 in der Zeitschrift The American Journal of Clinical Nutrition ver\u00f6ffentlicht wurde, best\u00e4tigen Forscher, dass ein hoher Konsum von Beeren, \u00c4pfeln und gr\u00fcnem Tee, sch\u00fctzende Vorteile gegen die Alzheimer-Krankheit haben kann.<\/p>\n\n\n\n<div style=\"height:25px\" aria-hidden=\"true\" class=\"wp-block-spacer\"><\/div>\n\n\n<div class=\"wp-block-image\">\n<figure class=\"aligncenter size-large\"><img loading=\"lazy\" decoding=\"async\" width=\"1024\" height=\"683\" src=\"https:\/\/kumikomatchabyidh.ch\/wp-content\/uploads\/2023\/08\/vue-dessus-du-the-vert-matcha-dans-bol-surface-beton-objet-unique-1024x683.jpg\" alt=\"\" class=\"wp-image-993\" srcset=\"https:\/\/kumikomatchabyidh.ch\/wp-content\/uploads\/2023\/08\/vue-dessus-du-the-vert-matcha-dans-bol-surface-beton-objet-unique-1024x683.jpg 1024w, https:\/\/kumikomatchabyidh.ch\/wp-content\/uploads\/2023\/08\/vue-dessus-du-the-vert-matcha-dans-bol-surface-beton-objet-unique-300x200.jpg 300w, https:\/\/kumikomatchabyidh.ch\/wp-content\/uploads\/2023\/08\/vue-dessus-du-the-vert-matcha-dans-bol-surface-beton-objet-unique-768x512.jpg 768w, https:\/\/kumikomatchabyidh.ch\/wp-content\/uploads\/2023\/08\/vue-dessus-du-the-vert-matcha-dans-bol-surface-beton-objet-unique-800x533.jpg 800w, https:\/\/kumikomatchabyidh.ch\/wp-content\/uploads\/2023\/08\/vue-dessus-du-the-vert-matcha-dans-bol-surface-beton-objet-unique.jpg 1500w\" sizes=\"auto, (max-width: 1024px) 100vw, 1024px\" \/><\/figure>\n<\/div>\n\n\n<div style=\"height:25px\" aria-hidden=\"true\" class=\"wp-block-spacer\"><\/div>\n\n\n\n<h2 class=\"wp-block-heading\">Matcha hilft, neurodegenerative Erkrankungen zu verlangsamen<\/h2>\n\n\n\n<p>Den Forschern zufolge ist eine langfristig h\u00f6here Aufnahme von Flavonoiden \u00fcber die Nahrung mit einem geringeren Risiko f\u00fcr Alzheimer und Demenz verbunden.<\/p>\n\n\n\n<p>Tats\u00e4chlich erkl\u00e4ren sie, dass &#8222;\u00e4ltere Menschen, die geringe Mengen an flavonoidreichen Lebensmitteln wie Beeren, \u00c4pfel und Tee zu sich nahmen, \u00fcber einen Zeitraum von 20 Jahren zwei- bis viermal h\u00e4ufiger an Alzheimer und damit verbundenen Demenzen erkrankten als Menschen mit einem h\u00f6heren Konsum&#8220;.<\/p>\n\n\n\n<p>Diese epidemiologische Studie, die auf mehreren Tausend Personen im Alter von 50 Jahren und \u00e4lter basierte, untersuchte die langfristige Beziehung zwischen dem Verzehr von flavonoidhaltigen Lebensmitteln und dem Risiko f\u00fcr Alzheimer und damit verbundene Demenzkrankheiten.<\/p>\n\n\n\n<p>Andererseits haben viele Studien die Assoziationen zwischen Ern\u00e4hrung und Demenz untersucht, allerdings nur \u00fcber kurze Zeitr\u00e4ume. Diese letzte gro\u00dfe Studie untersuchte die Exposition gegen\u00fcber Flavonoiden \u00fcber einen Zeitraum von 20 Jahren.<\/p>\n\n\n\n<p>Flavonoide sind nat\u00fcrliche Substanzen, die in Pflanzen vorkommen. Sie kommen unter anderem in Obst und Gem\u00fcse wie Birnen, \u00c4pfeln, Beeren, Zwiebeln und pflanzlichen Getr\u00e4nken wie Tee und Wein vor.<\/p>\n\n\n\n<p>F\u00fcr Naschkatzen sei au\u00dferdem hervorgehoben, dass dunkle Schokolade (mindestens 70 %) eine weitere wichtige Quelle f\u00fcr Flavonoide ist.<\/p>\n\n\n\n<p>Flavonoide werden mit verschiedenen gesundheitlichen Vorteilen in Verbindung gebracht, u. a. mit einer Verringerung von Entz\u00fcndungen.<\/p>\n\n\n\n<p>Aus diesem Grund stellte das Forschungsteam fest, dass eine geringe Aufnahme von drei Arten von Flavonoiden im Vergleich zur h\u00f6chsten Aufnahme mit einem h\u00f6heren Demenzrisiko verbunden war.<\/p>\n\n\n\n<p>Im Einzelnen wurde Folgendes festgestellt: Eine geringe Aufnahme von Flavonolen (\u00c4pfel, Birnen und Tee) war mit einem doppelt so hohen Risiko verbunden, an Alzheimer und damit verbundenen Demenzen zu erkranken; eine geringe Aufnahme von Anthocyanen (nat\u00fcrliche Pigmente in Heidelbeeren, Erdbeeren und Rotwein) war mit einem vierfachen Risiko verbunden, an Alzheimer und damit verbundenen Demenzen zu erkranken; eine geringe Aufnahme von Polymerflavonoiden (\u00c4pfel, Birnen und Tee) war mit einem zweifachen Risiko verbunden.<\/p>\n\n\n\n<p>Diese Studie gibt ein Bild davon, wie die Ern\u00e4hrung im Laufe der Zeit mit dem kognitiven Verfall einer Person zusammenh\u00e4ngen k\u00f6nnte.<\/p>\n\n\n\n<p>Tats\u00e4chlich konnten die Autoren die Flavonoidaufnahme \u00fcber viele Jahre hinweg untersuchen, bevor bei den Teilnehmern Demenz diagnostiziert wurde.<\/p>\n\n\n\n<p>Da derzeit keine wirksamen Medikamente zur Behandlung der Alzheimer-Krankheit zur Verf\u00fcgung stehen, ist die Vorbeugung der Krankheit durch eine gesunde Ern\u00e4hrung eine wichtige \u00dcberlegung.<\/p>\n\n\n\n<p>Die Forscher analysierten sechs verschiedene Arten von Flavonoiden. Sie verglichen die langfristigen Aufnahmemengen mit der Anzahl der Alzheimer-Diagnosen und der damit verbundenen Demenzen im sp\u00e4teren Leben.<\/p>\n\n\n\n<p>Sie stellten fest, dass eine niedrige Aufnahme von drei Arten von Flavonoiden im Vergleich zur h\u00f6chsten Aufnahme mit einem h\u00f6heren Demenzrisiko verbunden war.<\/p>\n\n\n\n<p>In der Studie entsprach eine hohe Zufuhr etwa 7,5 Tassen Blaubeeren oder Erdbeeren (Anthocyane) pro Monat, 8 \u00c4pfel und Birnen pro Monat (Flavonole) und 19 Tassen Tee pro Monat (Polymere Flavonoide). Diese qualitative Zufuhr kann Ihnen helfen, Ihre Ern\u00e4hrung auf gesunde Weise umzugestalten, wobei Sie vorzugsweise saisonale und biologische Lebensmittel einbeziehen sollten.<\/p>\n\n\n\n<p>Schlie\u00dflich betonen die Autoren: &#8222;Tee, insbesondere gr\u00fcner Tee und Beeren, sind gute Quellen f\u00fcr Flavonoide, und es braucht nicht viel, um die Werte zu verbessern. Eine Tasse Tee pro Tag oder ein paar Beeren zwei- oder dreimal pro Woche w\u00fcrden ausreichen&#8220;.<\/p>\n\n\n\n<p>Das ungef\u00e4hre Alter, in dem die Daten f\u00fcr die Teilnehmer zum ersten Mal ausgewertet wurden (Durchschnittsalter 50 Jahre), ist nicht zu sp\u00e4t, um positive Ern\u00e4hrungsumstellungen vorzunehmen. Das Demenzrisiko beginnt ab einem Alter von 70 Jahren wirklich zu steigen.<\/p>\n\n\n\n<p>Abschlie\u00dfend bleibt die Botschaft, dass Sie, wenn Sie auf die 50 zugehen, anfangen sollten, \u00fcber eine ges\u00fcndere Ern\u00e4hrung nachzudenken, falls Sie das noch nicht getan haben, und dabei auch Matcha-Gr\u00fcntee mit einbeziehen sollten.<\/p>\n\n\n\n<p>Redaktion : Jimmy Braun\/<a rel=\"noreferrer noopener\" href=\"https:\/\/blognutritionsante.com\/\" target=\"_blank\">BNS<\/a>\u00a0&#8211; Juli 2020<\/p>\n\n\n\n<h2 class=\"wp-block-heading\"><strong>Quellen<\/strong><\/h2>\n\n\n\n<ul class=\"wp-block-list\">\n<li><em><a href=\"https:\/\/ajcn.nutrition.org\" data-type=\"link\" data-id=\"HTTPS:\/\/ACADEMIC.OUP.COM\/AJCN\/ARTICLE\/DOI\/10.1093\/AJCN\/NQAA079\/5823790\">LONG-TERM DIETARY FLAVONOID INTAKE AND RISK OF ALZHEIMER DISEASE AND RELATED DEMENTIAS IN THE FRAMINGHAM OFFSPRING COHORT<\/a>.<\/em>&nbsp;THE AMERICAN JOURNAL OF CLINICAL NUTRITION, 2020 ; DOI: 10.1093\/AJCN\/NQAA079,&nbsp;<\/li>\n\n\n\n<li><em><a href=\"https:\/\/www.clinicalnutritionopenscience.com\/article\/S2352-9393(18)30056-3\/fulltext\" data-type=\"link\" data-id=\"HTTPS:\/\/DOI.ORG\/10.1016\/J.YCLNEX.2018.12.004\">FLAVONOIDS GREEN TEA AGAINST OXIDANT STRESS AND INFLAMMATION WITH RELATED HUMAN DISEASES<\/a>.<\/em>&nbsp;CLINICAL NUTRITION EXPERIMENTAL, VOLUME 24, APRIL 2019, PAGES 1-14 ;&nbsp;<\/li>\n<\/ul>\n<\/div>\n\n\n\n<div class=\"wp-block-column is-layout-flow wp-block-column-is-layout-flow\" style=\"flex-basis:10%\"><\/div>\n<\/div>\n","protected":false},"excerpt":{"rendered":"<p>Alles wissen Die Vorteile der Flavonoide des Matcha-Gr\u00fcntees gegen den kognitiven Verfall Matcha ist nicht nur eine k\u00f6stliche Zutat im Rahmen einer gesunden und ausgewogenen Ern\u00e4hrung, sondern enth\u00e4lt auch enorm viele Antioxidantien. Der hohe Anteil an Flavonoiden im Matcha-Gr\u00fcnteepulver macht Matcha n\u00e4mlich zu einem der f\u00fchrenden Superfoods. So tr\u00e4gt Matcha dank dieser wichtigen Quelle von [&hellip;]<\/p>\n","protected":false},"author":2,"featured_media":0,"parent":0,"menu_order":0,"comment_status":"closed","ping_status":"closed","template":"","meta":{"_acf_changed":false,"footnotes":""},"class_list":["post-1180","page","type-page","status-publish","hentry"],"acf":[],"_links":{"self":[{"href":"https:\/\/kumikomatchabyidh.ch\/de\/wp-json\/wp\/v2\/pages\/1180","targetHints":{"allow":["GET"]}}],"collection":[{"href":"https:\/\/kumikomatchabyidh.ch\/de\/wp-json\/wp\/v2\/pages"}],"about":[{"href":"https:\/\/kumikomatchabyidh.ch\/de\/wp-json\/wp\/v2\/types\/page"}],"author":[{"embeddable":true,"href":"https:\/\/kumikomatchabyidh.ch\/de\/wp-json\/wp\/v2\/users\/2"}],"replies":[{"embeddable":true,"href":"https:\/\/kumikomatchabyidh.ch\/de\/wp-json\/wp\/v2\/comments?post=1180"}],"version-history":[{"count":2,"href":"https:\/\/kumikomatchabyidh.ch\/de\/wp-json\/wp\/v2\/pages\/1180\/revisions"}],"predecessor-version":[{"id":1299,"href":"https:\/\/kumikomatchabyidh.ch\/de\/wp-json\/wp\/v2\/pages\/1180\/revisions\/1299"}],"wp:attachment":[{"href":"https:\/\/kumikomatchabyidh.ch\/de\/wp-json\/wp\/v2\/media?parent=1180"}],"curies":[{"name":"wp","href":"https:\/\/api.w.org\/{rel}","templated":true}]}}