{"id":1183,"date":"2023-08-28T19:28:31","date_gmt":"2023-08-28T17:28:31","guid":{"rendered":"https:\/\/kumikomatchabyidh.ch\/production\/"},"modified":"2023-10-22T18:08:57","modified_gmt":"2023-10-22T16:08:57","slug":"production","status":"publish","type":"page","link":"https:\/\/kumikomatchabyidh.ch\/de\/production\/","title":{"rendered":"Herstellung"},"content":{"rendered":"\n<p><a href=\"https:\/\/kumikomatchabyidh.ch\/de\/alles-wissen\/\" data-type=\"page\" data-id=\"1192\">Alles wissen<\/a><\/p>\n\n\n\n<div class=\"wp-block-columns is-layout-flex wp-container-core-columns-is-layout-9d6595d7 wp-block-columns-is-layout-flex\">\n<div class=\"wp-block-column is-layout-flow wp-block-column-is-layout-flow\" style=\"flex-basis:10%\"><\/div>\n\n\n\n<div class=\"wp-block-column is-layout-flow wp-block-column-is-layout-flow\" style=\"flex-basis:80%\">\n<h1 class=\"wp-block-heading\">Der Produktionsprozess vom Blatt bis zur Sch\u00fcssel<\/h1>\n\n\n\n<div style=\"height:25px\" aria-hidden=\"true\" class=\"wp-block-spacer\"><\/div>\n\n\n<div class=\"wp-block-image\">\n<figure class=\"aligncenter size-large\"><img loading=\"lazy\" decoding=\"async\" width=\"1024\" height=\"752\" src=\"https:\/\/kumikomatchabyidh.ch\/wp-content\/uploads\/2023\/08\/production1-1024x752.jpeg\" alt=\"\" class=\"wp-image-1037\" srcset=\"https:\/\/kumikomatchabyidh.ch\/wp-content\/uploads\/2023\/08\/production1-1024x752.jpeg 1024w, https:\/\/kumikomatchabyidh.ch\/wp-content\/uploads\/2023\/08\/production1-300x220.jpeg 300w, https:\/\/kumikomatchabyidh.ch\/wp-content\/uploads\/2023\/08\/production1-768x564.jpeg 768w, https:\/\/kumikomatchabyidh.ch\/wp-content\/uploads\/2023\/08\/production1-800x588.jpeg 800w, https:\/\/kumikomatchabyidh.ch\/wp-content\/uploads\/2023\/08\/production1.jpeg 1280w\" sizes=\"auto, (max-width: 1024px) 100vw, 1024px\" \/><\/figure>\n<\/div>\n\n\n<div style=\"height:25px\" aria-hidden=\"true\" class=\"wp-block-spacer\"><\/div>\n\n\n\n<p>Auf meinen j\u00e4hrlichen Reisen nach Japan zu Bio-Teeproduzenten hatte ich die Gelegenheit, Dutzende von Teeg\u00e4rten und Produktionsst\u00e4tten auf dem gesamten Archipel zu besuchen.<\/p>\n\n\n\n<p>Wenn man sich f\u00fcr Matcha-Tee in Premium-Qualit\u00e4t interessiert, stellt man fest, dass sein Produktionsprozess fast immer gleich ist und dennoch faszinierend bleibt.<\/p>\n\n\n\n<p>In Wahrheit hat er sich seit der Entstehung des Matcha-Tees trotz der Industrialisierung und der Modernisierung der Landwirtschaft nicht wirklich ver\u00e4ndert.<\/p>\n\n\n\n<p>In diesem Artikel werde ich dir ausf\u00fchrlich alle Schritte erkl\u00e4ren, die notwendig sind, um einen Matcha-Tee in Premium-Qualit\u00e4t herzustellen, vom Blatt bis zur Schale.<\/p>\n\n\n\n<h2 class=\"wp-block-heading\">Die Teestr\u00e4ucher werden etwa Mitte April f\u00fcr 2 bis 3 Wochen abgedeckt.<\/h2>\n\n\n\n<div style=\"height:25px\" aria-hidden=\"true\" class=\"wp-block-spacer\"><\/div>\n\n\n<div class=\"wp-block-image\">\n<figure class=\"aligncenter size-large\"><img loading=\"lazy\" decoding=\"async\" width=\"1024\" height=\"768\" src=\"https:\/\/kumikomatchabyidh.ch\/wp-content\/uploads\/2023\/08\/production2-1024x768.jpeg\" alt=\"\" class=\"wp-image-1041\" srcset=\"https:\/\/kumikomatchabyidh.ch\/wp-content\/uploads\/2023\/08\/production2-1024x768.jpeg 1024w, https:\/\/kumikomatchabyidh.ch\/wp-content\/uploads\/2023\/08\/production2-300x225.jpeg 300w, https:\/\/kumikomatchabyidh.ch\/wp-content\/uploads\/2023\/08\/production2-768x576.jpeg 768w, https:\/\/kumikomatchabyidh.ch\/wp-content\/uploads\/2023\/08\/production2-800x600.jpeg 800w, https:\/\/kumikomatchabyidh.ch\/wp-content\/uploads\/2023\/08\/production2.jpeg 1280w\" sizes=\"auto, (max-width: 1024px) 100vw, 1024px\" \/><\/figure>\n<\/div>\n\n\n<div style=\"height:25px\" aria-hidden=\"true\" class=\"wp-block-spacer\"><\/div>\n\n\n\n<p>Die Teestr\u00e4ucher werden abgedeckt, um ihre Sonneneinstrahlung allm\u00e4hlich zu verringern und die Photosynthese zu verhindern.<\/p>\n\n\n\n<p>Die neuen Bl\u00e4tter werden breiter und d\u00fcnner, um das Licht besser einzufangen, sie sind sehr zart und haben eine leuchtend gr\u00fcne Farbe.<\/p>\n\n\n\n<h2 class=\"wp-block-heading\">Die Ernte erfolgt in der Regel Anfang Mai<\/h2>\n\n\n\n<p>F\u00fcr hochwertigen Tee werden nur die ersten beiden Bl\u00e4tter jedes St\u00e4ngels geerntet. Daher ist es notwendig, ihn von Hand zu pfl\u00fccken, da man die \u00e4lteren Bl\u00e4tter, die der Sonne st\u00e4rker ausgesetzt waren, von den jungen Bl\u00e4ttern trennen muss.<\/p>\n\n\n\n<p>Heutzutage kann man mit einigen Erntemaschinen ein \u00e4hnliches Ergebnis wie bei der Handpfl\u00fcckung erzielen, aber die Teeernte f\u00fcr Matcha wird haupts\u00e4chlich ohne die Hilfe von Maschinen durchgef\u00fchrt.<\/p>\n\n\n\n<p>In diesem Video sehen wir Schulkinder, die bei der Teeernte mithelfen. Du kannst sehen, dass sie ihre Sportuniformen tragen. Normalerweise sind es vor allem \u00e4ltere Damen, die mit dem Pfl\u00fccken besch\u00e4ftigt sind.<\/p>\n\n\n\n<div style=\"height:0px\" aria-hidden=\"true\" class=\"wp-block-spacer\"><\/div>\n\n\n\n<figure class=\"wp-block-embed aligncenter is-type-video is-provider-youtube wp-block-embed-youtube wp-embed-aspect-16-9 wp-has-aspect-ratio\"><div class=\"wp-block-embed__wrapper\">\n<iframe loading=\"lazy\" title=\"La r\u00e9colte \u00e0 la main par les \u00e9coliers de la r\u00e9gion\" width=\"640\" height=\"360\" src=\"https:\/\/www.youtube.com\/embed\/kCZwvMHzcjs?feature=oembed\" frameborder=\"0\" allow=\"accelerometer; autoplay; clipboard-write; encrypted-media; gyroscope; picture-in-picture; web-share\" referrerpolicy=\"strict-origin-when-cross-origin\" allowfullscreen><\/iframe>\n<\/div><\/figure>\n\n\n\n<div style=\"height:20px\" aria-hidden=\"true\" class=\"wp-block-spacer\"><\/div>\n\n\n\n<p>Im folgenden Video kannst du sehen, wie ein M\u00e4hdrescher funktioniert. Die Mechanisierung schreitet in Japan voran, da die Arbeitskosten gestiegen sind und tragbare M\u00e4hdrescher 60 % effizienter sind als die Ernte von Hand.<\/p>\n\n\n\n<div style=\"height:20px\" aria-hidden=\"true\" class=\"wp-block-spacer\"><\/div>\n\n\n\n<figure class=\"wp-block-embed aligncenter is-type-video is-provider-youtube wp-block-embed-youtube wp-embed-aspect-16-9 wp-has-aspect-ratio\"><div class=\"wp-block-embed__wrapper\">\n<iframe loading=\"lazy\" title=\"R\u00e9colte de th\u00e9 bio \u00e0 Miyazaki en 2017 - Kumiko Matcha\" width=\"640\" height=\"360\" src=\"https:\/\/www.youtube.com\/embed\/PIz9CEo6pNM?feature=oembed\" frameborder=\"0\" allow=\"accelerometer; autoplay; clipboard-write; encrypted-media; gyroscope; picture-in-picture; web-share\" referrerpolicy=\"strict-origin-when-cross-origin\" allowfullscreen><\/iframe>\n<\/div><\/figure>\n\n\n\n<div style=\"height:20px\" aria-hidden=\"true\" class=\"wp-block-spacer\"><\/div>\n\n\n\n<p>Traditionell wird nur eine Ernte pro Jahr im Fr\u00fchjahr eingefahren und die Teestr\u00e4ucher werden rasiert, um sie f\u00fcr die Ernte im n\u00e4chsten Jahr vorzubereiten. Es kommt jedoch vor, dass einige Produzenten zwei oder drei Ernten pro Jahr durchf\u00fchren.<\/p>\n\n\n\n<h2 class=\"wp-block-heading\">Die Teebl\u00e4tter werden zu Tencha verarbeitet &#8211; \u78be\u8336<\/h2>\n\n\n\n<p>Tencha ist das Rohmaterial f\u00fcr die Herstellung von Matcha-Tee. Wenn er zerkleinert wird, wird er zu dem, was wir Matcha nennen.<\/p>\n\n\n\n<div style=\"height:20px\" aria-hidden=\"true\" class=\"wp-block-spacer\"><\/div>\n\n\n\n<figure class=\"wp-block-embed aligncenter is-type-video is-provider-youtube wp-block-embed-youtube wp-embed-aspect-16-9 wp-has-aspect-ratio\"><div class=\"wp-block-embed__wrapper\">\n<iframe loading=\"lazy\" title=\"Le th\u00e9 matcha &quot;C\u2019est pas sorcier&quot; : Valentin en mode Fred et Jamy dans l&#039;usine de Nishi-san\" width=\"640\" height=\"360\" src=\"https:\/\/www.youtube.com\/embed\/PFZppRPAO6o?feature=oembed\" frameborder=\"0\" allow=\"accelerometer; autoplay; clipboard-write; encrypted-media; gyroscope; picture-in-picture; web-share\" referrerpolicy=\"strict-origin-when-cross-origin\" allowfullscreen><\/iframe>\n<\/div><\/figure>\n\n\n\n<div style=\"height:20px\" aria-hidden=\"true\" class=\"wp-block-spacer\"><\/div>\n\n\n\n<p>Auch wenn Maschinen eingesetzt werden und der Tee auf F\u00f6rderb\u00e4ndern zirkuliert, haben sich die Verarbeitungstechniken seit Hunderten von Jahren nicht ver\u00e4ndert.<\/p>\n\n\n\n<ul class=\"wp-block-list\">\n<li><strong>Bel\u00fcftung<\/strong> (\u9001\u98a8) und <strong>Befeuchtung<\/strong> (\u52a0\u6e7f): Wenn man die Bl\u00e4tter zu lange frisch l\u00e4sst, fangen sie an zu g\u00e4ren. Man leitet feuchte Luft \u00fcber die Bl\u00e4tter, damit sie ihre Qualit\u00e4t und Frische behalten.<\/li>\n\n\n\n<li><strong>D\u00e4mpfen<\/strong> (\u84b8\u71b1): Man d\u00e4mpft die Bl\u00e4tter etwa 20 Sekunden lang, um die Oxidation zu stoppen und ihnen die gew\u00fcnschte Farbe und den gew\u00fcnschten Duft zu verleihen.<\/li>\n\n\n\n<li><strong>Sch\u00fctteln<\/strong> (\u652a\u62cc) und K\u00fchlen (\u51b7\u5374): Man k\u00fchlt die Bl\u00e4tter sofort ab, um zu verhindern, dass sich ihre Farbe und ihr Aroma verschlechtern. Man legt sie in eine Art Schmetterlingsk\u00e4fig, der 5-7 m lang ist und durch den kalte Luft weht. Die Bl\u00e4tter werden voneinander getrennt.<\/li>\n\n\n\n<li><strong>Grobtrocknung<\/strong> (\u8352\u4e7e\u71e5) und Haupttrocknung (\u672c\u4e7e\u71e5): Die Bl\u00e4tter laufen auf einem Laufband in einem Ofen mit mehreren Etagen und unterschiedlichen Temperaturen, der Prozess dauert etwa eine halbe Stunde.<\/li>\n\n\n\n<li><strong>Trennung von Blatt und Stiel <\/strong>(\u3064\u308a\u5207\u308a): Die Bl\u00e4tter sind fast vollst\u00e4ndig getrocknet, aber im Bereich des Stiels ist noch Feuchtigkeit vorhanden. Man trennt den Stiel und die Blattrippen vom Rest des Blattes.<\/li>\n\n\n\n<li><strong>Zweite Trocknung <\/strong>(\u518d\u4e7e\u71e5): Die St\u00e4ngel und Rippen werden erneut in den Ofen gesteckt, um sie vollst\u00e4ndig zu trocknen, dann werden sie ein letztes Mal mit Luft abgetrennt.<\/li>\n\n\n\n<li><strong>Verpackung<\/strong> (\u68b1\u5305): Die Bl\u00e4tter werden in ca. 15 kg schwere S\u00e4cke aus festem Papier verpackt.<\/li>\n<\/ul>\n\n\n\n<div style=\"height:20px\" aria-hidden=\"true\" class=\"wp-block-spacer\"><\/div>\n\n\n<div class=\"wp-block-image\">\n<figure class=\"aligncenter size-large\"><img loading=\"lazy\" decoding=\"async\" width=\"1024\" height=\"768\" src=\"https:\/\/kumikomatchabyidh.ch\/wp-content\/uploads\/2023\/08\/production3-1024x768.jpeg\" alt=\"\" class=\"wp-image-1045\" srcset=\"https:\/\/kumikomatchabyidh.ch\/wp-content\/uploads\/2023\/08\/production3-1024x768.jpeg 1024w, https:\/\/kumikomatchabyidh.ch\/wp-content\/uploads\/2023\/08\/production3-300x225.jpeg 300w, https:\/\/kumikomatchabyidh.ch\/wp-content\/uploads\/2023\/08\/production3-768x576.jpeg 768w, https:\/\/kumikomatchabyidh.ch\/wp-content\/uploads\/2023\/08\/production3-800x600.jpeg 800w, https:\/\/kumikomatchabyidh.ch\/wp-content\/uploads\/2023\/08\/production3.jpeg 1280w\" sizes=\"auto, (max-width: 1024px) 100vw, 1024px\" \/><figcaption class=\"wp-element-caption\"><em>Erster Ziegelofen Japans, der vor 91 Jahren in Uji erfunden wurde.<\/em><\/figcaption><\/figure>\n<\/div>\n\n\n<div style=\"height:20px\" aria-hidden=\"true\" class=\"wp-block-spacer\"><\/div>\n\n\n\n<h2 class=\"wp-block-heading\">Tencha wird an H\u00e4ndler verkauft, die ihren eigenen Matcha-Tee durch Zusammenstellen kreieren<\/h2>\n\n\n\n<p>Meistens sind es die Matcha-H\u00e4ndler, die mehrere Tenchas ausw\u00e4hlen und zu einem Blend zusammenstellen. Sie versuchen, eine gleichbleibende Qualit\u00e4t und einen gleichbleibenden Geschmack f\u00fcr jede Ernte zu reproduzieren.<\/p>\n\n\n\n<p>Das Zusammenstellen wird von einem Teemeister oder Chashi (\u8336\u5e2b) durchgef\u00fchrt.<\/p>\n\n\n\n<div style=\"height:20px\" aria-hidden=\"true\" class=\"wp-block-spacer\"><\/div>\n\n\n<div class=\"wp-block-image\">\n<figure class=\"aligncenter size-large\"><img loading=\"lazy\" decoding=\"async\" width=\"1024\" height=\"782\" src=\"https:\/\/kumikomatchabyidh.ch\/wp-content\/uploads\/2023\/08\/production8-1024x782.jpeg\" alt=\"\" class=\"wp-image-1049\" srcset=\"https:\/\/kumikomatchabyidh.ch\/wp-content\/uploads\/2023\/08\/production8-1024x782.jpeg 1024w, https:\/\/kumikomatchabyidh.ch\/wp-content\/uploads\/2023\/08\/production8-300x229.jpeg 300w, https:\/\/kumikomatchabyidh.ch\/wp-content\/uploads\/2023\/08\/production8-768x586.jpeg 768w, https:\/\/kumikomatchabyidh.ch\/wp-content\/uploads\/2023\/08\/production8-1536x1173.jpeg 1536w, https:\/\/kumikomatchabyidh.ch\/wp-content\/uploads\/2023\/08\/production8-800x611.jpeg 800w, https:\/\/kumikomatchabyidh.ch\/wp-content\/uploads\/2023\/08\/production8.jpeg 1992w\" sizes=\"auto, (max-width: 1024px) 100vw, 1024px\" \/><figcaption class=\"wp-element-caption\">Teebauern verwenden immer einen schwarzen Tisch und schwarze Sch\u00fcsseln, um den Tee leichter vergleichen zu k\u00f6nnen.<\/figcaption><\/figure>\n<\/div>\n\n\n<div style=\"height:20px\" aria-hidden=\"true\" class=\"wp-block-spacer\"><\/div>\n\n\n\n<p>Im Wesentlichen ist es eine Kombination aus drei Arten von Tencha. So w\u00e4hlt man sie aus.<\/p>\n\n\n\n<p>F\u00fcr den ersten w\u00e4hlt man einen Tee, der schmackhaft ist, dem aber nach dem Zermahlen die Farbe fehlt.<\/p>\n\n\n\n<p>F\u00fcr den zweiten w\u00e4hlt man einen Tee mit vibrierender Farbe, aber nicht idealem Geschmack und Aroma.<\/p>\n\n\n\n<p>Und f\u00fcr den dritten w\u00e4hlt man einen Tee, dessen Aroma hervorragend ist, dem es aber an Geschmack mangelt und der nicht die sch\u00f6nste Farbe hat.<\/p>\n\n\n\n<p>Wenn man die Qualit\u00e4ten dieser drei Tees kombiniert, erh\u00e4lt man eine Mischung, die die drei wesentlichen Merkmale eines Premium-Matcha-Tees besitzt: Aroma, Geschmack und Farbe.<\/p>\n\n\n\n<p>Man kann sogar so weit gehen, 4, 5 oder sogar 6 verschiedene Tenchas zu kombinieren, je nach dem gew\u00fcnschten Ergebnis.<\/p>\n\n\n\n<div style=\"height:20px\" aria-hidden=\"true\" class=\"wp-block-spacer\"><\/div>\n\n\n<div class=\"wp-block-image\">\n<figure class=\"aligncenter size-large\"><img loading=\"lazy\" decoding=\"async\" width=\"1024\" height=\"682\" src=\"https:\/\/kumikomatchabyidh.ch\/wp-content\/uploads\/2023\/08\/production4-1024x682.jpeg\" alt=\"\" class=\"wp-image-1053\" srcset=\"https:\/\/kumikomatchabyidh.ch\/wp-content\/uploads\/2023\/08\/production4-1024x682.jpeg 1024w, https:\/\/kumikomatchabyidh.ch\/wp-content\/uploads\/2023\/08\/production4-300x200.jpeg 300w, https:\/\/kumikomatchabyidh.ch\/wp-content\/uploads\/2023\/08\/production4-768x512.jpeg 768w, https:\/\/kumikomatchabyidh.ch\/wp-content\/uploads\/2023\/08\/production4-1536x1024.jpeg 1536w, https:\/\/kumikomatchabyidh.ch\/wp-content\/uploads\/2023\/08\/production4-800x533.jpeg 800w, https:\/\/kumikomatchabyidh.ch\/wp-content\/uploads\/2023\/08\/production4.jpeg 2000w\" sizes=\"auto, (max-width: 1024px) 100vw, 1024px\" \/><figcaption class=\"wp-element-caption\"><em>Ces caisses en bois servent \u00e0 entreposer le tencha. On les appelle chabako (\u8336\u7bb1)<\/em><\/figcaption><\/figure>\n<\/div>\n\n\n<div style=\"height:20px\" aria-hidden=\"true\" class=\"wp-block-spacer\"><\/div>\n\n\n\n<p>Danach wird der Tencha gek\u00fchlt, bis er bereit ist, gemahlen zu werden. Wenn der Matcha gemahlen wurde, oxidiert er schneller, da die Teepartikel nicht mehr in Kontakt mit der Luft sind. Wenn man den Tencha hingegen aufbewahrt, kann er mit zunehmendem Alter besser werden, w\u00e4hrend er seine Frische beh\u00e4lt &#8211; wie ein guter Wein.<\/p>\n\n\n\n<p>Tokuya-san zum Beispiel bietet uns seinen nat\u00fcrlichen Matcha an, den er vor zwei Jahren geerntet hat. Wenn man ihn reifen l\u00e4sst, hat der Tee einen komplexeren, runderen Geschmack. Seine Aromen haben sich entwickelt.<\/p>\n\n\n\n<h2 class=\"wp-block-heading\">Tencha wird kurz vor dem Verzehr zu Matcha gemahlen, um seine Frische zu erhalten.<\/h2>\n\n\n\n<p>Tencha wird mit einer Granitm\u00fchle (\u8336\u81fc) zu Pulver gemahlen, bevor es zum Verkauf angeboten wird.<\/p>\n\n\n\n<div style=\"height:20px\" aria-hidden=\"true\" class=\"wp-block-spacer\"><\/div>\n\n\n<div class=\"wp-block-image\">\n<figure class=\"aligncenter size-full\"><img loading=\"lazy\" decoding=\"async\" width=\"600\" height=\"600\" src=\"https:\/\/kumikomatchabyidh.ch\/wp-content\/uploads\/2023\/08\/production5.jpeg\" alt=\"\" class=\"wp-image-1057\" srcset=\"https:\/\/kumikomatchabyidh.ch\/wp-content\/uploads\/2023\/08\/production5.jpeg 600w, https:\/\/kumikomatchabyidh.ch\/wp-content\/uploads\/2023\/08\/production5-300x300.jpeg 300w, https:\/\/kumikomatchabyidh.ch\/wp-content\/uploads\/2023\/08\/production5-150x150.jpeg 150w, https:\/\/kumikomatchabyidh.ch\/wp-content\/uploads\/2023\/08\/production5-400x400.jpeg 400w, https:\/\/kumikomatchabyidh.ch\/wp-content\/uploads\/2023\/08\/production5-100x100.jpeg 100w\" sizes=\"auto, (max-width: 600px) 100vw, 600px\" \/><figcaption class=\"wp-element-caption\"><em>Man stellt den Tencha zwischen zwei Granitsteine und dreht den oberen Stein. Der Tee breitet sich nach au\u00dfen aus und wird zu Matcha.<\/em><br><br><\/figcaption><\/figure>\n<\/div>\n\n\n<div style=\"height:20px\" aria-hidden=\"true\" class=\"wp-block-spacer\"><\/div>\n\n\n\n<p>Heute ist der Prozess mechanisiert, aber der Einsatz von Maschinen hat die Produktion nicht beschleunigt: Im Inneren der M\u00fchlen kann die Temperatur auf bis zu 50\u00baC steigen. Wenn die Temperatur zu hoch ist, zerf\u00e4llt der Matcha. Daher liegt die maximale Geschwindigkeit, mit der Matcha gemahlen wird, bei 30-40 g pro Stunde und M\u00fchle.<\/p>\n\n\n\n<p>Anschlie\u00dfend wird der Matcha in Dosen oder Beutel verpackt und er wird in unsere Lagerh\u00e4user in Paris geschickt.<\/p>\n\n\n\n<p>Nun muss er nur noch verkostet werden!<\/p>\n\n\n\n<div style=\"height:20px\" aria-hidden=\"true\" class=\"wp-block-spacer\"><\/div>\n\n\n<div class=\"wp-block-image\">\n<figure class=\"aligncenter size-large\"><img loading=\"lazy\" decoding=\"async\" width=\"1024\" height=\"683\" src=\"https:\/\/kumikomatchabyidh.ch\/wp-content\/uploads\/2023\/08\/production6-1024x683.jpeg\" alt=\"\" class=\"wp-image-1061\" srcset=\"https:\/\/kumikomatchabyidh.ch\/wp-content\/uploads\/2023\/08\/production6-1024x683.jpeg 1024w, https:\/\/kumikomatchabyidh.ch\/wp-content\/uploads\/2023\/08\/production6-300x200.jpeg 300w, https:\/\/kumikomatchabyidh.ch\/wp-content\/uploads\/2023\/08\/production6-768x512.jpeg 768w, https:\/\/kumikomatchabyidh.ch\/wp-content\/uploads\/2023\/08\/production6-1536x1024.jpeg 1536w, https:\/\/kumikomatchabyidh.ch\/wp-content\/uploads\/2023\/08\/production6-2048x1365.jpeg 2048w, https:\/\/kumikomatchabyidh.ch\/wp-content\/uploads\/2023\/08\/production6-800x533.jpeg 800w\" sizes=\"auto, (max-width: 1024px) 100vw, 1024px\" \/><figcaption class=\"wp-element-caption\"><em>Auch wenn industrielle M\u00fchlen Matcha von gleichbleibender Qualit\u00e4t herstellen k\u00f6nnen, ist ihre Ausbeute \u00e4hnlich wie bei &#8222;traditionellen&#8220; M\u00fchlen.<\/em><\/figcaption><\/figure>\n<\/div>\n\n\n<div style=\"height:20px\" aria-hidden=\"true\" class=\"wp-block-spacer\"><\/div>\n\n\n\n<h2 class=\"wp-block-heading\">All diese Arbeit f\u00fcr \u2026 30g Tee?<\/h2>\n\n\n\n<p>Auch wenn die Herstellung von Matcha-Tee ein einfacher Prozess ist, ist er dennoch sehr ressourcen- und zeitintensiv. Seine Industrialisierung hat es erm\u00f6glicht, die f\u00fcr seine Herstellung erforderliche Arbeitskraft zu reduzieren, jedoch k\u00f6nnen bestimmte Schritte wie das Mahlen nicht ver\u00e4ndert werden, ohne dass dies zu einer Qualit\u00e4tsminderung der Produktion f\u00fchrt.<\/p>\n\n\n\n<p>Aus diesem Grund ist Matcha-Tee in Premium-Qualit\u00e4t immer noch und wird immer als ein luxuri\u00f6ses und wertvolles Produkt angesehen werden, sowohl in Japan als auch im Westen.<\/p>\n\n\n\n<p>Das ist auch der Grund, warum ich mich bem\u00fche, Matcha von einwandfreier Qualit\u00e4t anzubieten, und warum ich weiterhin jedes Jahr die Teeg\u00e4rten und Fabriken unserer Partnerbauern besuche.<\/p>\n<\/div>\n\n\n\n<div class=\"wp-block-column is-layout-flow wp-block-column-is-layout-flow\" style=\"flex-basis:10%\"><\/div>\n<\/div>\n","protected":false},"excerpt":{"rendered":"<p>Alles wissen Der Produktionsprozess vom Blatt bis zur Sch\u00fcssel Auf meinen j\u00e4hrlichen Reisen nach Japan zu Bio-Teeproduzenten hatte ich die Gelegenheit, Dutzende von Teeg\u00e4rten und Produktionsst\u00e4tten auf dem gesamten Archipel zu besuchen. Wenn man sich f\u00fcr Matcha-Tee in Premium-Qualit\u00e4t interessiert, stellt man fest, dass sein Produktionsprozess fast immer gleich ist und dennoch faszinierend bleibt. In [&hellip;]<\/p>\n","protected":false},"author":2,"featured_media":0,"parent":0,"menu_order":0,"comment_status":"closed","ping_status":"closed","template":"","meta":{"_acf_changed":false,"footnotes":""},"class_list":["post-1183","page","type-page","status-publish","hentry"],"acf":[],"_links":{"self":[{"href":"https:\/\/kumikomatchabyidh.ch\/de\/wp-json\/wp\/v2\/pages\/1183","targetHints":{"allow":["GET"]}}],"collection":[{"href":"https:\/\/kumikomatchabyidh.ch\/de\/wp-json\/wp\/v2\/pages"}],"about":[{"href":"https:\/\/kumikomatchabyidh.ch\/de\/wp-json\/wp\/v2\/types\/page"}],"author":[{"embeddable":true,"href":"https:\/\/kumikomatchabyidh.ch\/de\/wp-json\/wp\/v2\/users\/2"}],"replies":[{"embeddable":true,"href":"https:\/\/kumikomatchabyidh.ch\/de\/wp-json\/wp\/v2\/comments?post=1183"}],"version-history":[{"count":2,"href":"https:\/\/kumikomatchabyidh.ch\/de\/wp-json\/wp\/v2\/pages\/1183\/revisions"}],"predecessor-version":[{"id":1302,"href":"https:\/\/kumikomatchabyidh.ch\/de\/wp-json\/wp\/v2\/pages\/1183\/revisions\/1302"}],"wp:attachment":[{"href":"https:\/\/kumikomatchabyidh.ch\/de\/wp-json\/wp\/v2\/media?parent=1183"}],"curies":[{"name":"wp","href":"https:\/\/api.w.org\/{rel}","templated":true}]}}