{"id":1186,"date":"2023-08-28T19:37:27","date_gmt":"2023-08-28T17:37:27","guid":{"rendered":"https:\/\/kumikomatchabyidh.ch\/quest-ce-que-le-the-matcha\/"},"modified":"2023-10-22T18:18:33","modified_gmt":"2023-10-22T16:18:33","slug":"quest-ce-que-le-the-matcha","status":"publish","type":"page","link":"https:\/\/kumikomatchabyidh.ch\/de\/quest-ce-que-le-the-matcha\/","title":{"rendered":"Was ist Matcha-Tee?"},"content":{"rendered":"\n<p><a href=\"https:\/\/kumikomatchabyidh.ch\/de\/alles-wissen\/\" data-type=\"page\" data-id=\"1192\">Alles wissen<\/a><\/p>\n\n\n\n<div class=\"wp-block-columns is-layout-flex wp-container-core-columns-is-layout-9d6595d7 wp-block-columns-is-layout-flex\">\n<div class=\"wp-block-column is-layout-flow wp-block-column-is-layout-flow\" style=\"flex-basis:10%\"><\/div>\n\n\n\n<div class=\"wp-block-column is-layout-flow wp-block-column-is-layout-flow\" style=\"flex-basis:80%\">\n<h2 class=\"wp-block-heading\">Was ist Matcha-Tee?<br>Was sind seine Vorteile?<br>Warum sollte man ihn trinken?<\/h2>\n\n\n\n<p>Matcha-Gr\u00fcntee ist eine ganz besondere Art von Gr\u00fcntee, die aus Japan stammt. Die japanischen Schriftzeichen, die f\u00fcr Matcha verwendet werden, sind : \u62b9\u8336<\/p>\n\n\n\n<p>Dies bedeutet w\u00f6rtlich \u00fcbersetzt &#8222;gemahlener Tee&#8220;.<\/p>\n\n\n\n<p>Sind Sie auf der Suche nach innerem Frieden und Gelassenheit? Vielleicht sind Sie ein\/e Fan von gr\u00fcnem Tee? Dass Sie gerne neue Geschmacksrichtungen und gute Bio-Produkte entdecken?<\/p>\n\n\n\n<p>Vielleicht interessieren Sie sich f\u00fcr Zen und die Teezeremonie? Oder sogar an der Langlebigkeit der Hundertj\u00e4hrigen auf Okinawa? Oder einfach nur neugierig \ud83d\ude42<\/p>\n\n\n\n<p>Sch\u00f6n, dass Sie hier sind! Ich bin Val von Kumiko Matcha und hei\u00dfe Sie herzlich willkommen in der Welt des Premium- und Bio-Matcha-Tees aus Japan \ud83c\uddef\ud83c\uddf5 Ich habe Kumiko Matcha 2013 gegr\u00fcndet, um echten, authentischen und k\u00f6stlichen Bio-Matcha (wieder) zu entdecken und zu einem bewussteren, ges\u00fcnderen und ethischeren Lebensstil beizutragen.<\/p>\n\n\n\n<p>Ich habe eine ganz besondere Beziehung zur verrinnenden Zeit, denn als ich 17 Jahre alt war, hatte ich einen Herzinfarkt. Und einen zweiten mit 19 Jahren. Mehrere Jahre lang habe ich so gelebt, als w\u00e4re jeder Tag mein letzter und ich habe viel aus diesem Geschenk des Lebens gelernt. Meine wichtigste Lehre aus dieser Erfahrung (und meine Botschaft an Sie) ist, dass ich jeden Tag so leben sollte, als w\u00e4re es mein letzter und als w\u00fcrde ich noch sehr lange leben\u2026<\/p>\n\n\n\n<p>Das ist ein Spiegel des Slogans von Kumiko Matcha: &#8222;Ewige Sch\u00f6nheit, ab sofort&#8220;. Das liegt daran, dass &#8222;Kumiko&#8220; ein japanischer Vorname ist und &#8222;ewige Sch\u00f6nheit&#8220; bedeutet. Das ist die Essenz von Kumiko. Alles, wof\u00fcr Sch\u00f6nheit stehen kann: ein magischer Moment, innere Sch\u00f6nheit, Design, K\u00f6rperlichkeit, ein morgendliches Ritual \u2026 f\u00fcr immer und im gegenw\u00e4rtigen Moment.<\/p>\n\n\n\n<div style=\"height:25px\" aria-hidden=\"true\" class=\"wp-block-spacer\"><\/div>\n\n\n<div class=\"wp-block-image\">\n<figure class=\"aligncenter size-large\"><img loading=\"lazy\" decoding=\"async\" width=\"1024\" height=\"547\" src=\"https:\/\/kumikomatchabyidh.ch\/wp-content\/uploads\/2023\/08\/quest-ce-qu1-1024x547.jpeg\" alt=\"\" class=\"wp-image-1140\" srcset=\"https:\/\/kumikomatchabyidh.ch\/wp-content\/uploads\/2023\/08\/quest-ce-qu1-1024x547.jpeg 1024w, https:\/\/kumikomatchabyidh.ch\/wp-content\/uploads\/2023\/08\/quest-ce-qu1-300x160.jpeg 300w, https:\/\/kumikomatchabyidh.ch\/wp-content\/uploads\/2023\/08\/quest-ce-qu1-768x410.jpeg 768w, https:\/\/kumikomatchabyidh.ch\/wp-content\/uploads\/2023\/08\/quest-ce-qu1-1536x821.jpeg 1536w, https:\/\/kumikomatchabyidh.ch\/wp-content\/uploads\/2023\/08\/quest-ce-qu1-800x427.jpeg 800w, https:\/\/kumikomatchabyidh.ch\/wp-content\/uploads\/2023\/08\/quest-ce-qu1.jpeg 2048w\" sizes=\"auto, (max-width: 1024px) 100vw, 1024px\" \/><\/figure>\n<\/div>\n\n\n<div style=\"height:25px\" aria-hidden=\"true\" class=\"wp-block-spacer\"><\/div>\n\n\n\n<h2 class=\"wp-block-heading\">Warum sollte man Matcha-Gr\u00fcntee trinken?<\/h2>\n\n\n\n<p>Matcha-Tee ist sowohl neu als auch das Ergebnis von \u00fcber 800 Jahren Know-how, das in Japan von Generation zu Generation weitergegeben wurde. Es ist neu und Sie wussten es sicherlich nicht, weil es versteckt war. In der Zeit der Samurai war Matcha ein Schatz, der dem japanischen Kaiser vorbehalten war. Die japanischen Zen-buddhistischen M\u00f6nche tranken Matcha-Tee f\u00fcr ihre Meditationen. Die h\u00f6chsten Klassen der japanischen Gesellschaft verwendeten ihn als Heilmittel. Und heute beginnt Matcha erst, im Westen popul\u00e4r zu werden!<\/p>\n\n\n\n<p>Einen guten Bio-Matchatee zu trinken ist vor allem ein Moment des pers\u00f6nlichen Genusses, in einer einfachen Zubereitung (deren Technik man trotzdem entdecken muss). Ein beruhigendes und luxuri\u00f6ses Ritual mit sch\u00f6nen Farben und Gegenst\u00e4nden. Es bedeutet, sich Zeit f\u00fcr sich selbst zu nehmen und Abstand zu gewinnen. Es ist ein geselliger und angenehmer Moment, der auch geteilt werden kann.<\/p>\n\n\n\n<p>Der ideale Einstieg in diese Welt ist mit einem japanischen Matcha-Tee-Set, das eine Dose Premium Bio-Matcha-Tee und die Bambusutensilien f\u00fcr die Zubereitung enth\u00e4lt.<\/p>\n\n\n\n<h2 class=\"wp-block-heading\">Was ist Matcha?<\/h2>\n\n\n\n<p>Matcha-Tee ist ein gr\u00fcner Tee, der auf einzigartige Weise von handwerklichen Teebauern in Japan angebaut und hergestellt wird. Die Bl\u00e4tter werden nicht aufgegossen, sondern zu einem sehr feinen Pulver zermahlen. Dieses Pulver wird mit hei\u00dfem Wasser in einer Matcha-Schale mit einem speziellen Utensil namens Chasen (einem Matcha-Schneebesen aus einem einzigen St\u00fcck Bambus) vermischt. Das Teeblatt wird vollst\u00e4ndig verbraucht, was eine ph\u00e4nomenale Menge an Antioxidantien mit sich bringt: 137x mehr als in einem aufgebr\u00fchten Tee!<\/p>\n\n\n\n<div style=\"height:25px\" aria-hidden=\"true\" class=\"wp-block-spacer\"><\/div>\n\n\n\n<figure class=\"wp-block-image size-large\"><img loading=\"lazy\" decoding=\"async\" width=\"1024\" height=\"683\" src=\"https:\/\/kumikomatchabyidh.ch\/wp-content\/uploads\/2023\/08\/quest-ce-que2-1024x683.jpeg\" alt=\"\" class=\"wp-image-1144\" srcset=\"https:\/\/kumikomatchabyidh.ch\/wp-content\/uploads\/2023\/08\/quest-ce-que2-1024x683.jpeg 1024w, https:\/\/kumikomatchabyidh.ch\/wp-content\/uploads\/2023\/08\/quest-ce-que2-300x200.jpeg 300w, https:\/\/kumikomatchabyidh.ch\/wp-content\/uploads\/2023\/08\/quest-ce-que2-768x512.jpeg 768w, https:\/\/kumikomatchabyidh.ch\/wp-content\/uploads\/2023\/08\/quest-ce-que2-1536x1024.jpeg 1536w, https:\/\/kumikomatchabyidh.ch\/wp-content\/uploads\/2023\/08\/quest-ce-que2-800x533.jpeg 800w, https:\/\/kumikomatchabyidh.ch\/wp-content\/uploads\/2023\/08\/quest-ce-que2.jpeg 2048w\" sizes=\"auto, (max-width: 1024px) 100vw, 1024px\" \/><\/figure>\n\n\n\n<div style=\"height:0px\" aria-hidden=\"true\" class=\"wp-block-spacer\"><\/div>\n\n\n\n<h2 class=\"wp-block-heading\">Was sind die Vorteile von Matcha-Tee?<\/h2>\n\n\n\n<p><strong>Matcha-Tee bietet viele gesundheitliche Vorteile.<\/strong><\/p>\n\n\n\n<p><strong>Ab einer Tasse pro Tag (entspricht 1g Tee) ist Matcha :<\/strong><\/p>\n\n\n\n<ul class=\"wp-block-list\">\n<li>F\u00f6rdert die Konzentration und hebt die Stimmung durch die kombinierte Wirkung von Tein und L-Theanin (eine im Tee enthaltene Aminos\u00e4ure).<\/li>\n\n\n\n<li>Tr\u00e4gt zur Verringerung der geistigen Erm\u00fcdung und zur Erh\u00f6hung der Wachsamkeit bei.<\/li>\n\n\n\n<li>Verbessert und unterst\u00fctzt die kognitive Funktion aufgrund seines Reichtums an Flavonoiden und der Chinas\u00e4ure des gr\u00fcnen Tees.<\/li>\n\n\n\n<li>Wirkt antioxidativ: Die in Matcha enthaltenen Polyphenole erm\u00f6glichen es, Haut, Gewebe und Zellen vor freien Radikalen zu sch\u00fctzen (induziert durch UV-Strahlung, Strahlung, Tabak, Luftverschmutzung\u2026).<\/li>\n\n\n\n<li>Hilft, die Z\u00e4hne zu sch\u00fctzen und Zahnbelag zu reduzieren.<\/li>\n\n\n\n<li>Hilft bei der Aufrechterhaltung eines normalen Blutzuckerspiegels im Rahmen einer gesunden Lebensweise.<\/li>\n\n\n\n<li>Hilft bei der Erhaltung einer gesunden Darmflora und verbessert die f\u00fcr unseren K\u00f6rper n\u00fctzliche Bakterienflora.<\/li>\n\n\n\n<li>Hilft bei einer besseren Erhaltung der Herzgesundheit<\/li>\n\n\n\n<li>Spendet Feuchtigkeit und hilft, K\u00f6rper und Geist zu erfrischen.<\/li>\n<\/ul>\n\n\n\n<p><strong>Ab drei Tassen pro Tag (entspricht 3 bis 4 g Tee) ist Matcha :<\/strong><\/p>\n\n\n\n<ul class=\"wp-block-list\">\n<li>Kann als Teil einer gesunden Ern\u00e4hrung in Kombination mit k\u00f6rperlicher Bet\u00e4tigung bei der Gewichtskontrolle helfen.<\/li>\n\n\n\n<li>Hilft, den Stoffwechsel durch das im Tee enthaltene EGCG, eine starke antioxidative Verbindung, zu beschleunigen.<\/li>\n\n\n\n<li>Stimuliert den Abbau von Lipiden und die Fettoxidation<\/li>\n\n\n\n<li>Hilft, die Blutfette und den Cholesterinspiegel auf einem gesunden Niveau zu halten.<\/li>\n<\/ul>\n\n\n\n<p>Der Umami-Geschmack von echtem Premium- und Bio-Matcha ist ebenfalls k\u00f6stlich\u00a0\ud83d\ude0b<\/p>\n\n\n\n<h2 class=\"wp-block-heading\">Welchen Geschmack hat Matcha-Tee?<\/h2>\n\n\n\n<p>Matcha unterscheidet sich im Vergleich zu anderen Teesorten in Geschmack und Aussehen. Matcha sieht aus wie Kakaopulver mit einer elektrisch gr\u00fcnen Farbe und hat einen einzigartigen Geschmack, der an eine Mischung aus jungen gr\u00fcnen Gem\u00fcsesprossen erinnert, die von einem Sternekoch zubereitet wurden: eine Kombination aus Mikroschoten, reinem Chlorophyll, jungem Bambus und Rohzucker, die in einer kleinen traditionellen Schale serviert wird.<\/p>\n\n\n\n<div style=\"height:20px\" aria-hidden=\"true\" class=\"wp-block-spacer\"><\/div>\n\n\n\n<figure class=\"wp-block-embed aligncenter is-type-video is-provider-youtube wp-block-embed-youtube wp-embed-aspect-16-9 wp-has-aspect-ratio\"><div class=\"wp-block-embed__wrapper\">\n<iframe loading=\"lazy\" title=\"faux matcha vs matcha authentique - quelle est la diff\u00e9rence ?\" width=\"640\" height=\"360\" src=\"https:\/\/www.youtube.com\/embed\/PJlbcS7oh7c?feature=oembed\" frameborder=\"0\" allow=\"accelerometer; autoplay; clipboard-write; encrypted-media; gyroscope; picture-in-picture; web-share\" referrerpolicy=\"strict-origin-when-cross-origin\" allowfullscreen><\/iframe>\n<\/div><\/figure>\n\n\n\n<div style=\"height:20px\" aria-hidden=\"true\" class=\"wp-block-spacer\"><\/div>\n\n\n\n<p>Wenn ich von meinen Reisen nach Asien zur\u00fcckkam, fand ich nur &#8222;falschen Matcha&#8220;, der gelb gef\u00e4rbt war und einen bitteren, staubigen Geschmack hatte, \u00e4hnlich dem, was man in den Superm\u00e4rkten kaufen kann. Ein Premium-Bio-Matcha-Tee hingegen zeichnet sich durch ein zartes Pulver von intensiver Jadefarbe, einen reichen, weichen Umami-Geschmack im Mund und ein bet\u00f6rendes Aroma aus. Wie bei einem guten Wein gilt: Je mehr Premium-Matcha-Tee Sie konsumieren, desto mehr entwickelt sich Ihr Gaumen und Sie entdecken neue, exquisite Geschmacksrichtungen.<\/p>\n\n\n\n<h2 class=\"wp-block-heading\">Wie verwendet man Matcha?<\/h2>\n\n\n\n<p>Matcha ist ber\u00fchmt f\u00fcr die traditionellen Teezeremonien in Japan, aber Sie m\u00fcssen kein Experte sein, um ihn zu genie\u00dfen. Genau wie Liebhaber guter Weine k\u00f6nnen Sie einfach eine Schale Matcha-Tee zubereiten und genie\u00dfen.<\/p>\n\n\n\n<p>Trinken Sie ihn zum Fr\u00fchst\u00fcck, vor oder nach einer Yogastunde, zusammen mit etwas S\u00fc\u00dfem am Nachmittag, vor einem wichtigen Termin, beim Wandern, w\u00e4hrend einer Meditationssitzung oder kurz vor dem Autofahren, um wachsam zu bleiben.<\/p>\n\n\n\n<p>Au\u00dferdem kann Matcha in der K\u00fcche verwendet werden: Viele einzigartige, originelle und leckere Rezepte wurden mit Matcha entwickelt.<\/p>\n\n\n\n<h2 class=\"wp-block-heading\">Was macht Matcha-Tee so besonders?<\/h2>\n\n\n\n<p>Matcha hat viele Besonderheiten und hier sind die vier wichtigsten:<\/p>\n\n\n\n<ul class=\"wp-block-list\">\n<li><strong>Form des Teeblatts<\/strong> &#8211; im Gegensatz zu allen anderen Teesorten, einschlie\u00dflich Gr\u00fcntees, wird Matcha fein zu Pulver zermahlen.<\/li>\n\n\n\n<li><strong>Kein Aufguss<\/strong> &#8211; Matcha wird nicht aufgegossen, sondern &#8222;gegessen&#8220;. Gie\u00dfen Sie einfach hei\u00dfes Wasser mit dem Pulver auf, schlagen Sie die Mischung auf (mit einem speziellen Bambusbesen oder dem elektrischen Milchaufsch\u00e4umer Ihrer Kaffeemaschine), und trinken Sie den Tee.<\/li>\n\n\n\n<li><strong>Enorme gesundheitliche Vorteile<\/strong> &#8211; Matcha ist von Natur aus voll von Antioxidantien und Aminos\u00e4uren, etwa 20 Mal mehr als herk\u00f6mmlicher gr\u00fcner Tee*.<\/li>\n\n\n\n<li><strong>Er ist einem guten Wein sehr \u00e4hnlich<\/strong>. Das Terroir (die Bedingungen, unter denen der Tee w\u00e4chst) hat einen gro\u00dfen Einfluss, und es gibt verschiedene &#8222;Rebsorten&#8220; von Matcha-Tee.<\/li>\n<\/ul>\n\n\n\n<h2 class=\"wp-block-heading\">Wer sind unsere Partnerlandwirte?<\/h2>\n\n\n\n<p>Ich kenne alle meine Partner, die Matcha-Tee produzieren, handwerklich arbeiten und Bauern sind, pers\u00f6nlich, da ich jedes Jahr nach Japan reise, um sie zu besuchen.<\/p>\n\n\n\n<p>Bei Kumiko Matcha bieten wir aus drei Hauptgr\u00fcnden nur biologische oder nat\u00fcrliche Produkte an: die Umwelt zu sch\u00fctzen, die Gesundheit der gesamten Kumiko-Gemeinschaft zu erhalten (vom Bauern auf den Teefeldern in Japan bis hin zu Ihnen, die Sie vielleicht bald eine Schale Bio-Matcha-Tee probieren) und Kumiko zu einer Kraft f\u00fcr das Gute in der Welt zu machen, die den Wandel verk\u00f6rpert, den ich mir w\u00fcnsche.<\/p>\n\n\n\n<p>Das ist ein sehr wichtiger Punkt f\u00fcr mich: Alle unsere Produkte tragen eine Geschichte in sich. Ich lade Sie ein, ihre Seiten zu besuchen, um in Fotos und Videos die Menschen hinter unserem Matcha und japanischem Kunsthandwerk kennenzulernen.<\/p>\n\n\n\n<p>Meiner Erfahrung nach haben viele Bauern, die sich entschieden haben, auf biologische oder nat\u00fcrliche Landwirtschaft umzusteigen, eine starke Geschichte, weil sie gegen &#8222;konventionelle&#8220; Methoden versto\u00dfen haben. Ich lade Sie zum Beispiel ein, die Geschichte unserer Partnerbauern Tokuya-san und Nakai-san zu entdecken.<\/p>\n\n\n\n<p>Meine Mission ist es, Premium- und Bio-Matcha-Tee aus Japan zu pr\u00e4sentieren. Dann unserer Gemeinschaft zu helfen, diese Botschaft zu teilen \ud83d\ude42<\/p>\n\n\n\n<h2 class=\"wp-block-heading\">Wo soll ich anfangen?<\/h2>\n\n\n\n<p>F\u00fcr den Anfang habe ich ein ideales Set zusammengestellt, das Folgendes enth\u00e4lt:<\/p>\n\n\n\n<ul class=\"wp-block-list\">\n<li>Eine Dose unseres beliebten und gesch\u00e4tzten <a href=\"https:\/\/kumikomatchabyidh.ch\/de\/boutique\/ewigen\/matcha-premium-bio\/\" data-type=\"product\" data-id=\"309\">Bio-Premium-Matcha<\/a>.<\/li>\n\n\n\n<li>Das f\u00fcr seine Zubereitung notwendige <a href=\"https:\/\/kumikomatchabyidh.ch\/de\/boutique\/zubehor\/bambus-accessoire-set-basic-china\/\" data-type=\"product\" data-id=\"330\">Zubeh\u00f6r aus Bambus<\/a>.<\/li>\n<\/ul>\n\n\n\n<p>Die Dose enth\u00e4lt 30 g Bio-Matcha, was f\u00fcr etwa 30 Zubereitungen ausreicht, d. h. f\u00fcr einen Monat t\u00e4glichen Matcha-Konsum.<\/p>\n\n\n\n<p>Egal, ob Sie ein Neuling oder ein leidenschaftlicher Teetrinker sind, ich lade Sie ein, der Gemeinschaft beizutreten und Spa\u00df zu haben, indem Sie Ihr Premium Bio Matcha Tee-Set aus Japan bestellen oder den Shop besuchen.<\/p>\n\n\n\n<p>Schluss mit gelblichem, staubigem Matcha<\/p>\n\n\n\n<div style=\"height:20px\" aria-hidden=\"true\" class=\"wp-block-spacer\"><\/div>\n\n\n<div class=\"wp-block-image\">\n<figure class=\"aligncenter size-large\"><img loading=\"lazy\" decoding=\"async\" width=\"1024\" height=\"576\" src=\"https:\/\/kumikomatchabyidh.ch\/wp-content\/uploads\/2023\/08\/quest-ce-que3-1024x576.jpeg\" alt=\"\" class=\"wp-image-1148\" srcset=\"https:\/\/kumikomatchabyidh.ch\/wp-content\/uploads\/2023\/08\/quest-ce-que3-1024x576.jpeg 1024w, https:\/\/kumikomatchabyidh.ch\/wp-content\/uploads\/2023\/08\/quest-ce-que3-300x169.jpeg 300w, https:\/\/kumikomatchabyidh.ch\/wp-content\/uploads\/2023\/08\/quest-ce-que3-768x432.jpeg 768w, https:\/\/kumikomatchabyidh.ch\/wp-content\/uploads\/2023\/08\/quest-ce-que3-1536x863.jpeg 1536w, https:\/\/kumikomatchabyidh.ch\/wp-content\/uploads\/2023\/08\/quest-ce-que3-800x450.jpeg 800w, https:\/\/kumikomatchabyidh.ch\/wp-content\/uploads\/2023\/08\/quest-ce-que3.jpeg 1690w\" sizes=\"auto, (max-width: 1024px) 100vw, 1024px\" \/><\/figure>\n<\/div>\n\n\n<div style=\"height:25px\" aria-hidden=\"true\" class=\"wp-block-spacer\"><\/div>\n\n\n\n<p>Zum Schluss habe ich den Artikel in diesem kurzen Video zusammengefasst:<\/p>\n\n\n\n<figure class=\"wp-block-embed aligncenter is-type-video is-provider-youtube wp-block-embed-youtube wp-embed-aspect-16-9 wp-has-aspect-ratio\"><div class=\"wp-block-embed__wrapper\">\n<iframe loading=\"lazy\" title=\"UMAMI : est-ce que tu connais ce go\u00fbt ?\" width=\"640\" height=\"360\" src=\"https:\/\/www.youtube.com\/embed\/eQVq0R1QgIo?feature=oembed\" frameborder=\"0\" allow=\"accelerometer; autoplay; clipboard-write; encrypted-media; gyroscope; picture-in-picture; web-share\" referrerpolicy=\"strict-origin-when-cross-origin\" allowfullscreen><\/iframe>\n<\/div><\/figure>\n\n\n\n<p><strong>Valentin Van Nhut<\/strong><br>Gr\u00fcnder, Kumiko Matcha<\/p>\n<\/div>\n\n\n\n<div class=\"wp-block-column is-layout-flow wp-block-column-is-layout-flow\" style=\"flex-basis:10%\"><\/div>\n<\/div>\n","protected":false},"excerpt":{"rendered":"<p>Alles wissen Was ist Matcha-Tee?Was sind seine Vorteile?Warum sollte man ihn trinken? Matcha-Gr\u00fcntee ist eine ganz besondere Art von Gr\u00fcntee, die aus Japan stammt. Die japanischen Schriftzeichen, die f\u00fcr Matcha verwendet werden, sind : \u62b9\u8336 Dies bedeutet w\u00f6rtlich \u00fcbersetzt &#8222;gemahlener Tee&#8220;. Sind Sie auf der Suche nach innerem Frieden und Gelassenheit? Vielleicht sind Sie ein\/e [&hellip;]<\/p>\n","protected":false},"author":2,"featured_media":0,"parent":0,"menu_order":0,"comment_status":"closed","ping_status":"closed","template":"","meta":{"_acf_changed":false,"footnotes":""},"class_list":["post-1186","page","type-page","status-publish","hentry"],"acf":[],"_links":{"self":[{"href":"https:\/\/kumikomatchabyidh.ch\/de\/wp-json\/wp\/v2\/pages\/1186","targetHints":{"allow":["GET"]}}],"collection":[{"href":"https:\/\/kumikomatchabyidh.ch\/de\/wp-json\/wp\/v2\/pages"}],"about":[{"href":"https:\/\/kumikomatchabyidh.ch\/de\/wp-json\/wp\/v2\/types\/page"}],"author":[{"embeddable":true,"href":"https:\/\/kumikomatchabyidh.ch\/de\/wp-json\/wp\/v2\/users\/2"}],"replies":[{"embeddable":true,"href":"https:\/\/kumikomatchabyidh.ch\/de\/wp-json\/wp\/v2\/comments?post=1186"}],"version-history":[{"count":1,"href":"https:\/\/kumikomatchabyidh.ch\/de\/wp-json\/wp\/v2\/pages\/1186\/revisions"}],"predecessor-version":[{"id":1304,"href":"https:\/\/kumikomatchabyidh.ch\/de\/wp-json\/wp\/v2\/pages\/1186\/revisions\/1304"}],"wp:attachment":[{"href":"https:\/\/kumikomatchabyidh.ch\/de\/wp-json\/wp\/v2\/media?parent=1186"}],"curies":[{"name":"wp","href":"https:\/\/api.w.org\/{rel}","templated":true}]}}