{"id":1192,"date":"2023-08-28T15:43:47","date_gmt":"2023-08-28T13:43:47","guid":{"rendered":"https:\/\/kumikomatchabyidh.ch\/tout-savoir\/"},"modified":"2023-10-22T17:10:08","modified_gmt":"2023-10-22T15:10:08","slug":"alles-wissen","status":"publish","type":"page","link":"https:\/\/kumikomatchabyidh.ch\/de\/alles-wissen\/","title":{"rendered":"Alles wissen"},"content":{"rendered":"\n<div class=\"wp-block-columns is-layout-flex wp-container-core-columns-is-layout-9d6595d7 wp-block-columns-is-layout-flex\">\n<div class=\"wp-block-column is-layout-flow wp-block-column-is-layout-flow\">\n<figure class=\"wp-block-image size-full\"><a href=\"https:\/\/kumikomatchabyidh.ch\/umami\/\"><img loading=\"lazy\" decoding=\"async\" width=\"540\" height=\"360\" src=\"https:\/\/kumikomatchabyidh.ch\/wp-content\/uploads\/2023\/08\/Tout-savoir-umami.jpeg\" alt=\"\" class=\"wp-image-890\" style=\"aspect-ratio:1;object-fit:cover\" srcset=\"https:\/\/kumikomatchabyidh.ch\/wp-content\/uploads\/2023\/08\/Tout-savoir-umami.jpeg 540w, https:\/\/kumikomatchabyidh.ch\/wp-content\/uploads\/2023\/08\/Tout-savoir-umami-300x200.jpeg 300w\" sizes=\"auto, (max-width: 540px) 100vw, 540px\" \/><\/a><\/figure>\n\n\n\n<p class=\"has-text-align-center has-medium-font-size\">Was Sie \u00fcber Umami, den f\u00fcnften Grundgeschmack, wissen sollten<\/p>\n<\/div>\n\n\n\n<div class=\"wp-block-column is-layout-flow wp-block-column-is-layout-flow\">\n<figure class=\"wp-block-image size-full\"><a href=\"https:\/\/kumikomatchabyidh.ch\/de\/cafe-vs-the-vert\/\"><img loading=\"lazy\" decoding=\"async\" width=\"540\" height=\"304\" src=\"https:\/\/kumikomatchabyidh.ch\/wp-content\/uploads\/2023\/08\/Tout-savoir-cafe-the-vert.jpeg\" alt=\"\" class=\"wp-image-916\" style=\"aspect-ratio:1;object-fit:cover\" srcset=\"https:\/\/kumikomatchabyidh.ch\/wp-content\/uploads\/2023\/08\/Tout-savoir-cafe-the-vert.jpeg 540w, https:\/\/kumikomatchabyidh.ch\/wp-content\/uploads\/2023\/08\/Tout-savoir-cafe-the-vert-300x169.jpeg 300w\" sizes=\"auto, (max-width: 540px) 100vw, 540px\" \/><\/a><\/figure>\n\n\n\n<p class=\"has-text-align-center has-medium-font-size\">Kaffee vs. Gr\u00fcner Tee: Auswirkungen auf das Risiko des Todes durch Herz-Kreislauf-Erkrankungen<\/p>\n<\/div>\n\n\n\n<div class=\"wp-block-column is-layout-flow wp-block-column-is-layout-flow\">\n<figure class=\"wp-block-image size-full\"><a href=\"https:\/\/kumikomatchabyidh.ch\/de\/revue-scientifique\/\"><img loading=\"lazy\" decoding=\"async\" width=\"540\" height=\"360\" src=\"https:\/\/kumikomatchabyidh.ch\/wp-content\/uploads\/2023\/08\/Tout-savoir-recherche.jpeg\" alt=\"\" class=\"wp-image-920\" style=\"aspect-ratio:1;object-fit:cover\" srcset=\"https:\/\/kumikomatchabyidh.ch\/wp-content\/uploads\/2023\/08\/Tout-savoir-recherche.jpeg 540w, https:\/\/kumikomatchabyidh.ch\/wp-content\/uploads\/2023\/08\/Tout-savoir-recherche-300x200.jpeg 300w\" sizes=\"auto, (max-width: 540px) 100vw, 540px\" \/><\/a><\/figure>\n\n\n\n<p class=\"has-text-align-center has-medium-font-size\">\u00dcberblick \u00fcber die wissenschaftliche Forschung zu Matcha-Tee<\/p>\n<\/div>\n<\/div>\n\n\n\n<div class=\"wp-block-columns is-layout-flex wp-container-core-columns-is-layout-9d6595d7 wp-block-columns-is-layout-flex\">\n<div class=\"wp-block-column is-layout-flow wp-block-column-is-layout-flow\">\n<figure class=\"wp-block-image size-full\"><a href=\"https:\/\/kumikomatchabyidh.ch\/de\/les-bienfaits-des-flavonoides\/\"><img loading=\"lazy\" decoding=\"async\" width=\"540\" height=\"370\" src=\"https:\/\/kumikomatchabyidh.ch\/wp-content\/uploads\/2023\/08\/Tout-savoir-bienfaits-coginitifs.jpeg\" alt=\"\" class=\"wp-image-928\" style=\"aspect-ratio:1;object-fit:cover\" srcset=\"https:\/\/kumikomatchabyidh.ch\/wp-content\/uploads\/2023\/08\/Tout-savoir-bienfaits-coginitifs.jpeg 540w, https:\/\/kumikomatchabyidh.ch\/wp-content\/uploads\/2023\/08\/Tout-savoir-bienfaits-coginitifs-300x206.jpeg 300w\" sizes=\"auto, (max-width: 540px) 100vw, 540px\" \/><\/a><\/figure>\n\n\n\n<p class=\"has-text-align-center has-medium-font-size\">Die Vorteile der Flavonoide des Matcha-Gr\u00fcntees gegen den kognitiven Verfall<\/p>\n<\/div>\n\n\n\n<div class=\"wp-block-column is-layout-flow wp-block-column-is-layout-flow\"><div class=\"wp-block-image\">\n<figure class=\"aligncenter size-full is-resized\"><img loading=\"lazy\" decoding=\"async\" width=\"500\" height=\"373\" src=\"https:\/\/kumikomatchabyidh.ch\/wp-content\/uploads\/2023\/08\/logo.png\" alt=\"\" class=\"wp-image-1081\" style=\"width:247px;height:184px\" srcset=\"https:\/\/kumikomatchabyidh.ch\/wp-content\/uploads\/2023\/08\/logo.png 500w, https:\/\/kumikomatchabyidh.ch\/wp-content\/uploads\/2023\/08\/logo-300x224.png 300w\" sizes=\"auto, (max-width: 500px) 100vw, 500px\" \/><\/figure>\n<\/div>\n\n\n<div style=\"height:50px\" aria-hidden=\"true\" class=\"wp-block-spacer\"><\/div>\n\n\n\n<p class=\"has-text-align-center has-text-color has-medium-font-size\" style=\"color:#00780e\"><strong>Ich liebe mich, also kaufe ich<\/strong><\/p>\n\n\n\n<div class=\"wp-block-buttons is-content-justification-center is-layout-flex wp-container-core-buttons-is-layout-16018d1d wp-block-buttons-is-layout-flex\">\n<div class=\"wp-block-button\"><a class=\"wp-block-button__link wp-element-button\" href=\"https:\/\/kumikomatchabyidh.ch\/de\/shop\/\">Shop<\/a><\/div>\n<\/div>\n<\/div>\n\n\n\n<div class=\"wp-block-column is-layout-flow wp-block-column-is-layout-flow\">\n<figure class=\"wp-block-image size-full\"><a href=\"https:\/\/kumikomatchabyidh.ch\/de\/production\/\"><img loading=\"lazy\" decoding=\"async\" width=\"540\" height=\"397\" src=\"https:\/\/kumikomatchabyidh.ch\/wp-content\/uploads\/2023\/08\/Tout-savoir-usine_de_the.jpeg\" alt=\"\" class=\"wp-image-936\" style=\"aspect-ratio:1;object-fit:cover\" srcset=\"https:\/\/kumikomatchabyidh.ch\/wp-content\/uploads\/2023\/08\/Tout-savoir-usine_de_the.jpeg 540w, https:\/\/kumikomatchabyidh.ch\/wp-content\/uploads\/2023\/08\/Tout-savoir-usine_de_the-300x221.jpeg 300w\" sizes=\"auto, (max-width: 540px) 100vw, 540px\" \/><\/a><\/figure>\n\n\n\n<p class=\"has-text-align-center has-medium-font-size\">Produktionsprozess vom Blatt bis zur Sch\u00fcssel<\/p>\n<\/div>\n<\/div>\n\n\n\n<div class=\"wp-block-columns is-layout-flex wp-container-core-columns-is-layout-9d6595d7 wp-block-columns-is-layout-flex\">\n<div class=\"wp-block-column is-layout-flow wp-block-column-is-layout-flow\">\n<figure class=\"wp-block-image size-full\"><a href=\"https:\/\/kumikomatchabyidh.ch\/de\/quest-ce-que-le-the-matcha\/\"><img loading=\"lazy\" decoding=\"async\" width=\"540\" height=\"360\" src=\"https:\/\/kumikomatchabyidh.ch\/wp-content\/uploads\/2023\/08\/Tout-savoir-the-matcha.jpeg\" alt=\"\" class=\"wp-image-940\" style=\"aspect-ratio:1;object-fit:cover\" srcset=\"https:\/\/kumikomatchabyidh.ch\/wp-content\/uploads\/2023\/08\/Tout-savoir-the-matcha.jpeg 540w, https:\/\/kumikomatchabyidh.ch\/wp-content\/uploads\/2023\/08\/Tout-savoir-the-matcha-300x200.jpeg 300w\" sizes=\"auto, (max-width: 540px) 100vw, 540px\" \/><\/a><\/figure>\n\n\n\n<p class=\"has-text-align-center has-medium-font-size\">Was ist Matcha-Tee?<br>Was sind seine Vorteile? Warum sollte man ihn trinken?<\/p>\n<\/div>\n\n\n\n<div class=\"wp-block-column is-layout-flow wp-block-column-is-layout-flow\">\n<figure class=\"wp-block-image size-full\"><a href=\"https:\/\/kumikomatchabyidh.ch\/de\/cultivar\/\"><img loading=\"lazy\" decoding=\"async\" width=\"540\" height=\"405\" src=\"https:\/\/kumikomatchabyidh.ch\/wp-content\/uploads\/2023\/08\/Tout-savoir-cultivar.jpeg\" alt=\"\" class=\"wp-image-932\" style=\"aspect-ratio:1;object-fit:cover\" srcset=\"https:\/\/kumikomatchabyidh.ch\/wp-content\/uploads\/2023\/08\/Tout-savoir-cultivar.jpeg 540w, https:\/\/kumikomatchabyidh.ch\/wp-content\/uploads\/2023\/08\/Tout-savoir-cultivar-300x225.jpeg 300w\" sizes=\"auto, (max-width: 540px) 100vw, 540px\" \/><\/a><\/figure>\n\n\n\n<p class=\"has-text-align-center has-medium-font-size\">Was ist ein Cultivar? Ein Single Origin? Was ist ein Blend? Die Definitionen<\/p>\n<\/div>\n\n\n\n<div class=\"wp-block-column is-layout-flow wp-block-column-is-layout-flow\">\n<figure class=\"wp-block-image size-full\"><a href=\"https:\/\/kumikomatchabyidh.ch\/de\/le-matcha-pour-la-sante\/\"><img loading=\"lazy\" decoding=\"async\" width=\"540\" height=\"540\" src=\"https:\/\/kumikomatchabyidh.ch\/wp-content\/uploads\/2023\/08\/Tout-savoir-avantages-sante.jpeg\" alt=\"\" class=\"wp-image-944\" style=\"aspect-ratio:1;object-fit:cover\" srcset=\"https:\/\/kumikomatchabyidh.ch\/wp-content\/uploads\/2023\/08\/Tout-savoir-avantages-sante.jpeg 540w, https:\/\/kumikomatchabyidh.ch\/wp-content\/uploads\/2023\/08\/Tout-savoir-avantages-sante-300x300.jpeg 300w, https:\/\/kumikomatchabyidh.ch\/wp-content\/uploads\/2023\/08\/Tout-savoir-avantages-sante-150x150.jpeg 150w, https:\/\/kumikomatchabyidh.ch\/wp-content\/uploads\/2023\/08\/Tout-savoir-avantages-sante-400x400.jpeg 400w, https:\/\/kumikomatchabyidh.ch\/wp-content\/uploads\/2023\/08\/Tout-savoir-avantages-sante-100x100.jpeg 100w\" sizes=\"auto, (max-width: 540px) 100vw, 540px\" \/><\/a><\/figure>\n\n\n\n<p class=\"has-text-align-center has-medium-font-size\">Die gesundheitlichen Vorteile von Matcha<\/p>\n<\/div>\n<\/div>\n","protected":false},"excerpt":{"rendered":"<p>Was Sie \u00fcber Umami, den f\u00fcnften Grundgeschmack, wissen sollten Kaffee vs. Gr\u00fcner Tee: Auswirkungen auf das Risiko des Todes durch Herz-Kreislauf-Erkrankungen \u00dcberblick \u00fcber die wissenschaftliche Forschung zu Matcha-Tee Die Vorteile der Flavonoide des Matcha-Gr\u00fcntees gegen den kognitiven Verfall Ich liebe mich, also kaufe ich Produktionsprozess vom Blatt bis zur Sch\u00fcssel Was ist Matcha-Tee?Was sind seine [&hellip;]<\/p>\n","protected":false},"author":2,"featured_media":0,"parent":0,"menu_order":0,"comment_status":"closed","ping_status":"closed","template":"","meta":{"_acf_changed":false,"footnotes":""},"class_list":["post-1192","page","type-page","status-publish","hentry"],"acf":[],"_links":{"self":[{"href":"https:\/\/kumikomatchabyidh.ch\/de\/wp-json\/wp\/v2\/pages\/1192","targetHints":{"allow":["GET"]}}],"collection":[{"href":"https:\/\/kumikomatchabyidh.ch\/de\/wp-json\/wp\/v2\/pages"}],"about":[{"href":"https:\/\/kumikomatchabyidh.ch\/de\/wp-json\/wp\/v2\/types\/page"}],"author":[{"embeddable":true,"href":"https:\/\/kumikomatchabyidh.ch\/de\/wp-json\/wp\/v2\/users\/2"}],"replies":[{"embeddable":true,"href":"https:\/\/kumikomatchabyidh.ch\/de\/wp-json\/wp\/v2\/comments?post=1192"}],"version-history":[{"count":4,"href":"https:\/\/kumikomatchabyidh.ch\/de\/wp-json\/wp\/v2\/pages\/1192\/revisions"}],"predecessor-version":[{"id":1297,"href":"https:\/\/kumikomatchabyidh.ch\/de\/wp-json\/wp\/v2\/pages\/1192\/revisions\/1297"}],"wp:attachment":[{"href":"https:\/\/kumikomatchabyidh.ch\/de\/wp-json\/wp\/v2\/media?parent=1192"}],"curies":[{"name":"wp","href":"https:\/\/api.w.org\/{rel}","templated":true}]}}