{"id":1195,"date":"2023-08-28T15:04:53","date_gmt":"2023-08-28T13:04:53","guid":{"rendered":"https:\/\/kumikomatchabyidh.ch\/umami\/"},"modified":"2023-10-22T16:14:01","modified_gmt":"2023-10-22T14:14:01","slug":"umami","status":"publish","type":"page","link":"https:\/\/kumikomatchabyidh.ch\/de\/umami\/","title":{"rendered":"Umami"},"content":{"rendered":"\n<p><a href=\"https:\/\/kumikomatchabyidh.ch\/de\/alles-wissen\/\" data-type=\"page\" data-id=\"1192\">Alles wissen<\/a><\/p>\n\n\n\n<h2 class=\"wp-block-heading has-text-align-center\">Was man \u00fcber den Geschmack Umami, den f\u00fcnften Grundgeschmack, wissen sollte.<\/h2>\n\n\n\n<div style=\"height:20px\" aria-hidden=\"true\" class=\"wp-block-spacer\"><\/div>\n\n\n\n<div class=\"wp-block-columns is-layout-flex wp-container-core-columns-is-layout-9d6595d7 wp-block-columns-is-layout-flex\">\n<div class=\"wp-block-column is-layout-flow wp-block-column-is-layout-flow\" style=\"flex-basis:10%\"><\/div>\n\n\n\n<div class=\"wp-block-column is-layout-flow wp-block-column-is-layout-flow\" style=\"flex-basis:80%\"><div class=\"wp-block-image\">\n<figure class=\"aligncenter size-large\"><img loading=\"lazy\" decoding=\"async\" width=\"1024\" height=\"682\" src=\"https:\/\/kumikomatchabyidh.ch\/wp-content\/uploads\/2023\/08\/umami-1-1024x682.jpeg\" alt=\"\" class=\"wp-image-896\" style=\"object-fit:cover\" srcset=\"https:\/\/kumikomatchabyidh.ch\/wp-content\/uploads\/2023\/08\/umami-1-1024x682.jpeg 1024w, https:\/\/kumikomatchabyidh.ch\/wp-content\/uploads\/2023\/08\/umami-1-300x200.jpeg 300w, https:\/\/kumikomatchabyidh.ch\/wp-content\/uploads\/2023\/08\/umami-1-768x512.jpeg 768w, https:\/\/kumikomatchabyidh.ch\/wp-content\/uploads\/2023\/08\/umami-1-1536x1024.jpeg 1536w, https:\/\/kumikomatchabyidh.ch\/wp-content\/uploads\/2023\/08\/umami-1-800x533.jpeg 800w, https:\/\/kumikomatchabyidh.ch\/wp-content\/uploads\/2023\/08\/umami-1.jpeg 2000w\" sizes=\"auto, (max-width: 1024px) 100vw, 1024px\" \/><figcaption class=\"wp-element-caption\">Wenn man versucht, den Geschmack von Matcha-Tee zu beschreiben, liest man oft, dass er einen pflanzlichen Geschmack hat und leicht bitter ist. Man sagt auch, dass er &#8222;umami&#8220; ist.<\/figcaption><\/figure>\n<\/div>\n\n\n<div style=\"height:25px\" aria-hidden=\"true\" class=\"wp-block-spacer\"><\/div>\n\n\n\n<h2 class=\"wp-block-heading\">Aber, was ist der Umami-Geschmack?<\/h2>\n\n\n\n<p>Sicherlich kennen Sie bereits die vier Grundgeschmacksrichtungen: s\u00fc\u00df, salzig, bitter und sauer.<\/p>\n\n\n\n<p>Aber es gibt auch noch diese f\u00fcnfte Geschmacksrichtung, die in Asien sehr bekannt ist: den Umami-Geschmack.<\/p>\n\n\n\n<p>Das Wort umami wurde 1908 von Professor Kikunae Ikeda, einem Chemiker an der Kaiserlichen Universit\u00e4t Tokio, entdeckt und bedeutet auf Japanisch &#8222;leckerer Geschmack&#8220;. Es setzt sich aus den W\u00f6rtern &#8222;umai&#8220;, k\u00f6stlich, und &#8222;mi&#8220;, Geschmack, zusammen. Er soll die Rolle der Glutamate f\u00fcr das Vorhandensein dieses so charakteristischen Geschmacks entdeckt haben, insbesondere in der Dashi-Br\u00fche, der ber\u00fchmten japanischen Bonito-Br\u00fche.<\/p>\n\n\n\n<p>Die Verbindung von drei Aminos\u00e4uren, insbesondere von Glutamat, Inosins\u00e4ure und Guanyls\u00e4ure, w\u00fcrde es den Rezeptoren auf unserer Zunge erm\u00f6glichen, Umami zu schmecken.<\/p>\n\n\n\n<p>Die geschmackliche Bedeutung von Umami liegt in der Ausgewogenheit und Vollmundigkeit, die es einem Gericht verleiht. Deshalb werden oft Lebensmittel mit hohem Umami-Gehalt hinzugef\u00fcgt, um den Geschmack eines Gerichts zu verbessern, z. B. Parmesan oder Tomatenso\u00dfe auf Nudeln.<\/p>\n\n\n\n<p>Im Mund ist es ein schwer zu identifizierendes Gef\u00fchl. Einfacher ausgedr\u00fcckt ist es ein Geschmack, der die gesamte Zunge auskleidet und einen ausgewogenen Geschmack ohne ausgepr\u00e4gte S\u00e4ure, S\u00fc\u00dfe oder Bitterkeit bietet.<\/p>\n\n\n\n<p>Laut einer Studie, die 2014 in der Zeitschrift The American Journal of Clinical Nutrition ver\u00f6ffentlicht wurde, steigert der Umami-Geschmack den Appetit, aber auch das S\u00e4ttigungsgef\u00fchl. Sie ist daher ideal, um den Appetit zu regulieren, und kann ein Verb\u00fcndeter bei der Gewichtsabnahme sein.<\/p>\n\n\n\n<div style=\"height:25px\" aria-hidden=\"true\" class=\"wp-block-spacer\"><\/div>\n\n\n\n<h2 class=\"wp-block-heading\">Welche Lebensmittel haben einen Umami-Geschmack?<\/h2>\n\n\n\n<p>Umami ist ein ausgewogener Geschmack, der in vielen Lebensmitteln wie Sojasauce, reifen Tomaten, (getrockneten) Pilzen, Fleisch- und Fischbr\u00fche, K\u00e4se, Sardellen, Algen (Kombu) oder Miso enthalten ist.<\/p>\n\n\n\n<p>Umami ist insbesondere in gr\u00fcnem Tee und vor allem in Matcha-Tee stark vertreten.<\/p>\n\n\n\n<div style=\"height:25px\" aria-hidden=\"true\" class=\"wp-block-spacer\"><\/div>\n\n\n<div class=\"wp-block-image\">\n<figure class=\"aligncenter size-full\"><img loading=\"lazy\" decoding=\"async\" width=\"1024\" height=\"687\" src=\"https:\/\/kumikomatchabyidh.ch\/wp-content\/uploads\/2023\/08\/umami-2.jpeg\" alt=\"\" class=\"wp-image-900\" srcset=\"https:\/\/kumikomatchabyidh.ch\/wp-content\/uploads\/2023\/08\/umami-2.jpeg 1024w, https:\/\/kumikomatchabyidh.ch\/wp-content\/uploads\/2023\/08\/umami-2-300x201.jpeg 300w, https:\/\/kumikomatchabyidh.ch\/wp-content\/uploads\/2023\/08\/umami-2-768x515.jpeg 768w, https:\/\/kumikomatchabyidh.ch\/wp-content\/uploads\/2023\/08\/umami-2-800x537.jpeg 800w\" sizes=\"auto, (max-width: 1024px) 100vw, 1024px\" \/><figcaption class=\"wp-element-caption\"><em>Matcha-Tee unterscheidet sich von anderen Gr\u00fcntees durch seine jadefarbene Pulverform, aber vor allem durch seinen starken Umami-Geschmack, der mit einer leichten, charakteristischen Kr\u00e4uterbitterkeit verbunden ist.<\/em><\/figcaption><\/figure>\n<\/div>\n\n\n<div style=\"height:25px\" aria-hidden=\"true\" class=\"wp-block-spacer\"><\/div>\n\n\n\n<p>Im Gegensatz zu anderen Teesorten werden die gr\u00fcnen Teebl\u00e4tter fein gemahlen, um ein hochwertiges, zartes Pulver zu erhalten. Das Pulver des gr\u00fcnen Matcha-Tees wird also nicht aufgegossen, sondern direkt getrunken, indem es mit hei\u00dfem Wasser vermischt und mit einem Bambusbesen, dem sogenannten Chasen, geschlagen wird.<\/p>\n\n\n\n<p>Das im Matcha-Tee enthaltene Umami verleiht ihm eine k\u00f6stliche s\u00fc\u00dfe Note im Abgang, im Gegensatz zum Umami in chinesischen Tees, das einfach ein ausgewogener Geschmack ist.<\/p>\n\n\n\n<p>Wenn wir Matcha-Tee trinken, k\u00f6nnen wir den Umami-Geschmack mit all unseren Geschmacksknospen wahrnehmen, wodurch unsere gesamte Zunge mit einem k\u00f6stlichen Geschmack \u00fcberzogen wird. Er verleiht ihm diesen verlockenden Geschmack, der Speichelfluss und ein sch\u00f6nes, rundes Mundgef\u00fchl hervorruft.<\/p>\n\n\n\n<p>Matcha zu trinken ist f\u00fcr mich daher die k\u00f6stlichste Art, den in der japanischen K\u00fcche so beliebten Umami-Geschmack zu entdecken.<\/p>\n\n\n\n<div style=\"height:25px\" aria-hidden=\"true\" class=\"wp-block-spacer\"><\/div>\n\n\n\n<h2 class=\"wp-block-heading\">Matcha, unglaubliche Aromen<\/h2>\n\n\n\n<p>Denn Matcha ist nicht nur k\u00f6stlich, sondern auch eines der Lebensmittel mit dem st\u00e4rksten Umami-Geschmack!<\/p>\n\n\n\n<p>Der Grund daf\u00fcr ist, dass die Teebl\u00e4tter, die f\u00fcr die Herstellung von Matcha verwendet werden, die Tencha-Bl\u00e4tter, vor der Ernte etwa 20 Tage lang bedeckt sind.<\/p>\n\n\n\n<p>Dadurch erh\u00f6ht sich die Konzentration von L-Theanin in den Bl\u00e4ttern, das auch f\u00fcr den reichen Umami-Geschmack von Matcha verantwortlich ist!<\/p>\n\n\n\n<p>Durch die Verwendung eines Schneebesens in einer breiten Sch\u00fcssel entsteht ein dicker Schaum auf der Oberfl\u00e4che, der f\u00fcr eine cremige Textur und ein angenehm weiches Gef\u00fchl sorgt.<\/p>\n\n\n\n<p>Der Umami-Geschmack gleicht die Bitterkeit, die Matcha-Tee enthalten kann, aus und sorgt f\u00fcr eine leichte S\u00fc\u00dfe im Abgang.<\/p>\n\n\n\n<p>All dies verleiht dem Matcha einen v\u00f6llig einzigartigen, tr\u00f6stenden und belebenden Geschmack, den man in keinem anderen gr\u00fcnen Tee finden kann!<\/p>\n\n\n\n<p>Mit Kumiko Matcha strebe ich danach, dank meiner Handwerker-Bauern-Partner au\u00dfergew\u00f6hnliche biologische Matcha-Tees anzubieten, die mit viel Liebe, Sorgfalt und Respekt f\u00fcr die Umwelt hergestellt werden.<\/p>\n\n\n\n<p>Da jeder Matcha-Tee einzigartig ist und zu einer geschmacklichen und sensorischen Reise einl\u00e4dt, biete ich eine vielf\u00e4ltige Auswahl an Matcha-Tees an, die alle auf ihre eigene Weise einen ausgepr\u00e4gten Umami-Geschmack, einen Geschmack ohne Bitterkeit und Noten von Kakao bis Zitrusfr\u00fcchten aufweisen.<\/p>\n\n\n\n<p>Auf diese Weise kann jeder, \u00e4hnlich wie bei einem guten Wein, einen k\u00f6stlichen Matcha-Tee finden, wobei der beste Matcha-Tee der ist, der IHREM Geschmack entspricht!<\/p>\n\n\n\n<div style=\"height:25px\" aria-hidden=\"true\" class=\"wp-block-spacer\"><\/div>\n\n\n\n<h3 class=\"wp-block-heading\">Schlusswort<\/h3>\n\n\n\n<p>Wir haben gesehen, dass die Geschmacksrichtung Umami die f\u00fcnfte Geschmacksrichtung nach salzig, s\u00fc\u00df, bitter und sauer ist.<br>Sie wurde 1908 von dem japanischen Professor Kikunae Ikeda entdeckt. Sie verleiht Gerichten einen ausgewogenen Geschmack, der sie schmackhafter macht.<\/p>\n\n\n\n<div style=\"height:25px\" aria-hidden=\"true\" class=\"wp-block-spacer\"><\/div>\n\n\n\n<figure class=\"wp-block-embed aligncenter is-type-video is-provider-youtube wp-block-embed-youtube wp-embed-aspect-16-9 wp-has-aspect-ratio\"><div class=\"wp-block-embed__wrapper\">\n<iframe loading=\"lazy\" title=\"UMAMI : est-ce que tu connais ce go\u00fbt ?\" width=\"640\" height=\"360\" src=\"https:\/\/www.youtube.com\/embed\/eQVq0R1QgIo?feature=oembed\" frameborder=\"0\" allow=\"accelerometer; autoplay; clipboard-write; encrypted-media; gyroscope; picture-in-picture; web-share\" referrerpolicy=\"strict-origin-when-cross-origin\" allowfullscreen><\/iframe>\n<\/div><figcaption class=\"wp-element-caption\"><em>Matcha bietet einen der intensivsten Umami-Geschmacksrichtungen, dank seines Gehalts an L-Theanin.<\/em><\/figcaption><\/figure>\n\n\n\n<div style=\"height:25px\" aria-hidden=\"true\" class=\"wp-block-spacer\"><\/div>\n\n\n\n<h2 class=\"wp-block-heading\">Quellen<\/h2>\n\n\n\n<ul class=\"wp-block-list\">\n<li class=\"has-small-font-size\"><strong><em><a href=\"https:\/\/www.sciencedirect.com\/science\/article\/pii\/S0002916523047056?via%3Dihub\" data-type=\"link\" data-id=\"HTTPS:\/\/WWW.SCIENCEDIRECT.COM\/SCIENCE\/ARTICLE\/PII\/S0002916523047056?VIA%3DIHUB\">UMAMI FLAVOR ENHANCES APPETITE BUT ALSO INCREASES SATIETY<\/a><\/em>, THE AMERICAN JOURNAL OF CLINICAL NUTRITION, 2014, DOI: 10.3945\/AJCN.113.080929,&nbsp;<\/strong><\/li>\n\n\n\n<li class=\"has-small-font-size\"><strong><em><a href=\"https:\/\/pubs.acs.org\/doi\/10.1021\/jf800933x\" data-type=\"link\" data-id=\"https:\/\/pubs.acs.org\/doi\/10.1021\/jf800933x\">EVALUATION OF THE UMAMI TASTE INTENSITY OF GREEN TEA BY A TASTE SENSOR<\/a><\/em>, JOURNAL OF AGRICULTURAL AND FOOD CHEMISTRY, 2008, DOI: 10.1021\/JF800933X,&nbsp;<\/strong><\/li>\n\n\n\n<li class=\"has-small-font-size\"><strong><em><a href=\"https:\/\/link.springer.com\/article\/10.1007\/s00726-014-1713-3\" data-type=\"link\" data-id=\"HTTPS:\/\/LINK.SPRINGER.COM\/ARTICLE\/10.1007\/S00726-014-1713-3\">L-THEANINE ELICITS UMAMI TASTE VIA THE T1R1 + T1R3 UMAMI TASTE RECEPTOR<\/a>,<\/em>&nbsp;AMINO ACIDS, 2014, DOI: 10.1007\/S00726-014-1713-3,&nbsp;<\/strong><\/li>\n<\/ul>\n<\/div>\n\n\n\n<div class=\"wp-block-column is-layout-flow wp-block-column-is-layout-flow\" style=\"flex-basis:10%\"><\/div>\n<\/div>\n\n\n\n<p><\/p>\n","protected":false},"excerpt":{"rendered":"<p>Alles wissen Was man \u00fcber den Geschmack Umami, den f\u00fcnften Grundgeschmack, wissen sollte. Aber, was ist der Umami-Geschmack? Sicherlich kennen Sie bereits die vier Grundgeschmacksrichtungen: s\u00fc\u00df, salzig, bitter und sauer. Aber es gibt auch noch diese f\u00fcnfte Geschmacksrichtung, die in Asien sehr bekannt ist: den Umami-Geschmack. Das Wort umami wurde 1908 von Professor Kikunae Ikeda, [&hellip;]<\/p>\n","protected":false},"author":2,"featured_media":0,"parent":0,"menu_order":0,"comment_status":"closed","ping_status":"closed","template":"","meta":{"_acf_changed":false,"footnotes":""},"class_list":["post-1195","page","type-page","status-publish","hentry"],"acf":[],"_links":{"self":[{"href":"https:\/\/kumikomatchabyidh.ch\/de\/wp-json\/wp\/v2\/pages\/1195","targetHints":{"allow":["GET"]}}],"collection":[{"href":"https:\/\/kumikomatchabyidh.ch\/de\/wp-json\/wp\/v2\/pages"}],"about":[{"href":"https:\/\/kumikomatchabyidh.ch\/de\/wp-json\/wp\/v2\/types\/page"}],"author":[{"embeddable":true,"href":"https:\/\/kumikomatchabyidh.ch\/de\/wp-json\/wp\/v2\/users\/2"}],"replies":[{"embeddable":true,"href":"https:\/\/kumikomatchabyidh.ch\/de\/wp-json\/wp\/v2\/comments?post=1195"}],"version-history":[{"count":1,"href":"https:\/\/kumikomatchabyidh.ch\/de\/wp-json\/wp\/v2\/pages\/1195\/revisions"}],"predecessor-version":[{"id":1289,"href":"https:\/\/kumikomatchabyidh.ch\/de\/wp-json\/wp\/v2\/pages\/1195\/revisions\/1289"}],"wp:attachment":[{"href":"https:\/\/kumikomatchabyidh.ch\/de\/wp-json\/wp\/v2\/media?parent=1195"}],"curies":[{"name":"wp","href":"https:\/\/api.w.org\/{rel}","templated":true}]}}