{"id":348,"date":"2023-04-28T14:23:29","date_gmt":"2023-04-28T12:23:29","guid":{"rendered":"https:\/\/kumikomatchabyidh.ch\/politique-de-confidentialite\/"},"modified":"2023-05-05T16:11:11","modified_gmt":"2023-05-05T14:11:11","slug":"politique-de-confidentialite","status":"publish","type":"page","link":"https:\/\/kumikomatchabyidh.ch\/de\/politique-de-confidentialite\/","title":{"rendered":"Datenschutzrichtlinie"},"content":{"rendered":"\n<h3 class=\"wp-block-heading\">1. Einf\u00fchrung<\/h3>\n\n\n\n<p>Wir, IDH Switzerland, haben uns verpflichtet, die Privatsph\u00e4re unserer Nutzer zu sch\u00fctzen und zu respektieren. Diese Datenschutzrichtlinie beschreibt, wie wir Ihre pers\u00f6nlichen Daten in \u00dcbereinstimmung mit der Schweizer Datenschutzgesetzgebung, insbesondere dem Bundesgesetz \u00fcber den Datenschutz (DSG), sammeln, verwenden, offenlegen und sch\u00fctzen.<br>Die Website, auf die sich dieses Dokument bezieht, ist https:\/\/kumikomatchabyidh.ch.<\/p>\n\n\n\n<h3 class=\"wp-block-heading\">2. Sammlung von pers\u00f6nlichen Daten<\/h3>\n\n\n\n<p>Wir sammeln Ihre pers\u00f6nlichen Daten, wenn Sie :<\/p>\n\n\n\n<ul class=\"wp-block-list\">\n<li>Sie sich auf unserer Website registrieren und ein Benutzerkonto erstellen.<\/li>\n\n\n\n<li>Eine Bestellung aufgeben<\/li>\n\n\n\n<li>Sich an unseren Kundenservice wenden.<\/li>\n<\/ul>\n\n\n\n<p>Zu den von uns erfassten personenbezogenen Daten geh\u00f6ren Ihr Name, Ihre Adresse, E-Mail-Adresse, Telefonnummer und Zahlungsinformationen.<\/p>\n\n\n\n<h3 class=\"wp-block-heading\">3. Verwendung der pers\u00f6nlichen Daten<\/h3>\n\n\n\n<p>Wir verwenden Ihre personenbezogenen Daten, um :<\/p>\n\n\n\n<ul class=\"wp-block-list\">\n<li>Ihre Bestellungen zu bearbeiten und zu versenden.<\/li>\n\n\n\n<li>Ihnen einen Kundenservice zu bieten und Ihre Anfragen zu beantworten.<\/li>\n\n\n\n<li>Ihnen Informationen \u00fcber unsere Produkte, Dienstleistungen, Sonderangebote und Werbeaktionen zu senden.<\/li>\n\n\n\n<li>Unsere Website und unsere Dienstleistungen zu verbessern, indem wir Ihre anonymisierten Pr\u00e4ferenzen und Ihr Kaufverhalten analysieren.<\/li>\n<\/ul>\n\n\n\n<h3 class=\"wp-block-heading\">4. Weitergabe von pers\u00f6nlichen Daten<\/h3>\n\n\n\n<p>Ohne Ihre ausdr\u00fcckliche Zustimmung verkaufen, vermieten oder teilen wir Ihre personenbezogenen Daten nicht zu Marketingzwecken mit Dritten. Wir k\u00f6nnen Ihre anonymisierten personenbezogenen Daten jedoch an Dienstleister und Partner weitergeben, die uns beim Betrieb unserer Website und bei der Erbringung unserer Dienstleistungen unterst\u00fctzen, wie z. B. Anbieter von Zahlungs-, Logistik- und Analysediensten.<\/p>\n\n\n\n<h3 class=\"wp-block-heading\">5. Sicherheit der Daten<\/h3>\n\n\n\n<p>Wir ergreifen angemessene Ma\u00dfnahmen, um Ihre personenbezogenen Daten vor unbefugtem Zugriff, Offenlegung, \u00c4nderung und Zerst\u00f6rung zu sch\u00fctzen. Wir verwenden Verschl\u00fcsselungstechnologien, um Ihre Zahlungsinformationen zu sch\u00fctzen, und setzen physische und organisatorische Sicherheitsma\u00dfnahmen ein, um unsere Computersysteme zu sch\u00fctzen.<\/p>\n\n\n\n<h3 class=\"wp-block-heading\">6. Ihre Rechte<\/h3>\n\n\n\n<p>Gem\u00e4\u00df dem DSG haben Sie das Recht, auf Ihre personenbezogenen Daten zuzugreifen, sie zu berichtigen und zu l\u00f6schen. Sie k\u00f6nnen sich auch aus legitimen Gr\u00fcnden gegen deren Verarbeitung aussprechen. Um diese Rechte auszu\u00fcben, kontaktieren Sie uns bitte \u00fcber die unten angegebene E-Mail-Adresse.<\/p>\n\n\n\n<h3 class=\"wp-block-heading\">7. \u00c4nderungen der Datenschutzrichtlinie<\/h3>\n\n\n\n<p>Wir behalten uns das Recht vor, diese Datenschutzrichtlinie jederzeit zu \u00e4ndern. \u00c4nderungen werden auf dieser Seite ver\u00f6ffentlicht, und wir werden Sie per E-Mail oder auf unserer Website dar\u00fcber informieren.<\/p>\n\n\n\n<h3 class=\"wp-block-heading\">8. Kontakt<\/h3>\n\n\n\n<p>Wenn Sie Fragen zu dieser Datenschutzrichtlinie oder unserem Umgang mit Ihren pers\u00f6nlichen Daten haben, kontaktieren Sie uns bitte unter info@idhswiss.ch.<\/p>\n","protected":false},"excerpt":{"rendered":"<p>1. Einf\u00fchrung Wir, IDH Switzerland, haben uns verpflichtet, die Privatsph\u00e4re unserer Nutzer zu sch\u00fctzen und zu respektieren. Diese Datenschutzrichtlinie beschreibt, wie wir Ihre pers\u00f6nlichen Daten in \u00dcbereinstimmung mit der Schweizer Datenschutzgesetzgebung, insbesondere dem Bundesgesetz \u00fcber den Datenschutz (DSG), sammeln, verwenden, offenlegen und sch\u00fctzen.Die Website, auf die sich dieses Dokument bezieht, ist https:\/\/kumikomatchabyidh.ch. 2. Sammlung von [&hellip;]<\/p>\n","protected":false},"author":1,"featured_media":0,"parent":0,"menu_order":0,"comment_status":"closed","ping_status":"open","template":"","meta":{"_acf_changed":false,"footnotes":""},"class_list":["post-348","page","type-page","status-publish","hentry"],"acf":[],"_links":{"self":[{"href":"https:\/\/kumikomatchabyidh.ch\/de\/wp-json\/wp\/v2\/pages\/348","targetHints":{"allow":["GET"]}}],"collection":[{"href":"https:\/\/kumikomatchabyidh.ch\/de\/wp-json\/wp\/v2\/pages"}],"about":[{"href":"https:\/\/kumikomatchabyidh.ch\/de\/wp-json\/wp\/v2\/types\/page"}],"author":[{"embeddable":true,"href":"https:\/\/kumikomatchabyidh.ch\/de\/wp-json\/wp\/v2\/users\/1"}],"replies":[{"embeddable":true,"href":"https:\/\/kumikomatchabyidh.ch\/de\/wp-json\/wp\/v2\/comments?post=348"}],"version-history":[{"count":2,"href":"https:\/\/kumikomatchabyidh.ch\/de\/wp-json\/wp\/v2\/pages\/348\/revisions"}],"predecessor-version":[{"id":396,"href":"https:\/\/kumikomatchabyidh.ch\/de\/wp-json\/wp\/v2\/pages\/348\/revisions\/396"}],"wp:attachment":[{"href":"https:\/\/kumikomatchabyidh.ch\/de\/wp-json\/wp\/v2\/media?parent=348"}],"curies":[{"name":"wp","href":"https:\/\/api.w.org\/{rel}","templated":true}]}}