{"id":1246,"date":"2023-09-18T13:56:43","date_gmt":"2023-09-18T11:56:43","guid":{"rendered":"https:\/\/kumikomatchabyidh.ch\/?post_type=product&#038;p=1246"},"modified":"2025-01-13T08:30:39","modified_gmt":"2025-01-13T07:30:39","slug":"matcha-ultra-premium-bio-copie","status":"publish","type":"product","link":"https:\/\/kumikomatchabyidh.ch\/de\/boutique\/die-entdeckungen\/matcha-ultra-premium-bio-copie\/","title":{"rendered":"Matcha Ultra-Premium Bio"},"content":{"rendered":"<p>Ultra luxuri\u00f6s und qualitativ hochwertig &#8211; unter den besten Bio-Matcha-Tees der Welt &#8211; 30g<br \/>\nDer Mount Everest des Bio-Matcha. Japanischer Matcha-Tee in h\u00f6chster Vollendung.<br \/>\nDer Matcha Ultra-Premium Bio ist der Rolls Royce unter den Bio-Matchas. Der Matcha Ultra-Premium Bio ist au\u00dfergew\u00f6hnlich.<\/p>\n<p>Reservieren Sie einen magischen Moment oder einen besonderen Anlass, um ihn zu genie\u00dfen. Sie k\u00f6nnen einen Matcha-Tee mit 1-2 Gramm Pulver f\u00fcr eine &#8222;zarte&#8220; Zubereitung (usucha auf Japanisch) zubereiten. Probieren Sie auch eine &#8222;dicke&#8220; Zubereitung (koicha), um das volle Aroma dieses ultra-premium Bio-Matchas zu sp\u00fcren: 3-5 Gramm Matcha auf 20-30mL hei\u00dfes Wasser.<\/p>\n","protected":false},"excerpt":{"rendered":"<p>Ultraluxuri\u00f6s und qualitativ hochwertig &#8211; unter den besten Bio-Matcha-Tees der Welt Limitierte Auflage: Erntejahrgang 2022 &#8211; 30g<\/p>\n","protected":false},"featured_media":136,"template":"","meta":{"_acf_changed":false},"product_brand":[],"product_cat":[67],"product_tag":[],"class_list":{"0":"post-1246","1":"product","2":"type-product","3":"status-publish","4":"has-post-thumbnail","6":"product_cat-die-entdeckungen","8":"first","9":"instock","10":"sale","11":"shipping-taxable","12":"purchasable","13":"product-type-simple"},"acf":[],"_links":{"self":[{"href":"https:\/\/kumikomatchabyidh.ch\/de\/wp-json\/wp\/v2\/product\/1246","targetHints":{"allow":["GET"]}}],"collection":[{"href":"https:\/\/kumikomatchabyidh.ch\/de\/wp-json\/wp\/v2\/product"}],"about":[{"href":"https:\/\/kumikomatchabyidh.ch\/de\/wp-json\/wp\/v2\/types\/product"}],"wp:featuredmedia":[{"embeddable":true,"href":"https:\/\/kumikomatchabyidh.ch\/de\/wp-json\/wp\/v2\/media\/136"}],"wp:attachment":[{"href":"https:\/\/kumikomatchabyidh.ch\/de\/wp-json\/wp\/v2\/media?parent=1246"}],"wp:term":[{"taxonomy":"product_brand","embeddable":true,"href":"https:\/\/kumikomatchabyidh.ch\/de\/wp-json\/wp\/v2\/product_brand?post=1246"},{"taxonomy":"product_cat","embeddable":true,"href":"https:\/\/kumikomatchabyidh.ch\/de\/wp-json\/wp\/v2\/product_cat?post=1246"},{"taxonomy":"product_tag","embeddable":true,"href":"https:\/\/kumikomatchabyidh.ch\/de\/wp-json\/wp\/v2\/product_tag?post=1246"}],"curies":[{"name":"wp","href":"https:\/\/api.w.org\/{rel}","templated":true}]}}