{"id":1375,"date":"2023-12-15T12:12:54","date_gmt":"2023-12-15T11:12:54","guid":{"rendered":"https:\/\/kumikomatchabyidh.ch\/?post_type=product&#038;p=1375"},"modified":"2023-12-15T16:37:41","modified_gmt":"2023-12-15T15:37:41","slug":"ultimate-copie","status":"publish","type":"product","link":"https:\/\/kumikomatchabyidh.ch\/de\/boutique\/die-entdeckungen\/ultimate-copie\/","title":{"rendered":"Connoisseur"},"content":{"rendered":"<h4>Das Connoisseur Set, um unseren einzigartigen Matcha zu erleben!<\/h4>\n<p>Es enth\u00e4lt alles, was du brauchst:<\/p>\n<ul>\n<li>einen digitalen Wasserkocher, um Ihr Wasser auf 70\u00baC zu erhitzen<\/li>\n<li>eine Schale (chawan), um den Matcha zuzubereiten<\/li>\n<li>einen L\u00f6ffel (saji) aus Bambus, um das Matchapulver zu dosieren (ca. 1-2g)<\/li>\n<li>einen Schneebesen (chasen) aus Bambus, um den Matcha zu mischen und aufzusch\u00e4umen.<\/li>\n<li>einen St\u00e4nder (naoshi), um den Schneebesen in gutem Zustand zu halten<\/li>\n<li>eine 30g-Dose Matcha Hyper-Premium Bio, <strong>ein Matcha der Extraklasse<\/strong><\/li>\n<\/ul>\n<h4>Dein erster Matcha:<\/h4>\n<ol>\n<li>Gib einen Boden mit temperiertem Wasser in den Chawan.<\/li>\n<li>F\u00fcge den Matcha mit dem Saji hinzu (ein bis zwei Mal in die Dose oder den Beutel tauchen).<\/li>\n<li>Schlage mit dem Chasen, bis das Wasser glatt ist (St\u00e4rke schmelzen).<\/li>\n<li>Das Wasser auf 70\u00b0 erhitzen und in den Chawan geben.<\/li>\n<li>Schlage mit dem Schneebesen Ws, um den Matcha zu sch\u00e4umen.<\/li>\n<li>Zerdr\u00fccke die Blasen, indem du sie kreisf\u00f6rmig gegen den Chawan dr\u00fcckst.<\/li>\n<li>Wiederhole die Schritte 5 und 6, bis du den Schaum hast, der dir gef\u00e4llt.<\/li>\n<li>SCHMECKE!!!<\/li>\n<\/ol>\n<p><strong>F\u00fcr Puristen:<\/strong> Verwende destilliertes Wasser oder Osmosewasser (dann wei\u00dft du wenigstens, was du trinkst&#8230;).<\/p>\n<p><strong>F\u00fcr Spieler:<\/strong> Nimm mehr oder weniger Matcha, mehr oder weniger Wasser! Es ist dein Moment, dir deinen Matcha zu machen, der zu dir passt.<\/p>\n","protected":false},"excerpt":{"rendered":"<p>Das Connoisseur Set, um unseren einzigartigen Matcha zu erleben! Es enth\u00e4lt alles, was du brauchst: einen digitalen Wasserkocher, um Ihr Wasser auf 70\u00baC zu erhitzen eine Schale (chawan), um den Matcha zuzubereiten einen L\u00f6ffel (saji) aus Bambus, um das Matchapulver zu dosieren (ca. 1-2g) einen Schneebesen (chasen) aus Bambus, um den Matcha zu mischen und [&hellip;]<\/p>\n","protected":false},"featured_media":1368,"template":"","meta":{"_acf_changed":false},"product_brand":[],"product_cat":[67],"product_tag":[],"class_list":{"0":"post-1375","1":"product","2":"type-product","3":"status-publish","4":"has-post-thumbnail","6":"product_cat-die-entdeckungen","8":"first","9":"instock","10":"sale","11":"shipping-taxable","12":"purchasable","13":"product-type-simple"},"acf":[],"_links":{"self":[{"href":"https:\/\/kumikomatchabyidh.ch\/de\/wp-json\/wp\/v2\/product\/1375","targetHints":{"allow":["GET"]}}],"collection":[{"href":"https:\/\/kumikomatchabyidh.ch\/de\/wp-json\/wp\/v2\/product"}],"about":[{"href":"https:\/\/kumikomatchabyidh.ch\/de\/wp-json\/wp\/v2\/types\/product"}],"wp:featuredmedia":[{"embeddable":true,"href":"https:\/\/kumikomatchabyidh.ch\/de\/wp-json\/wp\/v2\/media\/1368"}],"wp:attachment":[{"href":"https:\/\/kumikomatchabyidh.ch\/de\/wp-json\/wp\/v2\/media?parent=1375"}],"wp:term":[{"taxonomy":"product_brand","embeddable":true,"href":"https:\/\/kumikomatchabyidh.ch\/de\/wp-json\/wp\/v2\/product_brand?post=1375"},{"taxonomy":"product_cat","embeddable":true,"href":"https:\/\/kumikomatchabyidh.ch\/de\/wp-json\/wp\/v2\/product_cat?post=1375"},{"taxonomy":"product_tag","embeddable":true,"href":"https:\/\/kumikomatchabyidh.ch\/de\/wp-json\/wp\/v2\/product_tag?post=1375"}],"curies":[{"name":"wp","href":"https:\/\/api.w.org\/{rel}","templated":true}]}}