{"id":1626,"date":"2024-10-28T09:25:34","date_gmt":"2024-10-28T08:25:34","guid":{"rendered":"https:\/\/kumikomatchabyidh.ch\/?post_type=product&#038;p=1626"},"modified":"2024-10-29T07:44:22","modified_gmt":"2024-10-29T06:44:22","slug":"barista-matcha-bio-premium-50g","status":"publish","type":"product","link":"https:\/\/kumikomatchabyidh.ch\/de\/boutique\/die-kleinsten-letzten\/barista-matcha-bio-premium-50g\/","title":{"rendered":"Barista matcha Bio Premium 50g"},"content":{"rendered":"<p>Seit 2013 ist Kumiko Matcha der Spezialist f\u00fcr <strong>biologischen<\/strong> Matcha <strong>Grand Cru<\/strong>, d.h. hochwertige Tees mit hohen Produktionsstandards und einer zentralen Rolle, die <strong>unseren Partner-Bauern<\/strong> gegeben wird. Es ist mir nicht entgangen, dass Matcha und vor allem <strong>Matcha Latte sehr beliebt geworden sind<\/strong>, deshalb biete ich dir einen Bio-Matcha-Barista in Premium-Qualit\u00e4t an.<\/p>\n<h2>Was ist ein Bio-Barista-Premium-Matcha?<\/h2>\n<p>Dieser Matcha wurde eigentlich <strong>speziell f\u00fcr Latte Macchiato entwickelt<\/strong>. Damit er perfekt in Latte Macchiato passt, muss er intensiv genug schmecken, damit man die Aromen von gr\u00fcnem Tee auch mit 1 Gramm Matchapulver schmeckt, und er darf nicht von der Milch \u00fcberlagert werden.<\/p>\n<p>Und ich musste auch einen Tee w\u00e4hlen, der sich gut mit m\u00f6glichst vielen Zutaten kombinieren l\u00e4sst: Pflanzenmilch, Honig, Rosen- oder Erdbeersirup usw., damit du tolle Latte-Rezepte kreieren kannst. Ich habe mich f\u00fcr diese Sorte entschieden, weil sie einen k\u00f6stlichen, feinen und ausgewogenen Geschmack hat. Die <strong>Farbe ist noch gr\u00fcner und der Geschmack noch besser<\/strong> als der Bio-Barista-Matcha <strong>.<\/strong><\/p>\n<h2>Wie vereint der Bio-Matcha-Barista Premium Qualit\u00e4t und Quantit\u00e4t?<\/h2>\n<p>Der Barista Bio-Matcha Premium stammt vom selben Produzenten und wurde in derselben Kooperative hergestellt wie die besten Matchasorten in unserer Auswahl, die Sorten Saemidori und Okumidori.<\/p>\n<p>Au\u00dferdem ist die Produktionsst\u00e4tte <strong>zu 100 % bio-zertifiziert<\/strong> und der Barista Matcha bio premium wird pro Ernte und Jahr im Labor getestet.<\/p>\n<p><strong>Herkunft:<\/strong> Japan<\/p>\n<p><strong>Dosierung: <\/strong>1g Pulver pro 80ml Wasser<\/p>\n<p><strong>Aufbewahrung:<\/strong> trocken und k\u00fchl, nach dem \u00d6ffnen im K\u00fchlschrank<strong>aufbewahren<\/strong>.<\/p>\n<p><strong>Zusammensetzung:<\/strong> gemahlene Teebl\u00e4tter<\/p>\n<h4>Dein erster Matcha:<\/h4>\n<ol>\n<li>Gib einen Boden mit temperiertem Wasser in den Chawan.<\/li>\n<li>F\u00fcge den Matcha mit dem Saji hinzu (ein bis zwei Mal in die Dose oder den Beutel tauchen (1-2g)).<\/li>\n<li>Schlage mit dem Chasen, bis das Wasser glatt ist (St\u00e4rke schmelzen).<\/li>\n<li>Bringe das Wasser auf eine Temperatur von 70\u00b0 und f\u00fcge es in den Chawan ein (80ml f\u00fcr 1g Matcha).<\/li>\n<li>Schlage mit einem W, um den Matcha zu sch\u00e4umen.<\/li>\n<li>Zerdr\u00fccke die Blasen in runden Bewegungen gegen den Chawan.<\/li>\n<li>Wiederhole die Schritte 5 und 6, bis du den Schaum hast, der dir gef\u00e4llt.<\/li>\n<li>SCHMECKE!!!<\/li>\n<\/ol>\n<p><strong>F\u00fcr Puristen<\/strong>: Verwende destilliertes Wasser oder Osmosewasser (dann wei\u00dft du wenigstens, was du trinkst&#8230;).<\/p>\n<p><strong>F\u00fcr Spieler:<\/strong> Nimm mehr oder weniger Matcha, nimm mehr oder weniger Wasser! Das ist dein Moment, mach dir den Matcha, der zu dir passt.<\/p>\n","protected":false},"excerpt":{"rendered":"<p>Der Ausdruck der Rebsorte Okumidori aus dem Ipponmatsu-Gebiet unseres Partnerbauern Azuma-san &#8211; 30g<\/p>\n","protected":false},"featured_media":1631,"template":"","meta":{"_acf_changed":false},"product_brand":[],"product_cat":[75],"product_tag":[],"class_list":{"0":"post-1626","1":"product","2":"type-product","3":"status-publish","4":"has-post-thumbnail","6":"product_cat-die-kleinsten-letzten","8":"first","9":"instock","10":"shipping-taxable","11":"purchasable","12":"product-type-simple"},"acf":[],"_links":{"self":[{"href":"https:\/\/kumikomatchabyidh.ch\/de\/wp-json\/wp\/v2\/product\/1626","targetHints":{"allow":["GET"]}}],"collection":[{"href":"https:\/\/kumikomatchabyidh.ch\/de\/wp-json\/wp\/v2\/product"}],"about":[{"href":"https:\/\/kumikomatchabyidh.ch\/de\/wp-json\/wp\/v2\/types\/product"}],"wp:featuredmedia":[{"embeddable":true,"href":"https:\/\/kumikomatchabyidh.ch\/de\/wp-json\/wp\/v2\/media\/1631"}],"wp:attachment":[{"href":"https:\/\/kumikomatchabyidh.ch\/de\/wp-json\/wp\/v2\/media?parent=1626"}],"wp:term":[{"taxonomy":"product_brand","embeddable":true,"href":"https:\/\/kumikomatchabyidh.ch\/de\/wp-json\/wp\/v2\/product_brand?post=1626"},{"taxonomy":"product_cat","embeddable":true,"href":"https:\/\/kumikomatchabyidh.ch\/de\/wp-json\/wp\/v2\/product_cat?post=1626"},{"taxonomy":"product_tag","embeddable":true,"href":"https:\/\/kumikomatchabyidh.ch\/de\/wp-json\/wp\/v2\/product_tag?post=1626"}],"curies":[{"name":"wp","href":"https:\/\/api.w.org\/{rel}","templated":true}]}}