{"id":1660,"date":"2024-10-29T10:44:52","date_gmt":"2024-10-29T09:44:52","guid":{"rendered":"https:\/\/kumikomatchabyidh.ch\/?post_type=product&#038;p=1660"},"modified":"2024-10-29T11:32:13","modified_gmt":"2024-10-29T10:32:13","slug":"barista-matcha-bio-latte-kochen-200g","status":"publish","type":"product","link":"https:\/\/kumikomatchabyidh.ch\/de\/boutique\/die-kleinsten-letzten\/barista-matcha-bio-latte-kochen-200g\/","title":{"rendered":"Barista matcha Bio Latte &#038; Kochen 200g"},"content":{"rendered":"<h2>Warum ein Matcha f\u00fcr Latte und K\u00fcche?<\/h2>\n<p>Dieser Bio-Matcha f\u00fcr Latte und K\u00fcche ist f\u00fcr uns sehr wichtig, weil er f\u00fcr <b>Kreativit\u00e4t<\/b> und <b>Vorstellungskraft<\/b> steht .<\/p>\n<p>Er ist ideal f\u00fcr <strong>Latte<\/strong> Macchiato-Rezepte <strong>, Getr\u00e4nke, Smoothies, Geb\u00e4ck<\/strong>, s\u00fc\u00dfe und herzhafte Rezepte und andere k\u00fcnstlerische und kulinarische Experimente. Es ist auch der perfekte Matcha f\u00fcr einen <strong>Kochworkshop<\/strong> mit Kindern!<\/p>\n<p>Du kannst dich mit diesem Matcha f\u00fcr Latte Macchiato und Kochen austoben, denn es ist unser <strong>preisg\u00fcnstigster<\/strong> Matcha, der dennoch sehr hochwertig f\u00fcr einen Matcha zum Kochen aus Japan ist und <strong>keine Kompromisse beim Bio-Siegel eingeht<\/strong>. Du kannst diesen Matcha hemmungslos verwenden, um deiner Fantasie (und der deiner Lieben) freien Lauf zu lassen!<\/p>\n<h2>Was ist der Unterschied zu anderen Matcha-Tees?<\/h2>\n<p>Wie der <strong>Matcha-Tee<\/strong> <a href=\"https:\/\/kumikomatchabyidh.ch\/de\/boutique\/ewigen\/matcha-premium-bio\/\">Premium Bio<\/a>, ist dieser Bio-Matcha f\u00fcr Latte und K\u00fcche das Ergebnis einer Zusammenstellung durch einen Chai-Meister, mit dem Unterschied, dass die verwendeten <strong>Tencha-Teebl\u00e4tter<\/strong> <strong>weniger qualitativ<\/strong> sind als beim <strong>Matcha<\/strong> Premium Bio.<\/p>\n<p>Der Unterschied zwischen Matcha Premium Bio-Tee und Matcha Bio f\u00fcr Latte und\/oder K\u00fcche ist wie der zwischen einem Grand Cru-Wein und einem <strong>Kochwein<\/strong>. Es sind <strong>zwei verschiedene Produkte f\u00fcr verschiedene Zwecke<\/strong>.<\/p>\n<p><strong>Herkunft:<\/strong> Japan<br \/>\n<strong>Dosierung: <\/strong>1g Pulver pro 80ml Wasser<br \/>\n<strong>Aufbewahrung:<\/strong> Trocken und k\u00fchl, nach dem \u00d6ffnen im K\u00fchlschrank.<br \/>\n<strong>Zusammensetzung:<\/strong> gemahlene Teebl\u00e4tter<\/p>\n<h4>Dein erster Matcha:<\/h4>\n<ol>\n<li>Gib einen Boden mit temperiertem Wasser in den Chawan.<\/li>\n<li>F\u00fcge den Matcha mit dem Saji hinzu (ein bis zwei Mal in die Dose oder den Beutel tauchen (1-2g)).<\/li>\n<li>Schlage mit dem Chasen, bis das Wasser glatt ist (St\u00e4rke schmelzen).<\/li>\n<li>Bringe das Wasser auf eine Temperatur von 70\u00b0 und f\u00fcge es in den Chawan ein (80ml f\u00fcr 1g Matcha).<\/li>\n<li>Schlage mit einem W, um den Matcha zu sch\u00e4umen.<\/li>\n<li>Zerdr\u00fccke die Blasen in runden Bewegungen gegen den Chawan.<\/li>\n<li>Wiederhole die Schritte 5 und 6, bis du den Schaum hast, der dir gef\u00e4llt.<\/li>\n<li>SCHMECKE!!!<\/li>\n<\/ol>\n<p><strong>F\u00fcr Puristen<\/strong>: Verwende destilliertes Wasser oder Osmosewasser (dann wei\u00dft du wenigstens, was du trinkst&#8230;).<\/p>\n<p><strong>F\u00fcr Spieler:<\/strong> Nimm mehr oder weniger Matcha, nimm mehr oder weniger Wasser! Das ist dein Moment, mach dir den Matcha, der zu dir passt.<\/p>\n","protected":false},"excerpt":{"rendered":"<p><span class=\"icon-and-text\">Le meilleur matcha bio premium pour latte <\/span><\/p>\n","protected":false},"featured_media":1665,"template":"","meta":{"_acf_changed":false},"product_brand":[],"product_cat":[75],"product_tag":[],"class_list":{"0":"post-1660","1":"product","2":"type-product","3":"status-publish","4":"has-post-thumbnail","6":"product_cat-die-kleinsten-letzten","8":"first","9":"instock","10":"shipping-taxable","11":"purchasable","12":"product-type-simple"},"acf":[],"_links":{"self":[{"href":"https:\/\/kumikomatchabyidh.ch\/de\/wp-json\/wp\/v2\/product\/1660","targetHints":{"allow":["GET"]}}],"collection":[{"href":"https:\/\/kumikomatchabyidh.ch\/de\/wp-json\/wp\/v2\/product"}],"about":[{"href":"https:\/\/kumikomatchabyidh.ch\/de\/wp-json\/wp\/v2\/types\/product"}],"wp:featuredmedia":[{"embeddable":true,"href":"https:\/\/kumikomatchabyidh.ch\/de\/wp-json\/wp\/v2\/media\/1665"}],"wp:attachment":[{"href":"https:\/\/kumikomatchabyidh.ch\/de\/wp-json\/wp\/v2\/media?parent=1660"}],"wp:term":[{"taxonomy":"product_brand","embeddable":true,"href":"https:\/\/kumikomatchabyidh.ch\/de\/wp-json\/wp\/v2\/product_brand?post=1660"},{"taxonomy":"product_cat","embeddable":true,"href":"https:\/\/kumikomatchabyidh.ch\/de\/wp-json\/wp\/v2\/product_cat?post=1660"},{"taxonomy":"product_tag","embeddable":true,"href":"https:\/\/kumikomatchabyidh.ch\/de\/wp-json\/wp\/v2\/product_tag?post=1660"}],"curies":[{"name":"wp","href":"https:\/\/api.w.org\/{rel}","templated":true}]}}