{"id":1668,"date":"2024-10-29T11:38:40","date_gmt":"2024-10-29T10:38:40","guid":{"rendered":"https:\/\/kumikomatchabyidh.ch\/?post_type=product&#038;p=1668"},"modified":"2024-10-29T11:53:12","modified_gmt":"2024-10-29T10:53:12","slug":"hojicha-matcha-bio-torrefie-100g","status":"publish","type":"product","link":"https:\/\/kumikomatchabyidh.ch\/de\/boutique\/die-kleinsten-letzten\/hojicha-matcha-bio-torrefie-100g\/","title":{"rendered":"Hojicha matcha bio torr\u00e9fi\u00e9 100g"},"content":{"rendered":"<h2>Ein Kumiko Matcha Hojicha?<\/h2>\n<p>Seit 10 Jahren ist es meine Mission, dir die <strong>besten Bio-Matcha-Tees aus Japan<\/strong> zu zeigen, Hojicha hat seinen Platz, denn eigentlich ist es eine Art Matcha \ud83d\ude09\ud83c\udf75.<\/p>\n<p>Der Unterschied ist, dass er <strong>ger\u00f6stet<\/strong> wird: Die Teebl\u00e4tter werden gepfl\u00fcckt und durchlaufen dann denselben Prozess wie Matcha: D\u00e4mpfen, K\u00fchlen und Trocknen. Sobald die Bl\u00e4tter vollst\u00e4ndig getrocknet sind, werden sie ger\u00f6stet.<\/p>\n<h2>Ein Tee mit wenig Koffein, der zu jeder Tageszeit genossen werden kann \ud83c\udf19.<\/h2>\n<p>Viele von Ihnen fragen sich, wann die beste Zeit ist, um Matcha zu trinken? Der Vorteil von Hojicha ist, dass er zu jeder Tageszeit und nach Lust und Laune perfekt ist, da der<strong>R\u00f6stschritt den Koffein-\/Teeingehalt reduziert.<\/strong><\/p>\n<p>Wenn du empfindlich auf die Wirkung von Koffein reagierst, kannst du die Vorteile von Hojicha sogar am Abend genie\u00dfen. Es ist auch ein geeignetes Getr\u00e4nk f\u00fcr Kinder. Hojicha hilft bei der Verdauung und ist selbst leicht verdaulich.<\/p>\n<h2>Hojicha: ein w\u00e4rmendes Getr\u00e4nk \ud83c\udf42.<\/h2>\n<p>Die R\u00f6stung verleiht diesem Tee <b>einen ger\u00f6steten und holzigen Geschmack mit einem Hauch von Vanille.<\/b> <b>Tats\u00e4chlich<\/b><strong> passt<\/strong><b>er<\/b><strong> perfekt zu allen Arten von pflanzlichen Getr\u00e4nken oder Milch<\/strong>.<\/p>\n<p>Sein braunes Pulver erinnert an Kakao, als Latte zubereitet erinnert er an ein Feinschmeckergetr\u00e4nk wie hei\u00dfe Schokolade oder Milchkaffee. Es ist \u00fcbrigens eine gute Alternative f\u00fcr diejenigen, die ihren Koffeinkonsum reduzieren m\u00f6chten.<\/p>\n<h2>Warum ist der Preis sehr erschwinglich?<\/h2>\n<p>Es kostet CHF 65 f\u00fcr 100g, das ist ein ultrakompetitiver Preis und ein g\u00fcnstiges Format. Die Bl\u00e4tter, die ger\u00f6stet werden, m\u00fcssen nicht von so hoher Qualit\u00e4t sein wie Matcha Grand Cru, man kann also Bl\u00e4tter verwenden, die aus einer zweiten oder dritten Ernte stammen.<\/p>\n<p><strong>Das ist ein positiver Kreislauf, denn unsere Partnerbauern k\u00f6nnen ihre zweiten Ernten mit Hilfe dieses Hojicha aufwerten<\/strong>. So k\u00f6nnen sie mehrere Produkte verkaufen, ihre Ernten optimal nutzen und weiterhin Matcha von h\u00f6chster Qualit\u00e4t herstellen.<\/p>\n<p>Aber sowohl bei Hojicha als auch bei Matcha gibt es verschiedene Qualit\u00e4ten. <strong>Ich bin sehr froh, dass ich einen Hojicha von guter Qualit\u00e4t anbieten kann, der von einer Genossenschaft von Matcha-Bauern von hoher Qualit\u00e4t produziert wird<\/strong>. Ich habe ihn wegen seines Geschmacks ausgew\u00e4hlt, den er in einen Hojicha Latte einbringt.<\/p>\n<p>Au\u00dferdem wird unser ger\u00f6steter Bio-Matcha-Hojicha in einer zu 100% zertifizierten Bio-Fabrik hergestellt und pro Ernte und Jahr im Labor getestet.<\/p>\n<p><strong>Herkunft:<\/strong> Japan<br \/>\n<strong>Dosierung: <\/strong>1g Pulver pro 80ml Wasser<br \/>\n<strong>Lagerung:<\/strong> trocken und k\u00fchl, nach dem \u00d6ffnen im K\u00fchlschrank<strong>aufbewahren<\/strong>.<br \/>\n<strong>Zusammensetzung:<\/strong> gemahlene und ger\u00f6stete Teebl\u00e4tter<\/p>\n<h4>Dein erster Matcha:<\/h4>\n<ol>\n<li>Gib einen Boden aus temperiertem Wasser in den Chawan.<\/li>\n<li>F\u00fcge den Matcha mit dem Saji hinzu (ein bis zwei Tauchg\u00e4nge in die Dose oder den Beutel (1-2g)).<\/li>\n<li>Schlage mit dem Chasen, bis das Wasser glatt ist (St\u00e4rke schmelzen).<\/li>\n<li>Bringe das Wasser auf eine Temperatur von 70\u00b0 und f\u00fcge es in den Chawan ein (80ml f\u00fcr 1g Matcha).<\/li>\n<li>Schlage mit einem W, um den Matcha zu sch\u00e4umen.<\/li>\n<li>Zerdr\u00fccke die Blasen in runden Bewegungen gegen den Chawan.<\/li>\n<li>Wiederhole die Schritte 5 und 6, bis du den Schaum hast, der dir gef\u00e4llt.<\/li>\n<li>SCHMECKE!!!<\/li>\n<\/ol>\n<p><strong>F\u00fcr Puristen<\/strong>: Verwende destilliertes Wasser oder Osmosewasser (dann wei\u00dft du wenigstens, was du trinkst&#8230;).<\/p>\n<p><strong>F\u00fcr Spieler:<\/strong> Nimm mehr oder weniger Matcha, nimm mehr oder weniger Wasser! Das ist dein Moment, mach dir den Matcha, der zu dir passt.<\/p>\n","protected":false},"excerpt":{"rendered":"<p><span class=\"icon-and-text\">Le meilleur matcha bio premium pour latte <\/span><\/p>\n","protected":false},"featured_media":1673,"template":"","meta":{"_acf_changed":false},"product_brand":[],"product_cat":[75],"product_tag":[],"class_list":{"0":"post-1668","1":"product","2":"type-product","3":"status-publish","4":"has-post-thumbnail","6":"product_cat-die-kleinsten-letzten","8":"first","9":"instock","10":"shipping-taxable","11":"purchasable","12":"product-type-simple"},"acf":[],"_links":{"self":[{"href":"https:\/\/kumikomatchabyidh.ch\/de\/wp-json\/wp\/v2\/product\/1668","targetHints":{"allow":["GET"]}}],"collection":[{"href":"https:\/\/kumikomatchabyidh.ch\/de\/wp-json\/wp\/v2\/product"}],"about":[{"href":"https:\/\/kumikomatchabyidh.ch\/de\/wp-json\/wp\/v2\/types\/product"}],"wp:featuredmedia":[{"embeddable":true,"href":"https:\/\/kumikomatchabyidh.ch\/de\/wp-json\/wp\/v2\/media\/1673"}],"wp:attachment":[{"href":"https:\/\/kumikomatchabyidh.ch\/de\/wp-json\/wp\/v2\/media?parent=1668"}],"wp:term":[{"taxonomy":"product_brand","embeddable":true,"href":"https:\/\/kumikomatchabyidh.ch\/de\/wp-json\/wp\/v2\/product_brand?post=1668"},{"taxonomy":"product_cat","embeddable":true,"href":"https:\/\/kumikomatchabyidh.ch\/de\/wp-json\/wp\/v2\/product_cat?post=1668"},{"taxonomy":"product_tag","embeddable":true,"href":"https:\/\/kumikomatchabyidh.ch\/de\/wp-json\/wp\/v2\/product_tag?post=1668"}],"curies":[{"name":"wp","href":"https:\/\/api.w.org\/{rel}","templated":true}]}}