{"id":1740,"date":"2025-01-13T06:36:40","date_gmt":"2025-01-13T05:36:40","guid":{"rendered":"https:\/\/kumikomatchabyidh.ch\/?post_type=product&#038;p=1740"},"modified":"2025-01-13T08:25:32","modified_gmt":"2025-01-13T07:25:32","slug":"naoshi-schwarz-copie","status":"publish","type":"product","link":"https:\/\/kumikomatchabyidh.ch\/de\/boutique\/zubehor\/naoshi-schwarz-copie\/","title":{"rendered":"Aerolatte &#8211; Matcha-Sch\u00e4umer"},"content":{"rendered":"<h2>Der beste elektrische Aufsch\u00e4umer f\u00fcr Matcha<\/h2>\n<p>Wenn Sie Schwierigkeiten haben, einen traditionellen <a title=\"Zubeh\u00f6rpaket\" href=\"https:\/\/kumikomatchabyidh.ch\/boutique\/accessoires\/chasen-fouet-artisanal-en-bambou-noir-premium-japon\/\">Bambusbesen<\/a> mit den richtigen Bewegungen zu verwenden, oder wenn Sie keinen verwenden m\u00f6chten, haben Sie hier <strong>die perfekte Variante<\/strong>, mit der Sie einen genauso sch\u00f6nen und cremigen Schaum wie mit einem Schneebesen erzielen k\u00f6nnen. Der A\u00e9rolatte-Sch\u00e4umer wurde speziell f\u00fcr Matcha entworfen. Er ist ideal f\u00fcr die traditionelle Zubereitung mit Wasser, aber auch f\u00fcr Matcha Latte.<\/p>\n<h2><span data-sheets-root=\"1\">Ist<\/span> der <span data-sheets-root=\"1\">Matcha-Sch\u00e4umer<\/span> ein Muss?<\/h2>\n<p>Vielleicht haben Sie beim Anblick des traditionellen Matcha-Schneebesens ( <em>Chasen<\/em> genannt) gedacht, dass Sie ihn nicht brauchen, um Ihren Matcha zuzubereiten, sondern dass Sie einen K\u00fcchenschneebesen, eine Gabel oder etwas anderes verwenden k\u00f6nnen? Je mehr <strong>diese Optionen nicht funktionieren<\/strong>.<\/p>\n<p>Um <strong>einen cremigen Schaum zu erhalten<\/strong>, muss das Ger\u00e4t aus kleinen Borsten bestehen, die Bewegung muss nicht nur kreisf\u00f6rmig sein und die richtige Geschwindigkeit und Temperatur haben. Deshalb ist es wichtig, dass Sie <strong>ein geeignetes Zubeh\u00f6r <\/strong> wie den traditionellen Schneebesen oder den <span data-sheets-root=\"1\">Matcha-Sch\u00e4umer<\/span> von A\u00e9rolatte <strong>verwenden <\/strong>.<\/p>\n<p>Sie m\u00fcssen nur noch Ihre Pr\u00e4ferenz w\u00e4hlen.<\/p>\n<h2>Warum ist er anders?<\/h2>\n<ul>\n<li>\ud83c\udf31 Er ist aus Kunststoff gefertigt, um Wechselwirkungen mit den Antioxidantien des Matcha zu vermeiden.<\/li>\n<li>\ud83e\udde9 Der Kopf des Schneebesens besteht aus kleinen Str\u00e4ngen, dies ist eine einzigartige Form, die f\u00fcr Matcha entwickelt wurde.<\/li>\n<li>\ud83c\udf8b Der Bambusgriff erinnert an das Design und das Material traditioneller Schneebesen.<\/li>\n<li>\ud83c\udf75 Der Motor sorgt daf\u00fcr, dass die Zubereitung nicht zu hei\u00df wird, da Matcha bei einer Temperatur von 70\u00b0C zubereitet wird und nicht \u00fcber 80\u00b0C steigen sollte.<\/li>\n<li>\u2733\ufe0f Die Geschwindigkeit der Rotation ist angepasst, perfekt f\u00fcr die Zubereitung von Matcha-Tee.<\/li>\n<\/ul>\n","protected":false},"excerpt":{"rendered":"<p>Matcha-Sch\u00e4umer f\u00fcr die perfekte Zubereitung von Matcha.<\/p>\n","protected":false},"featured_media":1745,"template":"","meta":{"_acf_changed":false},"product_brand":[],"product_cat":[49],"product_tag":[],"class_list":{"0":"post-1740","1":"product","2":"type-product","3":"status-publish","4":"has-post-thumbnail","6":"product_cat-zubehor","8":"first","9":"instock","10":"shipping-taxable","11":"purchasable","12":"product-type-simple"},"acf":[],"_links":{"self":[{"href":"https:\/\/kumikomatchabyidh.ch\/de\/wp-json\/wp\/v2\/product\/1740","targetHints":{"allow":["GET"]}}],"collection":[{"href":"https:\/\/kumikomatchabyidh.ch\/de\/wp-json\/wp\/v2\/product"}],"about":[{"href":"https:\/\/kumikomatchabyidh.ch\/de\/wp-json\/wp\/v2\/types\/product"}],"wp:featuredmedia":[{"embeddable":true,"href":"https:\/\/kumikomatchabyidh.ch\/de\/wp-json\/wp\/v2\/media\/1745"}],"wp:attachment":[{"href":"https:\/\/kumikomatchabyidh.ch\/de\/wp-json\/wp\/v2\/media?parent=1740"}],"wp:term":[{"taxonomy":"product_brand","embeddable":true,"href":"https:\/\/kumikomatchabyidh.ch\/de\/wp-json\/wp\/v2\/product_brand?post=1740"},{"taxonomy":"product_cat","embeddable":true,"href":"https:\/\/kumikomatchabyidh.ch\/de\/wp-json\/wp\/v2\/product_cat?post=1740"},{"taxonomy":"product_tag","embeddable":true,"href":"https:\/\/kumikomatchabyidh.ch\/de\/wp-json\/wp\/v2\/product_tag?post=1740"}],"curies":[{"name":"wp","href":"https:\/\/api.w.org\/{rel}","templated":true}]}}