{"id":1761,"date":"2025-01-13T06:54:38","date_gmt":"2025-01-13T05:54:38","guid":{"rendered":"https:\/\/kumikomatchabyidh.ch\/?post_type=product&#038;p=1761"},"modified":"2025-01-13T08:29:51","modified_gmt":"2025-01-13T07:29:51","slug":"chasen-fouet-artisanal-en-bambou-or-vert","status":"publish","type":"product","link":"https:\/\/kumikomatchabyidh.ch\/de\/boutique\/zubehor\/chasen-fouet-artisanal-en-bambou-or-vert\/","title":{"rendered":"Chasen Handgemachte Peitsche aus Bambus Gold &#038; Gr\u00fcn"},"content":{"rendered":"<p>Der Rolls Royce unter den Matcha-Teepeitschen. Handgefertigt in Japan von den Meisterhandwerkern Hirata-san und seinem Vater, um einen wohlschmeckenden Matcha-Tee mit einer cremigen Schaumkrone zuzubereiten&#8230;.<\/p>\n<p>Nach dem Vater von Mr. Hirata, einem Meister des Chasen (Matcha-Teebesen),<\/p>\n<p><em>&#8222;Der Geschmack und der Genuss von Matcha Tee h\u00e4ngt von der Qualit\u00e4t des Chasen ab. Wenn der Chasen von hoher Qualit\u00e4t ist, dann wird der Matcha einen ausgezeichneten Geschmack haben&#8220;.<\/em><\/p>\n<p>Diese Peitsche wird von Mr. Hirata und seinem Vater in Handarbeit hergestellt.<\/p>\n<p>Beide zusammen k\u00f6nnen nur 10 St\u00fcck pro Tag herstellen, w\u00e4hrend die Nachfrage nach ihren Meisterpeitschen allein in Japan ihre Kapazit\u00e4ten \u00fcbersteigt.<\/p>\n<p>Ihr Wissen wird von Generation zu Generation weitergegeben. Hirata-san stellt seit 20 Jahren Matcha-Teebesen von Hand her und sein Vater seit \u00fcber 50 Jahren.<\/p>\n<p>Sie verwenden die gleichen handwerklichen Techniken wie vor 500 Jahren.<\/p>\n<p>Mr. Hirata l\u00e4dt Sie ein, sich bei der Auswahl Ihrer Matcha-Tee-Utensilien zu am\u00fcsieren. Weil ein ausgezeichneter Schneebesen einen schmackhaften Matcha produzieren wird.<\/p>\n<p>Diese Peitsche ist in der Tat ein wertvolles und seltenes Kunstwerk.<\/p>\n<p>Im obigen Video zeigt uns der Vater von Mr. Hirata eines der Geheimnisse eines handgefertigten Matcha-Teebesens: den &#8222;Shinari&#8220;.<\/p>\n<p>Shinari bedeutet &#8222;gebogen sein&#8220; oder &#8222;Flexibilit\u00e4t&#8220;. Das Erreichen von Shinari kann nicht von einer Maschine erreicht werden, sondern jeder Strang muss einzeln von Hand verarbeitet werden.<\/p>\n<p><iframe loading=\"lazy\" title=\"l&#039;artisanat de fouets \u00e0 matcha authentiques par Hirata-san\" width=\"640\" height=\"360\" src=\"https:\/\/www.youtube.com\/embed\/w6Nl0fkllUM?feature=oembed\" frameborder=\"0\" allow=\"accelerometer; autoplay; clipboard-write; encrypted-media; gyroscope; picture-in-picture; web-share\" referrerpolicy=\"strict-origin-when-cross-origin\" allowfullscreen><\/iframe><\/p>\n","protected":false},"excerpt":{"rendered":"<p>La Rolls Royce du fouet \u00e0 th\u00e9 matcha. Fabriqu\u00e9 \u00e0 la main au Japon par les maitres-artisans Hirata-san et son p\u00e8re, pour pr\u00e9parer un th\u00e9 matcha savoureux avec une mousse onctueuse&#8230;<\/p>\n","protected":false},"featured_media":1766,"template":"","meta":{"_acf_changed":false},"product_brand":[],"product_cat":[49],"product_tag":[],"class_list":{"0":"post-1761","1":"product","2":"type-product","3":"status-publish","4":"has-post-thumbnail","6":"product_cat-zubehor","8":"first","9":"instock","10":"shipping-taxable","11":"purchasable","12":"product-type-simple"},"acf":[],"_links":{"self":[{"href":"https:\/\/kumikomatchabyidh.ch\/de\/wp-json\/wp\/v2\/product\/1761","targetHints":{"allow":["GET"]}}],"collection":[{"href":"https:\/\/kumikomatchabyidh.ch\/de\/wp-json\/wp\/v2\/product"}],"about":[{"href":"https:\/\/kumikomatchabyidh.ch\/de\/wp-json\/wp\/v2\/types\/product"}],"wp:featuredmedia":[{"embeddable":true,"href":"https:\/\/kumikomatchabyidh.ch\/de\/wp-json\/wp\/v2\/media\/1766"}],"wp:attachment":[{"href":"https:\/\/kumikomatchabyidh.ch\/de\/wp-json\/wp\/v2\/media?parent=1761"}],"wp:term":[{"taxonomy":"product_brand","embeddable":true,"href":"https:\/\/kumikomatchabyidh.ch\/de\/wp-json\/wp\/v2\/product_brand?post=1761"},{"taxonomy":"product_cat","embeddable":true,"href":"https:\/\/kumikomatchabyidh.ch\/de\/wp-json\/wp\/v2\/product_cat?post=1761"},{"taxonomy":"product_tag","embeddable":true,"href":"https:\/\/kumikomatchabyidh.ch\/de\/wp-json\/wp\/v2\/product_tag?post=1761"}],"curies":[{"name":"wp","href":"https:\/\/api.w.org\/{rel}","templated":true}]}}