{"id":1814,"date":"2025-01-13T12:49:58","date_gmt":"2025-01-13T11:49:58","guid":{"rendered":"https:\/\/kumikomatchabyidh.ch\/?post_type=product&#038;p=1814"},"modified":"2025-01-13T13:05:19","modified_gmt":"2025-01-13T12:05:19","slug":"zeremonieller-matcha-samidori-bio-30g-copie","status":"publish","type":"product","link":"https:\/\/kumikomatchabyidh.ch\/de\/boutique\/die-aussergewohnlichen\/zeremonieller-matcha-samidori-bio-30g-copie\/","title":{"rendered":"Matcha Shukusai bio 30g"},"content":{"rendered":"<h2>Ein Matcha zur Feier des Kumiko-Abenteuers<\/h2>\n<p><em>Shukusai<\/em> (\u795d\u796d) bedeutet auf Japanisch Feier, Fest. Es beschreibt ein fr\u00f6hliches und festliches Ereignis.<br \/>\nBio Shukusai Matcha ist also ein <strong>Matcha zum Feiern<\/strong>, perfekt f\u00fcr einen Moment mit seinen Lieben oder um einen Erfolg zu feiern. Denn wenn Sie wie ich ein Matcha-Fan sind, wird Sie die Idee, mit diesem Shukusai Matcha anzusto\u00dfen, noch mehr erfreuen als mit Champagner.<\/p>\n<h2>Versteckte Details<\/h2>\n<p>Wir haben den Shukusai Bio-Matcha anl\u00e4sslich des 11-j\u00e4hrigen Bestehens von Kumiko Matcha entworfen, um diesen Geburtstag zu feiern und Ihnen zu danken. Wir haben dieses <strong>exklusive Design<\/strong> mit Details versehen, die wir lieben:<\/p>\n<ul>\n<li>Das Etikett auf dem Deckel zeigt die Motive der Granitm\u00fchlen, die zum Mahlen von Teebl\u00e4ttern verwendet werden.<\/li>\n<li>Der Name des Matcha ist in <em>Kanji<\/em> auf der Schachtel abgebildet.<\/li>\n<li>Elemente sind in einer silbernen, gl\u00e4nzenden Farbe gedruckt.<\/li>\n<li>Eine besondere Notiz befindet sich auf der R\u00fcckseite der Schachtel. \ud83d\ude09<\/li>\n<\/ul>\n<p><strong>Matcha Shukusai bio<\/strong> ist ein <strong>Blend<\/strong>, d.h. er besteht aus verschiedenen Sorten gr\u00fcnen Tees, die zusammen kombiniert werden, um einen einzigartigen, ma\u00dfgeschneiderten Geschmack zu kreieren. In Bezug auf Geschmack und Qualit\u00e4t liegt der Shukusai Matcha zwischen dem Premium-Bio-Matcha-Tee, unserem Hauptprodukt, und dem Ultra-Premium-Bio-Matcha, den viele von Ihnen lieben.<\/p>\n<p><strong>Der Geschmack ist reich, cremig und umami.<\/strong><\/p>\n<p>Dies ist der perfekte Kompromiss zwischen einem Matcha-Tee f\u00fcr jeden Tag und einem sehr speziellen und luxuri\u00f6sen Matcha f\u00fcr Anl\u00e4sse oder Wochenenden, zum Teilen, Verschenken oder um ihn alleine mit vollem Bewusstsein zu genie\u00dfen. Sie k\u00f6nnen diesen Matcha auf die klassische Weise zubereiten, wie unten beschrieben, oder Sie k\u00f6nnen auch eine &#8222;dicke&#8220; Zubereitung<a title=\"Zubereitung von Koicha\" href=\"https:\/\/kumikomatcha.fr\/blogs\/essais-et-videos\/ecole-enshu-koicha\" target=\"_blank\" rel=\"noopener\">(Koicha<\/a>) versuchen, um das volle Aroma dieses Shukusai Bio-Matchas zu erleben, mit 3-5 Gramm Matcha auf 20-30mL hei\u00dfes Wasser.<\/p>\n<p><strong>Herkunft:<\/strong> Japan<br \/>\n<strong>Dosierung: <\/strong>1g Pulver pro 80ml Wasser<br \/>\n<strong>Lagerung:<\/strong> trocken und k\u00fchl, nach dem \u00d6ffnen im K\u00fchlschrank.<br \/>\n<strong>Zusammensetzung:<\/strong> Gemahlene Teebl\u00e4tter<\/p>\n<h4>Ihr erster Matcha:<\/h4>\n<ol>\n<li>Stellen Sie einen Boden aus temperiertem Wasser in den Chawan.<\/li>\n<li>Geben Sie den Matcha mit Hilfe der Saji hinzu (ein bis zwei Tauchg\u00e4nge in die Dose oder den Beutel (1-2 g)).<\/li>\n<li>Mit dem Chasen schlagen, bis das Wasser glatt ist (St\u00e4rke schmelzen).<\/li>\n<li>Bringen Sie das Wasser auf 70\u00b0 C und geben Sie es in den Chawan (80 ml f\u00fcr 1 g Matcha).<\/li>\n<li>Schlagen Sie den Matcha mit dem Schneebesen in W-Form schaumig.<\/li>\n<li>Zerquetschen Sie die Blasen, indem Sie gegen den Chawan kreisen.<\/li>\n<li>Wiederholen Sie die Schritte 5 und 6, bis Sie den gew\u00fcnschten Schaum erhalten haben.<\/li>\n<li>SCHMECKT!!!<\/li>\n<\/ol>\n<p><strong>F\u00fcr Puristen<\/strong>: Verwenden Sie destilliertes Wasser oder Osmosewasser (dann wissen Sie wenigstens, was Sie trinken&#8230;).<\/p>\n<p><strong>F\u00fcr die Spieler:<\/strong> Geben Sie mehr oder weniger Matcha, mehr oder weniger Wasser! Es ist Ihre Zeit, machen Sie sich den Matcha, der zu Ihnen passt.<\/p>\n","protected":false},"excerpt":{"rendered":"<p>Ein hochwertiger Bio-Matcha. Er ist der perfekte Kompromiss zwischen dem Geschmack und der Ausgewogenheit von Premium Bio-Matcha und der Raffinesse von Ultra-Premium Bio-Matcha. Ein festlicher Matcha mit einem exklusiven Dosendesign, um das 11-j\u00e4hrige Jubil\u00e4um von Kumiko Matcha zu feiern.<\/p>\n","protected":false},"featured_media":1819,"template":"","meta":{"_acf_changed":false},"product_brand":[],"product_cat":[79,75],"product_tag":[],"class_list":{"0":"post-1814","1":"product","2":"type-product","3":"status-publish","4":"has-post-thumbnail","6":"product_cat-die-aussergewohnlichen","7":"product_cat-die-kleinsten-letzten","9":"first","10":"instock","11":"shipping-taxable","12":"purchasable","13":"product-type-simple"},"acf":[],"_links":{"self":[{"href":"https:\/\/kumikomatchabyidh.ch\/de\/wp-json\/wp\/v2\/product\/1814","targetHints":{"allow":["GET"]}}],"collection":[{"href":"https:\/\/kumikomatchabyidh.ch\/de\/wp-json\/wp\/v2\/product"}],"about":[{"href":"https:\/\/kumikomatchabyidh.ch\/de\/wp-json\/wp\/v2\/types\/product"}],"wp:featuredmedia":[{"embeddable":true,"href":"https:\/\/kumikomatchabyidh.ch\/de\/wp-json\/wp\/v2\/media\/1819"}],"wp:attachment":[{"href":"https:\/\/kumikomatchabyidh.ch\/de\/wp-json\/wp\/v2\/media?parent=1814"}],"wp:term":[{"taxonomy":"product_brand","embeddable":true,"href":"https:\/\/kumikomatchabyidh.ch\/de\/wp-json\/wp\/v2\/product_brand?post=1814"},{"taxonomy":"product_cat","embeddable":true,"href":"https:\/\/kumikomatchabyidh.ch\/de\/wp-json\/wp\/v2\/product_cat?post=1814"},{"taxonomy":"product_tag","embeddable":true,"href":"https:\/\/kumikomatchabyidh.ch\/de\/wp-json\/wp\/v2\/product_tag?post=1814"}],"curies":[{"name":"wp","href":"https:\/\/api.w.org\/{rel}","templated":true}]}}