{"id":272,"date":"2023-05-01T00:29:39","date_gmt":"2023-04-30T22:29:39","guid":{"rendered":"https:\/\/kumikomatchabyidh.ch\/boutique\/unkategorisiert\/matcha-hyperpremium-bio\/"},"modified":"2023-05-05T17:55:12","modified_gmt":"2023-05-05T15:55:12","slug":"matcha-hyperpremium-bio","status":"publish","type":"product","link":"https:\/\/kumikomatchabyidh.ch\/de\/boutique\/ewigen\/matcha-hyperpremium-bio\/","title":{"rendered":"Matcha Hyperpremium Bio"},"content":{"rendered":"<p>Einen gr\u00fcnen Diamanten probieren<br \/>\nUnwirklicher Grand Cru, die Definition von Umami, der luxuri\u00f6seste und exklusivste f\u00fcr sch\u00f6ne Gelegenheiten, das ist der Roman\u00e9e-Conti Matcha Tee bio &#8211; 30g<br \/>\nDer Bio-Hyperpremium-Matcha ist au\u00dfergew\u00f6hnlich.<br \/>\nDies ist ein einzigartiger Matcha-Tee, den man mindestens einmal im Leben probieren sollte.<\/p>\n<p>Die Verkostung ist eine Symphonie f\u00fcr die Geschmacksnerven, ein Orchester der Aromen, eine kulinarische Reise, ein Kunstwerk zum Genie\u00dfen.<br \/>\nUm einen Matcha Usucha Tee zuzubereiten, verwenden Sie 1 bis 2 Gramm Pulver auf 80mL hei\u00dfes Wasser.<br \/>\nDer Bio-Hyperpremium-Matcha ist so au\u00dfergew\u00f6hnlich, dass er als Koicha genossen werden kann, d. h. als dickfl\u00fcssige Zubereitung: 3-6 g Pulver auf 20-30 mL hei\u00dfes Wasser. Probieren Sie es aus, um das volle Aroma dieses au\u00dfergew\u00f6hnlichen Matchas zu erleben.<\/p>\n","protected":false},"excerpt":{"rendered":"<p>Unwirklicher Grand Cru, die Definition von Umami, der luxuri\u00f6seste und exklusivste f\u00fcr sch\u00f6ne Gelegenheiten, das ist der Roman\u00e9e-Conti des Matcha-Tees bio &#8211; limitierte Serie Jahrgang 2022 &#8211; 30g<\/p>\n","protected":false},"featured_media":133,"template":"","meta":{"_acf_changed":false},"product_brand":[],"product_cat":[48],"product_tag":[],"class_list":{"0":"post-272","1":"product","2":"type-product","3":"status-publish","4":"has-post-thumbnail","6":"product_cat-ewigen","8":"first","9":"instock","10":"shipping-taxable","11":"purchasable","12":"product-type-simple"},"acf":[],"_links":{"self":[{"href":"https:\/\/kumikomatchabyidh.ch\/de\/wp-json\/wp\/v2\/product\/272","targetHints":{"allow":["GET"]}}],"collection":[{"href":"https:\/\/kumikomatchabyidh.ch\/de\/wp-json\/wp\/v2\/product"}],"about":[{"href":"https:\/\/kumikomatchabyidh.ch\/de\/wp-json\/wp\/v2\/types\/product"}],"wp:featuredmedia":[{"embeddable":true,"href":"https:\/\/kumikomatchabyidh.ch\/de\/wp-json\/wp\/v2\/media\/133"}],"wp:attachment":[{"href":"https:\/\/kumikomatchabyidh.ch\/de\/wp-json\/wp\/v2\/media?parent=272"}],"wp:term":[{"taxonomy":"product_brand","embeddable":true,"href":"https:\/\/kumikomatchabyidh.ch\/de\/wp-json\/wp\/v2\/product_brand?post=272"},{"taxonomy":"product_cat","embeddable":true,"href":"https:\/\/kumikomatchabyidh.ch\/de\/wp-json\/wp\/v2\/product_cat?post=272"},{"taxonomy":"product_tag","embeddable":true,"href":"https:\/\/kumikomatchabyidh.ch\/de\/wp-json\/wp\/v2\/product_tag?post=272"}],"curies":[{"name":"wp","href":"https:\/\/api.w.org\/{rel}","templated":true}]}}