{"id":279,"date":"2023-05-01T00:29:42","date_gmt":"2023-04-30T22:29:42","guid":{"rendered":"https:\/\/kumikomatchabyidh.ch\/boutique\/unkategorisiert\/bol-erable\/"},"modified":"2023-05-05T18:14:55","modified_gmt":"2023-05-05T16:14:55","slug":"schussel-ahorn","status":"publish","type":"product","link":"https:\/\/kumikomatchabyidh.ch\/de\/boutique\/zubehor\/schussel-ahorn\/","title":{"rendered":"Sch\u00fcssel Ahorn"},"content":{"rendered":"<p>Eine rot-schwarze Sch\u00fcssel mit flachem Boden im Zeichen des japanischen Ahorns f\u00fcr ein Matcha-Ritual, das zugleich verwurzelt und sublimiert&#8230;<\/p>\n","protected":false},"excerpt":{"rendered":"<p>Eine rot-schwarze Sch\u00fcssel mit flachem Boden im Zeichen des japanischen Ahorns f\u00fcr ein Matcha-Ritual, das zugleich verwurzelt und sublimiert&#8230;<\/p>\n","protected":false},"featured_media":166,"template":"","meta":{"_acf_changed":false},"product_brand":[],"product_cat":[49],"product_tag":[],"class_list":{"0":"post-279","1":"product","2":"type-product","3":"status-publish","4":"has-post-thumbnail","6":"product_cat-zubehor","8":"first","9":"instock","10":"shipping-taxable","11":"purchasable","12":"product-type-simple"},"acf":[],"_links":{"self":[{"href":"https:\/\/kumikomatchabyidh.ch\/de\/wp-json\/wp\/v2\/product\/279","targetHints":{"allow":["GET"]}}],"collection":[{"href":"https:\/\/kumikomatchabyidh.ch\/de\/wp-json\/wp\/v2\/product"}],"about":[{"href":"https:\/\/kumikomatchabyidh.ch\/de\/wp-json\/wp\/v2\/types\/product"}],"wp:featuredmedia":[{"embeddable":true,"href":"https:\/\/kumikomatchabyidh.ch\/de\/wp-json\/wp\/v2\/media\/166"}],"wp:attachment":[{"href":"https:\/\/kumikomatchabyidh.ch\/de\/wp-json\/wp\/v2\/media?parent=279"}],"wp:term":[{"taxonomy":"product_brand","embeddable":true,"href":"https:\/\/kumikomatchabyidh.ch\/de\/wp-json\/wp\/v2\/product_brand?post=279"},{"taxonomy":"product_cat","embeddable":true,"href":"https:\/\/kumikomatchabyidh.ch\/de\/wp-json\/wp\/v2\/product_cat?post=279"},{"taxonomy":"product_tag","embeddable":true,"href":"https:\/\/kumikomatchabyidh.ch\/de\/wp-json\/wp\/v2\/product_tag?post=279"}],"curies":[{"name":"wp","href":"https:\/\/api.w.org\/{rel}","templated":true}]}}