{"id":291,"date":"2023-05-01T00:29:41","date_gmt":"2023-04-30T22:29:41","guid":{"rendered":"https:\/\/kumikomatchabyidh.ch\/boutique\/unkategorisiert\/bol-ecume\/"},"modified":"2023-05-05T18:17:01","modified_gmt":"2023-05-05T16:17:01","slug":"schussel-ecume","status":"publish","type":"product","link":"https:\/\/kumikomatchabyidh.ch\/de\/boutique\/zubehor\/schussel-ecume\/","title":{"rendered":"Sch\u00fcssel Ecume"},"content":{"rendered":"<p>Eine elegante Sch\u00fcssel mit tiefen Blaut\u00f6nen und einem flachen Boden, in der Sie die Farbe des Matcha bewundern und ihn genie\u00dfen k\u00f6nnen, w\u00e4hrend Sie den Schaum des Lebens&#8230;<\/p>\n","protected":false},"excerpt":{"rendered":"<p>Eine elegante Sch\u00fcssel mit tiefen Blaut\u00f6nen und einem flachen Boden, in der Sie die Farbe des Matcha bewundern und ihn genie\u00dfen k\u00f6nnen, w\u00e4hrend Sie den Schaum des Lebens&#8230;<\/p>\n","protected":false},"featured_media":169,"template":"","meta":{"_acf_changed":false},"product_brand":[],"product_cat":[49],"product_tag":[],"class_list":{"0":"post-291","1":"product","2":"type-product","3":"status-publish","4":"has-post-thumbnail","6":"product_cat-zubehor","8":"first","9":"instock","10":"shipping-taxable","11":"purchasable","12":"product-type-simple"},"acf":[],"_links":{"self":[{"href":"https:\/\/kumikomatchabyidh.ch\/de\/wp-json\/wp\/v2\/product\/291","targetHints":{"allow":["GET"]}}],"collection":[{"href":"https:\/\/kumikomatchabyidh.ch\/de\/wp-json\/wp\/v2\/product"}],"about":[{"href":"https:\/\/kumikomatchabyidh.ch\/de\/wp-json\/wp\/v2\/types\/product"}],"wp:featuredmedia":[{"embeddable":true,"href":"https:\/\/kumikomatchabyidh.ch\/de\/wp-json\/wp\/v2\/media\/169"}],"wp:attachment":[{"href":"https:\/\/kumikomatchabyidh.ch\/de\/wp-json\/wp\/v2\/media?parent=291"}],"wp:term":[{"taxonomy":"product_brand","embeddable":true,"href":"https:\/\/kumikomatchabyidh.ch\/de\/wp-json\/wp\/v2\/product_brand?post=291"},{"taxonomy":"product_cat","embeddable":true,"href":"https:\/\/kumikomatchabyidh.ch\/de\/wp-json\/wp\/v2\/product_cat?post=291"},{"taxonomy":"product_tag","embeddable":true,"href":"https:\/\/kumikomatchabyidh.ch\/de\/wp-json\/wp\/v2\/product_tag?post=291"}],"curies":[{"name":"wp","href":"https:\/\/api.w.org\/{rel}","templated":true}]}}