{"id":297,"date":"2023-05-01T00:29:41","date_gmt":"2023-04-30T22:29:41","guid":{"rendered":"https:\/\/kumikomatchabyidh.ch\/boutique\/unkategorisiert\/cuilleres-artisanales-en-bambou-fume-du-japon\/"},"modified":"2023-05-05T18:19:39","modified_gmt":"2023-05-05T16:19:39","slug":"handgefertigte-loffel-aus-gerauchertem-bambus-aus-japan","status":"publish","type":"product","link":"https:\/\/kumikomatchabyidh.ch\/de\/boutique\/zubehor\/handgefertigte-loffel-aus-gerauchertem-bambus-aus-japan\/","title":{"rendered":"Handgefertigte L\u00f6ffel aus ger\u00e4uchertem Bambus aus Japan"},"content":{"rendered":"<p>Ein Matcha-L\u00f6ffel aus dunklem, ger\u00e4uchertem Bambus mit seiner Scheide (optional). Handgefertigt aus ger\u00e4uchertem Bambus, der \u00fcber den Feuerstellen alter, jahrhundertealter H\u00e4user in Japan gesammelt wurde. Jeder ist einzigartig und Wabi-Sabi, seine Pr\u00e4gung h\u00e4ngt damit zusammen, dass er dem Rauch ausgesetzt ist.<\/p>\n","protected":false},"excerpt":{"rendered":"<p>Ein Matcha-L\u00f6ffel aus dunklem, ger\u00e4uchertem Bambus mit seiner Scheide (optional). Handgefertigt aus ger\u00e4uchertem Bambus, der \u00fcber den Feuerstellen alter, jahrhundertealter H\u00e4user in Japan gesammelt wurde. Jeder ist einzigartig und Wabi-Sabi, seine Pr\u00e4gung h\u00e4ngt damit zusammen, dass er dem Rauch ausgesetzt ist.<\/p>\n","protected":false},"featured_media":109,"template":"","meta":{"_acf_changed":false},"product_brand":[],"product_cat":[49],"product_tag":[],"class_list":{"0":"post-297","1":"product","2":"type-product","3":"status-publish","4":"has-post-thumbnail","6":"product_cat-zubehor","8":"first","9":"instock","10":"shipping-taxable","11":"purchasable","12":"product-type-simple"},"acf":[],"_links":{"self":[{"href":"https:\/\/kumikomatchabyidh.ch\/de\/wp-json\/wp\/v2\/product\/297","targetHints":{"allow":["GET"]}}],"collection":[{"href":"https:\/\/kumikomatchabyidh.ch\/de\/wp-json\/wp\/v2\/product"}],"about":[{"href":"https:\/\/kumikomatchabyidh.ch\/de\/wp-json\/wp\/v2\/types\/product"}],"wp:featuredmedia":[{"embeddable":true,"href":"https:\/\/kumikomatchabyidh.ch\/de\/wp-json\/wp\/v2\/media\/109"}],"wp:attachment":[{"href":"https:\/\/kumikomatchabyidh.ch\/de\/wp-json\/wp\/v2\/media?parent=297"}],"wp:term":[{"taxonomy":"product_brand","embeddable":true,"href":"https:\/\/kumikomatchabyidh.ch\/de\/wp-json\/wp\/v2\/product_brand?post=297"},{"taxonomy":"product_cat","embeddable":true,"href":"https:\/\/kumikomatchabyidh.ch\/de\/wp-json\/wp\/v2\/product_cat?post=297"},{"taxonomy":"product_tag","embeddable":true,"href":"https:\/\/kumikomatchabyidh.ch\/de\/wp-json\/wp\/v2\/product_tag?post=297"}],"curies":[{"name":"wp","href":"https:\/\/api.w.org\/{rel}","templated":true}]}}