{"id":312,"date":"2023-05-01T00:29:40","date_gmt":"2023-04-30T22:29:40","guid":{"rendered":"https:\/\/kumikomatchabyidh.ch\/boutique\/unkategorisiert\/matcha-saemidori-bio-50g\/"},"modified":"2023-05-05T18:31:43","modified_gmt":"2023-05-05T16:31:43","slug":"matcha-saemidori-bio-50g","status":"publish","type":"product","link":"https:\/\/kumikomatchabyidh.ch\/de\/boutique\/jahrgange\/matcha-saemidori-bio-50g\/","title":{"rendered":"Matcha Saemidori Bio 50g"},"content":{"rendered":"<p>Unser bestes Preis-Leistungs-Verh\u00e4ltnis, Format 50g Ernte 2022, einzigartige Rebsorte Saemidori f\u00fcr ein umamiartiges und k\u00f6stliches Geschmackserlebnis<\/p>\n","protected":false},"excerpt":{"rendered":"<p>Unser bestes Preis-Leistungs-Verh\u00e4ltnis, Format 50g Ernte 2022, einzigartige Rebsorte Saemidori f\u00fcr ein umamiartiges und k\u00f6stliches Geschmackserlebnis<\/p>\n","protected":false},"featured_media":142,"template":"","meta":{"_acf_changed":false},"product_brand":[],"product_cat":[47],"product_tag":[],"class_list":{"0":"post-312","1":"product","2":"type-product","3":"status-publish","4":"has-post-thumbnail","6":"product_cat-jahrgange","7":"product_shipping_class-lettre-de","9":"first","10":"instock","11":"shipping-taxable","12":"purchasable","13":"product-type-simple"},"acf":[],"_links":{"self":[{"href":"https:\/\/kumikomatchabyidh.ch\/de\/wp-json\/wp\/v2\/product\/312","targetHints":{"allow":["GET"]}}],"collection":[{"href":"https:\/\/kumikomatchabyidh.ch\/de\/wp-json\/wp\/v2\/product"}],"about":[{"href":"https:\/\/kumikomatchabyidh.ch\/de\/wp-json\/wp\/v2\/types\/product"}],"wp:featuredmedia":[{"embeddable":true,"href":"https:\/\/kumikomatchabyidh.ch\/de\/wp-json\/wp\/v2\/media\/142"}],"wp:attachment":[{"href":"https:\/\/kumikomatchabyidh.ch\/de\/wp-json\/wp\/v2\/media?parent=312"}],"wp:term":[{"taxonomy":"product_brand","embeddable":true,"href":"https:\/\/kumikomatchabyidh.ch\/de\/wp-json\/wp\/v2\/product_brand?post=312"},{"taxonomy":"product_cat","embeddable":true,"href":"https:\/\/kumikomatchabyidh.ch\/de\/wp-json\/wp\/v2\/product_cat?post=312"},{"taxonomy":"product_tag","embeddable":true,"href":"https:\/\/kumikomatchabyidh.ch\/de\/wp-json\/wp\/v2\/product_tag?post=312"}],"curies":[{"name":"wp","href":"https:\/\/api.w.org\/{rel}","templated":true}]}}