{"id":330,"date":"2023-05-01T00:29:41","date_gmt":"2023-04-30T22:29:41","guid":{"rendered":"https:\/\/kumikomatchabyidh.ch\/boutique\/unkategorisiert\/set-daccessoires-en-bambou-basique-chine\/"},"modified":"2023-05-05T18:23:36","modified_gmt":"2023-05-05T16:23:36","slug":"bambus-accessoire-set-basic-china","status":"publish","type":"product","link":"https:\/\/kumikomatchabyidh.ch\/de\/boutique\/zubehor\/bambus-accessoire-set-basic-china\/","title":{"rendered":"Bambus-Accessoire-Set (Basic China)"},"content":{"rendered":"<p>Bambuszubeh\u00f6r f\u00fcr die Zubereitung von Matcha-Tee wie in der seit 800 Jahren praktizierten Teezeremonie &#8211; f\u00fcr Ihr eigenes Ritual.<\/p>\n","protected":false},"excerpt":{"rendered":"<p>Bambuszubeh\u00f6r f\u00fcr die Zubereitung von Matcha-Tee wie in der seit 800 Jahren praktizierten Teezeremonie &#8211; f\u00fcr Ihr eigenes Ritual.<\/p>\n","protected":false},"featured_media":139,"template":"","meta":{"_acf_changed":false},"product_brand":[],"product_cat":[49],"product_tag":[],"class_list":{"0":"post-330","1":"product","2":"type-product","3":"status-publish","4":"has-post-thumbnail","6":"product_cat-zubehor","8":"first","9":"instock","10":"shipping-taxable","11":"purchasable","12":"product-type-simple"},"acf":[],"_links":{"self":[{"href":"https:\/\/kumikomatchabyidh.ch\/de\/wp-json\/wp\/v2\/product\/330","targetHints":{"allow":["GET"]}}],"collection":[{"href":"https:\/\/kumikomatchabyidh.ch\/de\/wp-json\/wp\/v2\/product"}],"about":[{"href":"https:\/\/kumikomatchabyidh.ch\/de\/wp-json\/wp\/v2\/types\/product"}],"wp:featuredmedia":[{"embeddable":true,"href":"https:\/\/kumikomatchabyidh.ch\/de\/wp-json\/wp\/v2\/media\/139"}],"wp:attachment":[{"href":"https:\/\/kumikomatchabyidh.ch\/de\/wp-json\/wp\/v2\/media?parent=330"}],"wp:term":[{"taxonomy":"product_brand","embeddable":true,"href":"https:\/\/kumikomatchabyidh.ch\/de\/wp-json\/wp\/v2\/product_brand?post=330"},{"taxonomy":"product_cat","embeddable":true,"href":"https:\/\/kumikomatchabyidh.ch\/de\/wp-json\/wp\/v2\/product_cat?post=330"},{"taxonomy":"product_tag","embeddable":true,"href":"https:\/\/kumikomatchabyidh.ch\/de\/wp-json\/wp\/v2\/product_tag?post=330"}],"curies":[{"name":"wp","href":"https:\/\/api.w.org\/{rel}","templated":true}]}}