{"id":759,"date":"2023-07-07T21:25:49","date_gmt":"2023-07-07T19:25:49","guid":{"rendered":"https:\/\/kumikomatchabyidh.ch\/boutique\/unkategorisiert\/die-drei-jahrgaenge\/"},"modified":"2023-07-25T12:59:00","modified_gmt":"2023-07-25T10:59:00","slug":"les-trois-millesimes","status":"publish","type":"product","link":"https:\/\/kumikomatchabyidh.ch\/de\/boutique\/die-entdeckungen\/les-trois-millesimes\/","title":{"rendered":"Die drei Jahrg\u00e4nge"},"content":{"rendered":"<p>Die drei Bio-Jahrg\u00e4nge:<\/p>\n<ul>\n<li>Matcha Saemidori Bio 50g<\/li>\n<li>Matcha Yabukito Bio 50g<\/li>\n<li>Matcha Okumidori Bio 50g<\/li>\n<\/ul>\n<p>Diese drei au\u00dfergew\u00f6hnlichen Jahrg\u00e4nge sind alle reinsortig und haben daher ihre eigenen Unterschiede und Feinheiten, die jeden Schluck zu einer wahren Geschmacksreise machen!<\/p>\n<p>Valentin (Gr\u00fcnder und Eink\u00e4ufer von Kumiko Matcha) tr\u00e4umte seit Jahren davon, Matchas aus einer einzigen Rebsorte zu finden, die von ultrahoher Qualit\u00e4t sind (\u00e4hnlich wie unser Ultra Premium), zu einem superg\u00fcnstigen Preis und nat\u00fcrlich immer Bio!<\/p>\n<p>Er hat es geschafft! Jetzt m\u00fcssen Sie sich nur noch selbst verw\u00f6hnen.<\/p>\n","protected":false},"excerpt":{"rendered":"<p>Die drei Bio-Jahrg\u00e4nge: Matcha Saemidori Bio 50g Matcha Yabukito Bio 50g Matcha Okumidori Bio 50g Diese drei au\u00dfergew\u00f6hnlichen Jahrg\u00e4nge sind alle reinsortig und haben daher ihre eigenen Unterschiede und Feinheiten, die jeden Schluck zu einer wahren Geschmacksreise machen! Valentin (Gr\u00fcnder und Eink\u00e4ufer von Kumiko Matcha) tr\u00e4umte seit Jahren davon, Matchas aus einer einzigen Rebsorte zu [&hellip;]<\/p>\n","protected":false},"featured_media":747,"template":"","meta":{"_acf_changed":false},"product_brand":[],"product_cat":[67],"product_tag":[],"class_list":{"0":"post-759","1":"product","2":"type-product","3":"status-publish","4":"has-post-thumbnail","6":"product_cat-die-entdeckungen","8":"first","9":"instock","10":"sale","11":"shipping-taxable","12":"purchasable","13":"product-type-simple"},"acf":[],"_links":{"self":[{"href":"https:\/\/kumikomatchabyidh.ch\/de\/wp-json\/wp\/v2\/product\/759","targetHints":{"allow":["GET"]}}],"collection":[{"href":"https:\/\/kumikomatchabyidh.ch\/de\/wp-json\/wp\/v2\/product"}],"about":[{"href":"https:\/\/kumikomatchabyidh.ch\/de\/wp-json\/wp\/v2\/types\/product"}],"wp:featuredmedia":[{"embeddable":true,"href":"https:\/\/kumikomatchabyidh.ch\/de\/wp-json\/wp\/v2\/media\/747"}],"wp:attachment":[{"href":"https:\/\/kumikomatchabyidh.ch\/de\/wp-json\/wp\/v2\/media?parent=759"}],"wp:term":[{"taxonomy":"product_brand","embeddable":true,"href":"https:\/\/kumikomatchabyidh.ch\/de\/wp-json\/wp\/v2\/product_brand?post=759"},{"taxonomy":"product_cat","embeddable":true,"href":"https:\/\/kumikomatchabyidh.ch\/de\/wp-json\/wp\/v2\/product_cat?post=759"},{"taxonomy":"product_tag","embeddable":true,"href":"https:\/\/kumikomatchabyidh.ch\/de\/wp-json\/wp\/v2\/product_tag?post=759"}],"curies":[{"name":"wp","href":"https:\/\/api.w.org\/{rel}","templated":true}]}}