{"id":760,"date":"2023-07-07T21:28:18","date_gmt":"2023-07-07T19:28:18","guid":{"rendered":"https:\/\/kumikomatchabyidh.ch\/boutique\/unkategorisiert\/perpetuals-und-jahrgaenge\/"},"modified":"2023-07-25T13:28:24","modified_gmt":"2023-07-25T11:28:24","slug":"les-perpetuels-et-millesimes","status":"publish","type":"product","link":"https:\/\/kumikomatchabyidh.ch\/de\/boutique\/die-entdeckungen\/les-perpetuels-et-millesimes\/","title":{"rendered":"Perpetuals und Jahrg\u00e4nge"},"content":{"rendered":"<p>lle Premium und Jahrgangs Bio Matcha in 30g Dosen und 50g Beuteln<\/p>\n<ul>\n<li>Matcha Saemidori Bio 50g<\/li>\n<li>Matcha Yabukito Bio 50g<\/li>\n<li>Matcha Okumidori Bio 50g<\/li>\n<li>Matcha Premium Bio 30g<\/li>\n<li>Matcha Ultra-Premium Bio 30g<\/li>\n<li>Matcha Hyper-Premium Bio 30g<\/li>\n<\/ul>\n<h4>Jeden Tag einen Matcha zu trinken ist:<\/h4>\n<ul>\n<li>ein einzigartiger Moment f\u00fcr sich selbst, der unseren Geschmacksnerven schmeichelt und uns dank Umami (5. Geschmack) auf Reisen schickt.<\/li>\n<li>die Konzentration f\u00fcr 4 bis 6 Stunden zu sch\u00e4rfen und zu erh\u00f6hen (kein Kaffee mehr n\u00f6tig!).<\/li>\n<li>eines der, wenn nicht sogar das antioxidativste Lebensmittel der Welt, das uns hilft:<br \/>\n&#8211; die Zellen unseres K\u00f6rpers, die nicht richtig funktionieren und freie Radikale<br \/>\ngenannt werden (die durch Stress, Angst, Sport usw. entstehen), zu zerst\u00f6ren.<br \/>\n&#8211; das Risiko f\u00fcr verschiedene Krankheiten (Alzheimer, Diabetes Typ 2, verschiedene Krebsarten usw.) erheblich senken.<br \/>\n&#8211; die Auswirkungen des kognitiven Verfalls minimieren (ich habe vergessen, was ich sagen wollte&#8230;).<\/li>\n<\/ul>\n<p><strong>Hast du heute Morgen noch keinen Matcha getrunken?<\/strong><\/p>\n","protected":false},"excerpt":{"rendered":"<p>lle Premium und Jahrgangs Bio Matcha in 30g Dosen und 50g Beuteln Matcha Saemidori Bio 50g Matcha Yabukito Bio 50g Matcha Okumidori Bio 50g Matcha Premium Bio 30g Matcha Ultra-Premium Bio 30g Matcha Hyper-Premium Bio 30g Jeden Tag einen Matcha zu trinken ist: ein einzigartiger Moment f\u00fcr sich selbst, der unseren Geschmacksnerven schmeichelt und uns [&hellip;]<\/p>\n","protected":false},"featured_media":723,"template":"","meta":{"_acf_changed":false},"product_brand":[],"product_cat":[67],"product_tag":[],"class_list":{"0":"post-760","1":"product","2":"type-product","3":"status-publish","4":"has-post-thumbnail","6":"product_cat-die-entdeckungen","8":"first","9":"instock","10":"sale","11":"shipping-taxable","12":"purchasable","13":"product-type-simple"},"acf":[],"_links":{"self":[{"href":"https:\/\/kumikomatchabyidh.ch\/de\/wp-json\/wp\/v2\/product\/760","targetHints":{"allow":["GET"]}}],"collection":[{"href":"https:\/\/kumikomatchabyidh.ch\/de\/wp-json\/wp\/v2\/product"}],"about":[{"href":"https:\/\/kumikomatchabyidh.ch\/de\/wp-json\/wp\/v2\/types\/product"}],"wp:featuredmedia":[{"embeddable":true,"href":"https:\/\/kumikomatchabyidh.ch\/de\/wp-json\/wp\/v2\/media\/723"}],"wp:attachment":[{"href":"https:\/\/kumikomatchabyidh.ch\/de\/wp-json\/wp\/v2\/media?parent=760"}],"wp:term":[{"taxonomy":"product_brand","embeddable":true,"href":"https:\/\/kumikomatchabyidh.ch\/de\/wp-json\/wp\/v2\/product_brand?post=760"},{"taxonomy":"product_cat","embeddable":true,"href":"https:\/\/kumikomatchabyidh.ch\/de\/wp-json\/wp\/v2\/product_cat?post=760"},{"taxonomy":"product_tag","embeddable":true,"href":"https:\/\/kumikomatchabyidh.ch\/de\/wp-json\/wp\/v2\/product_tag?post=760"}],"curies":[{"name":"wp","href":"https:\/\/api.w.org\/{rel}","templated":true}]}}