{"id":761,"date":"2023-07-07T21:37:47","date_gmt":"2023-07-07T19:37:47","guid":{"rendered":"https:\/\/kumikomatchabyidh.ch\/boutique\/unkategorisiert\/einfuehrung\/"},"modified":"2023-07-25T13:59:44","modified_gmt":"2023-07-25T11:59:44","slug":"initiation","status":"publish","type":"product","link":"https:\/\/kumikomatchabyidh.ch\/de\/boutique\/die-entdeckungen\/initiation\/","title":{"rendered":"Einf\u00fchrung"},"content":{"rendered":"<p>Ein komplettes Set, um mit Matcha zu experimentieren.<\/p>\n<p>Es enth\u00e4lt alles, was Sie brauchen:<\/p>\n<ul>\n<li>ein Thermometer, um zu \u00fcberpr\u00fcfen, ob das Wasser 70\u00baC hei\u00df ist<\/li>\n<li>eine Schale (chawan), um den Matcha zuzubereiten<\/li>\n<li>einen Bambusl\u00f6ffel (saji) zum Dosieren des Matcha-Pulvers (ca. 1-2g)<\/li>\n<li>einen Schneebesen (chasen), um den Matcha zu verr\u00fchren und aufzusch\u00e4umen<\/li>\n<li>einen St\u00e4nder (naoshi), um den Schneebesen in gutem Zustand zu halten<\/li>\n<li>eine Dose mit 30g Matcha Premium Bio<\/li>\n<\/ul>\n<h4>Dein erster Matcha:<\/h4>\n<ol>\n<li>Gib einen Boden mit temperiertem Wasser in den Chawan.<\/li>\n<li>F\u00fcge den Matcha mit dem Saji hinzu (ein bis zwei Mal in die Dose oder den Beutel tauchen).<\/li>\n<li>Schlage mit dem Chasen, bis das Wasser glatt ist (St\u00e4rke schmelzen).<\/li>\n<li>Das Wasser auf 70\u00b0 erhitzen und in den Chawan geben.<\/li>\n<li>Schlage mit dem Schneebesen Ws, um den Matcha zu sch\u00e4umen.<\/li>\n<li>Zerdr\u00fccke die Blasen, indem du sie kreisf\u00f6rmig gegen den Chawan dr\u00fcckst.<\/li>\n<li>Wiederhole die Schritte 5 und 6, bis du den Schaum hast, der dir gef\u00e4llt.<\/li>\n<li>SCHMECKE!!!<\/li>\n<\/ol>\n<p><strong>F\u00fcr Puristen:<\/strong> Verwende destilliertes Wasser oder Osmosewasser (dann wei\u00dft du wenigstens, was du trinkst&#8230;).<\/p>\n<p><strong>F\u00fcr Spieler:<\/strong> Nimm mehr oder weniger Matcha, mehr oder weniger Wasser! Es ist dein Moment, dir deinen Matcha zu machen, der zu dir passt.<\/p>\n<p>&nbsp;<\/p>\n<p>&nbsp;<\/p>\n","protected":false},"excerpt":{"rendered":"<p>Ein komplettes Set, um mit Matcha zu experimentieren. Es enth\u00e4lt alles, was Sie brauchen: ein Thermometer, um zu \u00fcberpr\u00fcfen, ob das Wasser 70\u00baC hei\u00df ist eine Schale (chawan), um den Matcha zuzubereiten einen Bambusl\u00f6ffel (saji) zum Dosieren des Matcha-Pulvers (ca. 1-2g) einen Schneebesen (chasen), um den Matcha zu verr\u00fchren und aufzusch\u00e4umen einen St\u00e4nder (naoshi), um [&hellip;]<\/p>\n","protected":false},"featured_media":743,"template":"","meta":{"_acf_changed":false},"product_brand":[],"product_cat":[67],"product_tag":[],"class_list":{"0":"post-761","1":"product","2":"type-product","3":"status-publish","4":"has-post-thumbnail","6":"product_cat-die-entdeckungen","8":"first","9":"instock","10":"sale","11":"shipping-taxable","12":"purchasable","13":"product-type-simple"},"acf":[],"_links":{"self":[{"href":"https:\/\/kumikomatchabyidh.ch\/de\/wp-json\/wp\/v2\/product\/761","targetHints":{"allow":["GET"]}}],"collection":[{"href":"https:\/\/kumikomatchabyidh.ch\/de\/wp-json\/wp\/v2\/product"}],"about":[{"href":"https:\/\/kumikomatchabyidh.ch\/de\/wp-json\/wp\/v2\/types\/product"}],"wp:featuredmedia":[{"embeddable":true,"href":"https:\/\/kumikomatchabyidh.ch\/de\/wp-json\/wp\/v2\/media\/743"}],"wp:attachment":[{"href":"https:\/\/kumikomatchabyidh.ch\/de\/wp-json\/wp\/v2\/media?parent=761"}],"wp:term":[{"taxonomy":"product_brand","embeddable":true,"href":"https:\/\/kumikomatchabyidh.ch\/de\/wp-json\/wp\/v2\/product_brand?post=761"},{"taxonomy":"product_cat","embeddable":true,"href":"https:\/\/kumikomatchabyidh.ch\/de\/wp-json\/wp\/v2\/product_cat?post=761"},{"taxonomy":"product_tag","embeddable":true,"href":"https:\/\/kumikomatchabyidh.ch\/de\/wp-json\/wp\/v2\/product_tag?post=761"}],"curies":[{"name":"wp","href":"https:\/\/api.w.org\/{rel}","templated":true}]}}