{"id":818,"date":"2023-08-13T13:43:21","date_gmt":"2023-08-13T11:43:21","guid":{"rendered":"https:\/\/kumikomatchabyidh.ch\/?post_type=product&#038;p=818"},"modified":"2023-08-13T14:03:38","modified_gmt":"2023-08-13T12:03:38","slug":"shigaraki","status":"publish","type":"product","link":"https:\/\/kumikomatchabyidh.ch\/de\/boutique\/zubehor\/shigaraki\/","title":{"rendered":"Chawan mit Ausgie\u00dfer des Shigaraki-Handwerkers"},"content":{"rendered":"<p>Eine au\u00dfergew\u00f6hnliche Schale mit unglaublichen Texturen und praktischem Ausguss, handgefertigt aus lokaler Erde aus Shigaraki, Japan, von Hozan-san, einem T\u00f6pferhandwerker der 3. Generation.<\/p>\n<p>Serie #1 wird 2023 produziert und ist auf 10 St\u00fcck limitiert.<\/p>\n<p>Die \u00e4u\u00dfere Textur ist rau und grob in der Hand, w\u00e4hrend sie gleichzeitig anspruchsvoll mit interessanten Reflexen ist.<\/p>\n<p>Das Innere ist ein glattes Perlmuttwei\u00df, das angenehm ist, um das Gr\u00fcn des Matcha-Tees zu beobachten.<\/p>\n<p>Der Ausgie\u00dfer erm\u00f6glicht ein pr\u00e4zises Ausgie\u00dfen ohne Verschwendung. Sie ist perfekt, um mehrere Matchas f\u00fcr deine Familie oder deine G\u00e4ste zuzubereiten. Diese Sch\u00fcssel erleichtert die Zubereitung von Matcha Latte, um den Matcha in einen anderen Beh\u00e4lter umzuf\u00fcllen.<\/p>\n<p>Das Detail, das uns am besten gef\u00e4llt, ist die Wellenform an den R\u00e4ndern der Schale. Man kann die Geste des T\u00f6pfers Hozan-san erahnen, es ist organisch und wundersch\u00f6n.<\/p>\n","protected":false},"excerpt":{"rendered":"<p>Eine au\u00dfergew\u00f6hnliche Schale mit unglaublichen Texturen und praktischem Ausguss, handgefertigt aus lokaler Erde aus Shigaraki, Japan, von Hozan-san, einem T\u00f6pferhandwerker der 3. Generation.<\/p>\n","protected":false},"featured_media":823,"template":"","meta":{"_acf_changed":false},"product_brand":[],"product_cat":[49],"product_tag":[],"class_list":{"0":"post-818","1":"product","2":"type-product","3":"status-publish","4":"has-post-thumbnail","6":"product_cat-zubehor","8":"first","9":"instock","10":"shipping-taxable","11":"purchasable","12":"product-type-simple"},"acf":[],"_links":{"self":[{"href":"https:\/\/kumikomatchabyidh.ch\/de\/wp-json\/wp\/v2\/product\/818","targetHints":{"allow":["GET"]}}],"collection":[{"href":"https:\/\/kumikomatchabyidh.ch\/de\/wp-json\/wp\/v2\/product"}],"about":[{"href":"https:\/\/kumikomatchabyidh.ch\/de\/wp-json\/wp\/v2\/types\/product"}],"wp:featuredmedia":[{"embeddable":true,"href":"https:\/\/kumikomatchabyidh.ch\/de\/wp-json\/wp\/v2\/media\/823"}],"wp:attachment":[{"href":"https:\/\/kumikomatchabyidh.ch\/de\/wp-json\/wp\/v2\/media?parent=818"}],"wp:term":[{"taxonomy":"product_brand","embeddable":true,"href":"https:\/\/kumikomatchabyidh.ch\/de\/wp-json\/wp\/v2\/product_brand?post=818"},{"taxonomy":"product_cat","embeddable":true,"href":"https:\/\/kumikomatchabyidh.ch\/de\/wp-json\/wp\/v2\/product_cat?post=818"},{"taxonomy":"product_tag","embeddable":true,"href":"https:\/\/kumikomatchabyidh.ch\/de\/wp-json\/wp\/v2\/product_tag?post=818"}],"curies":[{"name":"wp","href":"https:\/\/api.w.org\/{rel}","templated":true}]}}