{"id":836,"date":"2023-08-13T14:07:23","date_gmt":"2023-08-13T12:07:23","guid":{"rendered":"https:\/\/kumikomatchabyidh.ch\/?post_type=product&#038;p=836"},"modified":"2023-08-13T16:05:04","modified_gmt":"2023-08-13T14:05:04","slug":"chawan-mit-ausgieser-des-shigaraki-handwerkers-copie","status":"publish","type":"product","link":"https:\/\/kumikomatchabyidh.ch\/de\/boutique\/zubehor\/chawan-mit-ausgieser-des-shigaraki-handwerkers-copie\/","title":{"rendered":"Chawan des Handwerkers Shigaraki"},"content":{"rendered":"<p>Eine au\u00dfergew\u00f6hnliche Schale mit unglaublichen Texturen, handgefertigt aus lokaler Erde aus Shigaraki, Japan, von Hozan-san, einem T\u00f6pferhandwerker in der dritten Generation.<\/p>\n<p><strong>Serie #6 wird 2023 produziert und ist auf 30 St\u00fcck limitiert.<\/strong><\/p>\n<p>Die \u00e4u\u00dfere Textur ist rau und grob in der Hand, w\u00e4hrend sie gleichzeitig anspruchsvoll mit interessanten Reflexen ist.<\/p>\n<p>Die Innenseite ist ein glattes Perlmuttwei\u00df, das angenehm zum Trinken und Beobachten des gr\u00fcnen Match-Tees ist<\/p>\n","protected":false},"excerpt":{"rendered":"<p>Diese Matcha-Schale eines Handwerkers aus Shigaraki ist etwas ganz Besonderes und tr\u00e4gt eine Geschichte in sich, die mit jeder j\u00e4hrlich produzierten Serie weitergeschrieben wird.<\/p>\n","protected":false},"featured_media":841,"template":"","meta":{"_acf_changed":false},"product_brand":[],"product_cat":[49],"product_tag":[],"class_list":{"0":"post-836","1":"product","2":"type-product","3":"status-publish","4":"has-post-thumbnail","6":"product_cat-zubehor","8":"first","9":"instock","10":"shipping-taxable","11":"purchasable","12":"product-type-simple"},"acf":[],"_links":{"self":[{"href":"https:\/\/kumikomatchabyidh.ch\/de\/wp-json\/wp\/v2\/product\/836","targetHints":{"allow":["GET"]}}],"collection":[{"href":"https:\/\/kumikomatchabyidh.ch\/de\/wp-json\/wp\/v2\/product"}],"about":[{"href":"https:\/\/kumikomatchabyidh.ch\/de\/wp-json\/wp\/v2\/types\/product"}],"wp:featuredmedia":[{"embeddable":true,"href":"https:\/\/kumikomatchabyidh.ch\/de\/wp-json\/wp\/v2\/media\/841"}],"wp:attachment":[{"href":"https:\/\/kumikomatchabyidh.ch\/de\/wp-json\/wp\/v2\/media?parent=836"}],"wp:term":[{"taxonomy":"product_brand","embeddable":true,"href":"https:\/\/kumikomatchabyidh.ch\/de\/wp-json\/wp\/v2\/product_brand?post=836"},{"taxonomy":"product_cat","embeddable":true,"href":"https:\/\/kumikomatchabyidh.ch\/de\/wp-json\/wp\/v2\/product_cat?post=836"},{"taxonomy":"product_tag","embeddable":true,"href":"https:\/\/kumikomatchabyidh.ch\/de\/wp-json\/wp\/v2\/product_tag?post=836"}],"curies":[{"name":"wp","href":"https:\/\/api.w.org\/{rel}","templated":true}]}}