{"id":863,"date":"2023-08-14T11:12:23","date_gmt":"2023-08-14T09:12:23","guid":{"rendered":"https:\/\/kumikomatchabyidh.ch\/?post_type=product&#038;p=863"},"modified":"2023-08-14T11:21:12","modified_gmt":"2023-08-14T09:21:12","slug":"chawan-ausguss","status":"publish","type":"product","link":"https:\/\/kumikomatchabyidh.ch\/de\/boutique\/zubehor\/chawan-ausguss\/","title":{"rendered":"Zubereitungs-Chawan mit Ausguss"},"content":{"rendered":"<p>Eine perfekte Schale, um mehrere Matchas, Matcha Latte oder Matchaspresso zuzubereiten und zu servieren, ohne dass etwas daneben geht.<\/p>\n<p>Es ist eine Glassch\u00fcssel mit einem Ausgie\u00dfer, um genau zu gie\u00dfen und nichts zu versch\u00fctten.<\/p>\n<p>Sie ist perfekt, um mehrere Matchas f\u00fcr deine Familie oder deine G\u00e4ste zuzubereiten.<\/p>\n<p>Diese Sch\u00fcssel erleichtert die Zubereitung von Matcha Latte, um den Matcha in einen anderen Beh\u00e4lter umzuf\u00fcllen.<\/p>\n<p>Oder um die Matchaspresso-Zubereitung zu testen, bei der der Tee in kleinen Espressotassen serviert wird.<\/p>\n<p>&nbsp;<\/p>\n","protected":false},"excerpt":{"rendered":"<p>Eine perfekte Schale, um mehrere Matchas, Matcha Latte oder Matchaspresso zuzubereiten und zu servieren, ohne dass etwas daneben geht.<\/p>\n","protected":false},"featured_media":876,"template":"","meta":{"_acf_changed":false},"product_brand":[],"product_cat":[49],"product_tag":[],"class_list":{"0":"post-863","1":"product","2":"type-product","3":"status-publish","4":"has-post-thumbnail","6":"product_cat-zubehor","8":"first","9":"instock","10":"shipping-taxable","11":"purchasable","12":"product-type-simple"},"acf":[],"_links":{"self":[{"href":"https:\/\/kumikomatchabyidh.ch\/de\/wp-json\/wp\/v2\/product\/863","targetHints":{"allow":["GET"]}}],"collection":[{"href":"https:\/\/kumikomatchabyidh.ch\/de\/wp-json\/wp\/v2\/product"}],"about":[{"href":"https:\/\/kumikomatchabyidh.ch\/de\/wp-json\/wp\/v2\/types\/product"}],"wp:featuredmedia":[{"embeddable":true,"href":"https:\/\/kumikomatchabyidh.ch\/de\/wp-json\/wp\/v2\/media\/876"}],"wp:attachment":[{"href":"https:\/\/kumikomatchabyidh.ch\/de\/wp-json\/wp\/v2\/media?parent=863"}],"wp:term":[{"taxonomy":"product_brand","embeddable":true,"href":"https:\/\/kumikomatchabyidh.ch\/de\/wp-json\/wp\/v2\/product_brand?post=863"},{"taxonomy":"product_cat","embeddable":true,"href":"https:\/\/kumikomatchabyidh.ch\/de\/wp-json\/wp\/v2\/product_cat?post=863"},{"taxonomy":"product_tag","embeddable":true,"href":"https:\/\/kumikomatchabyidh.ch\/de\/wp-json\/wp\/v2\/product_tag?post=863"}],"curies":[{"name":"wp","href":"https:\/\/api.w.org\/{rel}","templated":true}]}}