{"id":1176,"date":"2023-08-28T19:41:35","date_gmt":"2023-08-28T17:41:35","guid":{"rendered":"https:\/\/kumikomatchabyidh.ch\/le-matcha-pour-la-sante\/"},"modified":"2023-10-22T15:32:59","modified_gmt":"2023-10-22T13:32:59","slug":"le-matcha-pour-la-sante","status":"publish","type":"page","link":"https:\/\/kumikomatchabyidh.ch\/en\/le-matcha-pour-la-sante\/","title":{"rendered":"Matcha for health"},"content":{"rendered":"\n<p><a href=\"https:\/\/kumikomatchabyidh.ch\/en\/all-you-need-to-know\/\" data-type=\"page\" data-id=\"1191\">All you need to know<\/a><\/p>\n\n\n\n<div class=\"wp-block-columns is-layout-flex wp-container-core-columns-is-layout-9d6595d7 wp-block-columns-is-layout-flex\">\n<div class=\"wp-block-column is-layout-flow wp-block-column-is-layout-flow\" style=\"flex-basis:10%\"><\/div>\n\n\n\n<div class=\"wp-block-column is-layout-flow wp-block-column-is-layout-flow\" style=\"flex-basis:80%\">\n<h1 class=\"wp-block-heading\">The health benefits of matcha<\/h1>\n\n\n\n<p>It&#8217;s a real challenge to find a food that both provides an epicurean experience unlike any other, and is also a superfood, i.e. one of the healthiest foods you can eat.<\/p>\n\n\n\n<p>To our knowledge, no food or beverage meets both these criteria. While a Grand Cru wine offers a truly epicurean experience, even consumed in small quantities, a great wine can have devastating effects on health.<\/p>\n\n\n\n<h2 class=\"wp-block-heading\">What is a superfood?<\/h2>\n\n\n\n<p>Examples of so-called superfoods are pomegranate, goji berries, wild blueberries, acai berries, mackerel, sardines, fresh turmeric, ginger, cocoa, avocado, walnuts, pumpkin, and regular green tea.<\/p>\n\n\n\n<p>They&#8217;re both healthy and delicious, but they&#8217;re not really considered epicurean experiences like a glass of Roman\u00e9e Conti.<\/p>\n\n\n\n<p>Drinking premium artisan matcha is like drinking a Grand Cru wine like Roman\u00e9e Conti AND getting at least ten times the health benefits of the superfoods listed above.<\/p>\n\n\n\n<p>It&#8217;s a real revelation: it&#8217;s as if my doctor had prescribed a glass of Roman\u00e9e Conti with every meal, for better concentration, weight loss, fresher breath, boosted immunity, and a good mood, like a kind of calm euphoria comparable to what Buddhists call satori.<\/p>\n\n\n\n<div style=\"height:25px\" aria-hidden=\"true\" class=\"wp-block-spacer\"><\/div>\n\n\n<div class=\"wp-block-image\">\n<figure class=\"aligncenter size-full\"><img loading=\"lazy\" decoding=\"async\" width=\"640\" height=\"640\" src=\"https:\/\/kumikomatchabyidh.ch\/wp-content\/uploads\/2023\/08\/sante1.jpeg\" alt=\"\" class=\"wp-image-1161\" srcset=\"https:\/\/kumikomatchabyidh.ch\/wp-content\/uploads\/2023\/08\/sante1.jpeg 640w, https:\/\/kumikomatchabyidh.ch\/wp-content\/uploads\/2023\/08\/sante1-300x300.jpeg 300w, https:\/\/kumikomatchabyidh.ch\/wp-content\/uploads\/2023\/08\/sante1-150x150.jpeg 150w, https:\/\/kumikomatchabyidh.ch\/wp-content\/uploads\/2023\/08\/sante1-400x400.jpeg 400w, https:\/\/kumikomatchabyidh.ch\/wp-content\/uploads\/2023\/08\/sante1-100x100.jpeg 100w\" sizes=\"auto, (max-width: 640px) 100vw, 640px\" \/><\/figure>\n<\/div>\n\n\n<div style=\"height:25px\" aria-hidden=\"true\" class=\"wp-block-spacer\"><\/div>\n\n\n\n<h2 class=\"wp-block-heading\">Matcha is rich in antioxidants<\/h2>\n\n\n\n<p>\u2026which act as anti-inflammatory and anti-viral agents in the body. Antioxidant levels in foods can be measured using the ORAC unit (Oxygen Radical Absorbance Capacity).<\/p>\n\n\n\n<p>Here are some ORAC figures for common superfoods, per 1 gram:<\/p>\n\n\n\n<ul class=\"wp-block-list\">\n<li>Goji berries: 253<\/li>\n\n\n\n<li>Dark chocolate: 227<\/li>\n\n\n\n<li>Pomegranate: 105<\/li>\n\n\n\n<li>Wild blueberries: 93<\/li>\n\n\n\n<li>Acai berries: 60<\/li>\n\n\n\n<li>Broccoli: 30<\/li>\n\n\n\n<li>And matcha? 1685! That&#8217;s a lot more than all these superfoods put together.<\/li>\n<\/ul>\n\n\n\n<h2 class=\"wp-block-heading\">Antioxidants in matcha<\/h2>\n\n\n\n<p>There are many antioxidants, but one of the most important is a flavonoid\/catechin called EGCG (epigallocatechin gallate), and matcha is very rich in EGCG.<\/p>\n\n\n<div class=\"wp-block-image\">\n<figure class=\"aligncenter\"><img decoding=\"async\" src=\"https:\/\/cdn.shopify.com\/s\/files\/1\/1331\/3585\/files\/IMG_0600.PNG?v=1477198037\" alt=\"mol\u00e9cule de EGCG (\u00e9pigallocat\u00e9chine gallate)\"\/><\/figure>\n<\/div>\n\n\n<p><a href=\"http:\/\/en.wikipedia.org\/wiki\/Epigallocatechin_gallate\" target=\"_blank\" rel=\"noreferrer noopener\">Source &#8211; Wikipedia<\/a><\/p>\n\n\n\n<p>Matcha tea contains around 140 times the EGCG of normal green tea, because the tea leaf is entirely consumed.<\/p>\n\n\n\n<p>It&#8217;s not impregnated, or worse, extracted (beware of health claims for extracted green tea, many of which are false). The synergistic effect of the tea leaf&#8217;s soluble and insoluble fibers is responsible for matcha&#8217;s high antioxidant content.<\/p>\n\n\n\n<p>Wikipedia lists many studies showing that EGCG in quantity can be beneficial in the treatment of brain, prostate, cervical and other cancers. Other studies show that matcha promotes fat burning, aids digestion, improves oral hygiene and helps boost immunity.<\/p>\n\n\n\n<h2 class=\"wp-block-heading\">Matcha boosts your brain<\/h2>\n\n\n\n<p>Matcha drinkers noticed clearer, faster thinking, improved memory for names and numbers, heightened alertness, a good mood, a &#8220;calm euphoria&#8221;, and improved ability to concentrate when studying, working or driving. I myself have observed the same effects when drinking matcha.<\/p>\n\n\n\n<p>A bowl of matcha before your lunch break will help limit the early afternoon crash.<\/p>\n\n\n\n<p>In short, matcha is a billion times better for you than other teas, because all the beneficial action is in the leaves, which are savoured and swallowed whole.<\/p>\n\n\n\n<h2 class=\"wp-block-heading\">Chlorophyll from matcha for a detox cure<\/h2>\n\n\n\n<p>Matcha contains a lot of chlorophyll (thanks to the shading process), which gives it its amazing green color.<\/p>\n\n\n\n<p>Doctors and researchers claim that chlorophyll is one of the most powerful blood detoxifiers, and a considerable ally in the creation of ideal blood alkalinity.<\/p>\n\n\n\n<div style=\"height:25px\" aria-hidden=\"true\" class=\"wp-block-spacer\"><\/div>\n\n\n<div class=\"wp-block-image\">\n<figure class=\"aligncenter size-full\"><img loading=\"lazy\" decoding=\"async\" width=\"640\" height=\"640\" src=\"https:\/\/kumikomatchabyidh.ch\/wp-content\/uploads\/2023\/08\/sante2.jpeg\" alt=\"\" class=\"wp-image-1165\" srcset=\"https:\/\/kumikomatchabyidh.ch\/wp-content\/uploads\/2023\/08\/sante2.jpeg 640w, https:\/\/kumikomatchabyidh.ch\/wp-content\/uploads\/2023\/08\/sante2-300x300.jpeg 300w, https:\/\/kumikomatchabyidh.ch\/wp-content\/uploads\/2023\/08\/sante2-150x150.jpeg 150w, https:\/\/kumikomatchabyidh.ch\/wp-content\/uploads\/2023\/08\/sante2-400x400.jpeg 400w, https:\/\/kumikomatchabyidh.ch\/wp-content\/uploads\/2023\/08\/sante2-100x100.jpeg 100w\" sizes=\"auto, (max-width: 640px) 100vw, 640px\" \/><\/figure>\n<\/div>\n\n\n<div style=\"height:25px\" aria-hidden=\"true\" class=\"wp-block-spacer\"><\/div>\n\n\n\n<h2 class=\"wp-block-heading\">Matcha helps stabilize blood sugar levels<\/h2>\n\n\n\n<p>There appears to be a direct link between antioxidant activity and hypoglycemic activity.<\/p>\n\n\n\n<p>The natural sugars (polysaccharides) in matcha help stabilize blood sugar levels, thus protecting against insulin spikes. Concentrated green tea polysaccharides are used in the treatment of diabetes in China.<\/p>\n\n\n\n<h2 class=\"wp-block-heading\">Anti-aging properties<\/h2>\n\n\n\n<p>Antioxidants are desirable because they destroy free radicals, which are atoms with unpaired electrons, known to damage DNA and accelerate the aging process (a theory known as the Free Radical Theory of Aging).<\/p>\n\n\n\n<p>Two studies (including 1331 women with breast cancer) found a significant reduction (27%) in breast cancer recurrence in women who drank three or more cups of green tea a day.<\/p>\n\n\n\n<p>Other studies can be found in the article listing the <a href=\"https:\/\/kumikomatchabyidh.ch\/en\/revue-scientifique\/\" data-type=\"page\" data-id=\"1188\">scientific research<\/a> on Matcha tea.<\/p>\n<\/div>\n\n\n\n<div class=\"wp-block-column is-layout-flow wp-block-column-is-layout-flow\" style=\"flex-basis:10%\"><\/div>\n<\/div>\n","protected":false},"excerpt":{"rendered":"<p>All you need to know The health benefits of matcha It&#8217;s a real challenge to find a food that both provides an epicurean experience unlike any other, and is also a superfood, i.e. one of the healthiest foods you can eat. To our knowledge, no food or beverage meets both these criteria. While a Grand [&hellip;]<\/p>\n","protected":false},"author":2,"featured_media":0,"parent":0,"menu_order":0,"comment_status":"closed","ping_status":"closed","template":"","meta":{"_acf_changed":false,"footnotes":""},"class_list":["post-1176","page","type-page","status-publish","hentry"],"acf":[],"_links":{"self":[{"href":"https:\/\/kumikomatchabyidh.ch\/en\/wp-json\/wp\/v2\/pages\/1176","targetHints":{"allow":["GET"]}}],"collection":[{"href":"https:\/\/kumikomatchabyidh.ch\/en\/wp-json\/wp\/v2\/pages"}],"about":[{"href":"https:\/\/kumikomatchabyidh.ch\/en\/wp-json\/wp\/v2\/types\/page"}],"author":[{"embeddable":true,"href":"https:\/\/kumikomatchabyidh.ch\/en\/wp-json\/wp\/v2\/users\/2"}],"replies":[{"embeddable":true,"href":"https:\/\/kumikomatchabyidh.ch\/en\/wp-json\/wp\/v2\/comments?post=1176"}],"version-history":[{"count":1,"href":"https:\/\/kumikomatchabyidh.ch\/en\/wp-json\/wp\/v2\/pages\/1176\/revisions"}],"predecessor-version":[{"id":1284,"href":"https:\/\/kumikomatchabyidh.ch\/en\/wp-json\/wp\/v2\/pages\/1176\/revisions\/1284"}],"wp:attachment":[{"href":"https:\/\/kumikomatchabyidh.ch\/en\/wp-json\/wp\/v2\/media?parent=1176"}],"curies":[{"name":"wp","href":"https:\/\/api.w.org\/{rel}","templated":true}]}}