{"id":1172,"date":"2023-08-28T16:28:30","date_gmt":"2023-08-28T14:28:30","guid":{"rendered":"https:\/\/kumikomatchabyidh.ch\/cafe-vs-the-vert\/"},"modified":"2023-08-28T16:28:30","modified_gmt":"2023-08-28T14:28:30","slug":"cafe-vs-the-vert","status":"publish","type":"page","link":"https:\/\/kumikomatchabyidh.ch\/it\/cafe-vs-the-vert\/","title":{"rendered":"Caf\u00e9 vs Th\u00e9 vert"},"content":{"rendered":"\n<p><a href=\"https:\/\/kumikomatchabyidh.ch\/tout-savoir\/\" data-type=\"page\" data-id=\"888\">Tout savoir<\/a><\/p>\n\n\n\n<div class=\"wp-block-columns is-layout-flex wp-container-core-columns-is-layout-9d6595d7 wp-block-columns-is-layout-flex\">\n<div class=\"wp-block-column is-layout-flow wp-block-column-is-layout-flow\" style=\"flex-basis:10%\"><\/div>\n\n\n\n<div class=\"wp-block-column is-layout-flow wp-block-column-is-layout-flow\" style=\"flex-basis:80%\">\n<h2 class=\"wp-block-heading\">Caf\u00e9 vs Th\u00e9 vert :<br>impact de la consommation sur le risque de d\u00e9c\u00e8s par maladie cardiovasculaire<\/h2>\n\n\n\n<p><strong>Boire deux tasses de&nbsp;caf\u00e9&nbsp;ou plus par jour peut augmenter le risque de mort cardiaque chez les personnes souffrant d&#8217;hypertension s\u00e9v\u00e8re. A l&#8217;inverse, le th\u00e9 vert &#8211; comme le&nbsp;matcha&nbsp;&#8211; n&#8217;augmenterait pas le risque de mortalit\u00e9 quel que soit le niveau de pression art\u00e9rielle d&#8217;une personne.&nbsp;<\/strong><\/p>\n\n\n\n<p>Selon une \u00e9tude japonaise, publi\u00e9e en d\u00e9cembre 2022 dans la revue&nbsp;<em>Journal of the American Heart Association<\/em>&nbsp;(JAHA) [1], la consommation de deux tasses de caf\u00e9 ou plus par jour \u00e9tait associ\u00e9e \u00e0 deux fois plus de risque de d\u00e9c\u00e8s par maladie cardiovasculaire chez les personnes souffrant d&#8217;hypertension s\u00e9v\u00e8re par rapport aux non-buveurs de caf\u00e9.<\/p>\n\n\n\n<h3 class=\"wp-block-heading\">Caf\u00e9 et th\u00e9 vert<\/h3>\n\n\n\n<p>Le th\u00e9 vert et le caf\u00e9 sont deux boissons tr\u00e8s populaires qui ont \u00e9t\u00e9 associ\u00e9es \u00e0 de nombreux bienfaits pour la sant\u00e9.\u00a0<\/p>\n\n\n\n<p>Le&nbsp;<strong>th\u00e9 vert<\/strong>&nbsp;est riche en antioxydants, en particulier en cat\u00e9chines [2], qui peuvent aider \u00e0 prot\u00e9ger les cellules du corps contre les dommages caus\u00e9s par les radicaux libres. Il a \u00e9galement \u00e9t\u00e9 montr\u00e9 que le th\u00e9 vert peut contribuer \u00e0 r\u00e9duire le risque de maladies cardiaques, de diab\u00e8te de type 2 et de certains types de cancer. Le th\u00e9 vert peut \u00e9galement aider \u00e0 am\u00e9liorer la sant\u00e9 mentale en r\u00e9duisant le stress et en am\u00e9liorant la cognition.<\/p>\n\n\n\n<p>Le&nbsp;<strong>caf\u00e9<\/strong>, quant \u00e0 lui, est une source importante de caf\u00e9ine, une substance qui peut stimuler le cerveau et am\u00e9liorer la vigilance et la concentration. Le caf\u00e9 peut \u00e9galement aider \u00e0 r\u00e9duire le risque de maladies neurod\u00e9g\u00e9n\u00e9ratives telles que la maladie d&#8217;Alzheimer et la maladie de Parkinson. De plus, le caf\u00e9 peut aider \u00e0 prot\u00e9ger contre certaines maladies m\u00e9taboliques telles que le diab\u00e8te de type 2 et l&#8217;ob\u00e9sit\u00e9.<\/p>\n\n\n\n<p>Enfin, il est important de noter qu&#8217;il faut consommer ces boissons avec mod\u00e9ration, et limiter ou \u00e9viter leur consommation chez les personnes fragiles ou en bas \u00e2ge. La caf\u00e9ine peut causer de la nervosit\u00e9, de l&#8217;insomnie et d&#8217;autres effets secondaires chez certaines personnes. Ainsi, il est recommand\u00e9 de ne pas en consommer en quantit\u00e9s excessives. De m\u00eame, il est important de se souvenir que le th\u00e9 vert et le caf\u00e9 ne remplacent pas une hydratation et une alimentation \u00e9quilibr\u00e9e et une activit\u00e9 physique r\u00e9guli\u00e8re dans le cadre d&#8217;une vie saine.<\/p>\n\n\n\n<figure class=\"wp-block-image size-large\"><img loading=\"lazy\" decoding=\"async\" width=\"1024\" height=\"683\" src=\"https:\/\/kumikomatchabyidh.ch\/wp-content\/uploads\/2023\/08\/vue-cote-femme-boire-tasse-cafe-1024x683.jpg\" alt=\"\" class=\"wp-image-952\" srcset=\"https:\/\/kumikomatchabyidh.ch\/wp-content\/uploads\/2023\/08\/vue-cote-femme-boire-tasse-cafe-1024x683.jpg 1024w, https:\/\/kumikomatchabyidh.ch\/wp-content\/uploads\/2023\/08\/vue-cote-femme-boire-tasse-cafe-300x200.jpg 300w, https:\/\/kumikomatchabyidh.ch\/wp-content\/uploads\/2023\/08\/vue-cote-femme-boire-tasse-cafe-768x512.jpg 768w, https:\/\/kumikomatchabyidh.ch\/wp-content\/uploads\/2023\/08\/vue-cote-femme-boire-tasse-cafe-800x533.jpg 800w, https:\/\/kumikomatchabyidh.ch\/wp-content\/uploads\/2023\/08\/vue-cote-femme-boire-tasse-cafe.jpg 1500w\" sizes=\"auto, (max-width: 1024px) 100vw, 1024px\" \/><\/figure>\n\n\n\n<h3 class=\"wp-block-heading\">Rappel des bienfaits du caf\u00e9<\/h3>\n\n\n\n<p>Le caf\u00e9 peut avoir plusieurs bienfaits pour la sant\u00e9 lorsqu&#8217;il est consomm\u00e9 de mani\u00e8re mod\u00e9r\u00e9e, c&#8217;est-\u00e0-dire environ trois tasses par jour pour un adulte en bonne sant\u00e9.<\/p>\n\n\n\n<p>Voici quelques exemples de ces bienfaits probables, recens\u00e9s parmi les diff\u00e9rentes \u00e9tudes scientifiques sur le caf\u00e9 :<\/p>\n\n\n\n<ul class=\"wp-block-list\">\n<li><strong>Stimulation de la vigilance et de l&#8217;attention<\/strong>&nbsp;: la caf\u00e9ine, qui est l&#8217;ingr\u00e9dient actif du caf\u00e9, est une substance stimulante qui peut aider \u00e0 maintenir une bonne vigilance et une bonne attention.<\/li>\n\n\n\n<li><strong>Am\u00e9lioration de la m\u00e9moire et de la cognition<\/strong>&nbsp;: certaines \u00e9tudes ont montr\u00e9 que la consommation de caf\u00e9ine peut am\u00e9liorer la m\u00e9moire de travail \u00e0 court terme et la cognition en g\u00e9n\u00e9ral.<\/li>\n\n\n\n<li><strong>R\u00e9duction du risque de certaines maladies<\/strong>&nbsp;: la consommation de caf\u00e9 peut \u00eatre li\u00e9e \u00e0 une r\u00e9duction du risque de d\u00e9velopper certaines maladies, notamment la maladie d&#8217;Alzheimer, la d\u00e9mence, le diab\u00e8te de type 2 et certains types de cancer.<\/li>\n\n\n\n<li><strong>Am\u00e9lioration de l&#8217;humeur et de la motivation<\/strong>&nbsp;: la caf\u00e9ine peut aider \u00e0 am\u00e9liorer l&#8217;humeur et la motivation en agissant sur les neurotransmetteurs dans le cerveau.<\/li>\n<\/ul>\n\n\n\n<p>Il est important de souligner que ces bienfaits sont g\u00e9n\u00e9ralement observ\u00e9s lorsque le caf\u00e9 est consomm\u00e9 de mani\u00e8re mod\u00e9r\u00e9e. Une consommation excessive de caf\u00e9 peut avoir des effets ind\u00e9sirables, tels que l&#8217;insomnie, l&#8217;irritabilit\u00e9 et les maux de t\u00eate.<\/p>\n\n\n\n<p>De plus, le caf\u00e9 peut interf\u00e9rer avec l&#8217;absorption de certains nutriments et m\u00e9dicaments. Il est donc recommand\u00e9 de consommer le caf\u00e9 et les boissons \u00e0 base de caf\u00e9ine avec mod\u00e9ration.<\/p>\n\n\n<div class=\"wp-block-image\">\n<figure class=\"aligncenter size-full\"><img loading=\"lazy\" decoding=\"async\" width=\"1000\" height=\"666\" src=\"https:\/\/kumikomatchabyidh.ch\/wp-content\/uploads\/2023\/08\/bienfaits-mefaits-the.jpg.webp\" alt=\"\" class=\"wp-image-956\" srcset=\"https:\/\/kumikomatchabyidh.ch\/wp-content\/uploads\/2023\/08\/bienfaits-mefaits-the.jpg.webp 1000w, https:\/\/kumikomatchabyidh.ch\/wp-content\/uploads\/2023\/08\/bienfaits-mefaits-the.jpg-300x200.webp 300w, https:\/\/kumikomatchabyidh.ch\/wp-content\/uploads\/2023\/08\/bienfaits-mefaits-the.jpg-768x511.webp 768w, https:\/\/kumikomatchabyidh.ch\/wp-content\/uploads\/2023\/08\/bienfaits-mefaits-the.jpg-800x533.webp 800w\" sizes=\"auto, (max-width: 1000px) 100vw, 1000px\" \/><\/figure>\n<\/div>\n\n\n<div style=\"height:25px\" aria-hidden=\"true\" class=\"wp-block-spacer\"><\/div>\n\n\n\n<h3 class=\"wp-block-heading\">Memento sur les bienfaits du th\u00e9 vert<\/h3>\n\n\n\n<p>Le th\u00e9 vert est une source de nombreux bienfaits pour la sant\u00e9. Il contient des antioxydants, notamment de la cat\u00e9chine, qui peuvent aider \u00e0 prot\u00e9ger les cellules contre les dommages caus\u00e9s par les radicaux libres. Le th\u00e9 vert peut \u00e9galement aider \u00e0 r\u00e9duire le risque de maladies cardiaques en abaissant la pression art\u00e9rielle et en diminuant le taux de cholest\u00e9rol dans le sang.<strong>\u00a0<\/strong><\/p>\n\n\n\n<p>De plus, le th\u00e9 vert peut contribuer \u00e0 la&nbsp;<a rel=\"noreferrer noopener\" href=\"https:\/\/blognutritionsante.com\/2018\/02\/01\/the-vert-matcha-metabolisme\/\" target=\"_blank\">perte de poids<\/a>&nbsp;en augmentant le m\u00e9tabolisme et en favorisant l&#8217;utilisation des graisses comme source d&#8217;\u00e9nergie. Il peut \u00e9galement ralentir le&nbsp;vieillissement cutan\u00e9, ou am\u00e9liorer la sant\u00e9 mentale en r\u00e9duisant le stress et en am\u00e9liorant la vigilance et la&nbsp;fonction cognitive.<\/p>\n\n\n\n<p>Enfin, le th\u00e9 vert peut avoir des propri\u00e9t\u00e9s anti-inflammatoires et peut \u00eatre b\u00e9n\u00e9fique pour pr\u00e9venir certaines formes de cancer, comme le cancer du c\u00f4lon, de la prostate et du sein. Cependant, ces effets n&#8217;ont pas encore \u00e9t\u00e9 prouv\u00e9s dans leur ensemble de mani\u00e8re concluante par des \u00e9tudes cliniques.<\/p>\n\n\n\n<blockquote class=\"wp-block-quote is-layout-flow wp-block-quote-is-layout-flow\">\n<p><strong>Qu&#8217;est-ce que l&#8217;hypertension art\u00e9rielle ?<\/strong><\/p>\n\n\n\n<p>L&#8217;hypertension art\u00e9rielle [3] est une condition m\u00e9dicale dans laquelle la pression art\u00e9rielle dans les vaisseaux sanguins est \u00e9lev\u00e9e. La pression art\u00e9rielle est la force du sang qui pousse contre les parois des vaisseaux sanguins lorsque le c\u0153ur pompe le sang. Une pression art\u00e9rielle normale se situe g\u00e9n\u00e9ralement entre 90\/60 mmHg et 120\/80 mmHg. Une pression art\u00e9rielle \u00e9lev\u00e9e peut endommager les vaisseaux sanguins et augmenter le risque de maladies cardiaques, d&#8217;accidents vasculaires c\u00e9r\u00e9braux (AVC) et d&#8217;autres probl\u00e8mes de sant\u00e9. L&#8217;hypertension art\u00e9rielle est souvent appel\u00e9e &#8220;maladie silencieuse&#8221; car elle ne pr\u00e9sente g\u00e9n\u00e9ralement aucun sympt\u00f4me. Il est important de la surveiller r\u00e9guli\u00e8rement et de la traiter si n\u00e9cessaire.<\/p>\n<\/blockquote>\n\n\n\n<h3 class=\"wp-block-heading\">R\u00e9sultats d&#8217;une \u00e9tude aupr\u00e8s de plus 18 000 femmes et hommes au Japon<\/h3>\n\n\n\n<p>Consommer deux tasses de caf\u00e9 ou plus par jour peut doubler le risque de d\u00e9c\u00e8s par maladie cardiovasculaire chez les personnes souffrant d&#8217;hypertension art\u00e9rielle s\u00e9v\u00e8re [160\/100 mm Hg (millim\u00e8tres de mercure) ou +], mais pas chez les personnes souffrant d&#8217;hypertension art\u00e9rielle non consid\u00e9r\u00e9e comme grave.<\/p>\n\n\n\n<p>Toutefois, l&#8217;\u00e9tude a r\u00e9v\u00e9l\u00e9 qu&#8217;une tasse de caf\u00e9 et la consommation quotidienne de th\u00e9 vert n&#8217;augmentaient pas le risque de d\u00e9c\u00e8s li\u00e9 aux maladies cardiovasculaires quelle que soit la mesure de la pression art\u00e9rielle, bien que les deux boissons contiennent de la caf\u00e9ine.<\/p>\n\n\n\n<p>Pour m\u00e9moire, des recherches ant\u00e9rieures [4] ont montr\u00e9 que boire une tasse de caf\u00e9 par jour peut aider les patients&nbsp;rescap\u00e9s d&#8217;une crise cardiaque(infarctus du myocarde) en r\u00e9duisant leur risque de d\u00e9c\u00e8s apr\u00e8s une crise cardiaque et peut pr\u00e9venir les crises cardiaques ou les accidents vasculaires c\u00e9r\u00e9braux (AVC) chez les personnes en bonne sant\u00e9.<\/p>\n\n\n\n<p>De plus, d&#8217;autres \u00e9tudes ont sugg\u00e9r\u00e9 que le fait de boire du caf\u00e9 r\u00e9guli\u00e8rement peut aider \u00e0 am\u00e9liorer la sant\u00e9 globale (r\u00e9duire le risque de d\u00e9velopper des maladies chroniques et certains cancers, aider \u00e0 contr\u00f4ler l&#8217;app\u00e9tit, aider \u00e0 r\u00e9duire le risque de d\u00e9pression ou \u00e0 augmenter la vigilance,&#8230;).<\/p>\n\n\n\n<p>Cependant, il n&#8217;est pas encore clair si cet effet provient de la caf\u00e9ine ou d&#8217;une autres substance pr\u00e9sente dans le caf\u00e9. Du c\u00f4t\u00e9 nocivit\u00e9, consommer trop de caf\u00e9 peut augmenter la tension art\u00e9rielle et entra\u00eener de l&#8217;anxi\u00e9t\u00e9, des palpitations cardiaques et des troubles du sommeil (insomnie).<\/p>\n\n\n\n<h3 class=\"wp-block-heading\">Une analyse de donn\u00e9es sur 19 ans de suivi<\/h3>\n\n\n\n<p>Cette \u00e9tude visait \u00e0 d\u00e9terminer si l&#8217;effet protecteur connu du caf\u00e9 s&#8217;applique \u00e9galement aux personnes souffrant d&#8217;hypertension \u00e0 diff\u00e9rents degr\u00e9s, et aussi \u00e0 examiner les effets du th\u00e9 vert dans la m\u00eame population.<\/p>\n\n\n\n<p>De plus, il s&#8217;agit de la premi\u00e8re \u00e9tude \u00e0 trouver une association entre la consommation de deux tasses de caf\u00e9 ou plus par jour et la mortalit\u00e9 par maladie cardiovasculaire chez les personnes souffrant d&#8217;hypertension s\u00e9v\u00e8re.<\/p>\n\n\n\n<p>Rappelons que l&#8217;hypertension art\u00e9rielle survient lorsque la force du sang poussant contre les parois des vaisseaux sanguins est constamment trop \u00e9lev\u00e9e, ce qui oblige le c\u0153ur \u00e0 travailler plus fort pour pomper le sang.<\/p>\n\n\n\n<p><strong>Les chercheurs ont class\u00e9 les crit\u00e8res de tension art\u00e9rielle en cinq cat\u00e9gories :<\/strong><\/p>\n\n\n\n<ul class=\"wp-block-list\">\n<li>optimale et normale (moins de 130\/85 mm Hg) ;<\/li>\n\n\n\n<li>normal \u00e9lev\u00e9 (130-139\/85-89 mm Hg) ;<\/li>\n\n\n\n<li>hypertension de grade 1 (140-159\/90-99 mm Hg) ;<\/li>\n\n\n\n<li>grade 2 (160-179\/100-109 mm Hg) ;<\/li>\n\n\n\n<li>grade 3 (sup\u00e9rieur \u00e0 180\/110 mm Hg).<\/li>\n<\/ul>\n\n\n\n<p>Les mesures de la pression art\u00e9rielle aux grades 2 et 3 ont \u00e9t\u00e9 consid\u00e9r\u00e9es comme une hypertension s\u00e9v\u00e8re dans cette \u00e9tude.<\/p>\n\n\n\n<p>Au d\u00e9but de la recherche, les participants \u00e0 l&#8217;\u00e9tude comprenaient plus de 12 000 femmes et 6 570 hommes, \u00e2g\u00e9s de 40 \u00e0 79 ans. Les participants ont fourni des donn\u00e9es par le biais d&#8217;examens de sant\u00e9 et de questionnaires auto-administr\u00e9s \u00e9valuant le mode de vie, le r\u00e9gime alimentaire et les ant\u00e9c\u00e9dents m\u00e9dicaux. Durant pr\u00e8s de 19 ans de suivi, 842 d\u00e9c\u00e8s li\u00e9s aux maladies cardiovasculaires ont \u00e9t\u00e9 document\u00e9s.<\/p>\n\n\n\n<h3 class=\"wp-block-heading\">Que r\u00e9v\u00e8le l&#8217;analyse des donn\u00e9es de cette \u00e9tude ?&nbsp;<\/h3>\n\n\n\n<p>L&#8217;analyse des donn\u00e9es de cette \u00e9tude sur la consommation de caf\u00e9 et de th\u00e9 vert pour tous les participants a r\u00e9v\u00e9l\u00e9 que :<\/p>\n\n\n\n<ul class=\"wp-block-list\">\n<li>Boire deux tasses de caf\u00e9 ou plus par jour \u00e9tait associ\u00e9 \u00e0 deux fois plus de risque de d\u00e9c\u00e8s par maladie cardiovasculaire chez les personnes dont la pression art\u00e9rielle \u00e9tait de 160\/100 mm Hg ou plus par rapport \u00e0 celles qui ne buvaient pas de caf\u00e9.<\/li>\n\n\n\n<li>La consommation d&#8217;une tasse de caf\u00e9 par jour n&#8217;\u00e9tait pas associ\u00e9e \u00e0 un risque accru de d\u00e9c\u00e8s par maladie cardiovasculaire dans toutes les cat\u00e9gories de tension art\u00e9rielle.<\/li>\n\n\n\n<li>La consommation de th\u00e9 vert n&#8217;\u00e9tait pas associ\u00e9e \u00e0 un risque accru de mortalit\u00e9 par maladie cardiovasculaire dans toutes les cat\u00e9gories de tension art\u00e9rielle.<\/li>\n<\/ul>\n\n\n\n<p>D&#8217;autre part, ces r\u00e9sultats peuvent \u00e9tayer l&#8217;affirmation selon laquelle les personnes souffrant d&#8217;hypertension art\u00e9rielle s\u00e9v\u00e8re devraient \u00e9viter de boire trop de caf\u00e9.<\/p>\n\n\n\n<p>En effet, les personnes souffrant d&#8217;hypertension s\u00e9v\u00e8re sont plus sensibles aux effets de la caf\u00e9ine, et les effets nocifs de la caf\u00e9ine peuvent l&#8217;emporter sur l&#8217;ensemble des effets protecteurs et peuvent ainsi augmenter le risque de d\u00e9c\u00e8s.<\/p>\n\n\n\n<p>L&#8217;\u00e9tude a r\u00e9v\u00e9l\u00e9 que les personnes consommant plus fr\u00e9quemment du caf\u00e9 \u00e9taient plus susceptibles d&#8217;\u00eatre plus jeunes, de fumer du tabac ou de consommer actuellement de l&#8217;alcool, de manger moins de l\u00e9gumes, d&#8217;avoir un taux de cholest\u00e9rol total plus \u00e9lev\u00e9 , ainsi qu&#8217;une pression art\u00e9rielle systolique plus basse, quelle que soit la cat\u00e9gorie de pression art\u00e9rielle.<\/p>\n\n\n\n<p>Par ailleurs, les bienfaits du th\u00e9 vert peuvent s&#8217;expliquer par la pr\u00e9sence de polyph\u00e9nols, qui sont des micronutriments aux propri\u00e9t\u00e9s antioxydantes et anti-inflammatoires saines que l&#8217;on trouve dans les plantes. Les chercheurs ont not\u00e9 que les polyph\u00e9nols pourraient expliquer partiellement pourquoi seule la consommation de caf\u00e9 \u00e9tait associ\u00e9e \u00e0 un risque accru de d\u00e9c\u00e8s chez les personnes souffrant d&#8217;hypertension art\u00e9rielle s\u00e9v\u00e8re malgr\u00e9 que le th\u00e9 vert et le caf\u00e9 contiennent de la caf\u00e9ine.<\/p>\n\n\n\n<p>Enfin, m\u00eame si ces r\u00e9sultats sont fiables et qu&#8217;ils raviront les amateurs de th\u00e9 vert (sencha, gyokuro,&nbsp;matcha,&nbsp;long jing,&#8230;), cette recherche comporte plusieurs limites \u00e0 souligner. La consommation de caf\u00e9 et de th\u00e9 y \u00e9tait autod\u00e9clar\u00e9e ; la pression art\u00e9rielle \u00e9tait mesur\u00e9e \u00e0 un seul moment ; la nature observationnelle de l&#8217;\u00e9tude n&#8217;a pas permis d&#8217;\u00e9tablir un lien direct de cause \u00e0 effet entre la consommation de caf\u00e9 et le risque de maladie cardiovasculaire chez les personnes souffrant d&#8217;hypertension art\u00e9rielle s\u00e9v\u00e8re.<\/p>\n\n\n\n<p>R\u00e9daction : Jimmy Braun &#8211;&nbsp;<a rel=\"noreferrer noopener\" href=\"https:\/\/blognutritionsante.com\/\" target=\"_blank\">Blog Nutrition Sant\u00e9<\/a>&nbsp;&#8211; Mars 2023<\/p>\n\n\n\n<h2 class=\"wp-block-heading\">Sources<\/h2>\n\n\n\n<ul class=\"wp-block-list\">\n<li>MASAYUKI TERAMOTO, KAZUMASA YAMAGISHI, ISAO MURAKI, AKIKO TAMAKOSHI, HIROYASU ISO. COFFEE AND GREEN TEA CONSUMPTION AND CARDIOVASCULAR DISEASE MORTALITY AMONG PEOPLE WITH AND WITHOUT HYPERTENSION. JOURNAL OF THE AMERICAN HEART ASSOCIATION, 2022;&nbsp;<a href=\"https:\/\/www.ahajournals.org\/doi\/10.1161\/JAHA.122.026477\" target=\"_blank\" rel=\"noreferrer noopener\">DOI: 10.1161\/JAHA<\/a>.<\/li>\n\n\n\n<li><a href=\"HTTPS:\/\/WWW.EFSA.EUROPA.EU\/FR\/PRESS\/NEWS\/180418\" data-type=\"link\" data-id=\"HTTPS:\/\/WWW.EFSA.EUROPA.EU\/FR\/PRESS\/NEWS\/180418\">L&#8217;EFSA \u00c9VALUE LA S\u00c9CURIT\u00c9 DES CAT\u00c9CHINES DANS LE TH\u00c9 VERT<\/a>. 2018.<\/li>\n\n\n\n<li><a href=\"https:\/\/www.efsa.europa.eu\/fr\/press\/news\/180418\" data-type=\"link\" data-id=\"HTTPS:\/\/WWW.MSDMANUALS.COM\/FR\/ACCUEIL\/TROUBLES-CARDIAQUES-ET-VASCULAIRES\/\">HYPERTENSION ART\u00c9RIELLE (HYPERTENSION)<\/a>. PAR GEORGE L. BAKRIS, MD, UNIVERSITY OF CHICAGO SCHOOL OF MEDICINE. REVUE\/R\u00c9VISION COMPL\u00c8TE MARS 2021. LE MANUEL MSD.&nbsp;<\/li>\n\n\n\n<li><a href=\"https:\/\/www.sciencedirect.com\/science\/article\/abs\/pii\/S093947532030291X\" data-type=\"link\" data-id=\"HTTPS:\/\/WWW.SCIENCEDIRECT.COM\/SCIENCE\/ARTICLE\/ABS\/PII\/S093947532030291X\">SAFETY OF COFFEE CONSUMPTION AFTER MYOCARDIAL INFARCTION<\/a>: A SYSTEMATIC REVIEW AND META-ANALYSIS. NUTRITION, METABOLISM AND CARDIOVASCULAR DISEASES. VOLUME 30, ISSUE 12, 27 NOVEMBER 2020, PAGES 2146-2158.&nbsp;<\/li>\n<\/ul>\n<\/div>\n\n\n\n<div class=\"wp-block-column is-layout-flow wp-block-column-is-layout-flow\" style=\"flex-basis:10%\"><\/div>\n<\/div>\n\n\n\n<p><\/p>\n","protected":false},"excerpt":{"rendered":"<p>Tout savoir Caf\u00e9 vs Th\u00e9 vert :impact de la consommation sur le risque de d\u00e9c\u00e8s par maladie cardiovasculaire Boire deux tasses de&nbsp;caf\u00e9&nbsp;ou plus par jour peut augmenter le risque de mort cardiaque chez les personnes souffrant d&#8217;hypertension s\u00e9v\u00e8re. A l&#8217;inverse, le th\u00e9 vert &#8211; comme le&nbsp;matcha&nbsp;&#8211; n&#8217;augmenterait pas le risque de mortalit\u00e9 quel que soit [&hellip;]<\/p>\n","protected":false},"author":2,"featured_media":0,"parent":0,"menu_order":0,"comment_status":"closed","ping_status":"closed","template":"","meta":{"_acf_changed":false,"footnotes":""},"class_list":["post-1172","page","type-page","status-publish","hentry"],"acf":[],"_links":{"self":[{"href":"https:\/\/kumikomatchabyidh.ch\/it\/wp-json\/wp\/v2\/pages\/1172","targetHints":{"allow":["GET"]}}],"collection":[{"href":"https:\/\/kumikomatchabyidh.ch\/it\/wp-json\/wp\/v2\/pages"}],"about":[{"href":"https:\/\/kumikomatchabyidh.ch\/it\/wp-json\/wp\/v2\/types\/page"}],"author":[{"embeddable":true,"href":"https:\/\/kumikomatchabyidh.ch\/it\/wp-json\/wp\/v2\/users\/2"}],"replies":[{"embeddable":true,"href":"https:\/\/kumikomatchabyidh.ch\/it\/wp-json\/wp\/v2\/comments?post=1172"}],"version-history":[{"count":0,"href":"https:\/\/kumikomatchabyidh.ch\/it\/wp-json\/wp\/v2\/pages\/1172\/revisions"}],"wp:attachment":[{"href":"https:\/\/kumikomatchabyidh.ch\/it\/wp-json\/wp\/v2\/media?parent=1172"}],"curies":[{"name":"wp","href":"https:\/\/api.w.org\/{rel}","templated":true}]}}