{"id":1175,"date":"2023-08-28T19:10:34","date_gmt":"2023-08-28T17:10:34","guid":{"rendered":"https:\/\/kumikomatchabyidh.ch\/cultivar\/"},"modified":"2023-08-28T19:10:34","modified_gmt":"2023-08-28T17:10:34","slug":"cultivar","status":"publish","type":"page","link":"https:\/\/kumikomatchabyidh.ch\/it\/cultivar\/","title":{"rendered":"Cultivar"},"content":{"rendered":"\n<p><a href=\"https:\/\/kumikomatchabyidh.ch\/tout-savoir\/\" data-type=\"page\" data-id=\"888\">Tout savoir<\/a><\/p>\n\n\n\n<div class=\"wp-block-columns is-layout-flex wp-container-core-columns-is-layout-9d6595d7 wp-block-columns-is-layout-flex\">\n<div class=\"wp-block-column is-layout-flow wp-block-column-is-layout-flow\" style=\"flex-basis:10%\"><\/div>\n\n\n\n<div class=\"wp-block-column is-layout-flow wp-block-column-is-layout-flow\" style=\"flex-basis:80%\">\n<h1 class=\"wp-block-heading\">Qu\u2019est-ce qu\u2019un cultivar ? Un single origin ? <br>Un assemblage ? Les d\u00e9finitions<\/h1>\n\n\n\n<div style=\"height:25px\" aria-hidden=\"true\" class=\"wp-block-spacer\"><\/div>\n\n\n<div class=\"wp-block-image\">\n<figure class=\"aligncenter size-large\"><img loading=\"lazy\" decoding=\"async\" width=\"1024\" height=\"768\" src=\"https:\/\/kumikomatchabyidh.ch\/wp-content\/uploads\/2023\/08\/cultivar1-1024x768.jpeg\" alt=\"\" class=\"wp-image-1001\" srcset=\"https:\/\/kumikomatchabyidh.ch\/wp-content\/uploads\/2023\/08\/cultivar1-1024x768.jpeg 1024w, https:\/\/kumikomatchabyidh.ch\/wp-content\/uploads\/2023\/08\/cultivar1-300x225.jpeg 300w, https:\/\/kumikomatchabyidh.ch\/wp-content\/uploads\/2023\/08\/cultivar1-768x576.jpeg 768w, https:\/\/kumikomatchabyidh.ch\/wp-content\/uploads\/2023\/08\/cultivar1-1536x1152.jpeg 1536w, https:\/\/kumikomatchabyidh.ch\/wp-content\/uploads\/2023\/08\/cultivar1-800x600.jpeg 800w, https:\/\/kumikomatchabyidh.ch\/wp-content\/uploads\/2023\/08\/cultivar1.jpeg 2000w\" sizes=\"auto, (max-width: 1024px) 100vw, 1024px\" \/><\/figure>\n<\/div>\n\n\n<div style=\"height:25px\" aria-hidden=\"true\" class=\"wp-block-spacer\"><\/div>\n\n\n\n<p>Dans cet article je vais&nbsp;partager avec&nbsp;toi&nbsp;<strong>les d\u00e9finitions<\/strong>&nbsp;de plusieurs termes utilis\u00e9s dans le monde du th\u00e9 matcha. Je vais faire&nbsp;le parall\u00e8le avec&nbsp;<strong>le vin et le champagne<\/strong>, car ils ont beaucoup de points communs avec le th\u00e9.&nbsp;&nbsp;<\/p>\n\n\n\n<p>Tu&nbsp;connais s\u00fbrement&nbsp;<strong>des noms de c\u00e9pages de vin<\/strong>&nbsp;comme le&nbsp;chardonnay, le merlot, ou encore le cabernet sauvignon. Savais-tu qu&#8217;il existe la m\u00eame chose pour le th\u00e9 ?<\/p>\n\n\n\n<p>On appelle ces &#8220;c\u00e9pages de th\u00e9&#8221; des&nbsp;<strong>cultivars<\/strong>.&nbsp;<\/p>\n\n\n\n<h2 class=\"wp-block-heading\">Quelle est la d\u00e9finition d&#8217;un cultivar ?<\/h2>\n\n\n\n<h3 class=\"wp-block-heading\">Le mot cultivar en agriculture, ou vari\u00e9t\u00e9 horticole<\/h3>\n\n\n\n<p>En botanique, on appelle &#8220;cultivar&#8221; une&nbsp;<strong>vari\u00e9t\u00e9 cultiv\u00e9e de plante obtenue suite \u00e0 une s\u00e9lection<\/strong>, selon des crit\u00e8res esth\u00e9tiques, de croissance, d&#8217;adaptation \u00e0 un environnement ou encore de r\u00e9sistance contre les maladies.<\/p>\n\n\n\n<p>Le mot &#8220;c\u00e9page&#8221; sp\u00e9cifiquement utilis\u00e9 dans le monde du vin est un synonyme du mot &#8220;cultivar&#8221;.<\/p>\n\n\n\n<h3 class=\"wp-block-heading\">Qu&#8217;est-ce qu&#8217;un cultivar de th\u00e9 matcha ?<\/h3>\n\n\n\n<p>Un&nbsp;<strong>cultivar<\/strong>&nbsp;est un groupe de plants de th\u00e9 obtenus par&nbsp;<strong>s\u00e9lection et croisements<\/strong>, et qui sont cultiv\u00e9s pour leurs caract\u00e9ristiques particuli\u00e8res.<\/p>\n\n\n\n<p>En effet, chaque cultivar est plus ou moins adapt\u00e9 \u00e0&nbsp;<strong>certaines conditions m\u00e9t\u00e9orologiques<\/strong>&nbsp;(r\u00e9sistant au gel par exemple) ou alors celui-ci est cultiv\u00e9 pour&nbsp;sa saveur, sa couleur, ou son ar\u00f4me unique. Certains cultivars sont tr\u00e8s adapt\u00e9s \u00e0 la production de th\u00e9 matcha.<\/p>\n\n\n\n<p>Pour pr\u00e9server les qualit\u00e9s du cultivar et \u00e9viter qu&#8217;il se modifie au cours du temps, le th\u00e9 japonais est le plus souvent cultiv\u00e9&nbsp;en utilisant des&nbsp;<strong>boutures<\/strong>&nbsp;au lieu de graines. Autrement dit, la plupart des champs de th\u00e9iers sont remplis de<strong>&nbsp;clones du m\u00eame plant de th\u00e9<\/strong>&nbsp;et ils&nbsp;ont tous exactement le m\u00eame h\u00e9ritage g\u00e9n\u00e9tique.<\/p>\n\n\n\n<div style=\"height:25px\" aria-hidden=\"true\" class=\"wp-block-spacer\"><\/div>\n\n\n<div class=\"wp-block-image\">\n<figure class=\"aligncenter size-large\"><img loading=\"lazy\" decoding=\"async\" width=\"1024\" height=\"384\" src=\"https:\/\/kumikomatchabyidh.ch\/wp-content\/uploads\/2023\/08\/cultivar2-1024x384.jpeg\" alt=\"\" class=\"wp-image-1005\" srcset=\"https:\/\/kumikomatchabyidh.ch\/wp-content\/uploads\/2023\/08\/cultivar2-1024x384.jpeg 1024w, https:\/\/kumikomatchabyidh.ch\/wp-content\/uploads\/2023\/08\/cultivar2-300x112.jpeg 300w, https:\/\/kumikomatchabyidh.ch\/wp-content\/uploads\/2023\/08\/cultivar2-768x288.jpeg 768w, https:\/\/kumikomatchabyidh.ch\/wp-content\/uploads\/2023\/08\/cultivar2-1536x576.jpeg 1536w, https:\/\/kumikomatchabyidh.ch\/wp-content\/uploads\/2023\/08\/cultivar2-800x300.jpeg 800w, https:\/\/kumikomatchabyidh.ch\/wp-content\/uploads\/2023\/08\/cultivar2.jpeg 1995w\" sizes=\"auto, (max-width: 1024px) 100vw, 1024px\" \/><figcaption class=\"wp-element-caption\"><em>Trois cultivars : le Yabukita, le Saeakari et le Asatsuyu (de gauche \u00e0 droite)<\/em><\/figcaption><\/figure>\n<\/div>\n\n\n<div style=\"height:25px\" aria-hidden=\"true\" class=\"wp-block-spacer\"><\/div>\n\n\n\n<h2 class=\"wp-block-heading\">L\u2019exemple du Yabukita<\/h2>\n\n\n\n<div style=\"height:25px\" aria-hidden=\"true\" class=\"wp-block-spacer\"><\/div>\n\n\n<div class=\"wp-block-image\">\n<figure class=\"aligncenter size-large\"><img loading=\"lazy\" decoding=\"async\" width=\"1024\" height=\"1024\" src=\"https:\/\/kumikomatchabyidh.ch\/wp-content\/uploads\/2023\/08\/cultivar3-1-1024x1024.jpeg\" alt=\"\" class=\"wp-image-1013\" srcset=\"https:\/\/kumikomatchabyidh.ch\/wp-content\/uploads\/2023\/08\/cultivar3-1-1024x1024.jpeg 1024w, https:\/\/kumikomatchabyidh.ch\/wp-content\/uploads\/2023\/08\/cultivar3-1-300x300.jpeg 300w, https:\/\/kumikomatchabyidh.ch\/wp-content\/uploads\/2023\/08\/cultivar3-1-150x150.jpeg 150w, https:\/\/kumikomatchabyidh.ch\/wp-content\/uploads\/2023\/08\/cultivar3-1-768x768.jpeg 768w, https:\/\/kumikomatchabyidh.ch\/wp-content\/uploads\/2023\/08\/cultivar3-1-1536x1536.jpeg 1536w, https:\/\/kumikomatchabyidh.ch\/wp-content\/uploads\/2023\/08\/cultivar3-1-2048x2048.jpeg 2048w, https:\/\/kumikomatchabyidh.ch\/wp-content\/uploads\/2023\/08\/cultivar3-1-400x400.jpeg 400w, https:\/\/kumikomatchabyidh.ch\/wp-content\/uploads\/2023\/08\/cultivar3-1-800x800.jpeg 800w, https:\/\/kumikomatchabyidh.ch\/wp-content\/uploads\/2023\/08\/cultivar3-1-100x100.jpeg 100w\" sizes=\"auto, (max-width: 1024px) 100vw, 1024px\" \/><figcaption class=\"wp-element-caption\"><em>Des feuilles d&#8217;un vert tr\u00e8s profond pr\u00eates \u00e0 \u00eatre r\u00e9colt\u00e9es<\/em><\/figcaption><\/figure>\n<\/div>\n\n\n<div style=\"height:25px\" aria-hidden=\"true\" class=\"wp-block-spacer\"><\/div>\n\n\n\n<p>En 1908, un fermier du nom de&nbsp;<strong>Sugiyama Hikosaburo<\/strong>&nbsp;(\u6749\u5c71\u5f66\u4e09\u90ce) a mis au point&nbsp;<strong>un nouveau cultivar<\/strong>&nbsp;dans la r\u00e9gion de Shizuoka.<\/p>\n\n\n\n<p>Il l\u2019appela&nbsp;<strong>Yabukita<\/strong>, ce qui signifie litt\u00e9ralement bosquet (\u85ea) du nord (\u5317), car son champ se trouvait au nord d\u2019une bambouseraie.<\/p>\n\n\n\n<p>Ce cultivar est particuli\u00e8rement&nbsp;<strong>robuste et r\u00e9sistant au froid<\/strong>, peut survivre dans un grand nombre de climats, et<strong>&nbsp;a une saveur prononc\u00e9e<\/strong>.<\/p>\n\n\n\n<p>Le Yabukita a \u00e9t\u00e9 enregistr\u00e9 comme un<strong>&nbsp;cultivar officiel<\/strong>&nbsp;en 1954, et s\u2019est largement r\u00e9pandu dans tout le Japon. Aujourd\u2019hui, c&#8217;est le th\u00e9 le plus populaire :&nbsp;<strong>il constitue 75% du th\u00e9 japonais&nbsp;<\/strong>d&#8217;apr\u00e8s le&nbsp;minist\u00e8re de l&#8217;<a href=\"https:\/\/www.maff.go.jp\/\" target=\"_blank\" rel=\"noreferrer noopener\">Agriculture, des For\u00eats et de la P\u00eache au Japon<\/a>.&nbsp;<\/p>\n\n\n\n<p>Il est&nbsp;pratiquement omnipr\u00e9sent dans la production de matcha.&nbsp;<\/p>\n\n\n\n<p>L\u2019inconv\u00e9nient du Yabukita est qu\u2019il est&nbsp;<strong>vuln\u00e9rable aux insectes nuisibles<\/strong>&nbsp;<strong>et aux maladies<\/strong>, et qu\u2019il a besoin de beaucoup de soins.<\/p>\n\n\n\n<h2 class=\"wp-block-heading\">D\u2019autres cultivars ?<\/h2>\n\n\n\n<div style=\"height:25px\" aria-hidden=\"true\" class=\"wp-block-spacer\"><\/div>\n\n\n<div class=\"wp-block-image\">\n<figure class=\"aligncenter size-large\"><img loading=\"lazy\" decoding=\"async\" width=\"1024\" height=\"768\" src=\"https:\/\/kumikomatchabyidh.ch\/wp-content\/uploads\/2023\/08\/cultivar4-1024x768.jpeg\" alt=\"\" class=\"wp-image-1017\" srcset=\"https:\/\/kumikomatchabyidh.ch\/wp-content\/uploads\/2023\/08\/cultivar4-1024x768.jpeg 1024w, https:\/\/kumikomatchabyidh.ch\/wp-content\/uploads\/2023\/08\/cultivar4-300x225.jpeg 300w, https:\/\/kumikomatchabyidh.ch\/wp-content\/uploads\/2023\/08\/cultivar4-768x576.jpeg 768w, https:\/\/kumikomatchabyidh.ch\/wp-content\/uploads\/2023\/08\/cultivar4-1536x1152.jpeg 1536w, https:\/\/kumikomatchabyidh.ch\/wp-content\/uploads\/2023\/08\/cultivar4-2048x1536.jpeg 2048w, https:\/\/kumikomatchabyidh.ch\/wp-content\/uploads\/2023\/08\/cultivar4-800x600.jpeg 800w\" sizes=\"auto, (max-width: 1024px) 100vw, 1024px\" \/><\/figure>\n<\/div>\n\n\n<div style=\"height:25px\" aria-hidden=\"true\" class=\"wp-block-spacer\"><\/div>\n\n\n\n<p>Il existe de tr\u00e8s nombreux cultivars (plus d\u2019une centaine), beaucoup moins connus que le Yabukita, avec&nbsp;<strong>des profils gustatifs vari\u00e9s<\/strong>. Voici d&#8217;autres noms de cultivars : le Samidori, l&#8217;Asahi, le Komakage ou encore le Yamakai. Il existe aussi des cultivars hybrides, c&#8217;est-\u00e0-dire des croisements entre deux cultivars, comme le Tsuyuhikari.<\/p>\n\n\n\n<p>Leur connaissance apporte&nbsp;<strong>une dimension suppl\u00e9mentaire<\/strong>&nbsp;\u00e0 la d\u00e9gustation du th\u00e9 et sa compr\u00e9hension, en plus du type de th\u00e9, des fermiers et des terroirs.<\/p>\n\n\n\n<p>Les cultivars pr\u00e9sentent&nbsp;<strong>plusieurs avantages<\/strong>&nbsp;:<\/p>\n\n\n\n<ul class=\"wp-block-list\">\n<li>ils&nbsp;poss\u00e8dent&nbsp;une vaste vari\u00e9t\u00e9 de go\u00fbts et parfums, ce qui constitue&nbsp;plein de choix et d&#8217;\u00e9merveillements possibles dans la d\u00e9gustation<\/li>\n\n\n\n<li>le fermier peut choisir un cultivar&nbsp;adapt\u00e9 au climat et aux conditions de son terroir<\/li>\n\n\n\n<li>ils&nbsp;ont une qualit\u00e9 plus stable et un meilleur rendement que les&nbsp;<em>zairai<\/em><\/li>\n<\/ul>\n\n\n\n<h2 class=\"wp-block-heading\">Le cas particulier du&nbsp;<em>zairai<\/em><\/h2>\n\n\n\n<div style=\"height:25px\" aria-hidden=\"true\" class=\"wp-block-spacer\"><\/div>\n\n\n<div class=\"wp-block-image\">\n<figure class=\"aligncenter size-large\"><img loading=\"lazy\" decoding=\"async\" width=\"1024\" height=\"768\" src=\"https:\/\/kumikomatchabyidh.ch\/wp-content\/uploads\/2023\/08\/cultivar5-1024x768.jpeg\" alt=\"\" class=\"wp-image-1021\" srcset=\"https:\/\/kumikomatchabyidh.ch\/wp-content\/uploads\/2023\/08\/cultivar5-1024x768.jpeg 1024w, https:\/\/kumikomatchabyidh.ch\/wp-content\/uploads\/2023\/08\/cultivar5-300x225.jpeg 300w, https:\/\/kumikomatchabyidh.ch\/wp-content\/uploads\/2023\/08\/cultivar5-768x576.jpeg 768w, https:\/\/kumikomatchabyidh.ch\/wp-content\/uploads\/2023\/08\/cultivar5-1536x1152.jpeg 1536w, https:\/\/kumikomatchabyidh.ch\/wp-content\/uploads\/2023\/08\/cultivar5-800x600.jpeg 800w, https:\/\/kumikomatchabyidh.ch\/wp-content\/uploads\/2023\/08\/cultivar5.jpeg 2000w\" sizes=\"auto, (max-width: 1024px) 100vw, 1024px\" \/><figcaption class=\"wp-element-caption\"><em>Champs de th\u00e9s de Tokuya-san dans la r\u00e9gion de Kyoto<\/em><\/figcaption><\/figure>\n<\/div>\n\n\n<div style=\"height:25px\" aria-hidden=\"true\" class=\"wp-block-spacer\"><\/div>\n\n\n\n<p><strong>L\u2019utilisation des cultivars<\/strong>&nbsp;est relativement r\u00e9cente dans l\u2019histoire du th\u00e9 au Japon,&nbsp;elle n\u2019est devenue courante qu\u2019\u00e0 partir des&nbsp;<strong>ann\u00e9es 60 et 70.<\/strong><\/p>\n\n\n\n<p>Avant ce boom, la culture du th\u00e9 se faisait \u00e0 partir des graines. Aujourd\u2019hui, il n\u2019y a qu\u2019une poign\u00e9e de jardins de th\u00e9 qui utilisent cette m\u00e9thode (environ 3%). On appelle ces vari\u00e9t\u00e9s de th\u00e9 natives, qui n\u2019appartiennent \u00e0 aucun cultivar distinctif,&nbsp;<strong>les&nbsp;<em>zairai<\/em><\/strong>&nbsp;(\u5728\u6765).<\/p>\n\n\n\n<p>Dans ce cas&nbsp;<strong>chaque plant poss\u00e8de un patrimoine g\u00e9n\u00e9tique unique et diff\u00e9rent<\/strong>&nbsp;: un champ de&nbsp;<em>zairai<\/em>&nbsp;est comme un grand assemblage naturel de centaines de plants uniques.&nbsp;<\/p>\n\n\n\n<p><strong>Les&nbsp;<em>zairai<\/em>&nbsp;ne sont plus trop appr\u00e9ci\u00e9s<\/strong>&nbsp;de la plupart des fermiers pour plusieurs raisons :<\/p>\n\n\n\n<ul class=\"wp-block-list\">\n<li>ils ne sont pas aussi rentables que les cultivars car leur rendement est al\u00e9atoire<\/li>\n\n\n\n<li>comme ils sont tous diff\u00e9rents g\u00e9n\u00e9tiquement, le timing de la r\u00e9colte et le go\u00fbt de tous les th\u00e9iers seront diff\u00e9rents, m\u00eame s\u2019ils font partie du m\u00eame jardin de th\u00e9. Cela rend le travail&nbsp;plus difficile pour les fermiers&nbsp;lors des r\u00e9coltes<\/li>\n<\/ul>\n\n\n\n<p>Mais les&nbsp;<em>zairai<\/em>&nbsp;ont aussi&nbsp;<strong>des avantages ind\u00e9niables<\/strong>&nbsp;:<\/p>\n\n\n\n<ul class=\"wp-block-list\">\n<li>les&nbsp;<em>zairai<\/em>&nbsp;ont une meilleure r\u00e9sistance aux maladies et aux insectes nuisibles gr\u00e2ce \u00e0 leur diversit\u00e9 et leur adaptation \u00e0 leur terroir natif<\/li>\n\n\n\n<li>beaucoup consid\u00e8rent que la rare saveur des&nbsp;<em>zairai<\/em>&nbsp;est celle du th\u00e9 japonais d\u2019antan<\/li>\n<\/ul>\n\n\n\n<p>C&#8217;est pour cela que&nbsp;je suis trop content de travailler avec notre fermier-partenaire&nbsp;Tokuya-san et son matcha naturel zairai, qui est une vraie raret\u00e9 et un plaisir unique.<\/p>\n\n\n\n<h2 class=\"wp-block-heading\">Les assemblages<\/h2>\n\n\n\n<p>L&#8217;assemblage est&nbsp;<strong>une association de th\u00e9s&nbsp;m\u00e9lang\u00e9 avec certaines proportions<\/strong>&nbsp;pour lui donner un effet gustatif particulier. Ces proportions sont g\u00e9n\u00e9ralement ajust\u00e9es chaque ann\u00e9es selon la qualit\u00e9 des diff\u00e9rents lots de th\u00e9s disponibles.<\/p>\n\n\n\n<h2 class=\"wp-block-heading\">Les caract\u00e9ristiques des assemblages<\/h2>\n\n\n\n<div style=\"height:20px\" aria-hidden=\"true\" class=\"wp-block-spacer\"><\/div>\n\n\n\n<figure class=\"wp-block-embed aligncenter is-type-video is-provider-youtube wp-block-embed-youtube wp-embed-aspect-16-9 wp-has-aspect-ratio\"><div class=\"wp-block-embed__wrapper\">\n<iframe loading=\"lazy\" title=\"Th\u00e9 matcha : qu&#039;est-ce qu&#039;un assemblage ?\" width=\"640\" height=\"360\" src=\"https:\/\/www.youtube.com\/embed\/AYXegvJTrLo?feature=oembed\" frameborder=\"0\" allow=\"accelerometer; autoplay; clipboard-write; encrypted-media; gyroscope; picture-in-picture; web-share\" referrerpolicy=\"strict-origin-when-cross-origin\" allowfullscreen><\/iframe>\n<\/div><\/figure>\n\n\n\n<div style=\"height:20px\" aria-hidden=\"true\" class=\"wp-block-spacer\"><\/div>\n\n\n\n<p>Le travail du ma\u00eetre du th\u00e9 est comparable au ma\u00eetre de chai dans le monde du champagne.<\/p>\n\n\n\n<p>Le th\u00e9 matcha premium bio est le produit d&#8217;un&nbsp;<strong>assemblage<\/strong>,&nbsp;comme&nbsp;la plupart des champagnes : il n\u2019a pas de mill\u00e9sime et garde toujours le m\u00eame go\u00fbt peu importe l\u2019ann\u00e9e,&nbsp;<strong>gr\u00e2ce au travail d&#8217;assemblage du maitre du th\u00e9<\/strong>.<\/p>\n\n\n\n<p>Ce sp\u00e9cialiste va&nbsp;<strong>go\u00fbter les diff\u00e9rentes r\u00e9coltes&nbsp;de tencha<\/strong>&nbsp;et les \u00e9valuer en fonction de leur terroir, cultivar, couleur, ar\u00f4me et de leur nez. Il va cr\u00e9er un assemblage, un &#8220;mix&#8221;, de ces tencha provenant de la coop\u00e9rative de plusieurs fermiers, pour arriver \u00e0 un produit fini comme notre&nbsp;th\u00e9 matcha premium bio.&nbsp;<\/p>\n\n\n\n<h2 class=\"wp-block-heading\">Notre s\u00e9lection d&#8217;assemblages<\/h2>\n\n\n\n<div style=\"height:25px\" aria-hidden=\"true\" class=\"wp-block-spacer\"><\/div>\n\n\n<div class=\"wp-block-image\">\n<figure class=\"aligncenter size-large\"><a href=\"https:\/\/kumikomatchabyidh.ch\/en\/boutique\/perpetuals\/matcha-premium-bio\/\"><img loading=\"lazy\" decoding=\"async\" width=\"1024\" height=\"683\" src=\"https:\/\/kumikomatchabyidh.ch\/wp-content\/uploads\/2023\/08\/cultivar6-1024x683.jpeg\" alt=\"\" class=\"wp-image-1026\" srcset=\"https:\/\/kumikomatchabyidh.ch\/wp-content\/uploads\/2023\/08\/cultivar6-1024x683.jpeg 1024w, https:\/\/kumikomatchabyidh.ch\/wp-content\/uploads\/2023\/08\/cultivar6-300x200.jpeg 300w, https:\/\/kumikomatchabyidh.ch\/wp-content\/uploads\/2023\/08\/cultivar6-768x512.jpeg 768w, https:\/\/kumikomatchabyidh.ch\/wp-content\/uploads\/2023\/08\/cultivar6-1536x1024.jpeg 1536w, https:\/\/kumikomatchabyidh.ch\/wp-content\/uploads\/2023\/08\/cultivar6-800x533.jpeg 800w, https:\/\/kumikomatchabyidh.ch\/wp-content\/uploads\/2023\/08\/cultivar6.jpeg 2048w\" sizes=\"auto, (max-width: 1024px) 100vw, 1024px\" \/><\/a><figcaption class=\"wp-element-caption\">Th\u00e9 matcha premium bio<\/figcaption><\/figure>\n<\/div>\n\n\n<div style=\"height:25px\" aria-hidden=\"true\" class=\"wp-block-spacer\"><\/div>\n\n\n\n<p><strong>Le produit phare de Kumiko Matcha<\/strong>, c&#8217;est le top du th\u00e9 matcha premium bio.<\/p>\n\n\n\n<p>Une poudre d\u00e9licate d\u2019<strong>une couleur jade intense<\/strong>.<\/p>\n\n\n\n<p>Un go\u00fbt riche et moelleux en bouche avec&nbsp;<strong>une saveur d\u00e9licieuse<\/strong>. Initialement v\u00e9g\u00e9tal et herbal, l\u00e9g\u00e8rement astringent avec une sensation de tannin suivi par une finition douce. Plein d\u2019umami.<\/p>\n\n\n\n<p>Produit en<strong>&nbsp;agriculture biologique<\/strong>&nbsp;pour respecter l&#8217;environnement et transmettre tous les bienfaits de la plante.<\/p>\n\n\n\n<div style=\"height:25px\" aria-hidden=\"true\" class=\"wp-block-spacer\"><\/div>\n\n\n<div class=\"wp-block-image\">\n<figure class=\"aligncenter size-large\"><a href=\"https:\/\/kumikomatchabyidh.ch\/en\/boutique\/perpetuals\/matcha-hyperpremium-bio\/\"><img loading=\"lazy\" decoding=\"async\" width=\"1024\" height=\"682\" src=\"https:\/\/kumikomatchabyidh.ch\/wp-content\/uploads\/2023\/08\/cultivar7-1024x682.jpeg\" alt=\"\" class=\"wp-image-1030\" srcset=\"https:\/\/kumikomatchabyidh.ch\/wp-content\/uploads\/2023\/08\/cultivar7-1024x682.jpeg 1024w, https:\/\/kumikomatchabyidh.ch\/wp-content\/uploads\/2023\/08\/cultivar7-300x200.jpeg 300w, https:\/\/kumikomatchabyidh.ch\/wp-content\/uploads\/2023\/08\/cultivar7-768x512.jpeg 768w, https:\/\/kumikomatchabyidh.ch\/wp-content\/uploads\/2023\/08\/cultivar7-1536x1024.jpeg 1536w, https:\/\/kumikomatchabyidh.ch\/wp-content\/uploads\/2023\/08\/cultivar7-800x533.jpeg 800w, https:\/\/kumikomatchabyidh.ch\/wp-content\/uploads\/2023\/08\/cultivar7.jpeg 2000w\" sizes=\"auto, (max-width: 1024px) 100vw, 1024px\" \/><\/a><figcaption class=\"wp-element-caption\">Th\u00e9 matcha Hyperpremium bio<\/figcaption><\/figure>\n<\/div>\n\n\n<div style=\"height:25px\" aria-hidden=\"true\" class=\"wp-block-spacer\"><\/div>\n\n\n\n<p>Grand cru irr\u00e9el, la d\u00e9finition de l&#8217;umami, le plus luxueux et exclusif pour les belles occasions.<\/p>\n\n\n\n<p><strong>Nishi-san a choisi de garder la formule de son assemblage secr\u00e8te<\/strong>, mais il a bien voulu nous r\u00e9v\u00e9ler que le cultivar le plus pr\u00e9sent&nbsp;est le Saemidori.<\/p>\n\n\n\n<p>Cette vari\u00e9t\u00e9 de th\u00e9 au go\u00fbt umami tr\u00e8s pr\u00e9sent est pr\u00eate \u00e0 \u00eatre r\u00e9colt\u00e9e&nbsp;g\u00e9n\u00e9ralement plus t\u00f4t que le Yabukita. Ses feuilles sont d\u2019un&nbsp;<strong>vert tr\u00e8s vif et luisant.<\/strong><\/p>\n\n\n\n<h2 class=\"wp-block-heading\">Conclusion<\/h2>\n\n\n\n<p>Nous avons&nbsp;vu ensemble ce qu&#8217;est&nbsp;<strong>un cultivar, un single origin, et un assemblage<\/strong>.<\/p>\n\n\n\n<p>L&#8217;univers du th\u00e9 matcha est&nbsp;<strong>aussi complexe que celui du vin<\/strong>, avec des \u00e9ditions sp\u00e9ciales mill\u00e9sim\u00e9es qui changent&nbsp;tous les ans par rapport aux conditions de leur terroir ; et avec des assemblages, m\u00e9langes dont le secret est gard\u00e9 par leurs cr\u00e9ateurs.<\/p>\n<\/div>\n\n\n\n<div class=\"wp-block-column is-layout-flow wp-block-column-is-layout-flow\" style=\"flex-basis:10%\"><\/div>\n<\/div>\n","protected":false},"excerpt":{"rendered":"<p>Tout savoir Qu\u2019est-ce qu\u2019un cultivar ? Un single origin ? Un assemblage ? Les d\u00e9finitions Dans cet article je vais&nbsp;partager avec&nbsp;toi&nbsp;les d\u00e9finitions&nbsp;de plusieurs termes utilis\u00e9s dans le monde du th\u00e9 matcha. Je vais faire&nbsp;le parall\u00e8le avec&nbsp;le vin et le champagne, car ils ont beaucoup de points communs avec le th\u00e9.&nbsp;&nbsp; Tu&nbsp;connais s\u00fbrement&nbsp;des noms de c\u00e9pages [&hellip;]<\/p>\n","protected":false},"author":2,"featured_media":0,"parent":0,"menu_order":0,"comment_status":"closed","ping_status":"closed","template":"","meta":{"_acf_changed":false,"footnotes":""},"class_list":["post-1175","page","type-page","status-publish","hentry"],"acf":[],"_links":{"self":[{"href":"https:\/\/kumikomatchabyidh.ch\/it\/wp-json\/wp\/v2\/pages\/1175","targetHints":{"allow":["GET"]}}],"collection":[{"href":"https:\/\/kumikomatchabyidh.ch\/it\/wp-json\/wp\/v2\/pages"}],"about":[{"href":"https:\/\/kumikomatchabyidh.ch\/it\/wp-json\/wp\/v2\/types\/page"}],"author":[{"embeddable":true,"href":"https:\/\/kumikomatchabyidh.ch\/it\/wp-json\/wp\/v2\/users\/2"}],"replies":[{"embeddable":true,"href":"https:\/\/kumikomatchabyidh.ch\/it\/wp-json\/wp\/v2\/comments?post=1175"}],"version-history":[{"count":0,"href":"https:\/\/kumikomatchabyidh.ch\/it\/wp-json\/wp\/v2\/pages\/1175\/revisions"}],"wp:attachment":[{"href":"https:\/\/kumikomatchabyidh.ch\/it\/wp-json\/wp\/v2\/media?parent=1175"}],"curies":[{"name":"wp","href":"https:\/\/api.w.org\/{rel}","templated":true}]}}