{"id":1178,"date":"2023-08-28T19:41:35","date_gmt":"2023-08-28T17:41:35","guid":{"rendered":"https:\/\/kumikomatchabyidh.ch\/le-matcha-pour-la-sante\/"},"modified":"2023-08-28T19:41:35","modified_gmt":"2023-08-28T17:41:35","slug":"le-matcha-pour-la-sante","status":"publish","type":"page","link":"https:\/\/kumikomatchabyidh.ch\/it\/le-matcha-pour-la-sante\/","title":{"rendered":"Le matcha pour la sant\u00e9"},"content":{"rendered":"\n<p><a href=\"https:\/\/kumikomatchabyidh.ch\/tout-savoir\/\" data-type=\"page\" data-id=\"888\">Tout savoir<\/a><\/p>\n\n\n\n<div class=\"wp-block-columns is-layout-flex wp-container-core-columns-is-layout-9d6595d7 wp-block-columns-is-layout-flex\">\n<div class=\"wp-block-column is-layout-flow wp-block-column-is-layout-flow\" style=\"flex-basis:10%\"><\/div>\n\n\n\n<div class=\"wp-block-column is-layout-flow wp-block-column-is-layout-flow\" style=\"flex-basis:80%\">\n<h1 class=\"wp-block-heading\">Les avantages du matcha pour la sant\u00e9<\/h1>\n\n\n\n<p>C\u2019est un vrai d\u00e9fi de trouver un aliment qui procure \u00e0 la fois une exp\u00e9rience \u00e9picurienne ne ressemblant \u00e0 aucune autre, et qui soit aussi un super-aliment, c\u2019est-\u00e0-dire un des aliments les plus sains qu&#8217;on&nbsp;puisse consommer.<\/p>\n\n\n\n<p>A notre connaissance, aucun aliment et aucune boisson ne r\u00e9pond \u00e0 ces deux crit\u00e8res. Certes un vin Grand Cru offre une v\u00e9ritable exp\u00e9rience \u00e9picurienne, mais m\u00eame consomm\u00e9 en petites quantit\u00e9s, un grand vin peut avoir des effets d\u00e9vastateurs&nbsp;sur la sant\u00e9.<\/p>\n\n\n\n<h2 class=\"wp-block-heading\">Qu&#8217;est-ce qu&#8217;un super-aliment ?<\/h2>\n\n\n\n<p>Les aliments appel\u00e9s<strong>&nbsp;super-aliments<\/strong>&nbsp;sont par exemple la grenade, les baies de goji, les bleuets sauvages, les baies d\u2019a\u00e7ai, le maquereau, la sardine, le curcuma frais, le gingembre, le cacao, l\u2019avocat, les noix, la citrouille, et le th\u00e9 vert ordinaire.<\/p>\n\n\n\n<p>Ils sont \u00e0 la fois sains et d\u00e9licieux, mais ils ne sont pas vraiment consid\u00e9r\u00e9s comme des exp\u00e9riences \u00e9picuriennes comme un verre de Roman\u00e9e Conti.<\/p>\n\n\n\n<p>Boire du matcha artisanal de qualit\u00e9 premium, c\u2019est comme boire un vin Grand Cru comme du Roman\u00e9e Conti ET obtenir au minimum dix fois les b\u00e9n\u00e9fices pour la sant\u00e9 des super-aliments&nbsp;\u00e9num\u00e9r\u00e9s ci-dessus.<\/p>\n\n\n\n<p><strong>C&#8217;est&nbsp;une v\u00e9ritable r\u00e9v\u00e9lation : c\u2019est comme si mon docteur m\u2019avait prescrit un verre de Roman\u00e9e Conti \u00e0 chaque repas<\/strong>, pour une meilleure concentration, la&nbsp;perte de poids, une haleine plus fraiche, une immunit\u00e9 renforc\u00e9e, et une bonne humeur, comme une sorte d\u2019euphorie calme comparable \u00e0 ce que les Bouddhistes appellent satori.<\/p>\n\n\n\n<div style=\"height:25px\" aria-hidden=\"true\" class=\"wp-block-spacer\"><\/div>\n\n\n<div class=\"wp-block-image\">\n<figure class=\"aligncenter size-full\"><img loading=\"lazy\" decoding=\"async\" width=\"640\" height=\"640\" src=\"https:\/\/kumikomatchabyidh.ch\/wp-content\/uploads\/2023\/08\/sante1.jpeg\" alt=\"\" class=\"wp-image-1161\" srcset=\"https:\/\/kumikomatchabyidh.ch\/wp-content\/uploads\/2023\/08\/sante1.jpeg 640w, https:\/\/kumikomatchabyidh.ch\/wp-content\/uploads\/2023\/08\/sante1-300x300.jpeg 300w, https:\/\/kumikomatchabyidh.ch\/wp-content\/uploads\/2023\/08\/sante1-150x150.jpeg 150w, https:\/\/kumikomatchabyidh.ch\/wp-content\/uploads\/2023\/08\/sante1-400x400.jpeg 400w, https:\/\/kumikomatchabyidh.ch\/wp-content\/uploads\/2023\/08\/sante1-100x100.jpeg 100w\" sizes=\"auto, (max-width: 640px) 100vw, 640px\" \/><\/figure>\n<\/div>\n\n\n<div style=\"height:25px\" aria-hidden=\"true\" class=\"wp-block-spacer\"><\/div>\n\n\n\n<h2 class=\"wp-block-heading\">Le matcha contient \u00e9norm\u00e9ment d\u2019antioxydants<\/h2>\n\n\n\n<p>&#8230;qui agissent comme des agents anti-inflammatoires et anti-viraux dans le corps. On peut mesurer le taux en antioxydants des aliments avec l\u2019unit\u00e9 ORAC (capacit\u00e9 d\u2019absorbance de l\u2019oxyg\u00e8ne radicalaire).<\/p>\n\n\n\n<p>Voici quelques chiffres ORAC pour des super-aliments&nbsp;communs, par 1 gramme :<\/p>\n\n\n\n<ul class=\"wp-block-list\">\n<li>Baies de goji : 253<\/li>\n\n\n\n<li>Chocolat noir : 227<\/li>\n\n\n\n<li>Grenade : 105<\/li>\n\n\n\n<li>Bleuets sauvages : 93<\/li>\n\n\n\n<li>Baies d\u2019a\u00e7ai : 60<\/li>\n\n\n\n<li>Broccoli : 30<\/li>\n\n\n\n<li>Et le matcha ? 1685&nbsp;! C\u2019est beaucoup plus que tous ces super-aliments&nbsp;r\u00e9unis.<\/li>\n<\/ul>\n\n\n\n<h2 class=\"wp-block-heading\">Les antioxydants du matcha<\/h2>\n\n\n\n<p>Il existe \u00e9norm\u00e9ment d\u2019antioxydants, mais un des plus importants est un flavono\u00efde\/cat\u00e9chine appel\u00e9 EGCG (\u00e9pigallocat\u00e9chine gallate), et le matcha est tr\u00e8s riche en EGCG.<\/p>\n\n\n<div class=\"wp-block-image\">\n<figure class=\"aligncenter\"><img decoding=\"async\" src=\"https:\/\/cdn.shopify.com\/s\/files\/1\/1331\/3585\/files\/IMG_0600.PNG?v=1477198037\" alt=\"mol\u00e9cule de EGCG (\u00e9pigallocat\u00e9chine gallate)\"\/><\/figure>\n<\/div>\n\n\n<p><a href=\"http:\/\/en.wikipedia.org\/wiki\/Epigallocatechin_gallate\" target=\"_blank\" rel=\"noreferrer noopener\">Source &#8211; Wikipedia<\/a><\/p>\n\n\n\n<p>Le th\u00e9 matcha contient&nbsp;environ 140 fois les EGCG d\u2019un th\u00e9 vert normal, car la feuille de th\u00e9 est enti\u00e8rement consomm\u00e9e.<\/p>\n\n\n\n<p>Elle n\u2019est pas impr\u00e9gn\u00e9e, ou pire, extraite (m\u00e9fiez-vous des all\u00e9gations de sant\u00e9 sur le th\u00e9 vert extrait, une grande partie est fausse). C\u2019est un effet de synergie entre les fibres solubles et insolubles de la feuille de th\u00e9 qui est responsable du taux \u00e9lev\u00e9 en antioxydants du matcha.<\/p>\n\n\n\n<p>Wikipedia r\u00e9pertorie beaucoup d\u2019\u00e9tudes qui montrent que l\u2019EGCG en quantit\u00e9 peut \u00eatre b\u00e9n\u00e9fique dans le traitement du cancer du cerveau, de la prostate, du col ut\u00e9rin et d\u2019autres cancers.&nbsp;D\u2019autres \u00e9tudes montrent que le matcha favorise la combustion des graisses, facilite la digestion, am\u00e9liore l\u2019hygi\u00e8ne buccale et aide \u00e0 renforcer l\u2019immunit\u00e9.<\/p>\n\n\n\n<h2 class=\"wp-block-heading\">Le matcha booste votre cerveau<\/h2>\n\n\n\n<p>Les buveurs de&nbsp;<a href=\"https:\/\/kumikomatchabyidh.ch\/en\/boutique\/perpetuals\/matcha-premium-bio\/\" data-type=\"product\" data-id=\"88\">matcha<\/a>&nbsp;ont remarqu\u00e9 une r\u00e9flexion plus claire et plus rapide, une m\u00e9moire am\u00e9lior\u00e9e en ce qui concerne les noms et les chiffres, une vigilance accrue, une bonne humeur, une \u2018\u2018euphorie calme\u2019\u2019, et l\u2019am\u00e9lioration de leur capacit\u00e9 \u00e0 se concentrer pour \u00e9tudier, travailler ou conduire. J\u2019ai moi-m\u00eame observ\u00e9 les m\u00eames effets en buvant du matcha.<\/p>\n\n\n\n<p>Un bol de matcha consomm\u00e9 avant la pause d\u00e9jeuner vous permettra de limiter le crash du d\u00e9but de l&#8217;apr\u00e8s midi.<\/p>\n\n\n\n<p>En bref, le matcha est un milliard de fois meilleur pour vous que les autres th\u00e9s car toute l\u2019action b\u00e9n\u00e9fique est dans les feuilles, qui sont savour\u00e9es et aval\u00e9es enti\u00e8rement.<\/p>\n\n\n\n<h2 class=\"wp-block-heading\">La chlorophylle du matcha pour une cure d\u00e9tox<\/h2>\n\n\n\n<p>Le matcha contient \u00e9norm\u00e9ment de chlorophylle (gr\u00e2ce au processus d\u2019ombrage), ce qui lui donne sa couleur verte hallucinante.<\/p>\n\n\n\n<p>Les docteurs et chercheurs&nbsp;affirment que la chlorophylle fait partie des d\u00e9toxifiants du sang les plus puissants, et un alli\u00e9 consid\u00e9rable dans la cr\u00e9ation de l\u2019alcalinit\u00e9 id\u00e9ale du sang.<\/p>\n\n\n\n<div style=\"height:25px\" aria-hidden=\"true\" class=\"wp-block-spacer\"><\/div>\n\n\n<div class=\"wp-block-image\">\n<figure class=\"aligncenter size-full\"><img loading=\"lazy\" decoding=\"async\" width=\"640\" height=\"640\" src=\"https:\/\/kumikomatchabyidh.ch\/wp-content\/uploads\/2023\/08\/sante2.jpeg\" alt=\"\" class=\"wp-image-1165\" srcset=\"https:\/\/kumikomatchabyidh.ch\/wp-content\/uploads\/2023\/08\/sante2.jpeg 640w, https:\/\/kumikomatchabyidh.ch\/wp-content\/uploads\/2023\/08\/sante2-300x300.jpeg 300w, https:\/\/kumikomatchabyidh.ch\/wp-content\/uploads\/2023\/08\/sante2-150x150.jpeg 150w, https:\/\/kumikomatchabyidh.ch\/wp-content\/uploads\/2023\/08\/sante2-400x400.jpeg 400w, https:\/\/kumikomatchabyidh.ch\/wp-content\/uploads\/2023\/08\/sante2-100x100.jpeg 100w\" sizes=\"auto, (max-width: 640px) 100vw, 640px\" \/><\/figure>\n<\/div>\n\n\n<div style=\"height:25px\" aria-hidden=\"true\" class=\"wp-block-spacer\"><\/div>\n\n\n\n<h2 class=\"wp-block-heading\">Le matcha aide \u00e0 stabiliser la glyc\u00e9mie<\/h2>\n\n\n\n<p>Il semble y avoir un lien direct entre l\u2019activit\u00e9 antioxydante et l\u2019activit\u00e9 hypoglyc\u00e9mique.<\/p>\n\n\n\n<p>Les sucres naturels (polysaccharides) du matcha aident \u00e0 stabiliser le taux de sucre dans le sang, et prot\u00e8gent ainsi contre les pics d\u2019insuline. Les polysaccharides du th\u00e9 vert sous forme concentr\u00e9e sont utilis\u00e9s dans le traitement du diab\u00e8te en Chine.<\/p>\n\n\n\n<h2 class=\"wp-block-heading\">Les propri\u00e9t\u00e9s anti-\u00e2ge<\/h2>\n\n\n\n<p>Les antioxydants sont souhaitables car ils d\u00e9truisent les radicaux libres, qui sont des atomes avec des \u00e9lectrons non appari\u00e9s, connus pour endommager l\u2019ADN et acc\u00e9l\u00e9rer le processus de vieillissement (une th\u00e9orie connue sous le nom de Th\u00e9orie des radicaux libres du vieillissement).<\/p>\n\n\n\n<p>Deux \u00e9tudes (y compris 1331 femmes atteintes du cancer du sein) ont trouv\u00e9 une r\u00e9duction significative (27%) de la r\u00e9currence du cancer du sein chez les femmes qui buvaient trois tasses ou plus de th\u00e9 vert par jour.<\/p>\n\n\n\n<p>Vous pouvez retrouver d&#8217;autres \u00e9tudes sur&nbsp;l&#8217;article qui r\u00e9pertorie les <a href=\"https:\/\/kumikomatchabyidh.ch\/revue-scientifique\/\" data-type=\"page\" data-id=\"962\">recherches scientifiques<\/a> faites autour du th\u00e9 Matcha.<\/p>\n<\/div>\n\n\n\n<div class=\"wp-block-column is-layout-flow wp-block-column-is-layout-flow\" style=\"flex-basis:10%\"><\/div>\n<\/div>\n","protected":false},"excerpt":{"rendered":"<p>Tout savoir Les avantages du matcha pour la sant\u00e9 C\u2019est un vrai d\u00e9fi de trouver un aliment qui procure \u00e0 la fois une exp\u00e9rience \u00e9picurienne ne ressemblant \u00e0 aucune autre, et qui soit aussi un super-aliment, c\u2019est-\u00e0-dire un des aliments les plus sains qu&#8217;on&nbsp;puisse consommer. A notre connaissance, aucun aliment et aucune boisson ne r\u00e9pond [&hellip;]<\/p>\n","protected":false},"author":2,"featured_media":0,"parent":0,"menu_order":0,"comment_status":"closed","ping_status":"closed","template":"","meta":{"_acf_changed":false,"footnotes":""},"class_list":["post-1178","page","type-page","status-publish","hentry"],"acf":[],"_links":{"self":[{"href":"https:\/\/kumikomatchabyidh.ch\/it\/wp-json\/wp\/v2\/pages\/1178","targetHints":{"allow":["GET"]}}],"collection":[{"href":"https:\/\/kumikomatchabyidh.ch\/it\/wp-json\/wp\/v2\/pages"}],"about":[{"href":"https:\/\/kumikomatchabyidh.ch\/it\/wp-json\/wp\/v2\/types\/page"}],"author":[{"embeddable":true,"href":"https:\/\/kumikomatchabyidh.ch\/it\/wp-json\/wp\/v2\/users\/2"}],"replies":[{"embeddable":true,"href":"https:\/\/kumikomatchabyidh.ch\/it\/wp-json\/wp\/v2\/comments?post=1178"}],"version-history":[{"count":0,"href":"https:\/\/kumikomatchabyidh.ch\/it\/wp-json\/wp\/v2\/pages\/1178\/revisions"}],"wp:attachment":[{"href":"https:\/\/kumikomatchabyidh.ch\/it\/wp-json\/wp\/v2\/media?parent=1178"}],"curies":[{"name":"wp","href":"https:\/\/api.w.org\/{rel}","templated":true}]}}