{"id":1181,"date":"2023-08-28T17:34:33","date_gmt":"2023-08-28T15:34:33","guid":{"rendered":"https:\/\/kumikomatchabyidh.ch\/les-bienfaits-des-flavonoides\/"},"modified":"2023-08-28T17:34:33","modified_gmt":"2023-08-28T15:34:33","slug":"les-bienfaits-des-flavonoides","status":"publish","type":"page","link":"https:\/\/kumikomatchabyidh.ch\/it\/les-bienfaits-des-flavonoides\/","title":{"rendered":"Les bienfaits des flavono\u00efdes"},"content":{"rendered":"\n<p><a href=\"https:\/\/kumikomatchabyidh.ch\/tout-savoir\/\" data-type=\"page\" data-id=\"888\">Tout savoir<\/a><\/p>\n\n\n\n<div class=\"wp-block-columns is-layout-flex wp-container-core-columns-is-layout-9d6595d7 wp-block-columns-is-layout-flex\">\n<div class=\"wp-block-column is-layout-flow wp-block-column-is-layout-flow\" style=\"flex-basis:10%\"><\/div>\n\n\n\n<div class=\"wp-block-column is-layout-flow wp-block-column-is-layout-flow\" style=\"flex-basis:80%\">\n<h1 class=\"wp-block-heading\">Les bienfaits des flavono\u00efdes du th\u00e9 vert matcha contre le d\u00e9clin cognitif<\/h1>\n\n\n\n<p><strong>En plus d&#8217;\u00eatre un ingr\u00e9dient d\u00e9licieux, dans le cadre d&#8217;une alimentation saine et \u00e9quilibr\u00e9e, le matcha contient \u00e9norm\u00e9ment d\u2019antioxydants.<\/strong><\/p>\n\n\n\n<p>En effet, le taux \u00e9lev\u00e9 de&nbsp;<strong>flavono\u00efdes<\/strong>&nbsp;contenus dans la poudre de&nbsp;th\u00e9 vert matcha&nbsp;en fait l&#8217;un des&nbsp;<strong>super-aliments<\/strong>&nbsp;phares.<\/p>\n\n\n\n<p>Ainsi, gr\u00e2ce \u00e0 cette source importante d&#8217;<strong>antioxydants<\/strong>, le matcha contribue \u00e0 l&#8217;action anti-inflammatoire et antivirale de notre alimentation dans le corps.<\/p>\n\n\n\n<p>D&#8217;ailleurs, des chercheurs viennent appuyer les conclusions des \u00e9tudes pr\u00e9c\u00e9dentes qui m\u00e9ritaient encore des pr\u00e9cisions.<\/p>\n\n\n\n<p>Dans une \u00e9tude, publi\u00e9e en avril 2020 dans la revue&nbsp;<em>The American Journal of Clinical nutrition<\/em>, des chercheurs confirment qu&#8217;<strong>une consommation \u00e9lev\u00e9e de baies, de pommes et de th\u00e9 vert, peut avoir des avantages protecteurs contre la maladie d&#8217;Alzheimer<\/strong>.<\/p>\n\n\n\n<div style=\"height:25px\" aria-hidden=\"true\" class=\"wp-block-spacer\"><\/div>\n\n\n<div class=\"wp-block-image\">\n<figure class=\"aligncenter size-large\"><img loading=\"lazy\" decoding=\"async\" width=\"1024\" height=\"683\" src=\"https:\/\/kumikomatchabyidh.ch\/wp-content\/uploads\/2023\/08\/vue-dessus-du-the-vert-matcha-dans-bol-surface-beton-objet-unique-1024x683.jpg\" alt=\"\" class=\"wp-image-993\" srcset=\"https:\/\/kumikomatchabyidh.ch\/wp-content\/uploads\/2023\/08\/vue-dessus-du-the-vert-matcha-dans-bol-surface-beton-objet-unique-1024x683.jpg 1024w, https:\/\/kumikomatchabyidh.ch\/wp-content\/uploads\/2023\/08\/vue-dessus-du-the-vert-matcha-dans-bol-surface-beton-objet-unique-300x200.jpg 300w, https:\/\/kumikomatchabyidh.ch\/wp-content\/uploads\/2023\/08\/vue-dessus-du-the-vert-matcha-dans-bol-surface-beton-objet-unique-768x512.jpg 768w, https:\/\/kumikomatchabyidh.ch\/wp-content\/uploads\/2023\/08\/vue-dessus-du-the-vert-matcha-dans-bol-surface-beton-objet-unique-800x533.jpg 800w, https:\/\/kumikomatchabyidh.ch\/wp-content\/uploads\/2023\/08\/vue-dessus-du-the-vert-matcha-dans-bol-surface-beton-objet-unique.jpg 1500w\" sizes=\"auto, (max-width: 1024px) 100vw, 1024px\" \/><\/figure>\n<\/div>\n\n\n<div style=\"height:25px\" aria-hidden=\"true\" class=\"wp-block-spacer\"><\/div>\n\n\n\n<h2 class=\"wp-block-heading\">Le matcha aide \u00e0 ralentir les maladies neurod\u00e9g\u00e9n\u00e9ratives<\/h2>\n\n\n\n<p><strong>Selon les chercheurs, des apports alimentaires plus \u00e9lev\u00e9s \u00e0 long terme en flavono\u00efdes sont associ\u00e9s \u00e0 des risques plus faibles de maladie d&#8217;Alzheimer et de d\u00e9mences.<\/strong><\/p>\n\n\n\n<p>Effectivement, ils expliquent que &#8220;<em>les personnes \u00e2g\u00e9es qui consommaient de petites quantit\u00e9s d&#8217;aliments riches en flavono\u00efdes, tels que les baies, les pommes et le th\u00e9, \u00e9taient deux \u00e0 quatre fois plus susceptibles de d\u00e9velopper la maladie d&#8217;Alzheimer et les d\u00e9mences associ\u00e9es sur 20 ans par rapport aux personnes dont la consommation \u00e9tait plus \u00e9lev\u00e9e<\/em>&#8220;.<\/p>\n\n\n\n<p>Cette \u00e9tude \u00e9pid\u00e9miologique, bas\u00e9e sur plusieurs milliers de personnes \u00e2g\u00e9es de 50 ans et plus, a examin\u00e9 la relation \u00e0 long terme entre la consommation d&#8217;aliments contenant des flavono\u00efdes et le risque de&nbsp;<a href=\"https:\/\/www.inserm.fr\/information-en-sante\/dossiers-information\/alzheimer-maladie\" target=\"_blank\" rel=\"noreferrer noopener\">maladie d&#8217;Alzheimer<\/a>&nbsp;et de d\u00e9mences associ\u00e9es.<\/p>\n\n\n\n<p>D\u2019autre part, de nombreuses \u00e9tudes ont examin\u00e9 les associations entre la nutrition et les d\u00e9mences, mais sur de courtes p\u00e9riodes de temps. Cette derni\u00e8re \u00e9tude d\u2019envergure a examin\u00e9 l&#8217;exposition aux flavono\u00efdes sur 20 ans.<\/p>\n\n\n\n<p>Les&nbsp;<a href=\"https:\/\/fr.wikipedia.org\/wiki\/Flavono%C3%AFde\" target=\"_blank\" rel=\"noreferrer noopener\">flavono\u00efdes<\/a>&nbsp;sont des substances naturelles pr\u00e9sentes dans les plantes. On les retrouve y compris dans les fruits et l\u00e9gumes tels que les poires, les pommes, les baies, les oignons et les boissons \u00e0 base de plantes comme le th\u00e9 et le vin.<\/p>\n\n\n\n<p>Soulignons aussi pour les gourmands que le&nbsp;<a href=\"https:\/\/blognutritionsante.com\/2018\/04\/26\/bienfaits-chocolat-noir\/\" target=\"_blank\" rel=\"noreferrer noopener\">chocolat noir<\/a>&nbsp;(minimum 70%) est une autre source importante de flavono\u00efdes.<\/p>\n\n\n\n<p><strong>Les flavono\u00efdes sont associ\u00e9s \u00e0 divers avantages pour la sant\u00e9, notamment une r\u00e9duction de l&#8217;inflammation.<\/strong><\/p>\n\n\n\n<p>De ce fait, l\u2019\u00e9quipe de recherche a d\u00e9termin\u00e9 qu&#8217;un faible apport de trois types de flavono\u00efdes \u00e9tait li\u00e9 \u00e0 un risque plus \u00e9lev\u00e9 de d\u00e9mence par rapport \u00e0 l&#8217;apport le plus \u00e9lev\u00e9.<\/p>\n\n\n\n<p>Plus pr\u00e9cis\u00e9ment, on constate que : une faible consommation de flavonols (pommes, poires et th\u00e9) \u00e9tait associ\u00e9e \u00e0 2 fois plus de risque de d\u00e9velopper la maladie d&#8217;Alzheimer et des d\u00e9mences associ\u00e9es ; une faible consommation d&#8217;anthocyanes (pigments naturels contenus dans les myrtilles, les fraises et le vin rouge) \u00e9tait associ\u00e9e \u00e0 un risque quadrupl\u00e9 de d\u00e9velopper la maladie d&#8217;Alzheimer et des d\u00e9mences associ\u00e9es ; une faible consommation de polym\u00e8res flavono\u00efdes (pommes, poires et th\u00e9) \u00e9tait associ\u00e9e \u00e0 2 fois le risque.<\/p>\n\n\n\n<p><strong>Cette \u00e9tude donne une image de la fa\u00e7on dont le r\u00e9gime alimentaire au fil du temps pourrait \u00eatre li\u00e9 au d\u00e9clin cognitif d&#8217;une personne.<\/strong><\/p>\n\n\n\n<p>Effectivement, les auteurs ont pu examiner l&#8217;apport en flavono\u00efdes pendant de nombreuses ann\u00e9es avant le diagnostic de d\u00e9mence des participants.<\/p>\n\n\n\n<p>En l&#8217;absence de m\u00e9dicaments efficaces actuellement disponibles pour le traitement de la maladie d&#8217;Alzheimer, la pr\u00e9vention de la maladie gr\u00e2ce \u00e0 une alimentation saine est une consid\u00e9ration importante.<\/p>\n\n\n\n<p>Les chercheurs ont analys\u00e9 six types de flavono\u00efdes. Ils ont compar\u00e9 les niveaux d&#8217;absorption \u00e0 long terme avec le nombre de diagnostics de maladie d&#8217;Alzheimer et des d\u00e9mences associ\u00e9es plus tard dans la vie.<\/p>\n\n\n\n<p>Ils ont constat\u00e9 qu&#8217;un faible apport de trois types de flavono\u00efdes \u00e9tait li\u00e9 \u00e0 un risque plus \u00e9lev\u00e9 de d\u00e9mence par rapport \u00e0 l&#8217;apport le plus \u00e9lev\u00e9.<\/p>\n\n\n\n<p>Dans cette \u00e9tude, un apport \u00e9lev\u00e9 \u00e9tait \u00e9gal \u00e0 environ 7,5 tasses de bleuets ou de fraises (anthocyanes) par mois, 8 pommes et poires par mois (flavonols) et 19 tasses de th\u00e9 par mois (polym\u00e8res flavono\u00efdes). Cet apport qualitatif peut vous aider \u00e0&nbsp;<strong>r\u00e9organiser votre r\u00e9gime alimentaire de fa\u00e7ons saines<\/strong>, en y incluant de pr\u00e9f\u00e9rence des aliments de saison et bio.<\/p>\n\n\n\n<p>Enfin, les auteurs soulignent que &#8220;<em>le th\u00e9, en particulier le th\u00e9 vert et les baies sont de bonnes sources de flavono\u00efdes, et il n\u2019en faut pas beaucoup pour am\u00e9liorer les niveaux. Une tasse de th\u00e9 par jour ou quelques baies deux ou trois fois par semaine suffiraient.<\/em>&#8220;<\/p>\n\n\n\n<p>L&#8217;\u00e2ge approximatif auquel les donn\u00e9es ont \u00e9t\u00e9 analys\u00e9es pour la premi\u00e8re fois pour les participants (\u00e2ge moyen de 50 ans), n&#8217;est pas trop tard pour apporter des changements alimentaires positifs. Le risque de d\u00e9mence commence vraiment \u00e0 augmenter \u00e0 partir de 70 ans.<\/p>\n\n\n\n<p>Pour conclure, le message \u00e0 retenir est que lorsque vous approchez de la cinquantaine, vous devriez commencer \u00e0 penser \u00e0 une alimentation plus saine si vous ne l&#8217;avez pas d\u00e9j\u00e0 fait, et y inclure le<strong>&nbsp;th\u00e9 vert matcha<\/strong>.<\/p>\n\n\n\n<p>R\u00e9daction : Jimmy Braun\/<a rel=\"noreferrer noopener\" href=\"https:\/\/blognutritionsante.com\/\" target=\"_blank\">BNS<\/a>&nbsp;&#8211; Juillet 2020<\/p>\n\n\n\n<h2 class=\"wp-block-heading\"><strong>SOURCES<\/strong><\/h2>\n\n\n\n<ul class=\"wp-block-list\">\n<li><em><a href=\"https:\/\/ajcn.nutrition.org\" data-type=\"link\" data-id=\"HTTPS:\/\/ACADEMIC.OUP.COM\/AJCN\/ARTICLE\/DOI\/10.1093\/AJCN\/NQAA079\/5823790\">LONG-TERM DIETARY FLAVONOID INTAKE AND RISK OF ALZHEIMER DISEASE AND RELATED DEMENTIAS IN THE FRAMINGHAM OFFSPRING COHORT<\/a>.<\/em>&nbsp;THE AMERICAN JOURNAL OF CLINICAL NUTRITION, 2020 ; DOI: 10.1093\/AJCN\/NQAA079,&nbsp;<\/li>\n\n\n\n<li><em><a href=\"https:\/\/www.clinicalnutritionopenscience.com\/article\/S2352-9393(18)30056-3\/fulltext\" data-type=\"link\" data-id=\"HTTPS:\/\/DOI.ORG\/10.1016\/J.YCLNEX.2018.12.004\">FLAVONOIDS GREEN TEA AGAINST OXIDANT STRESS AND INFLAMMATION WITH RELATED HUMAN DISEASES<\/a>.<\/em>&nbsp;CLINICAL NUTRITION EXPERIMENTAL, VOLUME 24, APRIL 2019, PAGES 1-14 ;&nbsp;<\/li>\n<\/ul>\n<\/div>\n\n\n\n<div class=\"wp-block-column is-layout-flow wp-block-column-is-layout-flow\" style=\"flex-basis:10%\"><\/div>\n<\/div>\n","protected":false},"excerpt":{"rendered":"<p>Tout savoir Les bienfaits des flavono\u00efdes du th\u00e9 vert matcha contre le d\u00e9clin cognitif En plus d&#8217;\u00eatre un ingr\u00e9dient d\u00e9licieux, dans le cadre d&#8217;une alimentation saine et \u00e9quilibr\u00e9e, le matcha contient \u00e9norm\u00e9ment d\u2019antioxydants. En effet, le taux \u00e9lev\u00e9 de&nbsp;flavono\u00efdes&nbsp;contenus dans la poudre de&nbsp;th\u00e9 vert matcha&nbsp;en fait l&#8217;un des&nbsp;super-aliments&nbsp;phares. Ainsi, gr\u00e2ce \u00e0 cette source importante d&#8217;antioxydants, [&hellip;]<\/p>\n","protected":false},"author":2,"featured_media":0,"parent":0,"menu_order":0,"comment_status":"closed","ping_status":"closed","template":"","meta":{"_acf_changed":false,"footnotes":""},"class_list":["post-1181","page","type-page","status-publish","hentry"],"acf":[],"_links":{"self":[{"href":"https:\/\/kumikomatchabyidh.ch\/it\/wp-json\/wp\/v2\/pages\/1181","targetHints":{"allow":["GET"]}}],"collection":[{"href":"https:\/\/kumikomatchabyidh.ch\/it\/wp-json\/wp\/v2\/pages"}],"about":[{"href":"https:\/\/kumikomatchabyidh.ch\/it\/wp-json\/wp\/v2\/types\/page"}],"author":[{"embeddable":true,"href":"https:\/\/kumikomatchabyidh.ch\/it\/wp-json\/wp\/v2\/users\/2"}],"replies":[{"embeddable":true,"href":"https:\/\/kumikomatchabyidh.ch\/it\/wp-json\/wp\/v2\/comments?post=1181"}],"version-history":[{"count":0,"href":"https:\/\/kumikomatchabyidh.ch\/it\/wp-json\/wp\/v2\/pages\/1181\/revisions"}],"wp:attachment":[{"href":"https:\/\/kumikomatchabyidh.ch\/it\/wp-json\/wp\/v2\/media?parent=1181"}],"curies":[{"name":"wp","href":"https:\/\/api.w.org\/{rel}","templated":true}]}}