{"id":1184,"date":"2023-08-28T19:28:31","date_gmt":"2023-08-28T17:28:31","guid":{"rendered":"https:\/\/kumikomatchabyidh.ch\/production\/"},"modified":"2023-08-28T19:28:31","modified_gmt":"2023-08-28T17:28:31","slug":"production","status":"publish","type":"page","link":"https:\/\/kumikomatchabyidh.ch\/it\/production\/","title":{"rendered":"Production"},"content":{"rendered":"\n<p><a href=\"https:\/\/kumikomatchabyidh.ch\/tout-savoir\/\" data-type=\"page\" data-id=\"888\">Tout savoir<\/a><\/p>\n\n\n\n<div class=\"wp-block-columns is-layout-flex wp-container-core-columns-is-layout-9d6595d7 wp-block-columns-is-layout-flex\">\n<div class=\"wp-block-column is-layout-flow wp-block-column-is-layout-flow\" style=\"flex-basis:10%\"><\/div>\n\n\n\n<div class=\"wp-block-column is-layout-flow wp-block-column-is-layout-flow\" style=\"flex-basis:80%\">\n<h1 class=\"wp-block-heading\">Le matcha &#8220;C\u2019est pas sorcier&#8221; : processus de production de la feuille au bol<\/h1>\n\n\n\n<div style=\"height:25px\" aria-hidden=\"true\" class=\"wp-block-spacer\"><\/div>\n\n\n<div class=\"wp-block-image\">\n<figure class=\"aligncenter size-large\"><img loading=\"lazy\" decoding=\"async\" width=\"1024\" height=\"752\" src=\"https:\/\/kumikomatchabyidh.ch\/wp-content\/uploads\/2023\/08\/production1-1024x752.jpeg\" alt=\"\" class=\"wp-image-1037\" srcset=\"https:\/\/kumikomatchabyidh.ch\/wp-content\/uploads\/2023\/08\/production1-1024x752.jpeg 1024w, https:\/\/kumikomatchabyidh.ch\/wp-content\/uploads\/2023\/08\/production1-300x220.jpeg 300w, https:\/\/kumikomatchabyidh.ch\/wp-content\/uploads\/2023\/08\/production1-768x564.jpeg 768w, https:\/\/kumikomatchabyidh.ch\/wp-content\/uploads\/2023\/08\/production1-800x588.jpeg 800w, https:\/\/kumikomatchabyidh.ch\/wp-content\/uploads\/2023\/08\/production1.jpeg 1280w\" sizes=\"auto, (max-width: 1024px) 100vw, 1024px\" \/><\/figure>\n<\/div>\n\n\n<div style=\"height:25px\" aria-hidden=\"true\" class=\"wp-block-spacer\"><\/div>\n\n\n\n<p>Lors de mes voyages annuels au Japon chez des producteurs de th\u00e9 bio, j\u2019ai eu l\u2019opportunit\u00e9 de visiter des dizaines de jardins de th\u00e9s et de sites de production dans tout l\u2019archipel.<\/p>\n\n\n\n<p>Quand on s\u2019int\u00e9resse au th\u00e9 matcha de qualit\u00e9 premium, on se rend compte que&nbsp;<strong>son processus de production est presque toujours identique<\/strong>, tout en restant fascinant.<\/p>\n\n\n\n<p>En v\u00e9rit\u00e9,&nbsp;<strong>il n\u2019a pas vraiment chang\u00e9 depuis la cr\u00e9ation du th\u00e9 matcha<\/strong>&nbsp;malgr\u00e9 l\u2019industrialisation et la modernisation de l\u2019agriculture.<\/p>\n\n\n\n<p>Dans cet article je vais t\u2019expliquer en d\u00e9tail toutes les \u00e9tapes n\u00e9cessaires \u00e0 la production d\u2019un th\u00e9 matcha de qualit\u00e9 premium, de la feuille au bol.<\/p>\n\n\n\n<h2 class=\"wp-block-heading\">Les th\u00e9iers sont couverts pendant 2 \u00e0 3 semaines vers mi-avril<\/h2>\n\n\n\n<div style=\"height:25px\" aria-hidden=\"true\" class=\"wp-block-spacer\"><\/div>\n\n\n<div class=\"wp-block-image\">\n<figure class=\"aligncenter size-large\"><img loading=\"lazy\" decoding=\"async\" width=\"1024\" height=\"768\" src=\"https:\/\/kumikomatchabyidh.ch\/wp-content\/uploads\/2023\/08\/production2-1024x768.jpeg\" alt=\"\" class=\"wp-image-1041\" srcset=\"https:\/\/kumikomatchabyidh.ch\/wp-content\/uploads\/2023\/08\/production2-1024x768.jpeg 1024w, https:\/\/kumikomatchabyidh.ch\/wp-content\/uploads\/2023\/08\/production2-300x225.jpeg 300w, https:\/\/kumikomatchabyidh.ch\/wp-content\/uploads\/2023\/08\/production2-768x576.jpeg 768w, https:\/\/kumikomatchabyidh.ch\/wp-content\/uploads\/2023\/08\/production2-800x600.jpeg 800w, https:\/\/kumikomatchabyidh.ch\/wp-content\/uploads\/2023\/08\/production2.jpeg 1280w\" sizes=\"auto, (max-width: 1024px) 100vw, 1024px\" \/><\/figure>\n<\/div>\n\n\n<div style=\"height:25px\" aria-hidden=\"true\" class=\"wp-block-spacer\"><\/div>\n\n\n\n<p>On couvre les th\u00e9iers afin de diminuer progressivement leur exposition au soleil et d\u2019<strong>emp\u00eacher la photosynth\u00e8se<\/strong>.<\/p>\n\n\n\n<p>Les nouvelles feuilles deviennent plus larges et plus fines pour mieux capter la lumi\u00e8re, elles sont tr\u00e8s tendres et leur couleur est vert vif.<\/p>\n\n\n\n<h2 class=\"wp-block-heading\">La r\u00e9colte se produit g\u00e9n\u00e9ralement d\u00e9but mai<\/h2>\n\n\n\n<p>On ne r\u00e9colte que<strong>&nbsp;les deux premi\u00e8res feuilles de chaque tige<\/strong>&nbsp;pour le th\u00e9 de qualit\u00e9 sup\u00e9rieure. Il est donc n\u00e9cessaire de le cueillir \u00e0 la main car on doit s\u00e9parer les feuilles plus anciennes, qui ont \u00e9t\u00e9 plus expos\u00e9es au soleil des jeunes feuilles.<\/p>\n\n\n\n<p>Aujourd\u2019hui, on peut atteindre&nbsp;<strong>un r\u00e9sultat similaire \u00e0 la cueillette \u00e0 la main avec certaines moissonneuses<\/strong>&nbsp;mais&nbsp;les&nbsp;r\u00e9coltes de th\u00e9 destin\u00e9es \u00e0 du matcha se fait principalement sans l&#8217;aide de machines.<\/p>\n\n\n\n<p>Dans cette vid\u00e9o, on voit&nbsp;<strong>des \u00e9coliers qui participent \u00e0 la r\u00e9colte<\/strong>&nbsp;<strong>du th\u00e9<\/strong>. Tu peux voir qu\u2019ils portent leurs uniformes de sport. En temps normal, ce sont surtout des dames \u00e2g\u00e9es qui s\u2019occupent de la cueillette.<\/p>\n\n\n\n<div style=\"height:0px\" aria-hidden=\"true\" class=\"wp-block-spacer\"><\/div>\n\n\n\n<figure class=\"wp-block-embed aligncenter is-type-video is-provider-youtube wp-block-embed-youtube wp-embed-aspect-16-9 wp-has-aspect-ratio\"><div class=\"wp-block-embed__wrapper\">\n<iframe loading=\"lazy\" title=\"La r\u00e9colte \u00e0 la main par les \u00e9coliers de la r\u00e9gion\" width=\"640\" height=\"360\" src=\"https:\/\/www.youtube.com\/embed\/kCZwvMHzcjs?feature=oembed\" frameborder=\"0\" allow=\"accelerometer; autoplay; clipboard-write; encrypted-media; gyroscope; picture-in-picture; web-share\" referrerpolicy=\"strict-origin-when-cross-origin\" allowfullscreen><\/iframe>\n<\/div><\/figure>\n\n\n\n<div style=\"height:20px\" aria-hidden=\"true\" class=\"wp-block-spacer\"><\/div>\n\n\n\n<p>Dans la vid\u00e9o suivante tu peux voir comment fonctionne la moissonneuse-batteuse.<strong>&nbsp;La m\u00e9canisation progresse au Japon<\/strong>&nbsp;car le co\u00fbt de la main-d&#8217;\u0153uvre a augment\u00e9, et les moissonneuses portables sont 60% plus efficaces que la r\u00e9colte \u00e0 la main.<\/p>\n\n\n\n<div style=\"height:20px\" aria-hidden=\"true\" class=\"wp-block-spacer\"><\/div>\n\n\n\n<figure class=\"wp-block-embed aligncenter is-type-video is-provider-youtube wp-block-embed-youtube wp-embed-aspect-16-9 wp-has-aspect-ratio\"><div class=\"wp-block-embed__wrapper\">\n<iframe loading=\"lazy\" title=\"R\u00e9colte de th\u00e9 bio \u00e0 Miyazaki en 2017 - Kumiko Matcha\" width=\"640\" height=\"360\" src=\"https:\/\/www.youtube.com\/embed\/PIz9CEo6pNM?feature=oembed\" frameborder=\"0\" allow=\"accelerometer; autoplay; clipboard-write; encrypted-media; gyroscope; picture-in-picture; web-share\" referrerpolicy=\"strict-origin-when-cross-origin\" allowfullscreen><\/iframe>\n<\/div><\/figure>\n\n\n\n<div style=\"height:20px\" aria-hidden=\"true\" class=\"wp-block-spacer\"><\/div>\n\n\n\n<p>Traditionnellement on ne fait qu\u2019<strong>une r\u00e9colte par an au printemps<\/strong>&nbsp;et on rase les th\u00e9iers pour les pr\u00e9parer \u00e0 la r\u00e9colte de l\u2019ann\u00e9e suivante. Cependant il arrive que certains producteurs fassent 2 ou 3 r\u00e9coltes par an.<\/p>\n\n\n\n<h2 class=\"wp-block-heading\">Les feuilles de th\u00e9 sont transform\u00e9es en tencha &#8211; \u78be\u8336<\/h2>\n\n\n\n<p>Le tencha est la mati\u00e8re premi\u00e8re pour faire le th\u00e9 matcha. Quand il est broy\u00e9, il devient ce que l\u2019on appelle le matcha.<\/p>\n\n\n\n<div style=\"height:20px\" aria-hidden=\"true\" class=\"wp-block-spacer\"><\/div>\n\n\n\n<figure class=\"wp-block-embed aligncenter is-type-video is-provider-youtube wp-block-embed-youtube wp-embed-aspect-16-9 wp-has-aspect-ratio\"><div class=\"wp-block-embed__wrapper\">\n<iframe loading=\"lazy\" title=\"Le th\u00e9 matcha &quot;C\u2019est pas sorcier&quot; : Valentin en mode Fred et Jamy dans l&#039;usine de Nishi-san\" width=\"640\" height=\"360\" src=\"https:\/\/www.youtube.com\/embed\/PFZppRPAO6o?feature=oembed\" frameborder=\"0\" allow=\"accelerometer; autoplay; clipboard-write; encrypted-media; gyroscope; picture-in-picture; web-share\" referrerpolicy=\"strict-origin-when-cross-origin\" allowfullscreen><\/iframe>\n<\/div><\/figure>\n\n\n\n<div style=\"height:20px\" aria-hidden=\"true\" class=\"wp-block-spacer\"><\/div>\n\n\n\n<p>M\u00eame si on utilise des machines et que le th\u00e9 circule sur des bandes transporteuses, les techniques de transformation n\u2019ont pas chang\u00e9 depuis des centaines d&#8217;ann\u00e9es.<\/p>\n\n\n\n<ul class=\"wp-block-list\">\n<li><strong>Ventilation<\/strong>&nbsp;(\u9001\u98a8) et&nbsp;<strong>humidification<\/strong>&nbsp;(\u52a0\u6e7f) : si on laisse les feuilles fra\u00eeches trop longtemps, elles commencent \u00e0 fermenter. On envoie de l\u2019air humide sur les feuilles pour qu\u2019elles conservent leur qualit\u00e9 et leur fra\u00eecheur.<\/li>\n\n\n\n<li><strong>\u00c9tuvage<\/strong>&nbsp;(\u84b8\u71b1) : on passe les feuilles \u00e0 la vapeur une vingtaine de secondes pour arr\u00eater leur oxydation et leur donner la couleur et le parfum souhait\u00e9.<\/li>\n\n\n\n<li><strong>Agitation<\/strong>&nbsp;(\u652a\u62cc) et&nbsp;<strong>refroidissement<\/strong>&nbsp;(\u51b7\u5374) : on refroidit les feuilles imm\u00e9diatement pour \u00e9viter que leur couleur et leur ar\u00f4me se d\u00e9grade. On les met dans une sorte de cage \u00e0 papillons de 5 \u00e0 7 m\u00e8tres de long o\u00f9 souffle de l\u2019air froid. Les feuilles se s\u00e9parent les unes des autres.<\/li>\n\n\n\n<li><strong>S\u00e9chage sommaire<\/strong>&nbsp;(\u8352\u4e7e\u71e5) et&nbsp;<strong>s\u00e9chage principal<\/strong>&nbsp;(\u672c\u4e7e\u71e5) : les feuilles circulent sur un tapis roulant dans un four \u00e0 plusieurs \u00e9tages de temp\u00e9ratures diff\u00e9rentes, le processus dure environ une demi heure.<\/li>\n\n\n\n<li><strong>S\u00e9paration de la feuille et des tiges<\/strong>&nbsp;(\u3064\u308a\u5207\u308a) : les feuilles sont presque enti\u00e8rement s\u00e8ches, mais il reste encore de l\u2019humidit\u00e9 dans la partie de la tige. On s\u00e9pare la tige et les nervures du reste de la feuille.<\/li>\n\n\n\n<li><strong>Deuxi\u00e8me s\u00e9chage<\/strong>&nbsp;(\u518d\u4e7e\u71e5) : on repasse les tiges et les nervures au four pour les s\u00e9cher compl\u00e8tement, puis on les s\u00e9pare une derni\u00e8re fois avec de l\u2019air.<\/li>\n\n\n\n<li><strong>Emballage<\/strong>&nbsp;(\u68b1\u5305) : les feuilles sont emball\u00e9es dans des sacs d\u2019environ 15kg en papier rigide.<\/li>\n<\/ul>\n\n\n\n<div style=\"height:20px\" aria-hidden=\"true\" class=\"wp-block-spacer\"><\/div>\n\n\n<div class=\"wp-block-image\">\n<figure class=\"aligncenter size-large\"><img loading=\"lazy\" decoding=\"async\" width=\"1024\" height=\"768\" src=\"https:\/\/kumikomatchabyidh.ch\/wp-content\/uploads\/2023\/08\/production3-1024x768.jpeg\" alt=\"\" class=\"wp-image-1045\" srcset=\"https:\/\/kumikomatchabyidh.ch\/wp-content\/uploads\/2023\/08\/production3-1024x768.jpeg 1024w, https:\/\/kumikomatchabyidh.ch\/wp-content\/uploads\/2023\/08\/production3-300x225.jpeg 300w, https:\/\/kumikomatchabyidh.ch\/wp-content\/uploads\/2023\/08\/production3-768x576.jpeg 768w, https:\/\/kumikomatchabyidh.ch\/wp-content\/uploads\/2023\/08\/production3-800x600.jpeg 800w, https:\/\/kumikomatchabyidh.ch\/wp-content\/uploads\/2023\/08\/production3.jpeg 1280w\" sizes=\"auto, (max-width: 1024px) 100vw, 1024px\" \/><figcaption class=\"wp-element-caption\"><em>Premier four en briques du Japon, invent\u00e9 \u00e0 Uji il y a 91 ans.<\/em><\/figcaption><\/figure>\n<\/div>\n\n\n<div style=\"height:20px\" aria-hidden=\"true\" class=\"wp-block-spacer\"><\/div>\n\n\n\n<h2 class=\"wp-block-heading\">Le tencha est vendu \u00e0 des distributeurs qui cr\u00e9ent leur propre th\u00e9 matcha en faisant un assemblage<\/h2>\n\n\n\n<p>Ce sont le plus souvent les distributeurs de matcha qui s\u00e9lectionnent et assemblent plusieurs tencha pour faire un assemblage. Ils cherchent \u00e0&nbsp;<strong>reproduire une qualit\u00e9 et un go\u00fbt constant<\/strong>&nbsp;pour chaque r\u00e9colte.<\/p>\n\n\n\n<p>L\u2019assemblage est effectu\u00e9 par&nbsp;<strong>un ma\u00eetre de th\u00e9<\/strong>, ou chashi (\u8336\u5e2b).<\/p>\n\n\n\n<div style=\"height:20px\" aria-hidden=\"true\" class=\"wp-block-spacer\"><\/div>\n\n\n<div class=\"wp-block-image\">\n<figure class=\"aligncenter size-large\"><img loading=\"lazy\" decoding=\"async\" width=\"1024\" height=\"782\" src=\"https:\/\/kumikomatchabyidh.ch\/wp-content\/uploads\/2023\/08\/production8-1024x782.jpeg\" alt=\"\" class=\"wp-image-1049\" srcset=\"https:\/\/kumikomatchabyidh.ch\/wp-content\/uploads\/2023\/08\/production8-1024x782.jpeg 1024w, https:\/\/kumikomatchabyidh.ch\/wp-content\/uploads\/2023\/08\/production8-300x229.jpeg 300w, https:\/\/kumikomatchabyidh.ch\/wp-content\/uploads\/2023\/08\/production8-768x586.jpeg 768w, https:\/\/kumikomatchabyidh.ch\/wp-content\/uploads\/2023\/08\/production8-1536x1173.jpeg 1536w, https:\/\/kumikomatchabyidh.ch\/wp-content\/uploads\/2023\/08\/production8-800x611.jpeg 800w, https:\/\/kumikomatchabyidh.ch\/wp-content\/uploads\/2023\/08\/production8.jpeg 1992w\" sizes=\"auto, (max-width: 1024px) 100vw, 1024px\" \/><figcaption class=\"wp-element-caption\"><em>Les producteurs de th\u00e9 utilisent toujours une table et des plats noirs pour comparer le th\u00e9 plus facilement<\/em><\/figcaption><\/figure>\n<\/div>\n\n\n<div style=\"height:20px\" aria-hidden=\"true\" class=\"wp-block-spacer\"><\/div>\n\n\n\n<p>Essentiellement, c\u2019est une combinaison de&nbsp;<strong>trois types de tencha<\/strong>. Voil\u00e0 comment on les choisit.<\/p>\n\n\n\n<p>Pour le premier, on choisit&nbsp;<strong>un th\u00e9 savoureux<\/strong>, mais dont la couleur lui fait d\u00e9faut une fois broy\u00e9.<\/p>\n\n\n\n<p>Pour le deuxi\u00e8me, on prend un th\u00e9 dont<strong>&nbsp;la couleur est vibrante<\/strong>, mais dont le go\u00fbt et l\u2019ar\u00f4me ne sont pas id\u00e9aux.<\/p>\n\n\n\n<p>Et pour le troisi\u00e8me, on choisit un th\u00e9 dont&nbsp;<strong>l\u2019ar\u00f4me est excellent<\/strong>, mais qui manque de go\u00fbt et n\u2019a pas la plus belle couleur.<\/p>\n\n\n\n<p>En associant les qualit\u00e9s de ces trois th\u00e9s, on obtient un assemblage qui poss\u00e8de les t<strong>rois&nbsp;traits&nbsp;essentiels \u00e0 un th\u00e9 matcha premium<\/strong>&nbsp;: l\u2019ar\u00f4me, la saveur et la couleur.<\/p>\n\n\n\n<p>On peut aller jusqu\u2019\u00e0 associer 4, 5 ou m\u00eame 6 tenchas diff\u00e9rents selon le r\u00e9sultat d\u00e9sir\u00e9.<\/p>\n\n\n\n<div style=\"height:20px\" aria-hidden=\"true\" class=\"wp-block-spacer\"><\/div>\n\n\n<div class=\"wp-block-image\">\n<figure class=\"aligncenter size-large\"><img loading=\"lazy\" decoding=\"async\" width=\"1024\" height=\"682\" src=\"https:\/\/kumikomatchabyidh.ch\/wp-content\/uploads\/2023\/08\/production4-1024x682.jpeg\" alt=\"\" class=\"wp-image-1053\" srcset=\"https:\/\/kumikomatchabyidh.ch\/wp-content\/uploads\/2023\/08\/production4-1024x682.jpeg 1024w, https:\/\/kumikomatchabyidh.ch\/wp-content\/uploads\/2023\/08\/production4-300x200.jpeg 300w, https:\/\/kumikomatchabyidh.ch\/wp-content\/uploads\/2023\/08\/production4-768x512.jpeg 768w, https:\/\/kumikomatchabyidh.ch\/wp-content\/uploads\/2023\/08\/production4-1536x1024.jpeg 1536w, https:\/\/kumikomatchabyidh.ch\/wp-content\/uploads\/2023\/08\/production4-800x533.jpeg 800w, https:\/\/kumikomatchabyidh.ch\/wp-content\/uploads\/2023\/08\/production4.jpeg 2000w\" sizes=\"auto, (max-width: 1024px) 100vw, 1024px\" \/><figcaption class=\"wp-element-caption\"><em>Ces caisses en bois servent \u00e0 entreposer le tencha. On les appelle chabako (\u8336\u7bb1)<\/em><\/figcaption><\/figure>\n<\/div>\n\n\n<div style=\"height:20px\" aria-hidden=\"true\" class=\"wp-block-spacer\"><\/div>\n\n\n\n<p>Ensuite,<strong>&nbsp;le tencha est r\u00e9frig\u00e9r\u00e9<\/strong>&nbsp;jusqu\u2019\u00e0 ce qu\u2019il soit pr\u00eat \u00e0 \u00eatre broy\u00e9. Quand le matcha a \u00e9t\u00e9 broy\u00e9, il s\u2019oxyde plus vite car les particules de th\u00e9 sont sont plus&nbsp;en contact avec l\u2019air. Au contraire, quand on conserve le tencha, il peut s\u2019am\u00e9liorer en vieillissant, tout en conservant sa fra\u00eecheur &#8211; comme un bon vin.<\/p>\n\n\n\n<p>Tokuya-san, par exemple, nous propose son&nbsp;<a href=\"https:\/\/kumikomatcha.fr\/products\/matcha-naturel-tokuya\" target=\"_blank\" rel=\"noreferrer noopener\">matcha naturel<\/a>&nbsp;qu\u2019il a r\u00e9colt\u00e9 il y a deux ans. En le laissant maturer, le th\u00e9 a un go\u00fbt plus complexe, plus rond. Ses ar\u00f4mes se sont d\u00e9velopp\u00e9s.<\/p>\n\n\n\n<h2 class=\"wp-block-heading\">Le tencha est broy\u00e9 en matcha peu de temps avant sa consommation pour conserver sa fra\u00eecheur<\/h2>\n\n\n\n<p>On r\u00e9duit le tencha en poudre avec un moulin en granite (\u8336\u81fc) avant de le mettre en vente.<\/p>\n\n\n\n<div style=\"height:20px\" aria-hidden=\"true\" class=\"wp-block-spacer\"><\/div>\n\n\n<div class=\"wp-block-image\">\n<figure class=\"aligncenter size-full\"><img loading=\"lazy\" decoding=\"async\" width=\"600\" height=\"600\" src=\"https:\/\/kumikomatchabyidh.ch\/wp-content\/uploads\/2023\/08\/production5.jpeg\" alt=\"\" class=\"wp-image-1057\" srcset=\"https:\/\/kumikomatchabyidh.ch\/wp-content\/uploads\/2023\/08\/production5.jpeg 600w, https:\/\/kumikomatchabyidh.ch\/wp-content\/uploads\/2023\/08\/production5-300x300.jpeg 300w, https:\/\/kumikomatchabyidh.ch\/wp-content\/uploads\/2023\/08\/production5-150x150.jpeg 150w, https:\/\/kumikomatchabyidh.ch\/wp-content\/uploads\/2023\/08\/production5-400x400.jpeg 400w, https:\/\/kumikomatchabyidh.ch\/wp-content\/uploads\/2023\/08\/production5-100x100.jpeg 100w\" sizes=\"auto, (max-width: 600px) 100vw, 600px\" \/><figcaption class=\"wp-element-caption\"><em>On place le tencha entre deux pierres en granite et on fait tourner celle du haut,&nbsp;le th\u00e9 s&#8217;\u00e9tale vers l&#8217;ext\u00e9rieur et se transforme en matcha.<\/em><br><br><\/figcaption><\/figure>\n<\/div>\n\n\n<div style=\"height:20px\" aria-hidden=\"true\" class=\"wp-block-spacer\"><\/div>\n\n\n\n<p>Aujourd\u2019hui le&nbsp;<strong>processus a \u00e9t\u00e9 m\u00e9canis\u00e9<\/strong>,&nbsp;mais l&#8217;utilisation de machines n\u2019a pas acc\u00e9l\u00e9r\u00e9 la production : \u00e0 l\u2019int\u00e9rieur des moulins, la temp\u00e9rature peut monter jusqu&#8217;\u00e0&nbsp;50\u00baC.&nbsp;<strong>Si la temp\u00e9rature est trop \u00e9lev\u00e9e, le matcha se d\u00e9grade<\/strong>. Ainsi,&nbsp;la vitesse maximale de broyage du matcha est de 30 \u00e0 40g par heure et par moulin..<\/p>\n\n\n\n<p>Ensuite, le matcha est conditionn\u00e9 en bo\u00eetes ou en sachets et il est envoy\u00e9 dans nos entrep\u00f4ts \u00e0 Paris.<\/p>\n\n\n\n<p>Il ne lui reste plus qu\u2019\u00e0 \u00eatre d\u00e9gust\u00e9 !<\/p>\n\n\n\n<div style=\"height:20px\" aria-hidden=\"true\" class=\"wp-block-spacer\"><\/div>\n\n\n<div class=\"wp-block-image\">\n<figure class=\"aligncenter size-large\"><img loading=\"lazy\" decoding=\"async\" width=\"1024\" height=\"683\" src=\"https:\/\/kumikomatchabyidh.ch\/wp-content\/uploads\/2023\/08\/production6-1024x683.jpeg\" alt=\"\" class=\"wp-image-1061\" srcset=\"https:\/\/kumikomatchabyidh.ch\/wp-content\/uploads\/2023\/08\/production6-1024x683.jpeg 1024w, https:\/\/kumikomatchabyidh.ch\/wp-content\/uploads\/2023\/08\/production6-300x200.jpeg 300w, https:\/\/kumikomatchabyidh.ch\/wp-content\/uploads\/2023\/08\/production6-768x512.jpeg 768w, https:\/\/kumikomatchabyidh.ch\/wp-content\/uploads\/2023\/08\/production6-1536x1024.jpeg 1536w, https:\/\/kumikomatchabyidh.ch\/wp-content\/uploads\/2023\/08\/production6-2048x1365.jpeg 2048w, https:\/\/kumikomatchabyidh.ch\/wp-content\/uploads\/2023\/08\/production6-800x533.jpeg 800w\" sizes=\"auto, (max-width: 1024px) 100vw, 1024px\" \/><figcaption class=\"wp-element-caption\"><em>M\u00eame si les moulins industriels permettent de produire du matcha de qualit\u00e9 constante, leur rendement est similaire aux moulins &#8220;traditionnels&#8221;.<\/em><\/figcaption><\/figure>\n<\/div>\n\n\n<div style=\"height:20px\" aria-hidden=\"true\" class=\"wp-block-spacer\"><\/div>\n\n\n\n<h2 class=\"wp-block-heading\">Tout ce travail pour &#8230; 30g de th\u00e9 ?<\/h2>\n\n\n\n<p>M\u00eame si la production du th\u00e9 matcha est un processus simple,&nbsp;<strong>elle&nbsp;demande beaucoup de moyens et de temps<\/strong>. Son industrialisation a permis de r\u00e9duire la main d\u2019\u0153uvre n\u00e9cessaire \u00e0 sa fabrication, cependant certaines \u00e9tapes telles que le broyage ne peuvent pas \u00eatre modifi\u00e9es sans&nbsp;entra\u00eener une baisse de qualit\u00e9&nbsp;de la production.<\/p>\n\n\n\n<p>C&#8217;est pour cela que le th\u00e9 matcha de qualit\u00e9 premium reste et sera toujours consid\u00e9r\u00e9 comme&nbsp;<strong>un produit luxueux et pr\u00e9cieux<\/strong>,&nbsp;au Japon comme en Occident.<\/p>\n\n\n\n<p>C&#8217;est aussi pourquoi je m&#8217;attache \u00e0 proposer&nbsp;<strong>un matcha de qualit\u00e9 irr\u00e9prochable<\/strong>, et que je continue de visiter les jardins de th\u00e9 et les usines de nos fermiers-partenaires tous les ans.<\/p>\n<\/div>\n\n\n\n<div class=\"wp-block-column is-layout-flow wp-block-column-is-layout-flow\" style=\"flex-basis:10%\"><\/div>\n<\/div>\n","protected":false},"excerpt":{"rendered":"<p>Tout savoir Le matcha &#8220;C\u2019est pas sorcier&#8221; : processus de production de la feuille au bol Lors de mes voyages annuels au Japon chez des producteurs de th\u00e9 bio, j\u2019ai eu l\u2019opportunit\u00e9 de visiter des dizaines de jardins de th\u00e9s et de sites de production dans tout l\u2019archipel. Quand on s\u2019int\u00e9resse au th\u00e9 matcha de [&hellip;]<\/p>\n","protected":false},"author":2,"featured_media":0,"parent":0,"menu_order":0,"comment_status":"closed","ping_status":"closed","template":"","meta":{"_acf_changed":false,"footnotes":""},"class_list":["post-1184","page","type-page","status-publish","hentry"],"acf":[],"_links":{"self":[{"href":"https:\/\/kumikomatchabyidh.ch\/it\/wp-json\/wp\/v2\/pages\/1184","targetHints":{"allow":["GET"]}}],"collection":[{"href":"https:\/\/kumikomatchabyidh.ch\/it\/wp-json\/wp\/v2\/pages"}],"about":[{"href":"https:\/\/kumikomatchabyidh.ch\/it\/wp-json\/wp\/v2\/types\/page"}],"author":[{"embeddable":true,"href":"https:\/\/kumikomatchabyidh.ch\/it\/wp-json\/wp\/v2\/users\/2"}],"replies":[{"embeddable":true,"href":"https:\/\/kumikomatchabyidh.ch\/it\/wp-json\/wp\/v2\/comments?post=1184"}],"version-history":[{"count":0,"href":"https:\/\/kumikomatchabyidh.ch\/it\/wp-json\/wp\/v2\/pages\/1184\/revisions"}],"wp:attachment":[{"href":"https:\/\/kumikomatchabyidh.ch\/it\/wp-json\/wp\/v2\/media?parent=1184"}],"curies":[{"name":"wp","href":"https:\/\/api.w.org\/{rel}","templated":true}]}}