{"id":1187,"date":"2023-08-28T19:37:27","date_gmt":"2023-08-28T17:37:27","guid":{"rendered":"https:\/\/kumikomatchabyidh.ch\/quest-ce-que-le-the-matcha\/"},"modified":"2023-08-28T19:37:27","modified_gmt":"2023-08-28T17:37:27","slug":"quest-ce-que-le-the-matcha","status":"publish","type":"page","link":"https:\/\/kumikomatchabyidh.ch\/it\/quest-ce-que-le-the-matcha\/","title":{"rendered":"Qu&#8217;est-ce que le th\u00e9 matcha?"},"content":{"rendered":"\n<p><a href=\"https:\/\/kumikomatchabyidh.ch\/tout-savoir\/\" data-type=\"page\" data-id=\"888\">Tout savoir<\/a><\/p>\n\n\n\n<div class=\"wp-block-columns is-layout-flex wp-container-core-columns-is-layout-9d6595d7 wp-block-columns-is-layout-flex\">\n<div class=\"wp-block-column is-layout-flow wp-block-column-is-layout-flow\" style=\"flex-basis:10%\"><\/div>\n\n\n\n<div class=\"wp-block-column is-layout-flow wp-block-column-is-layout-flow\" style=\"flex-basis:80%\">\n<h1 class=\"wp-block-heading\">Qu&#8217;est-ce que le th\u00e9 matcha ? <br>Quels sont ses bienfaits ? <br>Pourquoi en boire ?<\/h1>\n\n\n\n<p>Le th\u00e9 vert matcha est un type de th\u00e9 vert bien particulier qui provient du Japon. Les caract\u00e8res Japonais utilis\u00e9s pour le matcha sont : \u62b9\u8336<\/p>\n\n\n\n<p>Ce qui veut dire litt\u00e9ralement \u00ab&nbsp;th\u00e9 broy\u00e9&nbsp;\u00bb.<\/p>\n\n\n\n<p>Vous \u00eates en qu\u00eate de paix et de s\u00e9r\u00e9nit\u00e9 int\u00e9rieure ? Peut-\u00eatre que vous \u00eates un\u00b7e fan de th\u00e9 vert ? Que vous aimez d\u00e9couvrir de nouvelles saveurs et de bons produits bio ?<\/p>\n\n\n\n<p>Peut-\u00eatre que vous \u00eates int\u00e9ress\u00e9\u00b7e par le zen et la c\u00e9r\u00e9monie du th\u00e9 ? Ou m\u00eame par la long\u00e9vit\u00e9 des centenaires d\u2019Okinawa ? Ou juste curieux\u00b7se \ud83d\ude42<\/p>\n\n\n\n<p>Ravi de&nbsp;vous voir ici ! Je suis Val de Kumiko Matcha et&nbsp;<strong>je&nbsp;vous souhaite la bienvenue<\/strong>&nbsp;dans l&#8217;univers du th\u00e9 matcha premium et bio du Japon \ud83c\uddef\ud83c\uddf5 J&#8217;ai cr\u00e9\u00e9 Kumiko Matcha en 2013 pour faire (re)d\u00e9couvrir le vrai matcha bio authentique et d\u00e9licieux, et pour contribuer \u00e0 un mode de vie plus conscient, plus sain, plus \u00e9thique.<\/p>\n\n\n\n<p>J&#8217;ai un rapport tr\u00e8s sp\u00e9cial&nbsp;<strong>avec le temps qui s\u2019\u00e9coule<\/strong>, car \u00e0 17 ans j&#8217;ai fait une crise cardiaque. Et une deuxi\u00e8me \u00e0 19 ans. Pendant plusieurs ann\u00e9es j&#8217;ai v\u00e9cu comme si chaque jour \u00e9tait le dernier et j&#8217;ai beaucoup appris de ce cadeau de la vie. J\u2019ai \u00e9t\u00e9 gu\u00e9ri \u00e0 23 ans.<strong>Mon enseignement principal de cette exp\u00e9rience<\/strong>&nbsp;(et mon message pour vous) c\u2019est de vivre chaque jour comme si c&#8217;\u00e9tait le dernier et comme si j&#8217;allais vivre pendant tr\u00e8s longtemps&#8230;<\/p>\n\n\n\n<p>C\u2019est un miroir au slogan de Kumiko Matcha : &#8220;la beaut\u00e9 \u00e9ternelle, d\u00e8s maintenant&#8221;. C\u2019est parce que &#8220;Kumiko&#8221; est un pr\u00e9nom japonais qui signifie &#8220;beaut\u00e9 \u00e9ternelle&#8221;.&nbsp;<strong>C&#8217;est l&#8217;essence de Kumiko<\/strong>. Tout ce que la beaut\u00e9 peut repr\u00e9senter : un instant magique, la beaut\u00e9 int\u00e9rieure, le design, le physique, un rituel matinal&#8230; pour toujours et dans le moment pr\u00e9sent.<\/p>\n\n\n\n<div style=\"height:25px\" aria-hidden=\"true\" class=\"wp-block-spacer\"><\/div>\n\n\n<div class=\"wp-block-image\">\n<figure class=\"aligncenter size-large\"><img loading=\"lazy\" decoding=\"async\" width=\"1024\" height=\"547\" src=\"https:\/\/kumikomatchabyidh.ch\/wp-content\/uploads\/2023\/08\/quest-ce-qu1-1024x547.jpeg\" alt=\"\" class=\"wp-image-1140\" srcset=\"https:\/\/kumikomatchabyidh.ch\/wp-content\/uploads\/2023\/08\/quest-ce-qu1-1024x547.jpeg 1024w, https:\/\/kumikomatchabyidh.ch\/wp-content\/uploads\/2023\/08\/quest-ce-qu1-300x160.jpeg 300w, https:\/\/kumikomatchabyidh.ch\/wp-content\/uploads\/2023\/08\/quest-ce-qu1-768x410.jpeg 768w, https:\/\/kumikomatchabyidh.ch\/wp-content\/uploads\/2023\/08\/quest-ce-qu1-1536x821.jpeg 1536w, https:\/\/kumikomatchabyidh.ch\/wp-content\/uploads\/2023\/08\/quest-ce-qu1-800x427.jpeg 800w, https:\/\/kumikomatchabyidh.ch\/wp-content\/uploads\/2023\/08\/quest-ce-qu1.jpeg 2048w\" sizes=\"auto, (max-width: 1024px) 100vw, 1024px\" \/><\/figure>\n<\/div>\n\n\n<div style=\"height:25px\" aria-hidden=\"true\" class=\"wp-block-spacer\"><\/div>\n\n\n\n<h2 class=\"wp-block-heading\">Pourquoi&nbsp;boire du th\u00e9 vert matcha ?<\/h2>\n\n\n\n<p>Le th\u00e9 matcha c\u2019est \u00e0 la fois nouveau et le r\u00e9sultat de plus de 800 ans de savoir-faire transmis de g\u00e9n\u00e9ration en g\u00e9n\u00e9ration au Japon. C\u2019est nouveau et vous n\u2019\u00e9tiez certainement pas au courant car c\u2019\u00e9tait cach\u00e9. \u00c0 l\u2019\u00e9poque des samoura\u00efs le matcha \u00e9tait&nbsp;<strong>un tr\u00e9sor r\u00e9serv\u00e9 \u00e0 l\u2019empereur du Japon<\/strong>. Les moines bouddhistes zen japonais buvaient du th\u00e9 matcha pour leurs m\u00e9ditations. Les plus hautes classes de la soci\u00e9t\u00e9 japonaise l\u2019utilisaient comme rem\u00e8de. Et aujourd&#8217;hui le matcha commence seulement \u00e0 \u00eatre populaire en occident !&nbsp; &nbsp; &nbsp; &nbsp; &nbsp; &nbsp; &nbsp; &nbsp; &nbsp; &nbsp; &nbsp; &nbsp; &nbsp; &nbsp; &nbsp; &nbsp; &nbsp; &nbsp; &nbsp; &nbsp; &nbsp; &nbsp; &nbsp; &nbsp; &nbsp; &nbsp;<\/p>\n\n\n\n<p>Boire un bon th\u00e9 matcha bio&nbsp;<strong>c\u2019est avant tout un moment de plaisir personnel<\/strong>, dans une pr\u00e9paration simple (dont il faut quand m\u00eame d\u00e9couvrir la technique). Un rituel apaisant et luxueux avec de belles couleurs et de beaux objets.&nbsp;<strong>C\u2019est prendre du temps pour soi<\/strong>, prendre de la distance. C\u2019est un moment convivial et agr\u00e9able qui peut aussi \u00eatre partag\u00e9.<\/p>\n\n\n\n<p>L&#8217;id\u00e9al pour entrer dans cet univers&nbsp;c&#8217;est avec&nbsp;<a href=\"https:\/\/kumikomatcha.fr\/products\/set-the-matcha\">un set de th\u00e9 matcha japonais<\/a>&nbsp;qui contient une boite de th\u00e9 matcha premium bio et les ustensiles&nbsp;en bambou pour la pr\u00e9paration.<\/p>\n\n\n\n<h2 class=\"wp-block-heading\">Qu&#8217;est-ce que le matcha ?<\/h2>\n\n\n\n<p>Le th\u00e9 matcha c&#8217;est un th\u00e9 vert cultiv\u00e9 et produit&nbsp;<strong>d\u2019une fa\u00e7on unique par des artisans cultivateurs au Japon<\/strong>. Les feuilles ne sont pas infus\u00e9es mais plut\u00f4t finement broy\u00e9es en une poudre tr\u00e8s d\u00e9licate. Cette poudre est m\u00e9lang\u00e9e avec de l\u2019eau chaude dans un bol \u00e0 matcha, avec un ustensile sp\u00e9cial qui s\u2019appelle chasen (un fouet \u00e0 matcha fait d\u2019une seule pi\u00e8ce de bambou).&nbsp;La feuille de th\u00e9 est&nbsp;<strong>enti\u00e8rement consomm\u00e9e<\/strong>, ce qui apporte une quantit\u00e9 ph\u00e9nom\u00e9nale d\u2019antioxydants : 137x plus que dans un th\u00e9 infus\u00e9 !<\/p>\n\n\n\n<div style=\"height:25px\" aria-hidden=\"true\" class=\"wp-block-spacer\"><\/div>\n\n\n\n<figure class=\"wp-block-image size-large\"><img loading=\"lazy\" decoding=\"async\" width=\"1024\" height=\"683\" src=\"https:\/\/kumikomatchabyidh.ch\/wp-content\/uploads\/2023\/08\/quest-ce-que2-1024x683.jpeg\" alt=\"\" class=\"wp-image-1144\" srcset=\"https:\/\/kumikomatchabyidh.ch\/wp-content\/uploads\/2023\/08\/quest-ce-que2-1024x683.jpeg 1024w, https:\/\/kumikomatchabyidh.ch\/wp-content\/uploads\/2023\/08\/quest-ce-que2-300x200.jpeg 300w, https:\/\/kumikomatchabyidh.ch\/wp-content\/uploads\/2023\/08\/quest-ce-que2-768x512.jpeg 768w, https:\/\/kumikomatchabyidh.ch\/wp-content\/uploads\/2023\/08\/quest-ce-que2-1536x1024.jpeg 1536w, https:\/\/kumikomatchabyidh.ch\/wp-content\/uploads\/2023\/08\/quest-ce-que2-800x533.jpeg 800w, https:\/\/kumikomatchabyidh.ch\/wp-content\/uploads\/2023\/08\/quest-ce-que2.jpeg 2048w\" sizes=\"auto, (max-width: 1024px) 100vw, 1024px\" \/><\/figure>\n\n\n\n<div style=\"height:0px\" aria-hidden=\"true\" class=\"wp-block-spacer\"><\/div>\n\n\n\n<h2 class=\"wp-block-heading\">Quels sont les avantages&nbsp;du th\u00e9 matcha ?<\/h2>\n\n\n\n<p><strong>Le th\u00e9 matcha offre de nombreux bienfaits pour la sant\u00e9.&nbsp;<\/strong><\/p>\n\n\n\n<p><strong>A partir d&#8217;une tasse par jour (soit 1g de th\u00e9),&nbsp;le matcha :<\/strong><\/p>\n\n\n\n<ul class=\"wp-block-list\">\n<li>Favorise la concentration et am\u00e9liore l&#8217;humeur&nbsp;gr\u00e2ce \u00e0 l&#8217;action combin\u00e9e de la th\u00e9ine et de la L-Th\u00e9anine (un acide amin\u00e9 pr\u00e9sent dans le th\u00e9)<\/li>\n\n\n\n<li>Contribue \u00e0 la r\u00e9duction de la fatigue mentale et \u00e0 l&#8217;augmentation de la vigilance.<\/li>\n\n\n\n<li>Am\u00e9liore et soutient la fonction&nbsp;cognitive&nbsp;gr\u00e2ce \u00e0 sa richesse en flavono\u00efdes et&nbsp;\u00e0 l&#8217;acide quinique du th\u00e9 vert<\/li>\n\n\n\n<li>A des effets antioxydants : les polyph\u00e9nols contenus dans le matcha permettent de prot\u00e9ger la peau, les tissus et les cellules contre les radicaux libres (induits par les rayonnements UV, les radiations, le tabac, la pollution atmosph\u00e9rique&#8230;)<\/li>\n\n\n\n<li>Aide \u00e0 prot\u00e9ger les dents et \u00e0 r\u00e9duire la plaque dentaire<\/li>\n\n\n\n<li>Aide \u00e0 maintenir un niveau de glucose sanguin normal dans le cadre d&#8217;un mode de vie sain<\/li>\n\n\n\n<li>Aide \u00e0 maintenir la flore intestinale saine et am\u00e9liore la flore bact\u00e9rienne b\u00e9n\u00e9fique pour notre organisme<\/li>\n\n\n\n<li>Aide \u00e0 un meilleur maintien de la sant\u00e9 cardiaque<\/li>\n\n\n\n<li>Hydrate et aide \u00e0 rafra\u00eechir le corps et l&#8217;esprit.<\/li>\n<\/ul>\n\n\n\n<p><strong>A partir de trois tasses par jour (soit 3 \u00e0 4g de th\u00e9),&nbsp;le matcha :<\/strong><\/p>\n\n\n\n<ul class=\"wp-block-list\">\n<li>Peut aider \u00e0 contr\u00f4ler le poids dans le cadre d&#8217;une alimentation saine, combin\u00e9e \u00e0 de l&#8217;exercice physique<\/li>\n\n\n\n<li>Aide \u00e0 acc\u00e9l\u00e9rer le m\u00e9tabolisme gr\u00e2ce \u00e0 l&#8217;EGCG pr\u00e9sente dans le th\u00e9, un puissant compos\u00e9 antioxydant<\/li>\n\n\n\n<li>Stimule la d\u00e9gradation des lipides et l\u2019oxydation des graisses<\/li>\n\n\n\n<li>Aide \u00e0 maintenir les lipides sanguins et le cholest\u00e9rol \u00e0 un niveau sain.<\/li>\n<\/ul>\n\n\n\n<p>Le&nbsp;<strong>go\u00fbt umami<\/strong>&nbsp;d&#8217;un v\u00e9ritable matcha premium et bio est \u00e9galement d\u00e9licieux&nbsp;\ud83d\ude0b<\/p>\n\n\n\n<h2 class=\"wp-block-heading\">Quelle saveur a le th\u00e9 matcha ?<\/h2>\n\n\n\n<p><strong>Le matcha se distingue par son go\u00fbt et son apparence<\/strong>, compar\u00e9 aux autres th\u00e9s. Ressemblant \u00e0 du cacao en poudre d&#8217;une couleur verte \u00e9lectrique, le matcha a une saveur unique, \u00e9voquant un m\u00e9lange de jeunes pousses de l\u00e9gumes verts pr\u00e9par\u00e9es par un chef \u00e9toil\u00e9 : un mariage de micro-pousses, de chlorophylle pure, de jeune bambou et de sucre brut, servi dans un petit bol traditionnel.<\/p>\n\n\n\n<div style=\"height:20px\" aria-hidden=\"true\" class=\"wp-block-spacer\"><\/div>\n\n\n\n<figure class=\"wp-block-embed aligncenter is-type-video is-provider-youtube wp-block-embed-youtube wp-embed-aspect-16-9 wp-has-aspect-ratio\"><div class=\"wp-block-embed__wrapper\">\n<iframe loading=\"lazy\" title=\"faux matcha vs matcha authentique - quelle est la diff\u00e9rence ?\" width=\"640\" height=\"360\" src=\"https:\/\/www.youtube.com\/embed\/PJlbcS7oh7c?feature=oembed\" frameborder=\"0\" allow=\"accelerometer; autoplay; clipboard-write; encrypted-media; gyroscope; picture-in-picture; web-share\" referrerpolicy=\"strict-origin-when-cross-origin\" allowfullscreen><\/iframe>\n<\/div><\/figure>\n\n\n\n<div style=\"height:20px\" aria-hidden=\"true\" class=\"wp-block-spacer\"><\/div>\n\n\n\n<p>En rentrant de mes voyages en Asie, je ne trouvais que du &#8220;faux matcha&#8221; de couleur jaune et au go\u00fbt amer et poussi\u00e9reux, similaire \u00e0 ce qu&#8217;on trouve dans les grandes surfaces. Un th\u00e9 matcha premium bio, en revanche, se caract\u00e9rise par une poudre d\u00e9licate d&#8217;une couleur jade intense,&nbsp;<strong>une saveur umami riche et moelleuse en bouche<\/strong>, et un ar\u00f4me envo\u00fbtant.&nbsp;<strong>Comme un bon vin<\/strong>, plus vous consommez de th\u00e9 matcha premium, plus votre palais se d\u00e9veloppe et plus vous&nbsp;<strong>d\u00e9couvrez de nouvelles saveurs exquises<\/strong>.&nbsp;<\/p>\n\n\n\n<h2 class=\"wp-block-heading\">Comment utiliser le matcha ?<\/h2>\n\n\n\n<p>Le matcha est c\u00e9l\u00e8bre pour les c\u00e9r\u00e9monies du th\u00e9 traditionnelles au Japon, mais il n&#8217;est pas n\u00e9cessaire d&#8217;\u00eatre un expert pour l&#8217;appr\u00e9cier. Tout comme les amateurs de bons vins, vous pouvez simplement pr\u00e9parer et savourer un bol de th\u00e9 matcha.<br><br>Consommez-le au petit-d\u00e9jeuner, avant ou apr\u00e8s une s\u00e9ance de yoga, accompagn\u00e9 d&#8217;une douceur dans l&#8217;apr\u00e8s-midi, avant un rendez-vous important, lors d&#8217;une randonn\u00e9e, pendant une session de m\u00e9ditation, ou juste avant de conduire pour rester alerte.<br><br>De plus, le matcha peut \u00eatre utilis\u00e9 en cuisine :&nbsp;<a href=\"https:\/\/kumikomatcha.fr\/blogs\/recettes\" target=\"_blank\" rel=\"noreferrer noopener\">de nombreuses recettes<\/a>&nbsp;uniques, originales et d\u00e9licieuses ont \u00e9t\u00e9 \u00e9labor\u00e9es \u00e0 base de matcha.<\/p>\n\n\n\n<h2 class=\"wp-block-heading\">Qu&#8217;est-ce qui rend le th\u00e9 matcha si sp\u00e9cial ?<\/h2>\n\n\n\n<p>Le matcha a beaucoup de sp\u00e9cificit\u00e9s et voici les 4 principales :<\/p>\n\n\n\n<ul class=\"wp-block-list\">\n<li><strong>Forme de la feuille de th\u00e9<\/strong>&nbsp;&#8211; \u00e0 l\u2019inverse de tous les autres th\u00e9s dont les th\u00e9s vert, le matcha est finement broy\u00e9 en poudre.<\/li>\n\n\n\n<li><strong>Pas d\u2019infusion<\/strong>&nbsp;&#8211; le matcha n\u2019est pas infus\u00e9 il est \u00ab&nbsp;mang\u00e9.&nbsp;\u00bb Il suffit de verser de l\u2019eau chaude avec la poudre, fouetter le m\u00e9lange (avec un fouet sp\u00e9cial en bambou ou le mousseur \u00e0 lait \u00e9lectrique de votre machine \u00e0 caf\u00e9), et boire le th\u00e9.<\/li>\n\n\n\n<li><strong>Bienfaits&nbsp;pour la sant\u00e9<\/strong>&nbsp;\u00e9normes &#8211; le matcha est naturellement plein d\u2019antioxydants et d\u2019acides amin\u00e9s; \u00e0 peu pr\u00e8s 20 fois plus que dans un th\u00e9 vert classique*.<\/li>\n\n\n\n<li>C\u2019est tr\u00e8s similaire \u00e0 un bon vin. Le&nbsp;<strong>terroir<\/strong>&nbsp;(les conditions dans lesquelles le th\u00e9 pousse) a une grande influence, et il existe diff\u00e9rents &#8220;c\u00e9pages&#8221; de th\u00e9 matcha.<\/li>\n<\/ul>\n\n\n\n<h2 class=\"wp-block-heading\">Qui sont nos&nbsp;fermiers-partenaires ?<\/h2>\n\n\n\n<p>Je connais<strong>&nbsp;personnellement tous mes partenaires<\/strong>&nbsp;producteurs, artisans et&nbsp;fermiers de th\u00e9 matcha car je voyage au Japon&nbsp;<strong>tous les ans<\/strong>&nbsp;pour leur rendre visite.&nbsp;<\/p>\n\n\n\n<p>Chez Kumiko Matcha, nous proposons uniquement des produits biologiques ou naturels pour trois raisons principales :&nbsp;<strong>prot\u00e9ger l&#8217;environnement, pr\u00e9server la sant\u00e9 de l&#8217;ensemble de la communaut\u00e9 Kumiko<\/strong>&nbsp;(du fermier dans les champs de th\u00e9 au Japon \u00e0 vous qui d\u00e9gusterez peut-\u00eatre bient\u00f4t un bol de th\u00e9 matcha bio), et faire de Kumiko&nbsp;<strong>une force pour le bien dans le monde<\/strong>, incarnant le changement que je souhaite voir se r\u00e9aliser.<\/p>\n\n\n\n<p>C&#8217;est un point tr\u00e8s important pour moi :&nbsp;<a href=\"https:\/\/kumikomatchabyidh.ch\/boutique\/\" data-type=\"page\" data-id=\"40\" target=\"_blank\" rel=\"noreferrer noopener\">tous nos produits<\/a>&nbsp;<strong>portent une histoire<\/strong>.&nbsp;Je vous invite \u00e0 visiter leurs pages pour d\u00e9couvrir en photos et vid\u00e9os&nbsp;<strong>les personnes<\/strong>&nbsp;qui sont derri\u00e8re nos matcha et objets d&#8217;artisanat japonais.<\/p>\n\n\n\n<p>De mon exp\u00e9rience,&nbsp;beaucoup de fermiers qui ont d\u00e9cid\u00e9 de passer en agriculture bio ou naturelle ont&nbsp;une histoire puissante parce qu&#8217;ils sont all\u00e9s \u00e0 l&#8217;encontre des m\u00e9thodes &#8220;conventionnelles&#8221;. Par exemple je vous invite \u00e0 d\u00e9couvrir l&#8217;histoire de nos&nbsp;fermiers-partenaires&nbsp;Tokuya-san&nbsp;et&nbsp;Nakai-san.<\/p>\n\n\n\n<p>Ma mission c&#8217;est de&nbsp;<strong>faire d\u00e9couvrir le th\u00e9 matcha premium et bio du Japon<\/strong>. Puis d&#8217;aider notre communaut\u00e9 \u00e0&nbsp;partager ce message \ud83d\ude42<\/p>\n\n\n\n<h2 class=\"wp-block-heading\">Par o\u00f9 commencer ?<\/h2>\n\n\n\n<p>Pour d\u00e9buter j&#8217;ai cr\u00e9\u00e9 un<strong>&nbsp;<a href=\"https:\/\/kumikomatchabyidh.ch\/wp-content\/uploads\/2023\/07\/les_decouvertes.jpeg\" data-type=\"attachment\" data-id=\"768\" target=\"_blank\" rel=\"noreferrer noopener\">set id\u00e9al<\/a><\/strong>&nbsp;qui contient :<\/p>\n\n\n\n<ul class=\"wp-block-list\">\n<li>Une bo\u00eete de notre&nbsp;<a href=\"https:\/\/kumikomatchabyidh.ch\/en\/boutique\/perpetuals\/matcha-premium-bio\/\" data-type=\"product\" data-id=\"88\" target=\"_blank\" rel=\"noreferrer noopener\">matcha premium bio<\/a>&nbsp;le plus populaire et appr\u00e9ci\u00e9<\/li>\n\n\n\n<li>Les&nbsp;<a href=\"https:\/\/kumikomatchabyidh.ch\/en\/boutique\/accessories\/bamboo-accessory-set-basic-china\/\" data-type=\"product\" data-id=\"96\" target=\"_blank\" rel=\"noreferrer noopener\">accessoires en bambou<\/a>&nbsp;n\u00e9cessaires \u00e0 sa pr\u00e9paration<\/li>\n<\/ul>\n\n\n\n<p>La bo\u00eete contient&nbsp;<strong>30 g de matcha bio<\/strong>, suffisants pour une trentaine de pr\u00e9parations, soit un mois de consommation quotidienne de matcha.<\/p>\n\n\n\n<p>La livraison est offerte en France M\u00e9tropolitaine \ud83c\uddeb\ud83c\uddf7<\/p>\n\n\n\n<p>Vous recevrez&nbsp;un&nbsp;<strong>guide vid\u00e9o<\/strong>&nbsp;pour r\u00e9ussir \u00e0 pr\u00e9parer un bon matcha avec une fine mousse cr\u00e9meuse, et ainsi am\u00e9liorer&nbsp;votre rituel matinal avec ce th\u00e9 umami d\u00e9licieux \ud83d\ude0d \ud83c\udf75<\/p>\n\n\n\n<p>Que&nbsp;vous&nbsp;soyez novice ou passionn\u00e9\u00b7e de th\u00e9, je vous invite \u00e0 rejoindre la communaut\u00e9 et \u00e0 prendre du plaisir en commandant&nbsp;votre&nbsp;<a href=\"https:\/\/kumikomatchabyidh.ch\/en\/boutique\/the-discoveries\/initiation\/\" data-type=\"product\" data-id=\"751\" target=\"_blank\" rel=\"noreferrer noopener\">set de th\u00e9 matcha premium bio du Japon<\/a>&nbsp;ou en visitant&nbsp;<a href=\"https:\/\/kumikomatchabyidh.ch\/boutique\/\" data-type=\"page\" data-id=\"40\">la boutique<\/a>.<\/p>\n\n\n\n<p>C&#8217;est fini les matcha jaun\u00e2tres et poussi\u00e9reux, bienvenue chez Kumiko Matcha \ud83c\udf75<\/p>\n\n\n\n<div style=\"height:20px\" aria-hidden=\"true\" class=\"wp-block-spacer\"><\/div>\n\n\n<div class=\"wp-block-image\">\n<figure class=\"aligncenter size-large\"><img loading=\"lazy\" decoding=\"async\" width=\"1024\" height=\"576\" src=\"https:\/\/kumikomatchabyidh.ch\/wp-content\/uploads\/2023\/08\/quest-ce-que3-1024x576.jpeg\" alt=\"\" class=\"wp-image-1148\" srcset=\"https:\/\/kumikomatchabyidh.ch\/wp-content\/uploads\/2023\/08\/quest-ce-que3-1024x576.jpeg 1024w, https:\/\/kumikomatchabyidh.ch\/wp-content\/uploads\/2023\/08\/quest-ce-que3-300x169.jpeg 300w, https:\/\/kumikomatchabyidh.ch\/wp-content\/uploads\/2023\/08\/quest-ce-que3-768x432.jpeg 768w, https:\/\/kumikomatchabyidh.ch\/wp-content\/uploads\/2023\/08\/quest-ce-que3-1536x863.jpeg 1536w, https:\/\/kumikomatchabyidh.ch\/wp-content\/uploads\/2023\/08\/quest-ce-que3-800x450.jpeg 800w, https:\/\/kumikomatchabyidh.ch\/wp-content\/uploads\/2023\/08\/quest-ce-que3.jpeg 1690w\" sizes=\"auto, (max-width: 1024px) 100vw, 1024px\" \/><\/figure>\n<\/div>\n\n\n<div style=\"height:25px\" aria-hidden=\"true\" class=\"wp-block-spacer\"><\/div>\n\n\n\n<p>Pour finir j&#8217;ai r\u00e9sum\u00e9 cet article dans cette courte vid\u00e9o :<\/p>\n\n\n\n<figure class=\"wp-block-embed aligncenter is-type-video is-provider-youtube wp-block-embed-youtube wp-embed-aspect-16-9 wp-has-aspect-ratio\"><div class=\"wp-block-embed__wrapper\">\n<iframe loading=\"lazy\" title=\"UMAMI : est-ce que tu connais ce go\u00fbt ?\" width=\"640\" height=\"360\" src=\"https:\/\/www.youtube.com\/embed\/eQVq0R1QgIo?feature=oembed\" frameborder=\"0\" allow=\"accelerometer; autoplay; clipboard-write; encrypted-media; gyroscope; picture-in-picture; web-share\" referrerpolicy=\"strict-origin-when-cross-origin\" allowfullscreen><\/iframe>\n<\/div><\/figure>\n\n\n\n<p><strong>Valentin Van Nhut<\/strong><br>fondateur, Kumiko Matcha<\/p>\n\n\n\n<blockquote class=\"wp-block-quote is-layout-flow wp-block-quote-is-layout-flow\">\n<p><strong>la beaut\u00e9 \u00e9ternelle, d\u00e8s maintenant<\/strong><\/p>\n<\/blockquote>\n<\/div>\n\n\n\n<div class=\"wp-block-column is-layout-flow wp-block-column-is-layout-flow\" style=\"flex-basis:10%\"><\/div>\n<\/div>\n","protected":false},"excerpt":{"rendered":"<p>Tout savoir Qu&#8217;est-ce que le th\u00e9 matcha ? Quels sont ses bienfaits ? Pourquoi en boire ? Le th\u00e9 vert matcha est un type de th\u00e9 vert bien particulier qui provient du Japon. Les caract\u00e8res Japonais utilis\u00e9s pour le matcha sont : \u62b9\u8336 Ce qui veut dire litt\u00e9ralement \u00ab&nbsp;th\u00e9 broy\u00e9&nbsp;\u00bb. Vous \u00eates en qu\u00eate de [&hellip;]<\/p>\n","protected":false},"author":2,"featured_media":0,"parent":0,"menu_order":0,"comment_status":"closed","ping_status":"closed","template":"","meta":{"_acf_changed":false,"footnotes":""},"class_list":["post-1187","page","type-page","status-publish","hentry"],"acf":[],"_links":{"self":[{"href":"https:\/\/kumikomatchabyidh.ch\/it\/wp-json\/wp\/v2\/pages\/1187","targetHints":{"allow":["GET"]}}],"collection":[{"href":"https:\/\/kumikomatchabyidh.ch\/it\/wp-json\/wp\/v2\/pages"}],"about":[{"href":"https:\/\/kumikomatchabyidh.ch\/it\/wp-json\/wp\/v2\/types\/page"}],"author":[{"embeddable":true,"href":"https:\/\/kumikomatchabyidh.ch\/it\/wp-json\/wp\/v2\/users\/2"}],"replies":[{"embeddable":true,"href":"https:\/\/kumikomatchabyidh.ch\/it\/wp-json\/wp\/v2\/comments?post=1187"}],"version-history":[{"count":0,"href":"https:\/\/kumikomatchabyidh.ch\/it\/wp-json\/wp\/v2\/pages\/1187\/revisions"}],"wp:attachment":[{"href":"https:\/\/kumikomatchabyidh.ch\/it\/wp-json\/wp\/v2\/media?parent=1187"}],"curies":[{"name":"wp","href":"https:\/\/api.w.org\/{rel}","templated":true}]}}