{"id":1193,"date":"2023-08-28T15:43:47","date_gmt":"2023-08-28T13:43:47","guid":{"rendered":"https:\/\/kumikomatchabyidh.ch\/tout-savoir\/"},"modified":"2023-09-12T11:32:48","modified_gmt":"2023-09-12T09:32:48","slug":"tout-savoir","status":"publish","type":"page","link":"https:\/\/kumikomatchabyidh.ch\/it\/tout-savoir\/","title":{"rendered":"Sapere tutto"},"content":{"rendered":"\n<div class=\"wp-block-columns is-layout-flex wp-container-core-columns-is-layout-9d6595d7 wp-block-columns-is-layout-flex\">\n<div class=\"wp-block-column is-layout-flow wp-block-column-is-layout-flow\">\n<figure class=\"wp-block-image size-full\"><a href=\"https:\/\/kumikomatchabyidh.ch\/umami\/\"><img loading=\"lazy\" decoding=\"async\" width=\"540\" height=\"360\" src=\"https:\/\/kumikomatchabyidh.ch\/wp-content\/uploads\/2023\/08\/Tout-savoir-umami.jpeg\" alt=\"\" class=\"wp-image-890\" style=\"aspect-ratio:1;object-fit:cover\" srcset=\"https:\/\/kumikomatchabyidh.ch\/wp-content\/uploads\/2023\/08\/Tout-savoir-umami.jpeg 540w, https:\/\/kumikomatchabyidh.ch\/wp-content\/uploads\/2023\/08\/Tout-savoir-umami-300x200.jpeg 300w\" sizes=\"auto, (max-width: 540px) 100vw, 540px\" \/><\/a><\/figure>\n\n\n\n<p class=\"has-text-align-center has-medium-font-size\">Ce qu&#8217;il faut savoir sur le go\u00fbt umami, la cinqui\u00e8me saveur de base<\/p>\n<\/div>\n\n\n\n<div class=\"wp-block-column is-layout-flow wp-block-column-is-layout-flow\">\n<figure class=\"wp-block-image size-full\"><a href=\"https:\/\/kumikomatchabyidh.ch\/it\/cafe-vs-the-vert\/\"><img loading=\"lazy\" decoding=\"async\" width=\"540\" height=\"304\" src=\"https:\/\/kumikomatchabyidh.ch\/wp-content\/uploads\/2023\/08\/Tout-savoir-cafe-the-vert.jpeg\" alt=\"\" class=\"wp-image-916\" style=\"aspect-ratio:1;object-fit:cover\" srcset=\"https:\/\/kumikomatchabyidh.ch\/wp-content\/uploads\/2023\/08\/Tout-savoir-cafe-the-vert.jpeg 540w, https:\/\/kumikomatchabyidh.ch\/wp-content\/uploads\/2023\/08\/Tout-savoir-cafe-the-vert-300x169.jpeg 300w\" sizes=\"auto, (max-width: 540px) 100vw, 540px\" \/><\/a><\/figure>\n\n\n\n<p class=\"has-text-align-center has-medium-font-size\">Caf\u00e9 vs Th\u00e9 vert : impact sur le risque de d\u00e9c\u00e8s par maladie cardiovasculaire<\/p>\n<\/div>\n\n\n\n<div class=\"wp-block-column is-layout-flow wp-block-column-is-layout-flow\">\n<figure class=\"wp-block-image size-full\"><a href=\"https:\/\/kumikomatchabyidh.ch\/it\/revue-scientifique\/\"><img loading=\"lazy\" decoding=\"async\" width=\"540\" height=\"360\" src=\"https:\/\/kumikomatchabyidh.ch\/wp-content\/uploads\/2023\/08\/Tout-savoir-recherche.jpeg\" alt=\"\" class=\"wp-image-920\" style=\"aspect-ratio:1;object-fit:cover\" srcset=\"https:\/\/kumikomatchabyidh.ch\/wp-content\/uploads\/2023\/08\/Tout-savoir-recherche.jpeg 540w, https:\/\/kumikomatchabyidh.ch\/wp-content\/uploads\/2023\/08\/Tout-savoir-recherche-300x200.jpeg 300w\" sizes=\"auto, (max-width: 540px) 100vw, 540px\" \/><\/a><\/figure>\n\n\n\n<p class=\"has-text-align-center has-medium-font-size\">Revue de la Recherche Scientifique sur le th\u00e9 matcha<\/p>\n<\/div>\n<\/div>\n\n\n\n<div class=\"wp-block-columns is-layout-flex wp-container-core-columns-is-layout-9d6595d7 wp-block-columns-is-layout-flex\">\n<div class=\"wp-block-column is-layout-flow wp-block-column-is-layout-flow\">\n<figure class=\"wp-block-image size-full\"><a href=\"https:\/\/kumikomatchabyidh.ch\/it\/les-bienfaits-des-flavonoides\/\"><img loading=\"lazy\" decoding=\"async\" width=\"540\" height=\"370\" src=\"https:\/\/kumikomatchabyidh.ch\/wp-content\/uploads\/2023\/08\/Tout-savoir-bienfaits-coginitifs.jpeg\" alt=\"\" class=\"wp-image-928\" style=\"aspect-ratio:1;object-fit:cover\" srcset=\"https:\/\/kumikomatchabyidh.ch\/wp-content\/uploads\/2023\/08\/Tout-savoir-bienfaits-coginitifs.jpeg 540w, https:\/\/kumikomatchabyidh.ch\/wp-content\/uploads\/2023\/08\/Tout-savoir-bienfaits-coginitifs-300x206.jpeg 300w\" sizes=\"auto, (max-width: 540px) 100vw, 540px\" \/><\/a><\/figure>\n\n\n\n<p class=\"has-text-align-center has-medium-font-size\">Les bienfaits des flavono\u00efdes du th\u00e9 vert matcha contre le d\u00e9clin cognitif<\/p>\n<\/div>\n\n\n\n<div class=\"wp-block-column is-layout-flow wp-block-column-is-layout-flow\"><div class=\"wp-block-image\">\n<figure class=\"aligncenter size-full is-resized\"><img loading=\"lazy\" decoding=\"async\" src=\"https:\/\/kumikomatchabyidh.ch\/wp-content\/uploads\/2023\/08\/logo.png\" alt=\"\" class=\"wp-image-1081\" style=\"width:247px;height:184px\" width=\"247\" height=\"184\" srcset=\"https:\/\/kumikomatchabyidh.ch\/wp-content\/uploads\/2023\/08\/logo.png 500w, https:\/\/kumikomatchabyidh.ch\/wp-content\/uploads\/2023\/08\/logo-300x224.png 300w\" sizes=\"auto, (max-width: 247px) 100vw, 247px\" \/><\/figure>\n<\/div>\n\n\n<div style=\"height:50px\" aria-hidden=\"true\" class=\"wp-block-spacer\"><\/div>\n\n\n\n<p class=\"has-text-align-center has-text-color has-medium-font-size\" style=\"color:#00780e\"><strong>Je m&#8217;aime alors j&#8217;ach\u00e8te<\/strong><\/p>\n\n\n\n<div class=\"wp-block-buttons is-content-justification-center is-layout-flex wp-container-core-buttons-is-layout-16018d1d wp-block-buttons-is-layout-flex\">\n<div class=\"wp-block-button\"><a class=\"wp-block-button__link wp-element-button\" href=\"https:\/\/kumikomatchabyidh.ch\/boutique\/\">Boutique<\/a><\/div>\n<\/div>\n<\/div>\n\n\n\n<div class=\"wp-block-column is-layout-flow wp-block-column-is-layout-flow\">\n<figure class=\"wp-block-image size-full\"><a href=\"https:\/\/kumikomatchabyidh.ch\/it\/production\/\"><img loading=\"lazy\" decoding=\"async\" width=\"540\" height=\"397\" src=\"https:\/\/kumikomatchabyidh.ch\/wp-content\/uploads\/2023\/08\/Tout-savoir-usine_de_the.jpeg\" alt=\"\" class=\"wp-image-936\" style=\"aspect-ratio:1;object-fit:cover\" srcset=\"https:\/\/kumikomatchabyidh.ch\/wp-content\/uploads\/2023\/08\/Tout-savoir-usine_de_the.jpeg 540w, https:\/\/kumikomatchabyidh.ch\/wp-content\/uploads\/2023\/08\/Tout-savoir-usine_de_the-300x221.jpeg 300w\" sizes=\"auto, (max-width: 540px) 100vw, 540px\" \/><\/a><\/figure>\n\n\n\n<p class=\"has-text-align-center has-medium-font-size\">Le matcha &#8220;C\u2019est pas sorcier&#8221; : processus de production de la feuille au bol<\/p>\n<\/div>\n<\/div>\n\n\n\n<div class=\"wp-block-columns is-layout-flex wp-container-core-columns-is-layout-9d6595d7 wp-block-columns-is-layout-flex\">\n<div class=\"wp-block-column is-layout-flow wp-block-column-is-layout-flow\">\n<figure class=\"wp-block-image size-full\"><a href=\"https:\/\/kumikomatchabyidh.ch\/it\/quest-ce-que-le-the-matcha\/\"><img loading=\"lazy\" decoding=\"async\" width=\"540\" height=\"360\" src=\"https:\/\/kumikomatchabyidh.ch\/wp-content\/uploads\/2023\/08\/Tout-savoir-the-matcha.jpeg\" alt=\"\" class=\"wp-image-940\" style=\"aspect-ratio:1;object-fit:cover\" srcset=\"https:\/\/kumikomatchabyidh.ch\/wp-content\/uploads\/2023\/08\/Tout-savoir-the-matcha.jpeg 540w, https:\/\/kumikomatchabyidh.ch\/wp-content\/uploads\/2023\/08\/Tout-savoir-the-matcha-300x200.jpeg 300w\" sizes=\"auto, (max-width: 540px) 100vw, 540px\" \/><\/a><\/figure>\n\n\n\n<p class=\"has-text-align-center has-medium-font-size\">Qu&#8217;est-ce que le th\u00e9 matcha ? Quels sont ses bienfaits ? Pourquoi en boire ?<\/p>\n<\/div>\n\n\n\n<div class=\"wp-block-column is-layout-flow wp-block-column-is-layout-flow\">\n<figure class=\"wp-block-image size-full\"><a href=\"https:\/\/kumikomatchabyidh.ch\/it\/cultivar\/\"><img loading=\"lazy\" decoding=\"async\" width=\"540\" height=\"405\" src=\"https:\/\/kumikomatchabyidh.ch\/wp-content\/uploads\/2023\/08\/Tout-savoir-cultivar.jpeg\" alt=\"\" class=\"wp-image-932\" style=\"aspect-ratio:1;object-fit:cover\" srcset=\"https:\/\/kumikomatchabyidh.ch\/wp-content\/uploads\/2023\/08\/Tout-savoir-cultivar.jpeg 540w, https:\/\/kumikomatchabyidh.ch\/wp-content\/uploads\/2023\/08\/Tout-savoir-cultivar-300x225.jpeg 300w\" sizes=\"auto, (max-width: 540px) 100vw, 540px\" \/><\/a><\/figure>\n\n\n\n<p class=\"has-text-align-center has-medium-font-size\">Qu\u2019est-ce qu\u2019un cultivar ? Un single origin ? Un assemblage ? Les d\u00e9finitions<\/p>\n<\/div>\n\n\n\n<div class=\"wp-block-column is-layout-flow wp-block-column-is-layout-flow\">\n<figure class=\"wp-block-image size-full\"><a href=\"https:\/\/kumikomatchabyidh.ch\/it\/le-matcha-pour-la-sante\/\"><img loading=\"lazy\" decoding=\"async\" width=\"540\" height=\"540\" src=\"https:\/\/kumikomatchabyidh.ch\/wp-content\/uploads\/2023\/08\/Tout-savoir-avantages-sante.jpeg\" alt=\"\" class=\"wp-image-944\" style=\"aspect-ratio:1;object-fit:cover\" srcset=\"https:\/\/kumikomatchabyidh.ch\/wp-content\/uploads\/2023\/08\/Tout-savoir-avantages-sante.jpeg 540w, https:\/\/kumikomatchabyidh.ch\/wp-content\/uploads\/2023\/08\/Tout-savoir-avantages-sante-300x300.jpeg 300w, https:\/\/kumikomatchabyidh.ch\/wp-content\/uploads\/2023\/08\/Tout-savoir-avantages-sante-150x150.jpeg 150w, https:\/\/kumikomatchabyidh.ch\/wp-content\/uploads\/2023\/08\/Tout-savoir-avantages-sante-400x400.jpeg 400w, https:\/\/kumikomatchabyidh.ch\/wp-content\/uploads\/2023\/08\/Tout-savoir-avantages-sante-100x100.jpeg 100w\" sizes=\"auto, (max-width: 540px) 100vw, 540px\" \/><\/a><\/figure>\n\n\n\n<p class=\"has-text-align-center has-medium-font-size\">Les avantages du matcha pour la sant\u00e9<\/p>\n<\/div>\n<\/div>\n","protected":false},"excerpt":{"rendered":"<p>Ce qu&#8217;il faut savoir sur le go\u00fbt umami, la cinqui\u00e8me saveur de base Caf\u00e9 vs Th\u00e9 vert : impact sur le risque de d\u00e9c\u00e8s par maladie cardiovasculaire Revue de la Recherche Scientifique sur le th\u00e9 matcha Les bienfaits des flavono\u00efdes du th\u00e9 vert matcha contre le d\u00e9clin cognitif Je m&#8217;aime alors j&#8217;ach\u00e8te Le matcha &#8220;C\u2019est [&hellip;]<\/p>\n","protected":false},"author":2,"featured_media":0,"parent":0,"menu_order":0,"comment_status":"closed","ping_status":"closed","template":"","meta":{"_acf_changed":false,"footnotes":""},"class_list":["post-1193","page","type-page","status-publish","hentry"],"acf":[],"_links":{"self":[{"href":"https:\/\/kumikomatchabyidh.ch\/it\/wp-json\/wp\/v2\/pages\/1193","targetHints":{"allow":["GET"]}}],"collection":[{"href":"https:\/\/kumikomatchabyidh.ch\/it\/wp-json\/wp\/v2\/pages"}],"about":[{"href":"https:\/\/kumikomatchabyidh.ch\/it\/wp-json\/wp\/v2\/types\/page"}],"author":[{"embeddable":true,"href":"https:\/\/kumikomatchabyidh.ch\/it\/wp-json\/wp\/v2\/users\/2"}],"replies":[{"embeddable":true,"href":"https:\/\/kumikomatchabyidh.ch\/it\/wp-json\/wp\/v2\/comments?post=1193"}],"version-history":[{"count":1,"href":"https:\/\/kumikomatchabyidh.ch\/it\/wp-json\/wp\/v2\/pages\/1193\/revisions"}],"predecessor-version":[{"id":1224,"href":"https:\/\/kumikomatchabyidh.ch\/it\/wp-json\/wp\/v2\/pages\/1193\/revisions\/1224"}],"wp:attachment":[{"href":"https:\/\/kumikomatchabyidh.ch\/it\/wp-json\/wp\/v2\/media?parent=1193"}],"curies":[{"name":"wp","href":"https:\/\/api.w.org\/{rel}","templated":true}]}}