{"id":1196,"date":"2023-08-28T15:04:53","date_gmt":"2023-08-28T13:04:53","guid":{"rendered":"https:\/\/kumikomatchabyidh.ch\/umami\/"},"modified":"2023-08-28T15:04:53","modified_gmt":"2023-08-28T13:04:53","slug":"umami","status":"publish","type":"page","link":"https:\/\/kumikomatchabyidh.ch\/it\/umami\/","title":{"rendered":"Umami"},"content":{"rendered":"\n<p><a href=\"https:\/\/kumikomatchabyidh.ch\/it\/tout-savoir\/\" data-type=\"page\" data-id=\"888\">Tout savoir<\/a><\/p>\n\n\n\n<h2 class=\"wp-block-heading has-text-align-center\">Ce qu&#8217;il faut savoir sur le go\u00fbt umami, la cinqui\u00e8me saveur de base.<\/h2>\n\n\n\n<div style=\"height:20px\" aria-hidden=\"true\" class=\"wp-block-spacer\"><\/div>\n\n\n\n<div class=\"wp-block-columns is-layout-flex wp-container-core-columns-is-layout-9d6595d7 wp-block-columns-is-layout-flex\">\n<div class=\"wp-block-column is-layout-flow wp-block-column-is-layout-flow\" style=\"flex-basis:10%\"><\/div>\n\n\n\n<div class=\"wp-block-column is-layout-flow wp-block-column-is-layout-flow\" style=\"flex-basis:80%\"><div class=\"wp-block-image\">\n<figure class=\"aligncenter size-large\"><img loading=\"lazy\" decoding=\"async\" width=\"1024\" height=\"682\" src=\"https:\/\/kumikomatchabyidh.ch\/wp-content\/uploads\/2023\/08\/umami-1-1024x682.jpeg\" alt=\"\" class=\"wp-image-896\" style=\"object-fit:cover\" srcset=\"https:\/\/kumikomatchabyidh.ch\/wp-content\/uploads\/2023\/08\/umami-1-1024x682.jpeg 1024w, https:\/\/kumikomatchabyidh.ch\/wp-content\/uploads\/2023\/08\/umami-1-300x200.jpeg 300w, https:\/\/kumikomatchabyidh.ch\/wp-content\/uploads\/2023\/08\/umami-1-768x512.jpeg 768w, https:\/\/kumikomatchabyidh.ch\/wp-content\/uploads\/2023\/08\/umami-1-1536x1024.jpeg 1536w, https:\/\/kumikomatchabyidh.ch\/wp-content\/uploads\/2023\/08\/umami-1-800x533.jpeg 800w, https:\/\/kumikomatchabyidh.ch\/wp-content\/uploads\/2023\/08\/umami-1.jpeg 2000w\" sizes=\"auto, (max-width: 1024px) 100vw, 1024px\" \/><figcaption class=\"wp-element-caption\"><em>Lorsque qu\u2019on cherche \u00e0 d\u00e9crire le go\u00fbt du th\u00e9 matcha, on peut souvent lire qu&#8217;il a un go\u00fbt v\u00e9g\u00e9tal et qu&#8217;il est l\u00e9g\u00e8rement amer. On dit aussi qu\u2019il est &#8220;<strong>umami&#8221;<\/strong>.<\/em><\/figcaption><\/figure>\n<\/div>\n\n\n<div style=\"height:25px\" aria-hidden=\"true\" class=\"wp-block-spacer\"><\/div>\n\n\n\n<h2 class=\"wp-block-heading\">Mais, c\u2019est quoi, la saveur umami ?<\/h2>\n\n\n\n<p>Vous connaissez s\u00fbrement d\u00e9j\u00e0 les quatre saveurs de base : le sucr\u00e9, le sal\u00e9, l\u2019amer et l\u2019acide.<\/p>\n\n\n\n<p>Mais il existe aussi cette cinqui\u00e8me saveur, bien connue en Asie : le go\u00fbt umami.<\/p>\n\n\n\n<p>D\u00e9couvert par le professeur Kikunae Ikeda en 1908, chimiste \u00e0 l&#8217;Universit\u00e9 Imp\u00e9riale de Tokyo, le mot umami signifie \u00ab go\u00fbt savoureux \u00bb en japonais, par association du mot \u00ab umai \u00bb, d\u00e9licieux, et \u00ab mi \u00bb, go\u00fbt. Il aurait d\u00e9couvert le r\u00f4le des glutamates dans la pr\u00e9sence de cette saveur si caract\u00e9ristique, notamment dans le bouillon dashi, le fameux bouillon de bonite japonais.<br><br>L\u2019association de trois acides amin\u00e9s, notamment du glutamate, de l\u2019acide inosinique et de l&#8217;acide guanylique, permettrait ainsi aux r\u00e9cepteurs de notre langue de ressentir l&#8217;umami.<\/p>\n\n\n\n<p>L&#8217;int\u00e9r\u00eat de&nbsp;l&#8217;umami au niveau gustatif est l\u2019\u00e9quilibre et la rondeur qu\u2019il apporte \u00e0 un plat. C\u2019est pourquoi on ajoute souvent des aliments riches en umami pour am\u00e9liorer le go\u00fbt d\u2019un plat, comme du parmesan ou de la sauce tomate sur les p\u00e2tes par exemple.<\/p>\n\n\n\n<p>En bouche, c&#8217;est une sensation difficile \u00e0 identifier. Plus simplement, c&#8217;est une saveur qui tapisse l&#8217;ensemble de la langue, et qui offre un go\u00fbt \u00e9quilibr\u00e9, sans acidit\u00e9, sucrosit\u00e9, amertume ou acidit\u00e9 prononc\u00e9e.<\/p>\n\n\n\n<p>Selon une \u00e9tude, publi\u00e9e en 2014 dans la revue The&nbsp;<em>American Journal of Clinical Nutrition<\/em>, la saveur umami augmente l\u2019app\u00e9tit, mais aussi la sensation de&nbsp;<a href=\"https:\/\/www.sciencedirect.com\/science\/article\/pii\/S0002916523047056?via%3Dihub\" target=\"_blank\" rel=\"noreferrer noopener\">sati\u00e9t\u00e9<\/a>. Elle est donc id\u00e9ale pour r\u00e9guler l\u2019app\u00e9tit, et peut \u00eatre un alli\u00e9 pour la perte de poids.<\/p>\n\n\n\n<div style=\"height:25px\" aria-hidden=\"true\" class=\"wp-block-spacer\"><\/div>\n\n\n\n<h2 class=\"wp-block-heading\">Quels sont les aliments au go\u00fbt umami ?<\/h2>\n\n\n\n<p>L\u2019umami est une saveur \u00e9quilibr\u00e9e, pr\u00e9sente dans de nombreux aliments comme la sauce soja, la tomate m\u00fbre, les champignons (s\u00e9ch\u00e9s), les bouillons de viande et de poisson, les fromages, les anchois, les algues (kombu), ou le miso.<\/p>\n\n\n\n<p>L\u2019umami est notamment tr\u00e8s pr\u00e9sent dans le th\u00e9 vert, et surtout dans le th\u00e9 matcha.<\/p>\n\n\n\n<div style=\"height:25px\" aria-hidden=\"true\" class=\"wp-block-spacer\"><\/div>\n\n\n<div class=\"wp-block-image\">\n<figure class=\"aligncenter size-full\"><img loading=\"lazy\" decoding=\"async\" width=\"1024\" height=\"687\" src=\"https:\/\/kumikomatchabyidh.ch\/wp-content\/uploads\/2023\/08\/umami-2.jpeg\" alt=\"\" class=\"wp-image-900\" srcset=\"https:\/\/kumikomatchabyidh.ch\/wp-content\/uploads\/2023\/08\/umami-2.jpeg 1024w, https:\/\/kumikomatchabyidh.ch\/wp-content\/uploads\/2023\/08\/umami-2-300x201.jpeg 300w, https:\/\/kumikomatchabyidh.ch\/wp-content\/uploads\/2023\/08\/umami-2-768x515.jpeg 768w, https:\/\/kumikomatchabyidh.ch\/wp-content\/uploads\/2023\/08\/umami-2-800x537.jpeg 800w\" sizes=\"auto, (max-width: 1024px) 100vw, 1024px\" \/><figcaption class=\"wp-element-caption\"><em>Le th\u00e9 matcha se distingue des autres th\u00e9s verts par sa forme en poudre couleur jade, mais surtout par sa forte saveur umami, associ\u00e9e \u00e0 une l\u00e9g\u00e8re amertume herbac\u00e9e caract\u00e9ristique.<\/em><\/figcaption><\/figure>\n<\/div>\n\n\n<div style=\"height:25px\" aria-hidden=\"true\" class=\"wp-block-spacer\"><\/div>\n\n\n\n<p>Contrairement aux autres th\u00e9s, les feuilles de th\u00e9 vertes sont finement broy\u00e9es pour donner une fine poudre de grande qualit\u00e9 et d\u00e9licate. La poudre de th\u00e9 vert matcha n\u2019est donc pas infus\u00e9e, mais directement consomm\u00e9e en la m\u00e9langeant \u00e0 de l\u2019eau chaude, et en la battant avec un fouet en bambou, appel\u00e9 chasen.<\/p>\n\n\n\n<p>L\u2019umami pr\u00e9sente dans le th\u00e9 matcha lui conf\u00e8re une d\u00e9licieuse note sucr\u00e9e en fin de bouche, en opposition \u00e0 l\u2019umami pr\u00e9sente dans les th\u00e9s chinois, qui est simplement une saveur \u00e9quilibr\u00e9e.<\/p>\n\n\n\n<p>Lorsque l\u2019on boit un th\u00e9 matcha, on peut ressentir la saveur umami avec toutes nos papilles gustatives, ce qui tapisse donc l\u2019ensemble de notre langue d\u2019un go\u00fbt savoureux. Il lui donne ce go\u00fbt all\u00e9chant, qui provoque la salivation et une belle sensation de rondeur en bouche.<\/p>\n\n\n\n<p>Boire du matcha est donc pour moi la fa\u00e7on la plus d\u00e9licieuse de d\u00e9couvrir la saveur umami, si pris\u00e9e dans la cuisine japonaise.<\/p>\n\n\n\n<div style=\"height:25px\" aria-hidden=\"true\" class=\"wp-block-spacer\"><\/div>\n\n\n\n<h2 class=\"wp-block-heading\">Le matcha, des ar\u00f4mes incroyables<\/h2>\n\n\n\n<p>Car en plus d\u2019\u00eatre d\u00e9licieux, le&nbsp;matcha&nbsp;est en effet un des aliments \u00e0 la saveur umami la plus prononc\u00e9e !<br><br>Et pour cause, les feuilles de th\u00e9 utilis\u00e9es pour la production de matcha, les feuilles de tencha, sont couvertes pendant une vingtaine de jour avant la r\u00e9colte.<\/p>\n\n\n\n<p>Ce qui a pour effet d\u2019accro\u00eetre la concentration en&nbsp;<a href=\"https:\/\/link.springer.com\/article\/10.1007\/s00726-014-1713-3\" target=\"_blank\" rel=\"noreferrer noopener\">L-th\u00e9anine<\/a>&nbsp;dans les feuilles, aussi responsable du go\u00fbt riche en umami du matcha !<\/p>\n\n\n\n<p>En utilisant un fouet, dans un bol large, on obtient une \u00e9paisse mousse en surface, qui procure une texture cr\u00e9meuse et une sensation de douceur tr\u00e8s agr\u00e9able.<\/p>\n\n\n\n<p>La saveur umami \u00e9quilibre l\u2019amertume que peut contenir le th\u00e9 matcha en apportant une l\u00e9g\u00e8re sucrosit\u00e9 en fin de bouche.<\/p>\n\n\n\n<p>Tout \u00e7a donne au matcha un go\u00fbt totalement unique, r\u00e9confortant et vivifiant, que l\u2019on ne peut retrouver dans aucun autre th\u00e9 vert !<\/p>\n\n\n\n<p>Avec&nbsp;<strong>Kumiko Matcha<\/strong>, j\u2019aspire \u00e0 proposer gr\u00e2ce \u00e0 mes partenaires artisans-fermiers des th\u00e9s matcha biologiques d\u2019exception, produits avec beaucoup d\u2019amour, de soin et dans le respect de l\u2019environnement.<\/p>\n\n\n\n<p>Parce que chaque th\u00e9 matcha est unique et invite au voyage gustatif et sensoriel, je propose une s\u00e9lection de matcha vari\u00e9e, qui chacun \u00e0 leur fa\u00e7on, offrent une saveur umami prononc\u00e9e, un go\u00fbt d\u00e9pourvu d\u2019amertume, et des notes allant du cacao aux agrumes.<br><br>De cette fa\u00e7on, \u00e0 la mani\u00e8re d\u2019un bon vin, chacun peut trouver un d\u00e9licieux th\u00e9 matcha, le meilleur \u00e9tant celui qui convient \u00e0 VOTRE go\u00fbt !<\/p>\n\n\n\n<div style=\"height:25px\" aria-hidden=\"true\" class=\"wp-block-spacer\"><\/div>\n\n\n\n<h3 class=\"wp-block-heading\">Conclusion<\/h3>\n\n\n\n<p>Nous avons vu que la saveur&nbsp;<strong>umami<\/strong>&nbsp;est la <strong>cinqui\u00e8me saveur<\/strong>, apr\u00e8s le sal\u00e9, le sucr\u00e9, l\u2019amer et l\u2019acide.<br>Elle a \u00e9t\u00e9 d\u00e9couverte en 1908 par un professeur japonais, Kikunae Ikeda. Elle procure une saveur \u00e9quilibr\u00e9e aux plats, qui les rend plus gourmands.<\/p>\n\n\n\n<div style=\"height:25px\" aria-hidden=\"true\" class=\"wp-block-spacer\"><\/div>\n\n\n\n<figure class=\"wp-block-embed aligncenter is-type-video is-provider-youtube wp-block-embed-youtube wp-embed-aspect-16-9 wp-has-aspect-ratio\"><div class=\"wp-block-embed__wrapper\">\n<iframe loading=\"lazy\" title=\"UMAMI : est-ce que tu connais ce go\u00fbt ?\" width=\"640\" height=\"360\" src=\"https:\/\/www.youtube.com\/embed\/eQVq0R1QgIo?feature=oembed\" frameborder=\"0\" allow=\"accelerometer; autoplay; clipboard-write; encrypted-media; gyroscope; picture-in-picture; web-share\" referrerpolicy=\"strict-origin-when-cross-origin\" allowfullscreen><\/iframe>\n<\/div><figcaption class=\"wp-element-caption\"><em>Le matcha offre une des saveurs umami les plus intenses, gr\u00e2ce \u00e0 sa teneur en<\/em><br><em>L-th\u00e9anine.<\/em><\/figcaption><\/figure>\n\n\n\n<div style=\"height:25px\" aria-hidden=\"true\" class=\"wp-block-spacer\"><\/div>\n\n\n\n<h2 class=\"wp-block-heading\">Sources<\/h2>\n\n\n\n<ul class=\"wp-block-list\">\n<li class=\"has-small-font-size\"><strong><em><a href=\"https:\/\/www.sciencedirect.com\/science\/article\/pii\/S0002916523047056?via%3Dihub\" data-type=\"link\" data-id=\"HTTPS:\/\/WWW.SCIENCEDIRECT.COM\/SCIENCE\/ARTICLE\/PII\/S0002916523047056?VIA%3DIHUB\">UMAMI FLAVOR ENHANCES APPETITE BUT ALSO INCREASES SATIETY<\/a><\/em>, THE AMERICAN JOURNAL OF CLINICAL NUTRITION, 2014, DOI: 10.3945\/AJCN.113.080929,&nbsp;<\/strong><\/li>\n\n\n\n<li class=\"has-small-font-size\"><strong><em><a href=\"https:\/\/pubs.acs.org\/doi\/10.1021\/jf800933x\" data-type=\"link\" data-id=\"https:\/\/pubs.acs.org\/doi\/10.1021\/jf800933x\">EVALUATION OF THE UMAMI TASTE INTENSITY OF GREEN TEA BY A TASTE SENSOR<\/a><\/em>, JOURNAL OF AGRICULTURAL AND FOOD CHEMISTRY, 2008, DOI: 10.1021\/JF800933X,&nbsp;<\/strong><\/li>\n\n\n\n<li class=\"has-small-font-size\"><strong><em><a href=\"https:\/\/link.springer.com\/article\/10.1007\/s00726-014-1713-3\" data-type=\"link\" data-id=\"HTTPS:\/\/LINK.SPRINGER.COM\/ARTICLE\/10.1007\/S00726-014-1713-3\">L-THEANINE ELICITS UMAMI TASTE VIA THE T1R1 + T1R3 UMAMI TASTE RECEPTOR<\/a>,<\/em>&nbsp;AMINO ACIDS, 2014, DOI: 10.1007\/S00726-014-1713-3,&nbsp;<\/strong><\/li>\n<\/ul>\n<\/div>\n\n\n\n<div class=\"wp-block-column is-layout-flow wp-block-column-is-layout-flow\" style=\"flex-basis:10%\"><\/div>\n<\/div>\n\n\n\n<p><\/p>\n","protected":false},"excerpt":{"rendered":"<p>Tout savoir Ce qu&#8217;il faut savoir sur le go\u00fbt umami, la cinqui\u00e8me saveur de base. Mais, c\u2019est quoi, la saveur umami ? Vous connaissez s\u00fbrement d\u00e9j\u00e0 les quatre saveurs de base : le sucr\u00e9, le sal\u00e9, l\u2019amer et l\u2019acide. Mais il existe aussi cette cinqui\u00e8me saveur, bien connue en Asie : le go\u00fbt umami. D\u00e9couvert [&hellip;]<\/p>\n","protected":false},"author":2,"featured_media":0,"parent":0,"menu_order":0,"comment_status":"closed","ping_status":"closed","template":"","meta":{"_acf_changed":false,"footnotes":""},"class_list":["post-1196","page","type-page","status-publish","hentry"],"acf":[],"_links":{"self":[{"href":"https:\/\/kumikomatchabyidh.ch\/it\/wp-json\/wp\/v2\/pages\/1196","targetHints":{"allow":["GET"]}}],"collection":[{"href":"https:\/\/kumikomatchabyidh.ch\/it\/wp-json\/wp\/v2\/pages"}],"about":[{"href":"https:\/\/kumikomatchabyidh.ch\/it\/wp-json\/wp\/v2\/types\/page"}],"author":[{"embeddable":true,"href":"https:\/\/kumikomatchabyidh.ch\/it\/wp-json\/wp\/v2\/users\/2"}],"replies":[{"embeddable":true,"href":"https:\/\/kumikomatchabyidh.ch\/it\/wp-json\/wp\/v2\/comments?post=1196"}],"version-history":[{"count":0,"href":"https:\/\/kumikomatchabyidh.ch\/it\/wp-json\/wp\/v2\/pages\/1196\/revisions"}],"wp:attachment":[{"href":"https:\/\/kumikomatchabyidh.ch\/it\/wp-json\/wp\/v2\/media?parent=1196"}],"curies":[{"name":"wp","href":"https:\/\/api.w.org\/{rel}","templated":true}]}}