{"id":1662,"date":"2024-10-29T10:44:52","date_gmt":"2024-10-29T09:44:52","guid":{"rendered":"https:\/\/kumikomatchabyidh.ch\/?post_type=product&#038;p=1662"},"modified":"2024-10-29T11:37:37","modified_gmt":"2024-10-29T10:37:37","slug":"barista-matcha-bio-latte-cucina-200g","status":"publish","type":"product","link":"https:\/\/kumikomatchabyidh.ch\/it\/boutique\/i-nuovi-arrivati\/barista-matcha-bio-latte-cucina-200g\/","title":{"rendered":"Barista matcha Bio Latte &#038; Cucina 200g"},"content":{"rendered":"<h2>Perch\u00e9 il matcha per il caffellatte e la cucina?<\/h2>\n<p>Questo matcha biologico per latte e cucina \u00e8 molto importante per noi perch\u00e9 rappresenta la <b>creativit\u00e0<\/b> e la <b>fantasia<\/b>.<\/p>\n<p>\u00c8 ideale per ricette di <strong>latte, bevande, frullati,<\/strong> dolci, ricette salate e altri esperimenti artistici e culinari. \u00c8 anche il matcha perfetto per un <strong>laboratorio di cucina<\/strong> con i bambini!<\/p>\n<p>Potete lasciarvi andare con questo matcha per il caff\u00e8 macchiato e per la cucina, perch\u00e9 \u00e8 il nostro matcha <strong>pi\u00f9 economico<\/strong> pur essendo della massima qualit\u00e0 per un matcha da cucina proveniente dal Giappone, <strong>senza compromessi sull&#8217;etichetta biologica<\/strong>. \u00c8 possibile utilizzare questo matcha senza restrizioni per dare libero sfogo alla propria immaginazione (e a quella dei propri amici e familiari)!<\/p>\n<h2>Qual \u00e8 la differenza con gli altri t\u00e8 matcha?<\/h2>\n<p>Come il <a href=\"https:\/\/kumikomatchabyidh.ch\/it\/boutique\/perpetuo\/matcha-premium-bio\/\">t\u00e8 matcha biologico premium<\/a>, questo matcha biologico per latte e cucina \u00e8 il risultato della miscelazione di un maestro del chai, con la differenza che le <strong>foglie di t\u00e8 tencha<\/strong> utilizzate sono <strong>di qualit\u00e0 inferiore<\/strong> rispetto al matcha biologico premium.<\/p>\n<p>La differenza tra il t\u00e8 matcha biologico premium e il matcha biologico per latte e cucina \u00e8 come quella tra un vino grand cru e un <strong>vino da cucina<\/strong>. Sono <strong>due prodotti diversi per usi diversi<\/strong>.<\/p>\n<p><strong>Origine:<\/strong> Giappone<br \/>\n<strong>Dosaggio: <\/strong>1 g di polvere per 80 ml di acqua<br \/>\n<strong>Conservazione:<\/strong> asciutto e fresco, conservare in frigorifero una volta aperto<br \/>\n<strong>Composizione:<\/strong> foglie di t\u00e8 macinate<\/p>\n<h4>Il vostro primo matcha:<\/h4>\n<ol>\n<li>Mettere una piccola quantit\u00e0 di acqua temperata nel Chawan.<\/li>\n<li>Aggiungere il matcha con il Saji (una o due immersioni nel barattolo o nella bustina (da 1 a 2 g)).<\/li>\n<li>Frullare con il Chasen fino a rendere l&#8217;acqua omogenea (per sciogliere gli amidi).<\/li>\n<li>Portare l&#8217;acqua a una temperatura di 70\u00b0 e aggiungerla al Chawan (80 ml per 1 g di matcha).<\/li>\n<li>Frullare con un movimento a W per schiumare il matcha.<\/li>\n<li>Schiacciare le bolle facendo dei cerchi contro il Chawan.<\/li>\n<li>Ripetere i punti 5 e 6 fino a ottenere la schiuma desiderata.<\/li>\n<li>GUSTARE!!!<\/li>\n<\/ol>\n<p><strong>Per i puristi<\/strong>: utilizzare acqua distillata o ad osmosi inversa (almeno si sa cosa si sta bevendo&#8230;)<\/p>\n<p><strong>Per i giocatori:<\/strong> aggiungere pi\u00f9 matcha o meno, aggiungere pi\u00f9 acqua o meno! \u00c8 il vostro momento di creare il matcha che fa per voi.<\/p>\n<p>&nbsp;<\/p>\n<p>&nbsp;<\/p>\n","protected":false},"excerpt":{"rendered":"<p><span class=\"icon-and-text\">Le meilleur matcha bio premium pour latte <\/span><\/p>\n","protected":false},"featured_media":1666,"template":"","meta":{"_acf_changed":false},"product_brand":[],"product_cat":[76],"product_tag":[],"class_list":{"0":"post-1662","1":"product","2":"type-product","3":"status-publish","4":"has-post-thumbnail","6":"product_cat-i-nuovi-arrivati","8":"first","9":"instock","10":"shipping-taxable","11":"purchasable","12":"product-type-simple"},"acf":[],"_links":{"self":[{"href":"https:\/\/kumikomatchabyidh.ch\/it\/wp-json\/wp\/v2\/product\/1662","targetHints":{"allow":["GET"]}}],"collection":[{"href":"https:\/\/kumikomatchabyidh.ch\/it\/wp-json\/wp\/v2\/product"}],"about":[{"href":"https:\/\/kumikomatchabyidh.ch\/it\/wp-json\/wp\/v2\/types\/product"}],"wp:featuredmedia":[{"embeddable":true,"href":"https:\/\/kumikomatchabyidh.ch\/it\/wp-json\/wp\/v2\/media\/1666"}],"wp:attachment":[{"href":"https:\/\/kumikomatchabyidh.ch\/it\/wp-json\/wp\/v2\/media?parent=1662"}],"wp:term":[{"taxonomy":"product_brand","embeddable":true,"href":"https:\/\/kumikomatchabyidh.ch\/it\/wp-json\/wp\/v2\/product_brand?post=1662"},{"taxonomy":"product_cat","embeddable":true,"href":"https:\/\/kumikomatchabyidh.ch\/it\/wp-json\/wp\/v2\/product_cat?post=1662"},{"taxonomy":"product_tag","embeddable":true,"href":"https:\/\/kumikomatchabyidh.ch\/it\/wp-json\/wp\/v2\/product_tag?post=1662"}],"curies":[{"name":"wp","href":"https:\/\/api.w.org\/{rel}","templated":true}]}}