{"id":1763,"date":"2025-01-13T06:54:38","date_gmt":"2025-01-13T05:54:38","guid":{"rendered":"https:\/\/kumikomatchabyidh.ch\/?post_type=product&#038;p=1763"},"modified":"2025-01-13T08:35:22","modified_gmt":"2025-01-13T07:35:22","slug":"frusta-di-bambu-nero-chasen-premium-japan-copie","status":"publish","type":"product","link":"https:\/\/kumikomatchabyidh.ch\/it\/boutique\/accessori\/frusta-di-bambu-nero-chasen-premium-japan-copie\/","title":{"rendered":"Frullino a mano in bamb\u00f9 verde e oro Chasen"},"content":{"rendered":"<p>La Rolls Royce delle fruste al t\u00e8 matcha. Realizzato a mano in Giappone dai maestri artigiani Hirata-san e suo padre, per preparare un gustoso t\u00e8 matcha con una schiuma cremosa&#8230;<\/p>\n<p>Secondo il padre di Hirata-san, un maestro artigiano di chasen (fruste di t\u00e8 matcha),<\/p>\n<p><em>&#8220;Il gusto e il piacere del t\u00e8 matcha dipendono dalla qualit\u00e0 del chasen. Se il chasen \u00e8 di alta qualit\u00e0, il matcha avr\u00e0 un sapore eccellente&#8221;.<\/em><\/p>\n<p>Questa frusta \u00e8 fatta interamente a mano da Hirata-san e da suo padre.<\/p>\n<p>Insieme, riescono a produrne solo 10 al giorno, mentre la domanda per le loro fruste artigianali supera le loro capacit\u00e0 nel solo Giappone.<\/p>\n<p>Le loro conoscenze sono state tramandate di generazione in generazione. Hirata-san produce a mano fruste di t\u00e8 matcha da 20 anni e suo padre da oltre 50.<\/p>\n<p>Utilizzano le stesse tecniche artigianali di 500 anni fa.<\/p>\n<p>Hirata-san ti invita a scegliere con piacere i tuoi utensili per il t\u00e8 matcha. Perch\u00e9 un&#8217;ottima frusta produrr\u00e0 un matcha gustoso.<\/p>\n<p>Questa frusta \u00e8 infatti un&#8217;opera d&#8217;arte preziosa e rara.<\/p>\n<p>Nel video qui sopra, il padre di Hirata-san ci mostra uno dei segreti della frusta artigianale per il t\u00e8 matcha: lo &#8220;shinari&#8221;.<\/p>\n<p>Shinari significa &#8220;essere piegato&#8221; o &#8220;flessibilit\u00e0&#8221;. Per ottenere lo shinari non si pu\u00f2 usare una macchina: ogni filo deve essere lavorato a mano, uno per uno.<\/p>\n<p><iframe loading=\"lazy\" title=\"l&#039;artisanat de fouets \u00e0 matcha authentiques par Hirata-san\" width=\"640\" height=\"360\" src=\"https:\/\/www.youtube.com\/embed\/w6Nl0fkllUM?feature=oembed\" frameborder=\"0\" allow=\"accelerometer; autoplay; clipboard-write; encrypted-media; gyroscope; picture-in-picture; web-share\" referrerpolicy=\"strict-origin-when-cross-origin\" allowfullscreen><\/iframe><\/p>\n","protected":false},"excerpt":{"rendered":"<p>La Rolls Royce delle fruste al t\u00e8 matcha. Realizzato a mano in Giappone dai maestri artigiani Hirata-san e suo padre, per preparare un gustoso t\u00e8 matcha con una schiuma cremosa&#8230;<\/p>\n","protected":false},"featured_media":1767,"template":"","meta":{"_acf_changed":false},"product_brand":[],"product_cat":[57],"product_tag":[],"class_list":{"0":"post-1763","1":"product","2":"type-product","3":"status-publish","4":"has-post-thumbnail","6":"product_cat-accessori","8":"first","9":"instock","10":"shipping-taxable","11":"purchasable","12":"product-type-simple"},"acf":[],"_links":{"self":[{"href":"https:\/\/kumikomatchabyidh.ch\/it\/wp-json\/wp\/v2\/product\/1763","targetHints":{"allow":["GET"]}}],"collection":[{"href":"https:\/\/kumikomatchabyidh.ch\/it\/wp-json\/wp\/v2\/product"}],"about":[{"href":"https:\/\/kumikomatchabyidh.ch\/it\/wp-json\/wp\/v2\/types\/product"}],"wp:featuredmedia":[{"embeddable":true,"href":"https:\/\/kumikomatchabyidh.ch\/it\/wp-json\/wp\/v2\/media\/1767"}],"wp:attachment":[{"href":"https:\/\/kumikomatchabyidh.ch\/it\/wp-json\/wp\/v2\/media?parent=1763"}],"wp:term":[{"taxonomy":"product_brand","embeddable":true,"href":"https:\/\/kumikomatchabyidh.ch\/it\/wp-json\/wp\/v2\/product_brand?post=1763"},{"taxonomy":"product_cat","embeddable":true,"href":"https:\/\/kumikomatchabyidh.ch\/it\/wp-json\/wp\/v2\/product_cat?post=1763"},{"taxonomy":"product_tag","embeddable":true,"href":"https:\/\/kumikomatchabyidh.ch\/it\/wp-json\/wp\/v2\/product_tag?post=1763"}],"curies":[{"name":"wp","href":"https:\/\/api.w.org\/{rel}","templated":true}]}}