{"id":1816,"date":"2025-01-13T12:49:58","date_gmt":"2025-01-13T11:49:58","guid":{"rendered":"https:\/\/kumikomatchabyidh.ch\/?post_type=product&#038;p=1816"},"modified":"2025-01-13T13:05:37","modified_gmt":"2025-01-13T12:05:37","slug":"matcha-cerimoniale-biologico-samidori-30g-copie","status":"publish","type":"product","link":"https:\/\/kumikomatchabyidh.ch\/it\/boutique\/eccezionali\/matcha-cerimoniale-biologico-samidori-30g-copie\/","title":{"rendered":"Matcha Shukusai biologico 30g"},"content":{"rendered":"<h2>Un matcha per festeggiare l&#8217;avventura di Kumiko<\/h2>\n<p><em>Shukusai<\/em> (\u795d\u796d) in giapponese significa celebrazione o festa.<br \/>\nIl matcha Shukusai biologico \u00e8 quindi un<strong>matcha celebrativo<\/strong>, perfetto per un momento con i propri cari o per festeggiare un risultato. Se, come me, sei un fan del matcha, l&#8217;idea di brindare con questo matcha Shukusai ti render\u00e0 ancora pi\u00f9 felice che con lo champagne.<\/p>\n<h2>Dettagli nascosti<\/h2>\n<p>Abbiamo creato il matcha organico Shukusai per celebrare l&#8217;11\u00b0 compleanno di Kumiko Matcha e per ringraziarla. Abbiamo incluso alcuni dei nostri dettagli preferiti in questo <strong>design esclusivo<\/strong>:<\/p>\n<ul>\n<li>L&#8217;etichetta sul coperchio riprende il modello dei mulini in granito utilizzati per macinare le foglie di t\u00e8.<\/li>\n<li>Il nome del matcha \u00e8 indicato in <em>kanji<\/em> sulla scatola.<\/li>\n<li>Alcuni elementi sono stampati in argento lucido.<\/li>\n<li>Una nota speciale \u00e8 scritta sul retro della scatola \ud83d\ude09<\/li>\n<\/ul>\n<p>Il <strong>matcha biologico Shukusai<\/strong> \u00e8 una <strong>miscela<\/strong>, ovvero \u00e8 composto da diverse variet\u00e0 di t\u00e8 verde combinate per creare un gusto unico e su misura. In termini di gusto e qualit\u00e0, il matcha Shukusai si colloca a met\u00e0 strada tra il t\u00e8 matcha biologico premium, il nostro prodotto di punta, e il matcha biologico ultra-premium, che molti di voi amano.<\/p>\n<p><strong>Il suo sapore \u00e8 ricco, cremoso e umami.<\/strong><\/p>\n<p>\u00c8 il compromesso perfetto tra un t\u00e8 matcha per tutti i giorni e un matcha molto speciale e lussuoso per le occasioni o i fine settimana, da condividere, regalare o gustare da soli con piena consapevolezza. Puoi preparare questo matcha con il metodo classico, descritto di seguito, oppure puoi provare una preparazione &#8220;densa&#8221;<a title=\"preparare il koicha\" href=\"https:\/\/kumikomatcha.fr\/blogs\/essais-et-videos\/ecole-enshu-koicha\" target=\"_blank\" rel=\"noopener\">(koicha<\/a>) per sperimentare tutto l&#8217;aroma di questo matcha biologico Shukusai con 3-5 grammi di matcha per 20-30 ml di acqua calda.<\/p>\n<p><strong>Origine:<\/strong> Giappone<br \/>\n<strong>Dosaggio: <\/strong>1 g di polvere per 80 ml di acqua<br \/>\n<strong>Conservazione:<\/strong> asciutto e fresco, conservare in frigorifero una volta aperto<br \/>\n<strong>Composizione:<\/strong> foglie di t\u00e8 macinate<\/p>\n<h4>Il tuo primo matcha:<\/h4>\n<ol>\n<li>Metti una base d&#8217;acqua temperata nel Chawan<\/li>\n<li>Aggiungi il matcha utilizzando il Saji (una o due immersioni nel barattolo o nella bustina (da 1 a 2 g)).<\/li>\n<li>Frulla con il Chasen fino a quando l&#8217;acqua non sar\u00e0 omogenea (per sciogliere gli amidi).<\/li>\n<li>Porta l&#8217;acqua a una temperatura di 70\u00b0 e aggiungila al Chawan (80 ml per 1 g di matcha).<\/li>\n<li>Frulla con Ws per rendere spumoso il Matcha<\/li>\n<li>Schiaccia le bolle facendo dei cerchi contro il Chawan<\/li>\n<li>Ripeti i passaggi 5 e 6 fino ad ottenere la schiuma che preferisci.<\/li>\n<li>GUSTO!!!<\/li>\n<\/ol>\n<p><strong>Per i puristi<\/strong>: usa acqua distillata o ad osmosi inversa (almeno sai cosa stai bevendo&#8230;)<\/p>\n<p><strong>Per i giocatori:<\/strong> aggiungi pi\u00f9 o meno matcha, aggiungi pi\u00f9 o meno acqua! \u00c8 il tuo momento di preparare il matcha che fa per te<\/p>\n","protected":false},"excerpt":{"rendered":"<p>Un matcha biologico di alta qualit\u00e0. \u00c8 il compromesso perfetto tra il gusto e l&#8217;equilibrio del matcha biologico premium e la raffinatezza del matcha biologico ultra-premium. Un matcha festivo con una scatola dal design esclusivo per celebrare l&#8217;11\u00b0 compleanno di Kumiko Matcha.<\/p>\n","protected":false},"featured_media":1820,"template":"","meta":{"_acf_changed":false},"product_brand":[],"product_cat":[80,76],"product_tag":[],"class_list":{"0":"post-1816","1":"product","2":"type-product","3":"status-publish","4":"has-post-thumbnail","6":"product_cat-eccezionali","7":"product_cat-i-nuovi-arrivati","9":"first","10":"instock","11":"shipping-taxable","12":"purchasable","13":"product-type-simple"},"acf":[],"_links":{"self":[{"href":"https:\/\/kumikomatchabyidh.ch\/it\/wp-json\/wp\/v2\/product\/1816","targetHints":{"allow":["GET"]}}],"collection":[{"href":"https:\/\/kumikomatchabyidh.ch\/it\/wp-json\/wp\/v2\/product"}],"about":[{"href":"https:\/\/kumikomatchabyidh.ch\/it\/wp-json\/wp\/v2\/types\/product"}],"wp:featuredmedia":[{"embeddable":true,"href":"https:\/\/kumikomatchabyidh.ch\/it\/wp-json\/wp\/v2\/media\/1820"}],"wp:attachment":[{"href":"https:\/\/kumikomatchabyidh.ch\/it\/wp-json\/wp\/v2\/media?parent=1816"}],"wp:term":[{"taxonomy":"product_brand","embeddable":true,"href":"https:\/\/kumikomatchabyidh.ch\/it\/wp-json\/wp\/v2\/product_brand?post=1816"},{"taxonomy":"product_cat","embeddable":true,"href":"https:\/\/kumikomatchabyidh.ch\/it\/wp-json\/wp\/v2\/product_cat?post=1816"},{"taxonomy":"product_tag","embeddable":true,"href":"https:\/\/kumikomatchabyidh.ch\/it\/wp-json\/wp\/v2\/product_tag?post=1816"}],"curies":[{"name":"wp","href":"https:\/\/api.w.org\/{rel}","templated":true}]}}