{"id":273,"date":"2023-05-01T00:29:39","date_gmt":"2023-04-30T22:29:39","guid":{"rendered":"https:\/\/kumikomatchabyidh.ch\/boutique\/senza-categoria\/matcha-hyperpremium-bio\/"},"modified":"2023-05-05T17:58:34","modified_gmt":"2023-05-05T15:58:34","slug":"matcha-hyperpremium-bio","status":"publish","type":"product","link":"https:\/\/kumikomatchabyidh.ch\/it\/boutique\/perpetuo\/matcha-hyperpremium-bio\/","title":{"rendered":"Matcha Hyperpremium Bio"},"content":{"rendered":"<p>Degustazione di un diamante verde<br \/>\nGrand cru irreale, la definizione di umami, il pi\u00f9 lussuoso ed esclusivo per le grandi occasioni, \u00e8 il Roman\u00e9e-Conti del t\u00e8 matcha biologico &#8211; 30g<br \/>\nIl matcha biologico iperpremium \u00e8 eccezionale.<br \/>\n\u00c8 un t\u00e8 matcha unico, da assaggiare almeno una volta nella vita.<\/p>\n<p>La degustazione \u00e8 una sinfonia per le papille gustative, un&#8217;orchestra di sapori, un viaggio culinario, un&#8217;opera d&#8217;arte da assaporare.<br \/>\nPer preparare un t\u00e8 matcha usucha, utilizzare da 1 a 2 grammi di polvere per 80 ml di acqua calda.<br \/>\nIl matcha biologico iperpremium \u00e8 cos\u00ec eccezionale che pu\u00f2 essere gustato come koicha, cio\u00e8 come una preparazione densa: 3-6 g di polvere per 20-30 ml di acqua calda. Provatelo per sentire tutto l&#8217;aroma di questo eccezionale matcha.<\/p>\n","protected":false},"excerpt":{"rendered":"<p>Grand cru irreale, la definizione di umami, il pi\u00f9 lussuoso ed esclusivo per le grandi occasioni, questo \u00e8 il t\u00e8 matcha biologico Roman\u00e9e-Conti &#8211; edizione limitata annata 2022 &#8211; 30g<\/p>\n","protected":false},"featured_media":243,"template":"","meta":{"_acf_changed":false},"product_brand":[],"product_cat":[55],"product_tag":[],"class_list":{"0":"post-273","1":"product","2":"type-product","3":"status-publish","4":"has-post-thumbnail","6":"product_cat-perpetuo","8":"first","9":"instock","10":"shipping-taxable","11":"purchasable","12":"product-type-simple"},"acf":[],"_links":{"self":[{"href":"https:\/\/kumikomatchabyidh.ch\/it\/wp-json\/wp\/v2\/product\/273","targetHints":{"allow":["GET"]}}],"collection":[{"href":"https:\/\/kumikomatchabyidh.ch\/it\/wp-json\/wp\/v2\/product"}],"about":[{"href":"https:\/\/kumikomatchabyidh.ch\/it\/wp-json\/wp\/v2\/types\/product"}],"wp:featuredmedia":[{"embeddable":true,"href":"https:\/\/kumikomatchabyidh.ch\/it\/wp-json\/wp\/v2\/media\/243"}],"wp:attachment":[{"href":"https:\/\/kumikomatchabyidh.ch\/it\/wp-json\/wp\/v2\/media?parent=273"}],"wp:term":[{"taxonomy":"product_brand","embeddable":true,"href":"https:\/\/kumikomatchabyidh.ch\/it\/wp-json\/wp\/v2\/product_brand?post=273"},{"taxonomy":"product_cat","embeddable":true,"href":"https:\/\/kumikomatchabyidh.ch\/it\/wp-json\/wp\/v2\/product_cat?post=273"},{"taxonomy":"product_tag","embeddable":true,"href":"https:\/\/kumikomatchabyidh.ch\/it\/wp-json\/wp\/v2\/product_tag?post=273"}],"curies":[{"name":"wp","href":"https:\/\/api.w.org\/{rel}","templated":true}]}}