{"id":280,"date":"2023-05-01T00:29:42","date_gmt":"2023-04-30T22:29:42","guid":{"rendered":"https:\/\/kumikomatchabyidh.ch\/boutique\/senza-categoria\/bol-erable\/"},"modified":"2023-05-04T19:22:41","modified_gmt":"2023-05-04T17:22:41","slug":"bol-erable","status":"publish","type":"product","link":"https:\/\/kumikomatchabyidh.ch\/it\/boutique\/accessori\/bol-erable\/","title":{"rendered":"Bol Erable"},"content":{"rendered":"<p>Un bol\u00a0rouge et noir \u00e0 fond plat sous le signe de l&#8217;\u00e9rable japonais pour un rituel matcha \u00e0 la fois ancr\u00e9 et sublim\u00e9&#8230;<\/p>\n","protected":false},"excerpt":{"rendered":"<p>Un bol\u00a0rouge et noir \u00e0 fond plat sous le signe de l&#8217;\u00e9rable japonais pour un rituel matcha \u00e0 la fois ancr\u00e9 et sublim\u00e9&#8230;<\/p>\n","protected":false},"featured_media":254,"template":"","meta":{"_acf_changed":false},"product_brand":[],"product_cat":[57],"product_tag":[],"class_list":{"0":"post-280","1":"product","2":"type-product","3":"status-publish","4":"has-post-thumbnail","6":"product_cat-accessori","8":"first","9":"instock","10":"shipping-taxable","11":"purchasable","12":"product-type-simple"},"acf":[],"_links":{"self":[{"href":"https:\/\/kumikomatchabyidh.ch\/it\/wp-json\/wp\/v2\/product\/280","targetHints":{"allow":["GET"]}}],"collection":[{"href":"https:\/\/kumikomatchabyidh.ch\/it\/wp-json\/wp\/v2\/product"}],"about":[{"href":"https:\/\/kumikomatchabyidh.ch\/it\/wp-json\/wp\/v2\/types\/product"}],"wp:featuredmedia":[{"embeddable":true,"href":"https:\/\/kumikomatchabyidh.ch\/it\/wp-json\/wp\/v2\/media\/254"}],"wp:attachment":[{"href":"https:\/\/kumikomatchabyidh.ch\/it\/wp-json\/wp\/v2\/media?parent=280"}],"wp:term":[{"taxonomy":"product_brand","embeddable":true,"href":"https:\/\/kumikomatchabyidh.ch\/it\/wp-json\/wp\/v2\/product_brand?post=280"},{"taxonomy":"product_cat","embeddable":true,"href":"https:\/\/kumikomatchabyidh.ch\/it\/wp-json\/wp\/v2\/product_cat?post=280"},{"taxonomy":"product_tag","embeddable":true,"href":"https:\/\/kumikomatchabyidh.ch\/it\/wp-json\/wp\/v2\/product_tag?post=280"}],"curies":[{"name":"wp","href":"https:\/\/api.w.org\/{rel}","templated":true}]}}