{"id":295,"date":"2023-05-01T00:29:41","date_gmt":"2023-04-30T22:29:41","guid":{"rendered":"https:\/\/kumikomatchabyidh.ch\/boutique\/senza-categoria\/chasen-fouet-artisanal-en-bambou-noir-premium-japon\/"},"modified":"2023-05-07T12:34:45","modified_gmt":"2023-05-07T10:34:45","slug":"frusta-di-bambu-nero-chasen-premium-japan","status":"publish","type":"product","link":"https:\/\/kumikomatchabyidh.ch\/it\/boutique\/accessori\/frusta-di-bambu-nero-chasen-premium-japan\/","title":{"rendered":"Frusta di bamb\u00f9 nero Chasen (Premium Japan)"},"content":{"rendered":"<p>La Rolls Royce delle fruste al t\u00e8 matcha. Realizzato a mano in Giappone dai maestri artigiani Hirata-san e suo padre, per preparare un gustoso t\u00e8 matcha con una schiuma cremosa&#8230;<\/p>\n","protected":false},"excerpt":{"rendered":"<p>La Rolls Royce delle fruste al t\u00e8 matcha. Realizzato a mano in Giappone dai maestri artigiani Hirata-san e suo padre, per preparare un gustoso t\u00e8 matcha con una schiuma cremosa&#8230;<\/p>\n","protected":false},"featured_media":253,"template":"","meta":{"_acf_changed":false},"product_brand":[],"product_cat":[57],"product_tag":[],"class_list":{"0":"post-295","1":"product","2":"type-product","3":"status-publish","4":"has-post-thumbnail","6":"product_cat-accessori","8":"first","9":"instock","10":"shipping-taxable","11":"purchasable","12":"product-type-simple"},"acf":[],"_links":{"self":[{"href":"https:\/\/kumikomatchabyidh.ch\/it\/wp-json\/wp\/v2\/product\/295","targetHints":{"allow":["GET"]}}],"collection":[{"href":"https:\/\/kumikomatchabyidh.ch\/it\/wp-json\/wp\/v2\/product"}],"about":[{"href":"https:\/\/kumikomatchabyidh.ch\/it\/wp-json\/wp\/v2\/types\/product"}],"wp:featuredmedia":[{"embeddable":true,"href":"https:\/\/kumikomatchabyidh.ch\/it\/wp-json\/wp\/v2\/media\/253"}],"wp:attachment":[{"href":"https:\/\/kumikomatchabyidh.ch\/it\/wp-json\/wp\/v2\/media?parent=295"}],"wp:term":[{"taxonomy":"product_brand","embeddable":true,"href":"https:\/\/kumikomatchabyidh.ch\/it\/wp-json\/wp\/v2\/product_brand?post=295"},{"taxonomy":"product_cat","embeddable":true,"href":"https:\/\/kumikomatchabyidh.ch\/it\/wp-json\/wp\/v2\/product_cat?post=295"},{"taxonomy":"product_tag","embeddable":true,"href":"https:\/\/kumikomatchabyidh.ch\/it\/wp-json\/wp\/v2\/product_tag?post=295"}],"curies":[{"name":"wp","href":"https:\/\/api.w.org\/{rel}","templated":true}]}}