{"id":298,"date":"2023-05-01T00:29:41","date_gmt":"2023-04-30T22:29:41","guid":{"rendered":"https:\/\/kumikomatchabyidh.ch\/boutique\/senza-categoria\/cuilleres-artisanales-en-bambou-fume-du-japon\/"},"modified":"2023-05-07T12:32:40","modified_gmt":"2023-05-07T10:32:40","slug":"cucchiai-fatti-a-mano-in-bambu-affumicato-giapponese","status":"publish","type":"product","link":"https:\/\/kumikomatchabyidh.ch\/it\/boutique\/accessori\/cucchiai-fatti-a-mano-in-bambu-affumicato-giapponese\/","title":{"rendered":"Cucchiai fatti a mano in bamb\u00f9 affumicato giapponese"},"content":{"rendered":"<p>Un cucchiaio di matcha in bamb\u00f9 scuro affumicato, con la sua guaina (opzionale). Realizzato a mano con bamb\u00f9 affumicato recuperato dai camini di case centenarie in Giappone. Ognuno di essi \u00e8 unico e wabi-sabi, la sua impronta \u00e8 legata all&#8217;esposizione al fumo.<\/p>\n","protected":false},"excerpt":{"rendered":"<p>Un cucchiaio di matcha in bamb\u00f9 scuro affumicato, con la sua guaina (opzionale). Realizzato a mano con bamb\u00f9 affumicato recuperato dai camini di case centenarie in Giappone. Ognuno di essi \u00e8 unico e wabi-sabi, la sua impronta \u00e8 legata all&#8217;esposizione al fumo.<\/p>\n","protected":false},"featured_media":235,"template":"","meta":{"_acf_changed":false},"product_brand":[],"product_cat":[57],"product_tag":[],"class_list":{"0":"post-298","1":"product","2":"type-product","3":"status-publish","4":"has-post-thumbnail","6":"product_cat-accessori","8":"first","9":"instock","10":"shipping-taxable","11":"purchasable","12":"product-type-simple"},"acf":[],"_links":{"self":[{"href":"https:\/\/kumikomatchabyidh.ch\/it\/wp-json\/wp\/v2\/product\/298","targetHints":{"allow":["GET"]}}],"collection":[{"href":"https:\/\/kumikomatchabyidh.ch\/it\/wp-json\/wp\/v2\/product"}],"about":[{"href":"https:\/\/kumikomatchabyidh.ch\/it\/wp-json\/wp\/v2\/types\/product"}],"wp:featuredmedia":[{"embeddable":true,"href":"https:\/\/kumikomatchabyidh.ch\/it\/wp-json\/wp\/v2\/media\/235"}],"wp:attachment":[{"href":"https:\/\/kumikomatchabyidh.ch\/it\/wp-json\/wp\/v2\/media?parent=298"}],"wp:term":[{"taxonomy":"product_brand","embeddable":true,"href":"https:\/\/kumikomatchabyidh.ch\/it\/wp-json\/wp\/v2\/product_brand?post=298"},{"taxonomy":"product_cat","embeddable":true,"href":"https:\/\/kumikomatchabyidh.ch\/it\/wp-json\/wp\/v2\/product_cat?post=298"},{"taxonomy":"product_tag","embeddable":true,"href":"https:\/\/kumikomatchabyidh.ch\/it\/wp-json\/wp\/v2\/product_tag?post=298"}],"curies":[{"name":"wp","href":"https:\/\/api.w.org\/{rel}","templated":true}]}}