{"id":310,"date":"2023-05-01T00:29:39","date_gmt":"2023-04-30T22:29:39","guid":{"rendered":"https:\/\/kumikomatchabyidh.ch\/boutique\/senza-categoria\/matcha-premium-bio\/"},"modified":"2023-05-07T12:44:15","modified_gmt":"2023-05-07T10:44:15","slug":"matcha-premium-bio","status":"publish","type":"product","link":"https:\/\/kumikomatchabyidh.ch\/it\/boutique\/perpetuo\/matcha-premium-bio\/","title":{"rendered":"Matcha Premium Bio"},"content":{"rendered":"<p>Il prodotto di punta di Kumiko Matcha \u00e8 il massimo del t\u00e8 matcha biologico di qualit\u00e0 superiore.<br \/>\nViene raccolto sull&#8217;isola di Kyushu e miscelato dal maestro di cantina.<br \/>\nIdeale per i principianti!<\/p>\n","protected":false},"excerpt":{"rendered":"<p>Il prodotto di punta di Kumiko Matcha \u00e8 il t\u00e8 matcha biologico di prima qualit\u00e0, raccolto sull&#8217;isola di Kyushu e miscelato dal maestro di cantina. Ideale per i principianti!<\/p>\n","protected":false},"featured_media":239,"template":"","meta":{"_acf_changed":false},"product_brand":[],"product_cat":[55],"product_tag":[],"class_list":{"0":"post-310","1":"product","2":"type-product","3":"status-publish","4":"has-post-thumbnail","6":"product_cat-perpetuo","8":"first","9":"instock","10":"shipping-taxable","11":"purchasable","12":"product-type-simple"},"acf":[],"_links":{"self":[{"href":"https:\/\/kumikomatchabyidh.ch\/it\/wp-json\/wp\/v2\/product\/310","targetHints":{"allow":["GET"]}}],"collection":[{"href":"https:\/\/kumikomatchabyidh.ch\/it\/wp-json\/wp\/v2\/product"}],"about":[{"href":"https:\/\/kumikomatchabyidh.ch\/it\/wp-json\/wp\/v2\/types\/product"}],"wp:featuredmedia":[{"embeddable":true,"href":"https:\/\/kumikomatchabyidh.ch\/it\/wp-json\/wp\/v2\/media\/239"}],"wp:attachment":[{"href":"https:\/\/kumikomatchabyidh.ch\/it\/wp-json\/wp\/v2\/media?parent=310"}],"wp:term":[{"taxonomy":"product_brand","embeddable":true,"href":"https:\/\/kumikomatchabyidh.ch\/it\/wp-json\/wp\/v2\/product_brand?post=310"},{"taxonomy":"product_cat","embeddable":true,"href":"https:\/\/kumikomatchabyidh.ch\/it\/wp-json\/wp\/v2\/product_cat?post=310"},{"taxonomy":"product_tag","embeddable":true,"href":"https:\/\/kumikomatchabyidh.ch\/it\/wp-json\/wp\/v2\/product_tag?post=310"}],"curies":[{"name":"wp","href":"https:\/\/api.w.org\/{rel}","templated":true}]}}