{"id":331,"date":"2023-05-01T00:29:41","date_gmt":"2023-04-30T22:29:41","guid":{"rendered":"https:\/\/kumikomatchabyidh.ch\/boutique\/senza-categoria\/set-daccessoires-en-bambou-basique-chine\/"},"modified":"2023-05-07T12:36:35","modified_gmt":"2023-05-07T10:36:35","slug":"set-di-accessori-in-bambu-base-cina","status":"publish","type":"product","link":"https:\/\/kumikomatchabyidh.ch\/it\/boutique\/accessori\/set-di-accessori-in-bambu-base-cina\/","title":{"rendered":"Set di accessori in bamb\u00f9 (base Cina)"},"content":{"rendered":"<p>Accessori in bamb\u00f9 per preparare il t\u00e8 matcha come nella cerimonia del t\u00e8 di 800 anni fa &#8211; per il vostro rituale.<\/p>\n","protected":false},"excerpt":{"rendered":"<p>Accessori in bamb\u00f9 per preparare il t\u00e8 matcha come nella cerimonia del t\u00e8 di 800 anni fa &#8211; per il vostro rituale.<\/p>\n","protected":false},"featured_media":245,"template":"","meta":{"_acf_changed":false},"product_brand":[],"product_cat":[57],"product_tag":[],"class_list":{"0":"post-331","1":"product","2":"type-product","3":"status-publish","4":"has-post-thumbnail","6":"product_cat-accessori","8":"first","9":"instock","10":"shipping-taxable","11":"purchasable","12":"product-type-simple"},"acf":[],"_links":{"self":[{"href":"https:\/\/kumikomatchabyidh.ch\/it\/wp-json\/wp\/v2\/product\/331","targetHints":{"allow":["GET"]}}],"collection":[{"href":"https:\/\/kumikomatchabyidh.ch\/it\/wp-json\/wp\/v2\/product"}],"about":[{"href":"https:\/\/kumikomatchabyidh.ch\/it\/wp-json\/wp\/v2\/types\/product"}],"wp:featuredmedia":[{"embeddable":true,"href":"https:\/\/kumikomatchabyidh.ch\/it\/wp-json\/wp\/v2\/media\/245"}],"wp:attachment":[{"href":"https:\/\/kumikomatchabyidh.ch\/it\/wp-json\/wp\/v2\/media?parent=331"}],"wp:term":[{"taxonomy":"product_brand","embeddable":true,"href":"https:\/\/kumikomatchabyidh.ch\/it\/wp-json\/wp\/v2\/product_brand?post=331"},{"taxonomy":"product_cat","embeddable":true,"href":"https:\/\/kumikomatchabyidh.ch\/it\/wp-json\/wp\/v2\/product_cat?post=331"},{"taxonomy":"product_tag","embeddable":true,"href":"https:\/\/kumikomatchabyidh.ch\/it\/wp-json\/wp\/v2\/product_tag?post=331"}],"curies":[{"name":"wp","href":"https:\/\/api.w.org\/{rel}","templated":true}]}}