{"id":690,"date":"2023-07-07T19:04:57","date_gmt":"2023-07-07T17:04:57","guid":{"rendered":"https:\/\/kumikomatchabyidh.ch\/boutique\/senza-categoria\/thermometro\/"},"modified":"2023-07-07T19:04:57","modified_gmt":"2023-07-07T17:04:57","slug":"thermometre","status":"publish","type":"product","link":"https:\/\/kumikomatchabyidh.ch\/it\/boutique\/accessori\/thermometre\/","title":{"rendered":"Thermometro"},"content":{"rendered":"<p>Questo termometro digitale a penna \u00e8 caratterizzato da versatilit\u00e0, basso consumo energetico, elevata stabilit\u00e0, alta precisione, design compatto e facilit\u00e0 d&#8217;uso.<br \/>\n\u00c8 ideale per misurare la temperatura dell&#8217;acqua utilizzata per il matcha.<\/p>\n<p>Intervallo di temperatura: -50\u00ba C ~ 300\u00ba C<br \/>\nRisoluzione: 0,1\u00ba C<br \/>\nAlimentazione: 1,5 V (LR44) 1x<\/p>\n","protected":false},"excerpt":{"rendered":"<p>THERM01<\/p>\n","protected":false},"featured_media":687,"template":"","meta":{"_acf_changed":false},"product_brand":[],"product_cat":[57],"product_tag":[],"class_list":{"0":"post-690","1":"product","2":"type-product","3":"status-publish","4":"has-post-thumbnail","6":"product_cat-accessori","8":"first","9":"instock","10":"shipping-taxable","11":"purchasable","12":"product-type-simple"},"acf":[],"_links":{"self":[{"href":"https:\/\/kumikomatchabyidh.ch\/it\/wp-json\/wp\/v2\/product\/690","targetHints":{"allow":["GET"]}}],"collection":[{"href":"https:\/\/kumikomatchabyidh.ch\/it\/wp-json\/wp\/v2\/product"}],"about":[{"href":"https:\/\/kumikomatchabyidh.ch\/it\/wp-json\/wp\/v2\/types\/product"}],"wp:featuredmedia":[{"embeddable":true,"href":"https:\/\/kumikomatchabyidh.ch\/it\/wp-json\/wp\/v2\/media\/687"}],"wp:attachment":[{"href":"https:\/\/kumikomatchabyidh.ch\/it\/wp-json\/wp\/v2\/media?parent=690"}],"wp:term":[{"taxonomy":"product_brand","embeddable":true,"href":"https:\/\/kumikomatchabyidh.ch\/it\/wp-json\/wp\/v2\/product_brand?post=690"},{"taxonomy":"product_cat","embeddable":true,"href":"https:\/\/kumikomatchabyidh.ch\/it\/wp-json\/wp\/v2\/product_cat?post=690"},{"taxonomy":"product_tag","embeddable":true,"href":"https:\/\/kumikomatchabyidh.ch\/it\/wp-json\/wp\/v2\/product_tag?post=690"}],"curies":[{"name":"wp","href":"https:\/\/api.w.org\/{rel}","templated":true}]}}