{"id":717,"date":"2023-07-07T19:44:36","date_gmt":"2023-07-07T17:44:36","guid":{"rendered":"https:\/\/kumikomatchabyidh.ch\/boutique\/senza-categoria\/bollitore-digitale\/"},"modified":"2023-07-07T19:44:36","modified_gmt":"2023-07-07T17:44:36","slug":"chauffe-eau-digital","status":"publish","type":"product","link":"https:\/\/kumikomatchabyidh.ch\/it\/boutique\/accessori\/chauffe-eau-digital\/","title":{"rendered":"Bollitore digitale"},"content":{"rendered":"<p>Il bollitore perfetto per preparare il matcha con acqua alla giusta temperatura.<br \/>\nQuesto mini bollitore in vetro ha una capacit\u00e0 di 0,5 litri e occupa pochissimo spazio. La temperatura pu\u00f2 essere regolata in pi\u00f9 fasi, in modo da avere sempre l&#8217;acqua giusta alla temperatura giusta per schiumare il matcha.<\/p>\n","protected":false},"excerpt":{"rendered":"<p>Il bollitore perfetto per preparare il matcha con acqua alla giusta temperatura. Questo mini bollitore in vetro ha una capacit\u00e0 di 0,5 litri e occupa pochissimo spazio. La temperatura pu\u00f2 essere regolata in pi\u00f9 fasi, in modo da avere sempre l&#8217;acqua giusta alla temperatura giusta per schiumare il matcha.<\/p>\n","protected":false},"featured_media":699,"template":"","meta":{"_acf_changed":false},"product_brand":[],"product_cat":[57],"product_tag":[],"class_list":{"0":"post-717","1":"product","2":"type-product","3":"status-publish","4":"has-post-thumbnail","6":"product_cat-accessori","8":"first","9":"instock","10":"shipping-taxable","11":"purchasable","12":"product-type-simple"},"acf":[],"_links":{"self":[{"href":"https:\/\/kumikomatchabyidh.ch\/it\/wp-json\/wp\/v2\/product\/717","targetHints":{"allow":["GET"]}}],"collection":[{"href":"https:\/\/kumikomatchabyidh.ch\/it\/wp-json\/wp\/v2\/product"}],"about":[{"href":"https:\/\/kumikomatchabyidh.ch\/it\/wp-json\/wp\/v2\/types\/product"}],"wp:featuredmedia":[{"embeddable":true,"href":"https:\/\/kumikomatchabyidh.ch\/it\/wp-json\/wp\/v2\/media\/699"}],"wp:attachment":[{"href":"https:\/\/kumikomatchabyidh.ch\/it\/wp-json\/wp\/v2\/media?parent=717"}],"wp:term":[{"taxonomy":"product_brand","embeddable":true,"href":"https:\/\/kumikomatchabyidh.ch\/it\/wp-json\/wp\/v2\/product_brand?post=717"},{"taxonomy":"product_cat","embeddable":true,"href":"https:\/\/kumikomatchabyidh.ch\/it\/wp-json\/wp\/v2\/product_cat?post=717"},{"taxonomy":"product_tag","embeddable":true,"href":"https:\/\/kumikomatchabyidh.ch\/it\/wp-json\/wp\/v2\/product_tag?post=717"}],"curies":[{"name":"wp","href":"https:\/\/api.w.org\/{rel}","templated":true}]}}