{"id":763,"date":"2023-07-07T21:22:21","date_gmt":"2023-07-07T19:22:21","guid":{"rendered":"https:\/\/kumikomatchabyidh.ch\/boutique\/senza-categoria\/i-tre-perpetui\/"},"modified":"2023-07-25T12:28:25","modified_gmt":"2023-07-25T10:28:25","slug":"les-trois-perpetuels","status":"publish","type":"product","link":"https:\/\/kumikomatchabyidh.ch\/it\/boutique\/le-scoperte\/les-trois-perpetuels\/","title":{"rendered":"I tre perpetui"},"content":{"rendered":"<p>I tre prodotti Premium Organics in un barattolo:<\/p>\n<ul>\n<li>Matcha Premium Bio 30g<\/li>\n<li>Matcha Ultra-Premium Bio 30g<\/li>\n<li>Matcha Hyper-Premium Bio 30g<\/li>\n<\/ul>\n<p>Questi tre gioielli della nostra gamma rispettano tutti i processi produttivi richiesti per ottenere la denominazione Premium.<\/p>\n<p>Le sfumature tra Premium, Ultra-Premium o Hyper-Premium derivano dalle miscele utilizzate, dai siti di impianto, dai processi specifici utilizzati dal coltivatore, ecc&#8230; \u00c8 come confrontare uno Ch\u00e2teau Pichon-Longueville, un Haut-Brion e un Petrus: l&#8217;eccellenza \u00e8 garantita, ma le sfumature ci sono!<\/p>\n<p>Il resto \u00e8 una questione di gusto personale.<\/p>\n","protected":false},"excerpt":{"rendered":"<p>I tre prodotti Premium Organics in un barattolo: Matcha Premium Bio 30g Matcha Ultra-Premium Bio 30g Matcha Hyper-Premium Bio 30g Questi tre gioielli della nostra gamma rispettano tutti i processi produttivi richiesti per ottenere la denominazione Premium. Le sfumature tra Premium, Ultra-Premium o Hyper-Premium derivano dalle miscele utilizzate, dai siti di impianto, dai processi specifici [&hellip;]<\/p>\n","protected":false},"featured_media":728,"template":"","meta":{"_acf_changed":false},"product_brand":[],"product_cat":[68],"product_tag":[],"class_list":{"0":"post-763","1":"product","2":"type-product","3":"status-publish","4":"has-post-thumbnail","6":"product_cat-le-scoperte","8":"first","9":"instock","10":"sale","11":"shipping-taxable","12":"purchasable","13":"product-type-simple"},"acf":[],"_links":{"self":[{"href":"https:\/\/kumikomatchabyidh.ch\/it\/wp-json\/wp\/v2\/product\/763","targetHints":{"allow":["GET"]}}],"collection":[{"href":"https:\/\/kumikomatchabyidh.ch\/it\/wp-json\/wp\/v2\/product"}],"about":[{"href":"https:\/\/kumikomatchabyidh.ch\/it\/wp-json\/wp\/v2\/types\/product"}],"wp:featuredmedia":[{"embeddable":true,"href":"https:\/\/kumikomatchabyidh.ch\/it\/wp-json\/wp\/v2\/media\/728"}],"wp:attachment":[{"href":"https:\/\/kumikomatchabyidh.ch\/it\/wp-json\/wp\/v2\/media?parent=763"}],"wp:term":[{"taxonomy":"product_brand","embeddable":true,"href":"https:\/\/kumikomatchabyidh.ch\/it\/wp-json\/wp\/v2\/product_brand?post=763"},{"taxonomy":"product_cat","embeddable":true,"href":"https:\/\/kumikomatchabyidh.ch\/it\/wp-json\/wp\/v2\/product_cat?post=763"},{"taxonomy":"product_tag","embeddable":true,"href":"https:\/\/kumikomatchabyidh.ch\/it\/wp-json\/wp\/v2\/product_tag?post=763"}],"curies":[{"name":"wp","href":"https:\/\/api.w.org\/{rel}","templated":true}]}}