{"id":766,"date":"2023-07-07T21:37:47","date_gmt":"2023-07-07T19:37:47","guid":{"rendered":"https:\/\/kumikomatchabyidh.ch\/boutique\/senza-categoria\/iniziazioneun-cucchiaio-di-bambu-per-dosare-la-polvere-di-matcha-circa-1-2-g\/"},"modified":"2023-07-25T14:22:42","modified_gmt":"2023-07-25T12:22:42","slug":"initiation","status":"publish","type":"product","link":"https:\/\/kumikomatchabyidh.ch\/it\/boutique\/le-scoperte\/initiation\/","title":{"rendered":"Iniziazione"},"content":{"rendered":"<h4>Un set completo per sperimentare il matcha.<\/h4>\n<p>Ha tutto ci\u00f2 che serve:<\/p>\n<ul>\n<li>un termometro per controllare che l&#8217;acqua sia a circa 70\u00baC<\/li>\n<li>una ciotola per preparare il matcha<\/li>\n<li>un cucchiaio di bamb\u00f9 per dosare la polvere di matcha (circa 1-2 g)<\/li>\n<li>una frusta (chasen) per mescolare e rendere spumoso il matcha<\/li>\n<li>un supporto per mantenere la frusta in buone condizioni<\/li>\n<li>Barattolo da 30 g di Matcha Premium Bio<\/li>\n<\/ul>\n<h4>Il tuo primo matcha:<\/h4>\n<ol>\n<li>Metti una piccola quantit\u00e0 di acqua temperata nel Chawan.<\/li>\n<li>Aggiungi il matcha usando il Saji (una o due immersioni nel barattolo o nella bustina).<\/li>\n<li>Sbatti con il Chasen fino a quando l&#8217;acqua non sar\u00e0 omogenea (per sciogliere gli amidi).<\/li>\n<li>Porta l&#8217;acqua a una temperatura del 70\u00b0 e inseriscila nel Chawan.<\/li>\n<li>Frulla il Matcha con un movimento a W per renderlo spumoso<\/li>\n<li>Schiaccia le bolle facendo dei cerchi contro il Chawan<\/li>\n<li>Ripeti i passaggi 5 e 6 finch\u00e9 non ottieni la schiuma che preferisci.<\/li>\n<li>GUSTA!!!<\/li>\n<\/ol>\n<p><strong>Per i puristi<\/strong>: usa acqua distillata o ad osmosi inversa (almeno sai cosa stai bevendo&#8230;)<\/p>\n<p><strong>Per i giocatori<\/strong>: aggiungi pi\u00f9 matcha o meno, aggiungi pi\u00f9 acqua o meno! \u00c8 il tuo momento di creare il matcha che fa per te.<\/p>\n<p>&nbsp;<\/p>\n","protected":false},"excerpt":{"rendered":"<p>Un set completo per sperimentare il matcha. Ha tutto ci\u00f2 che serve: un termometro per controllare che l&#8217;acqua sia a circa 70\u00baC una ciotola per preparare il matcha un cucchiaio di bamb\u00f9 per dosare la polvere di matcha (circa 1-2 g) una frusta (chasen) per mescolare e rendere spumoso il matcha un supporto per mantenere [&hellip;]<\/p>\n","protected":false},"featured_media":744,"template":"","meta":{"_acf_changed":false},"product_brand":[],"product_cat":[68],"product_tag":[],"class_list":{"0":"post-766","1":"product","2":"type-product","3":"status-publish","4":"has-post-thumbnail","6":"product_cat-le-scoperte","8":"first","9":"instock","10":"sale","11":"shipping-taxable","12":"purchasable","13":"product-type-simple"},"acf":[],"_links":{"self":[{"href":"https:\/\/kumikomatchabyidh.ch\/it\/wp-json\/wp\/v2\/product\/766","targetHints":{"allow":["GET"]}}],"collection":[{"href":"https:\/\/kumikomatchabyidh.ch\/it\/wp-json\/wp\/v2\/product"}],"about":[{"href":"https:\/\/kumikomatchabyidh.ch\/it\/wp-json\/wp\/v2\/types\/product"}],"wp:featuredmedia":[{"embeddable":true,"href":"https:\/\/kumikomatchabyidh.ch\/it\/wp-json\/wp\/v2\/media\/744"}],"wp:attachment":[{"href":"https:\/\/kumikomatchabyidh.ch\/it\/wp-json\/wp\/v2\/media?parent=766"}],"wp:term":[{"taxonomy":"product_brand","embeddable":true,"href":"https:\/\/kumikomatchabyidh.ch\/it\/wp-json\/wp\/v2\/product_brand?post=766"},{"taxonomy":"product_cat","embeddable":true,"href":"https:\/\/kumikomatchabyidh.ch\/it\/wp-json\/wp\/v2\/product_cat?post=766"},{"taxonomy":"product_tag","embeddable":true,"href":"https:\/\/kumikomatchabyidh.ch\/it\/wp-json\/wp\/v2\/product_tag?post=766"}],"curies":[{"name":"wp","href":"https:\/\/api.w.org\/{rel}","templated":true}]}}